{"id":5494,"date":"2022-08-03T13:43:36","date_gmt":"2022-08-03T16:43:36","guid":{"rendered":"https:\/\/www2.uepg.br\/prograd\/?page_id=5494"},"modified":"2023-05-17T09:48:13","modified_gmt":"2023-05-17T12:48:13","slug":"telefones","status":"publish","type":"page","link":"https:\/\/www2.uepg.br\/prograd\/telefones\/","title":{"rendered":"Telefones"},"content":{"rendered":"<table>\n<tbody>\n<tr>\n<td>\n<p style=\"text-align: center\"><strong>Secret\u00e1ria da Pr\u00f3-Reitoria<\/strong><\/p>\n<p style=\"text-align: center\"><span style=\"font-weight: 400\">3<\/span><span style=\"font-family: inherit;font-size: inherit\">220-3701<\/span><\/p>\n<\/td>\n<\/tr>\n<tr>\n<td>\n<p style=\"text-align: center\"><strong>DIREN \u2013 Diretoria de Ensino<\/strong><\/p>\n<p style=\"text-align: center\"><span style=\"font-weight: 400\">3220-3714<\/span><\/p>\n<p>&nbsp;<\/td>\n<\/tr>\n<tr>\n<td>\n<p style=\"text-align: center\"><strong>DIAC \u2013 Diretoria Acad\u00eamica<\/strong><\/p>\n<p style=\"text-align: center\"><span style=\"font-weight: 400\">3220-3704<\/span><\/p>\n<p>&nbsp;<\/td>\n<\/tr>\n<tr>\n<td>\n<p style=\"text-align: center\"><span style=\"font-weight: 400\"><strong>DIADM \u2013 Diretoria Administrativa<\/strong><\/span><\/p>\n<p style=\"text-align: center\"><span style=\"font-weight: 400\">3220-3708<\/span><\/p>\n<p>&nbsp;<\/td>\n<\/tr>\n<tr>\n<td>\n<p style=\"text-align: center\"><strong>DIVIS\u00c3O DE MATR\u00cdCULA \u2013 PRESENCIAL<\/strong><\/p>\n<p style=\"text-align: center\"><span style=\"font-weight: 400\">3220-3705<\/span><\/p>\n<p>&nbsp;<\/td>\n<\/tr>\n<tr>\n<td>\n<p style=\"text-align: center\"><strong>DIVIS\u00c3O DE MATR\u00cdCULA \u2013 EaD<\/strong><\/p>\n<p style=\"text-align: center\"><span style=\"font-weight: 400\">3220-3722<\/span><\/p>\n<p>&nbsp;<\/td>\n<\/tr>\n<tr>\n<td>\n<p style=\"text-align: center\"><strong>SE\u00c7\u00c3O DE EST\u00c1GIO<\/strong><\/p>\n<p style=\"text-align: center\"><span style=\"font-weight: 400\">3220-3715<\/span><\/p>\n<p style=\"text-align: center\"><span style=\"font-weight: 400\">3220-3723<\/span><\/p>\n<p style=\"text-align: center\"><span style=\"font-weight: 400\">3220-3224<\/span><\/p>\n<p>&nbsp;<\/td>\n<\/tr>\n<tr>\n<td>\n<p style=\"text-align: center\"><strong>DIVIS\u00c3O DE PROJETOS PEDAG\u00d3GICOS E ATIVIDADES ACAD\u00caMICAS \u2013 Curr\u00edculos e Programas<\/strong><\/p>\n<p style=\"text-align: center\"><span style=\"font-weight: 400\">3220-3716<\/span><\/p>\n<p>&nbsp;<\/td>\n<\/tr>\n<tr>\n<td>\n<p style=\"text-align: center\"><strong>DIVIS\u00c3O DE REGULAMENTA\u00c7\u00c3O E PROGRAMAS ACAD\u00caMICOS \u2013 Emiss\u00e3o de Diplomas<\/strong><\/p>\n<p style=\"text-align: center\"><span style=\"font-weight: 400\">3220-3709<\/span><\/p>\n<p style=\"text-align: center\"><span style=\"font-weight: 400\">3220-3711<\/span><\/p>\n<p>&nbsp;<\/td>\n<\/tr>\n<tr>\n<td>\n<p style=\"text-align: center\"><strong>REGISTRO GERAL \u2013 Registro de Diplomas<\/strong><\/p>\n<p style=\"text-align: center\"><span style=\"font-weight: 400\">3220-3719<\/span><\/p>\n<\/td>\n<\/tr>\n<\/tbody>\n<\/table>\n<p>&nbsp;<\/p>\n","protected":false},"excerpt":{"rendered":"<p>Secret\u00e1ria da Pr\u00f3-Reitoria 3220-3701 DIREN \u2013 Diretoria de Ensino 3220-3714 &nbsp; DIAC \u2013 Diretoria Acad\u00eamica 3220-3704 &nbsp; DIADM \u2013 Diretoria Administrativa 3220-3708 &nbsp; DIVIS\u00c3O DE MATR\u00cdCULA \u2013 PRESENCIAL 3220-3705 &nbsp; DIVIS\u00c3O DE MATR\u00cdCULA \u2013 EaD 3220-3722 &nbsp; SE\u00c7\u00c3O DE EST\u00c1GIO 3220-3715 3220-3723 3220-3224 &nbsp; DIVIS\u00c3O DE PROJETOS PEDAG\u00d3GICOS E ATIVIDADES ACAD\u00caMICAS \u2013 Curr\u00edculos e Programas&nbsp;&hellip;<\/p>\n","protected":false},"author":24,"featured_media":0,"parent":0,"menu_order":0,"comment_status":"closed","ping_status":"closed","template":"","meta":[],"_links":{"self":[{"href":"https:\/\/www2.uepg.br\/prograd\/wp-json\/wp\/v2\/pages\/5494"}],"collection":[{"href":"https:\/\/www2.uepg.br\/prograd\/wp-json\/wp\/v2\/pages"}],"about":[{"href":"https:\/\/www2.uepg.br\/prograd\/wp-json\/wp\/v2\/types\/page"}],"author":[{"embeddable":true,"href":"https:\/\/www2.uepg.br\/prograd\/wp-json\/wp\/v2\/users\/24"}],"replies":[{"embeddable":true,"href":"https:\/\/www2.uepg.br\/prograd\/wp-json\/wp\/v2\/comments?post=5494"}],"version-history":[{"count":19,"href":"https:\/\/www2.uepg.br\/prograd\/wp-json\/wp\/v2\/pages\/5494\/revisions"}],"predecessor-version":[{"id":6744,"href":"https:\/\/www2.uepg.br\/prograd\/wp-json\/wp\/v2\/pages\/5494\/revisions\/6744"}],"wp:attachment":[{"href":"https:\/\/www2.uepg.br\/prograd\/wp-json\/wp\/v2\/media?parent=5494"}],"curies":[{"name":"wp","href":"https:\/\/api.w.org\/{rel}","templated":true}]}}