{"id":5568,"date":"2022-08-16T16:04:04","date_gmt":"2022-08-16T19:04:04","guid":{"rendered":"https:\/\/www2.uepg.br\/prograd\/?page_id=5568"},"modified":"2025-12-16T11:13:37","modified_gmt":"2025-12-16T14:13:37","slug":"normativas","status":"publish","type":"page","link":"https:\/\/www2.uepg.br\/prograd\/normativas\/","title":{"rendered":"Normativas"},"content":{"rendered":"<p>&nbsp;<\/p>\n<table dir=\"ltr\" border=\"1\" cellspacing=\"0\" cellpadding=\"0\" data-sheets-root=\"1\" data-sheets-baot=\"1\">\n<colgroup>\n<col width=\"399\" \/>\n<col width=\"789\" \/>\n<col width=\"264\" \/><\/colgroup>\n<tbody>\n<tr>\n<td colspan=\"3\" rowspan=\"1\"><a class=\"in-cell-link\" href=\"https:\/\/www2.uepg.br\/prograd\/ordens-de-servico\/\" target=\"_blank\" rel=\"noopener\">ORDENS DE SERVI\u00c7O AFETAS AS A\u00c7\u00d5ES DA PROGRAD<\/a><\/td>\n<\/tr>\n<tr>\n<td colspan=\"3\" rowspan=\"1\"><a class=\"in-cell-link\" href=\"https:\/\/www2.uepg.br\/prograd\/normativas-referentes-a-pandemia-covid-19\/\" target=\"_blank\" rel=\"noopener\">LEGISLA\u00c7\u00d5ES REFERENTES \u00c0 PANDEMIA COVID-19<\/a><\/td>\n<\/tr>\n<tr>\n<td><a href=\"https:\/\/www2.uepg.br\/segecon\/wp-content\/uploads\/sites\/245\/2025\/12\/Estatuto-e-Regimento-2025.pdf\" target=\"_blank\" rel=\"noopener\">Res UNIV &#8211; 015\/2018<\/a><\/td>\n<td colspan=\"2\" rowspan=\"1\">Regimento Geral da UEPG;<\/td>\n<\/tr>\n<tr>\n<td><a class=\"in-cell-link\" href=\"https:\/\/sistemas.uepg.br\/producao\/reitoria\/documentos\/11142018-04-2325.pdf\" target=\"_blank\" rel=\"noopener\">Res.CA \u2013 114\/2018<\/a><\/td>\n<td colspan=\"2\" rowspan=\"1\">Sistema Eletr\u00f4nico de Informa\u00e7\u00f5es;<\/td>\n<\/tr>\n<tr>\n<td><a class=\"in-cell-link\" href=\"https:\/\/sistemas.uepg.br\/producao\/reitoria\/documentos\/1662013-11-2623.pdf\" target=\"_blank\" rel=\"noopener\">Res.CEPE \u2013 066\/13<\/a><\/td>\n<td colspan=\"2\" rowspan=\"1\">Abono de faltas de acad\u00eamicos;<\/td>\n<\/tr>\n<tr>\n<td><a class=\"in-cell-link\" href=\"https:\/\/sistemas.uepg.br\/producao\/reitoria\/documentos\/12112007-11-2723.pdf\" target=\"_blank\" rel=\"noopener\">Res.CEPE \u2013 211\/07<\/a><\/td>\n<td colspan=\"2\" rowspan=\"1\">Acesso aos Instrumentos de Avalia\u00e7\u00e3o;<\/td>\n<\/tr>\n<tr>\n<td><a class=\"in-cell-link\" href=\"https:\/\/sites.uepg.br\/prograd\/wp-content\/uploads\/2014\/03\/Res.-CEPE-046-01-Aproveitamento-Estudos.pdf\" target=\"_blank\" rel=\"noopener\">Res.CEPE \u2013 046\/01 \/<\/a><a class=\"in-cell-link\" href=\"http:\/\/www2.uepg.br\/prograd\/wp-content\/uploads\/sites\/19\/2025\/09\/RESOLUCAO-CEPE-No-2025.21-APROVEITAMENTO-ESTUDOS-POS-1.pdf\" target=\"_blank\" rel=\"noopener\">Res. CEPE &#8211; N\u00ba 2025.21<\/a><\/td>\n<td colspan=\"2\" rowspan=\"1\">Aproveitamento de estudos e adapta\u00e7\u00e3o curricular de regime e transferidos;<\/td>\n<\/tr>\n<tr>\n<td><a class=\"in-cell-link\" href=\"https:\/\/sistemas.uepg.br\/producao\/reitoria\/documentos\/1422001-08-0723.pdf\" target=\"_blank\" rel=\"noopener\">Res.CEPE \u2013 042\/01<\/a><\/td>\n<td colspan=\"2\" rowspan=\"1\">Ascens\u00e3o de s\u00e9rie;<\/td>\n<\/tr>\n<tr>\n<td><a class=\"in-cell-link\" href=\"https:\/\/sistemas.uepg.br\/producao\/reitoria\/documentos\/1232004-11-2924.pdf\" target=\"_blank\" rel=\"noopener\">Res.UNIV \u2013 023\/04<\/a><\/td>\n<td colspan=\"2\" rowspan=\"1\">Cola\u00e7\u00e3o de grau;<\/td>\n<\/tr>\n<tr>\n<td><a class=\"in-cell-link\" href=\"https:\/\/www2.uepg.br\/prograd\/wp-content\/uploads\/sites\/19\/2020\/03\/Ordem_servico_002-2020-1.pdf\" target=\"_blank\" rel=\"noopener\">Ord. de Serv. \u2013 02\/2020<\/a><\/td>\n<td colspan=\"2\" rowspan=\"1\">Controle de presen\u00e7a de ingressantes ap\u00f3s o in\u00edcio do ano letivo;<\/td>\n<\/tr>\n<tr>\n<td><a class=\"in-cell-link\" href=\"https:\/\/sistemas.uepg.br\/producao\/reitoria\/documentos\/12071995-12-1823.pdf\" target=\"_blank\" rel=\"noopener\">Res.CEPE \u2013 207\/95<\/a><\/td>\n<td colspan=\"2\" rowspan=\"1\">Cumprimento de atividades essenciais\/complementares para alunos adaptados e transferidos;<\/td>\n<\/tr>\n<tr>\n<td><a class=\"in-cell-link\" href=\"https:\/\/www2.uepg.br\/prograd\/wp-content\/uploads\/sites\/19\/2021\/10\/Doc-Oct-19-20213.pdf\" target=\"_blank\" rel=\"noopener\">Res.CEPE \u2013 096\/94<\/a><\/td>\n<td colspan=\"2\" rowspan=\"1\">Disciplina de meio ano letivo;<\/td>\n<\/tr>\n<tr>\n<td><a class=\"in-cell-link\" href=\"https:\/\/sistemas.uepg.br\/producao\/reitoria\/documentos\/11352005-11-2923.pdf\" target=\"_blank\" rel=\"noopener\">Res.CEPE \u2013 135\/05<\/a><\/td>\n<td colspan=\"2\" rowspan=\"1\">Disciplina eletiva;<\/td>\n<\/tr>\n<tr>\n<td><a class=\"in-cell-link\" href=\"https:\/\/sistemas.uepg.br\/producao\/reitoria\/documentos\/1562009-03-2423.pdf\" target=\"_blank\" rel=\"noopener\">Res.CEPE \u2013 056\/09<\/a><\/td>\n<td colspan=\"2\" rowspan=\"1\">Est\u00e1gio Curricular;<\/td>\n<\/tr>\n<tr>\n<td><a class=\"in-cell-link\" href=\"https:\/\/www2.uepg.br\/prograd\/wp-content\/uploads\/sites\/19\/2020\/07\/RESCEPE-17.1994_isoladas.pdf\" target=\"_blank\" rel=\"noopener\">Res.CEPE \u2013 017\/94<\/a><\/td>\n<td colspan=\"2\" rowspan=\"1\">Estudos complementares (disciplinas isoladas);<\/td>\n<\/tr>\n<tr>\n<td><a class=\"in-cell-link\" href=\"https:\/\/www2.uepg.br\/prograd\/wp-content\/uploads\/sites\/19\/2021\/10\/RESUNIV26_1987.pdf\" target=\"_blank\" rel=\"noopener\">Res.UNIV \u201326\/87<\/a><\/td>\n<td colspan=\"2\" rowspan=\"1\">Impedimento de matr\u00edcula simult\u00e2nea em mais de um curso de gradua\u00e7\u00e3o;<\/td>\n<\/tr>\n<tr>\n<td><a class=\"in-cell-link\" href=\"https:\/\/sistemas.uepg.br\/producao\/reitoria\/documentos\/172016-05-2423.pdf\" target=\"_blank\" rel=\"noopener\">Res.CEPE \u2013 007\/16<\/a><\/td>\n<td colspan=\"2\" rowspan=\"1\">Jubila\u00e7\u00e3o;<\/td>\n<\/tr>\n<tr>\n<td><a class=\"in-cell-link\" href=\"https:\/\/sistemas.uepg.br\/producao\/reitoria\/documentos\/1402012-12-1824.pdf\" target=\"_blank\" rel=\"noopener\">Res.UNIV \u201340\/12<\/a><\/td>\n<td colspan=\"2\" rowspan=\"1\">Perda de vaga e cancelamento de registro acad\u00eamico calouro;<\/td>\n<\/tr>\n<tr>\n<td><a class=\"in-cell-link\" href=\"https:\/\/sistemas.uepg.br\/producao\/reitoria\/documentos\/162016-05-2423.pdf\" target=\"_blank\" rel=\"noopener\">Res.CEPE \u2013 006\/16<\/a><\/td>\n<td colspan=\"2\" rowspan=\"1\">Plano de Acompanhamento de Estudos \u2013 PAE;<\/td>\n<\/tr>\n<tr>\n<td><a class=\"in-cell-link\" href=\"https:\/\/sistemas.uepg.br\/producao\/reitoria\/documentos\/1722011-11-0823.pdf\" target=\"_blank\" rel=\"noopener\">Res.CEPE \u2013 072\/11<\/a><\/td>\n<td colspan=\"2\" rowspan=\"1\">Portadores de necessidades especiais;<\/td>\n<\/tr>\n<tr>\n<td><a class=\"in-cell-link\" href=\"https:\/\/sistemas.uepg.br\/producao\/reitoria\/documentos\/12212000-12-1423.pdf\" target=\"_blank\" rel=\"noopener\">Res.CEPE \u2013 221\/00<\/a><\/td>\n<td colspan=\"2\" rowspan=\"1\">Pr\u00e1tica esportiva opcional;<\/td>\n<\/tr>\n<tr>\n<td><a class=\"in-cell-link\" href=\"https:\/\/www2.uepg.br\/prograd\/wp-content\/uploads\/sites\/19\/2021\/04\/ORDEM-DE-SERVICO-No-2021.0463417-PROGRAD-DIAC.pdf\" target=\"_blank\" rel=\"noopener\">Ord. de Serv -2021.0463417<\/a><\/td>\n<td colspan=\"2\" rowspan=\"1\">Prazo para emiss\u00e3o de documentos;<\/td>\n<\/tr>\n<tr>\n<td><a class=\"in-cell-link\" href=\"https:\/\/sistemas.uepg.br\/producao\/reitoria\/documentos\/1252000-03-2123.pdf\" target=\"_blank\" rel=\"noopener\">Res.CEPE \u2013 025\/00<\/a><\/td>\n<td colspan=\"2\" rowspan=\"1\">Profici\u00eancia em inform\u00e1tica;<\/td>\n<\/tr>\n<tr>\n<td><a class=\"in-cell-link\" href=\"https:\/\/sistemas.uepg.br\/producao\/reitoria\/documentos\/1551998-04-0723.pdf\" target=\"_blank\" rel=\"noopener\">Res.CEPE \u2013 055\/98<\/a><\/td>\n<td colspan=\"2\" rowspan=\"1\">Profici\u00eancia em l\u00edngua estrangeira;<\/td>\n<\/tr>\n<tr>\n<td><a class=\"in-cell-link\" href=\"https:\/\/sistemas.uepg.br\/producao\/reitoria\/documentos\/1352013-08-0823.pdf\" target=\"_blank\" rel=\"noopener\">Res.CEPE \u2013 035\/13<\/a><\/td>\n<td colspan=\"2\" rowspan=\"1\">Programa de Tutoria Discente \u2013 PROTUDI;<\/td>\n<\/tr>\n<tr>\n<td><a class=\"in-cell-link\" href=\"https:\/\/sistemas.uepg.br\/producao\/reitoria\/documentos\/1282002-08-2723.pdf\" target=\"_blank\" rel=\"noopener\">Res.CEPE \u2013 028\/02<\/a><\/td>\n<td colspan=\"2\" rowspan=\"1\">Reabertura de matr\u00edcula;<\/td>\n<\/tr>\n<tr>\n<td><a class=\"in-cell-link\" href=\"https:\/\/sistemas.uepg.br\/producao\/reitoria\/documentos\/1122017-06-2224.pdf\" target=\"_blank\" rel=\"noopener\">Res. UNIV <\/a><a class=\"in-cell-link\" href=\"https:\/\/sistemas.uepg.br\/producao\/reitoria\/documentos\/1282002-08-2723.pdf\" target=\"_blank\" rel=\"noopener\">\u2013<\/a><a class=\"in-cell-link\" href=\"https:\/\/sistemas.uepg.br\/producao\/reitoria\/documentos\/1122017-06-2224.pdf\" target=\"_blank\" rel=\"noopener\"> 012\/17<\/a><\/td>\n<td colspan=\"2\" rowspan=\"1\">Referente a M\u00e9dia Aritim\u00e9tica para obter aprova\u00e7\u00e3o;<\/td>\n<\/tr>\n<tr>\n<td><a class=\"in-cell-link\" href=\"https:\/\/sistemas.uepg.br\/producao\/reitoria\/documentos\/162016-05-2423.pdf\" target=\"_blank\" rel=\"noopener\">Res.CEPE \u2013 006\/16<\/a><\/td>\n<td colspan=\"2\" rowspan=\"1\">Regime de depend\u00eancia \u2013 procedimentos operativos;<\/td>\n<\/tr>\n<tr>\n<td><a class=\"in-cell-link\" href=\"https:\/\/sistemas.uepg.br\/producao\/reitoria\/documentos\/1732013-12-1023.pdf\" target=\"_blank\" rel=\"noopener\">Res.CEPE \u2013 073\/13<\/a><\/td>\n<td colspan=\"2\" rowspan=\"1\">Regime de exerc\u00edcios domiciliares;<\/td>\n<\/tr>\n<tr>\n<td><a class=\"in-cell-link\" href=\"https:\/\/sistemas.uepg.br\/producao\/reitoria\/documentos\/1632013-11-1323.pdf\" target=\"_blank\" rel=\"noopener\">Res.CEPE \u2013 063\/13<\/a><\/td>\n<td colspan=\"2\" rowspan=\"1\">Regulamenta a atualiza\u00e7\u00e3o de aprendizagem did\u00e1tica;<\/td>\n<\/tr>\n<tr>\n<td><a class=\"in-cell-link\" href=\"https:\/\/sistemas.uepg.br\/producao\/reitoria\/documentos\/11982009-10-0623.pdf\" target=\"_blank\" rel=\"noopener\">Res.CEPE \u2013 198\/09<\/a><\/td>\n<td colspan=\"2\" rowspan=\"1\">Regulamenta a Monitoria;<\/td>\n<\/tr>\n<tr>\n<td><a class=\"in-cell-link\" href=\"https:\/\/sistemas.uepg.br\/producao\/reitoria\/documentos\/1212011-04-0523.pdf\" target=\"_blank\" rel=\"noopener\">Res.CEPE \u2013 021\/11<\/a><\/td>\n<td colspan=\"2\" rowspan=\"1\">Regulamenta o trabalho de conclus\u00e3o de curso (TCC );<\/td>\n<\/tr>\n<tr>\n<td><a class=\"in-cell-link\" href=\"https:\/\/www2.uepg.br\/prograd\/wp-content\/uploads\/sites\/19\/2021\/04\/Manual-de-Reintegracao.pdf\" target=\"_blank\" rel=\"noopener\">Ed. DIAC- 01\/21<\/a><\/td>\n<td colspan=\"2\" rowspan=\"1\">Reintegra\u00e7\u00e3o de curso;<\/td>\n<\/tr>\n<tr>\n<td><a class=\"in-cell-link\" href=\"https:\/\/sistemas.uepg.br\/producao\/reitoria\/documentos\/1922000-05-3023.pdf\" target=\"_blank\" rel=\"noopener\">Res.CEPE \u2013 092\/00<\/a><\/td>\n<td colspan=\"2\" rowspan=\"1\">Reop\u00e7\u00e3o de cursos para deficientes (PNEE);<\/td>\n<\/tr>\n<tr>\n<td><a class=\"in-cell-link\" href=\"https:\/\/www2.uepg.br\/propan\/wp-content\/uploads\/sites\/145\/2020\/10\/PROCESSO-No-18361-de-09-11-2015.pdf\" target=\"_blank\" rel=\"noopener\">Res. UNIV &#8211; 023\/16<\/a><\/td>\n<td colspan=\"2\" rowspan=\"1\">Sistema de avalia\u00e7\u00e3o do rendimento escolar;<\/td>\n<\/tr>\n<tr>\n<td><a class=\"in-cell-link\" href=\"https:\/\/www2.uepg.br\/prograd\/wp-content\/uploads\/sites\/19\/2020\/04\/ORDEM-DE-SERVI%c3%87O-%e2%80%93-2020.0202259.pdf\" target=\"_blank\" rel=\"noopener\">Ord. de Serv \u2013 2020.0202259<\/a><\/td>\n<td colspan=\"2\" rowspan=\"1\">Supress\u00e3o de Jubila\u00e7\u00e3o por decurso de prazo;<\/td>\n<\/tr>\n<tr>\n<td><a class=\"in-cell-link\" href=\"https:\/\/sistemas.uepg.br\/producao\/reitoria\/documentos\/1672013-12-1823.pdf\" target=\"_blank\" rel=\"noopener\">Res.CEPE \u2013 067\/13<\/a><\/td>\n<td colspan=\"2\" rowspan=\"1\">Trancamento de matr\u00edcula 1\u00aa s\u00e9rie \u2013 militar;<\/td>\n<\/tr>\n<tr>\n<td><a class=\"in-cell-link\" href=\"https:\/\/sistemas.uepg.br\/producao\/reitoria\/documentos\/1672013-12-1823.pdf\" target=\"_blank\" rel=\"noopener\">Res.CEPE \u2013 067\/13<\/a><\/td>\n<td colspan=\"2\" rowspan=\"1\">Trancamento de matr\u00edcula;<\/td>\n<\/tr>\n<tr>\n<td><a class=\"in-cell-link\" href=\"https:\/\/sistemas.uepg.br\/producao\/reitoria\/documentos\/1452001-08-1423.pdf\" target=\"_blank\" rel=\"noopener\">Res.CEPE \u2013 045\/01<\/a><\/td>\n<td colspan=\"2\" rowspan=\"1\">Transfer\u00eancia externa \u201cEx-Of\u00edcio\u201d;<\/td>\n<\/tr>\n<tr>\n<td><a class=\"in-cell-link\" href=\"https:\/\/sistemas.uepg.br\/producao\/reitoria\/documentos\/1442014-11-0423.pdf\" target=\"_blank\" rel=\"noopener\">Res.CEPE \u2013 044\/14<\/a><\/td>\n<td colspan=\"2\" rowspan=\"1\">Transfer\u00eancia externa de rotina;<\/td>\n<\/tr>\n<tr>\n<td><a class=\"in-cell-link\" href=\"https:\/\/sistemas.uepg.br\/producao\/reitoria\/documentos\/182019-04-1623.pdf\" target=\"_blank\" rel=\"noopener\">Res. CEPE &#8211; 008\/19<\/a><\/td>\n<td colspan=\"2\" rowspan=\"1\">Transfer\u00eancia interna de turno;<\/td>\n<\/tr>\n<tr>\n<td><a class=\"in-cell-link\" href=\"https:\/\/sistemas.uepg.br\/producao\/reitoria\/documentos\/1231996-01-2325.pdf\" target=\"_blank\" rel=\"noopener\">Res.CEPE \u2013 023\/96<\/a><\/td>\n<td colspan=\"2\" rowspan=\"1\">Trote acad\u00eamico (proibi\u00e7\u00e3o);<\/td>\n<\/tr>\n<tr>\n<td><a class=\"in-cell-link\" href=\"https:\/\/sistemas.uepg.br\/producao\/reitoria\/documentos\/142019-08-0623.pdf\" target=\"_blank\" rel=\"noopener\">Res.CEPE \u2013 004\/2019<\/a><\/td>\n<td colspan=\"2\" rowspan=\"1\">Vagas nos cursos de gradua\u00e7\u00e3o para membros de comunidades ind\u00edgenas.<\/td>\n<\/tr>\n<\/tbody>\n<\/table>\n","protected":false},"excerpt":{"rendered":"<p>&nbsp; ORDENS DE SERVI\u00c7O AFETAS AS A\u00c7\u00d5ES DA PROGRAD LEGISLA\u00c7\u00d5ES REFERENTES \u00c0 PANDEMIA COVID-19 Res UNIV &#8211; 015\/2018 Regimento Geral da UEPG; Res.CA \u2013 114\/2018 Sistema Eletr\u00f4nico de Informa\u00e7\u00f5es; Res.CEPE \u2013 066\/13 Abono de faltas de acad\u00eamicos; Res.CEPE \u2013 211\/07 Acesso aos Instrumentos de Avalia\u00e7\u00e3o; Res.CEPE \u2013 046\/01 \/Res. CEPE &#8211; N\u00ba 2025.21 Aproveitamento de&nbsp;&hellip;<\/p>\n","protected":false},"author":24,"featured_media":4125,"parent":0,"menu_order":0,"comment_status":"closed","ping_status":"closed","template":"","meta":[],"_links":{"self":[{"href":"https:\/\/www2.uepg.br\/prograd\/wp-json\/wp\/v2\/pages\/5568"}],"collection":[{"href":"https:\/\/www2.uepg.br\/prograd\/wp-json\/wp\/v2\/pages"}],"about":[{"href":"https:\/\/www2.uepg.br\/prograd\/wp-json\/wp\/v2\/types\/page"}],"author":[{"embeddable":true,"href":"https:\/\/www2.uepg.br\/prograd\/wp-json\/wp\/v2\/users\/24"}],"replies":[{"embeddable":true,"href":"https:\/\/www2.uepg.br\/prograd\/wp-json\/wp\/v2\/comments?post=5568"}],"version-history":[{"count":8,"href":"https:\/\/www2.uepg.br\/prograd\/wp-json\/wp\/v2\/pages\/5568\/revisions"}],"predecessor-version":[{"id":10047,"href":"https:\/\/www2.uepg.br\/prograd\/wp-json\/wp\/v2\/pages\/5568\/revisions\/10047"}],"wp:featuredmedia":[{"embeddable":true,"href":"https:\/\/www2.uepg.br\/prograd\/wp-json\/wp\/v2\/media\/4125"}],"wp:attachment":[{"href":"https:\/\/www2.uepg.br\/prograd\/wp-json\/wp\/v2\/media?parent=5568"}],"curies":[{"name":"wp","href":"https:\/\/api.w.org\/{rel}","templated":true}]}}