{"id":73,"date":"2019-05-29T13:00:28","date_gmt":"2019-05-29T16:00:28","guid":{"rendered":"http:\/\/www2.uepg.br\/prograd\/?page_id=73"},"modified":"2025-04-23T10:35:29","modified_gmt":"2025-04-23T13:35:29","slug":"diretoria-academica","status":"publish","type":"page","link":"https:\/\/www2.uepg.br\/prograd\/diretoria-academica\/","title":{"rendered":"Diretoria Acad\u00eamica"},"content":{"rendered":"<div id=\"pl-73\"  class=\"panel-layout\" ><div id=\"pg-73-0\"  class=\"panel-grid panel-no-style\" ><div id=\"pgc-73-0-0\"  class=\"panel-grid-cell\" ><div id=\"panel-73-0-0-0\" class=\"so-panel widget widget_sow-features panel-first-child panel-last-child\" data-index=\"0\" ><div\n\t\t\t\n\t\t\tclass=\"so-widget-sow-features so-widget-sow-features-default-3e1df4eb5341-73\"\n\t\t\t\n\t\t>\n<div class=\"sow-features-list sow-features-responsive\">\n\n\t\t\t\t\t\t<div\n\t\t\t\tclass=\"sow-features-feature sow-icon-container-position-top sow-features-feature-last-row\"\n\t\t\t\tstyle=\"display: flex; flex-direction: column; float: left; width: 33.333%;\"\n\t\t\t>\n\n\t\t\t\t\t\t\t\t\t<a\n\t\t\t\t\t\thref=\"https:\/\/www2.uepg.br\/prograd\/ingressar-na-graduacao\/\"\n\t\t\t\t\t\t\t\t\t\t\t>\n\t\t\t\t\t\t\t\t<div\n\t\t\t\t\tclass=\"sow-icon-container sow-container-rounded-hex\"\n                    style=\"color: #0f2c64; \"\n\t\t\t\t\ttitle=\"Ingressar na Gradua\u00e7\u00e3o\">\n\t\t\t\t\t<span class=\"sow-icon-fontawesome sow-fas\" data-sow-icon=\"&#xf66f;\"\n\t\tstyle=\"font-size: 36px; color: #ef6b5e\" \n\t\taria-hidden=\"true\"><\/span>\t\t\t\t<\/div>\n\t\t\t\t\t\t\t\t\t<\/a>\n\t\t\t\t\n\t\t\t\t<div class=\"textwidget\">\n\t\t\t\t\t\t\t\t\t\t\t<h4>\n\t\t\t\t\t\t\t\t\t\t\t\t\t\t\t<a\n\t\t\t\t\t\t\t\t\thref=\"https:\/\/www2.uepg.br\/prograd\/ingressar-na-graduacao\/\"\n\t\t\t\t\t\t\t\t\t\t\t\t\t\t\t\t\t>\n\t\t\t\t\t\t\t\n\t\t\t\t\t\t\tIngressar na Gradua\u00e7\u00e3o\t\t\t\t\t\t\t\t\t\t\t\t\t\t\t<\/a>\n\t\t\t\t\t\t\t\t\t\t\t\t\t<\/h4>\n\t\t\t\t\t\n\t\t\t\t\t\t\t\t\t\t\t<p>Conhe\u00e7a as formas de ingresso na gradua\u00e7\u00e3o.<\/p>\n\t\t\t\t\t\n\t\t\t\t\t\t\t\t\t<\/div>\n\t\t\t\t\t\t\t<\/div>\n\n\t\t\t\t\t<div\n\t\t\t\tclass=\"sow-features-feature sow-icon-container-position-top sow-features-feature-last-row\"\n\t\t\t\tstyle=\"display: flex; flex-direction: column; float: left; width: 33.333%;\"\n\t\t\t>\n\n\t\t\t\t\t\t\t\t\t<a\n\t\t\t\t\t\thref=\"https:\/\/www2.uepg.br\/prograd\/monitoria\/\"\n\t\t\t\t\t\t\t\t\t\t\t>\n\t\t\t\t\t\t\t\t<div\n\t\t\t\t\tclass=\"sow-icon-container sow-container-rounded-hex\"\n                    style=\"color: #1659e6; \"\n\t\t\t\t\ttitle=\"Monitoria\">\n\t\t\t\t\t<span class=\"sow-icon-fontawesome sow-fas\" data-sow-icon=\"&#xf46d;\"\n\t\tstyle=\"font-size: 36px; color: #ef6b5e\" \n\t\taria-hidden=\"true\"><\/span>\t\t\t\t<\/div>\n\t\t\t\t\t\t\t\t\t<\/a>\n\t\t\t\t\n\t\t\t\t<div class=\"textwidget\">\n\t\t\t\t\t\t\t\t\t\t\t<h4>\n\t\t\t\t\t\t\t\t\t\t\t\t\t\t\t<a\n\t\t\t\t\t\t\t\t\thref=\"https:\/\/www2.uepg.br\/prograd\/monitoria\/\"\n\t\t\t\t\t\t\t\t\t\t\t\t\t\t\t\t\t>\n\t\t\t\t\t\t\t\n\t\t\t\t\t\t\tMonitoria\t\t\t\t\t\t\t\t\t\t\t\t\t\t\t<\/a>\n\t\t\t\t\t\t\t\t\t\t\t\t\t<\/h4>\n\t\t\t\t\t\n\t\t\t\t\t\t\t\t\t\t\t<p>Saiba mais sobre Monitoria.<\/p>\n\t\t\t\t\t\n\t\t\t\t\t\t\t\t\t<\/div>\n\t\t\t\t\t\t\t<\/div>\n\n\t\t\t\t\t<div\n\t\t\t\tclass=\"sow-features-feature sow-icon-container-position-top sow-features-feature-last-row\"\n\t\t\t\tstyle=\"display: flex; flex-direction: column; float: left; width: 33.333%;\"\n\t\t\t>\n\n\t\t\t\t\t\t\t\t\t<a\n\t\t\t\t\t\thref=\"http:\/\/ead.uepg.br\/site\/\"\n\t\t\t\t\t\t\t\t\t\t\t>\n\t\t\t\t\t\t\t\t<div\n\t\t\t\t\tclass=\"sow-icon-container sow-container-rounded-hex\"\n                    style=\"color: #6992ea; \"\n\t\t\t\t\ttitle=\"Ensino a Dist\u00e2ncia\">\n\t\t\t\t\t<span class=\"sow-icon-icomoon\" data-sow-icon=\"&#xe9c9;\"\n\t\tstyle=\"font-size: 36px; color: #ef6b5e\" \n\t\taria-hidden=\"true\"><\/span>\t\t\t\t<\/div>\n\t\t\t\t\t\t\t\t\t<\/a>\n\t\t\t\t\n\t\t\t\t<div class=\"textwidget\">\n\t\t\t\t\t\t\t\t\t\t\t<h4>\n\t\t\t\t\t\t\t\t\t\t\t\t\t\t\t<a\n\t\t\t\t\t\t\t\t\thref=\"http:\/\/ead.uepg.br\/site\/\"\n\t\t\t\t\t\t\t\t\t\t\t\t\t\t\t\t\t>\n\t\t\t\t\t\t\t\n\t\t\t\t\t\t\tEnsino a Dist\u00e2ncia\t\t\t\t\t\t\t\t\t\t\t\t\t\t\t<\/a>\n\t\t\t\t\t\t\t\t\t\t\t\t\t<\/h4>\n\t\t\t\t\t\n\t\t\t\t\t\t\t\t\t\t\t<p>Acesse o site do Nutead e saiba mais sobre o ensino a dist\u00e2ncia.<\/p>\n\t\t\t\t\t\n\t\t\t\t\t\t\t\t\t<\/div>\n\t\t\t\t\t\t\t<\/div>\n\n\t\t\t\n<\/div>\n<\/div><\/div><\/div><\/div><div id=\"pg-73-1\"  class=\"panel-grid panel-no-style\" ><div id=\"pgc-73-1-0\"  class=\"panel-grid-cell\" ><div id=\"panel-73-1-0-0\" class=\"so-panel widget widget_sow-editor panel-first-child panel-last-child\" data-index=\"1\" ><div\n\t\t\t\n\t\t\tclass=\"so-widget-sow-editor so-widget-sow-editor-base\"\n\t\t\t\n\t\t>\n<div class=\"siteorigin-widget-tinymce textwidget\">\n\t<hr \/>\n<p>DIRETORIA ACAD\u00caMICA (DIRACAD) \u00e9 exercida por um Diretor, composta pela DIVIS\u00c3O DE MATR\u00cdCULA PRESENCIAL, e pela DIVIS\u00c3O DE MATR\u00cdCULA DE ENSINO \u00c0 DIST\u00c2NCIA (EaD), e pela SE\u00c7\u00c3O DE CONTROLE ACAD\u00caMICO PRESENCIAL E SE\u00c7\u00c3O DE CONTROLE ACAD\u00caMICO EaD.<\/p>\n<p>A DIRACAD realiza o planejamento, supervis\u00e3o e a coordena\u00e7\u00e3o de atividades para atendimento aos alunos, coordenadores de curso, professores e demais \u00f3rg\u00e3os da UEPG quanto \u00e0 matr\u00edcula e controle acad\u00eamico dos cursos presenciais e \u00e0 dist\u00e2ncia. \u00c9 respons\u00e1vel por executar todas as a\u00e7\u00f5es pertinentes \u00e0 Mobilidade Estudantil Regional e aos processos de transfer\u00eancias externas, e ainda, pela elabora\u00e7\u00e3o anual do calend\u00e1rio acad\u00eamico.<\/p>\n<p>Entre as atribui\u00e7\u00f5es da DIRACAD, pode-se destacar:<\/p>\n<p>I. Elaborar Boletim Informativo aos participantes do Concurso Vestibular para cursos presenciais e EaD, e do processo Seletivo Seriado (PSS), contendo as datas de divulga\u00e7\u00e3o dos classificados, a programa\u00e7\u00e3o de chamadas p\u00fablicas, bem como os locais e a documenta\u00e7\u00e3o necess\u00e1ria para efetiva\u00e7\u00e3o do registro acad\u00eamico e da matr\u00edcula;<\/p>\n<p>II. Proceder o registro acad\u00eamico e a matr\u00edcula dos egressos do concurso vestibular para os cursos presenciais e EaD, e do PSS, incluindo o cadastro das informa\u00e7\u00f5es junto ao N\u00facleo de Tecnologia de Informa\u00e7\u00e3o (NTI);<\/p>\n<p>III. Orientar os coordenadores de cursos presenciais e chefes de departamento quanto aos per\u00edodos e procedimentos referentes \u00e0 matr\u00edcula e \u00e0 oferta de disciplinas;<\/p>\n<p>IV. Controlar a emiss\u00e3o e entrega das identidades estudantis aos acad\u00eamicos dos cursos presenciais e dos cursos EaD;<\/p>\n<p>V. Emitir hist\u00f3ricos escolares e demais certid\u00f5es acad\u00eamicas dos cursos presenciais e dos cursos EaD;<\/p>\n<p>VI. Receber e analisar os pedidos de Plano de Acompanhamento de Estudos \u2013 Plano PAE, encaminhando aos Colegiados de Curso para provid\u00eancias;<\/p>\n<p>VII. Receber e encaminhar aos Chefes de Departamento os pedidos de acesso aos instrumentos de avalia\u00e7\u00e3o;<\/p>\n<p>VIII. Receber os pedidos de solicita\u00e7\u00e3o de estudos complementares, realizando a an\u00e1lise do processo e efetuando a respectiva matr\u00edcula;<\/p>\n<p>IX. Acompanhar os processos de Atualiza\u00e7\u00e3o e Aprendizagem Did\u00e1tica e de Monitoria, elaborando o relat\u00f3rio final;<\/p>\n<p>X. Administrar o funcionamento da Central de Salas de Aula.<\/p>\n<h5 style=\"text-align: center\"><strong>Equipe e Contatos<\/strong><\/h5>\n<p style=\"text-align: center\"><em><strong>Diretor Acad\u00eamico<\/strong><\/em><br \/>\nAnderson Santos Costa<br \/>\n+55 (42) 3220-3704<\/p>\n<p>&nbsp;<\/p>\n<p style=\"text-align: center\"><strong>Divis\u00e3o de Matr\u00edcula \u2013 Presencial<\/strong><br \/>\nAbel Josinei de Arruda<br \/>\n+55 (42) 3220-3705<\/p>\n<p>&nbsp;<\/p>\n<p style=\"text-align: center\"><strong>Se\u00e7\u00e3o\u00a0de Controle Acad\u00eamico<\/strong><\/p>\n<p style=\"text-align: center\">Antonio Rafael dos Santos Avila<\/p>\n<p style=\"text-align: center\">Edenilce Leuch Machado<br \/>\nAgna Cristina de Souza<br \/>\nLuciana Cristina de Oliveira<\/p>\n<p style=\"text-align: center\">\n<p style=\"text-align: center\">+55 (42) 3220-3705<\/p>\n<p>&nbsp;<\/p>\n<p style=\"text-align: center\"><strong>Divis\u00e3o de Matr\u00edcula e Acompanhamento Acad\u00eamico \u2013 EAD<br \/>\n<\/strong>Joanice de Jesus Kuster de Azevedo<br \/>\nMarli Terezinha Waclavik de Lima<br \/>\nLais Helena Domingues de Almeida<br \/>\n+55 (42) 3220-3722<\/p>\n<p>&nbsp;<\/p>\n<p style=\"text-align: center\"><strong>Central de Salas<br \/>\n<\/strong>Jorge Luiz de Andrade<br \/>\nAna Luci Kochan<br \/>\n+55 (42) 3220-3182<strong><br \/>\n<\/strong><\/p>\n<p>&nbsp;<\/p>\n<p style=\"text-align: center\">e-mail:<a href=\"mailto:diretoriaacademica@uepg.br\" target=\"_blank\" rel=\"noopener\">diretoriaacademica@uepg.br<\/a><\/p>\n<p>&nbsp;<\/p>\n<\/div>\n<\/div><\/div><\/div><\/div><\/div>","protected":false},"excerpt":{"rendered":"<p>DIRETORIA ACAD\u00caMICA (DIRACAD) \u00e9 exercida por um Diretor, composta pela DIVIS\u00c3O DE MATR\u00cdCULA PRESENCIAL, e pela DIVIS\u00c3O DE MATR\u00cdCULA DE ENSINO \u00c0 DIST\u00c2NCIA (EaD), e pela SE\u00c7\u00c3O DE CONTROLE ACAD\u00caMICO PRESENCIAL E SE\u00c7\u00c3O DE CONTROLE ACAD\u00caMICO EaD. A DIRACAD realiza o planejamento, supervis\u00e3o e a coordena\u00e7\u00e3o de atividades para atendimento aos alunos, coordenadores de curso,&nbsp;&hellip;<\/p>\n","protected":false},"author":24,"featured_media":4169,"parent":0,"menu_order":0,"comment_status":"closed","ping_status":"closed","template":"","meta":[],"_links":{"self":[{"href":"https:\/\/www2.uepg.br\/prograd\/wp-json\/wp\/v2\/pages\/73"}],"collection":[{"href":"https:\/\/www2.uepg.br\/prograd\/wp-json\/wp\/v2\/pages"}],"about":[{"href":"https:\/\/www2.uepg.br\/prograd\/wp-json\/wp\/v2\/types\/page"}],"author":[{"embeddable":true,"href":"https:\/\/www2.uepg.br\/prograd\/wp-json\/wp\/v2\/users\/24"}],"replies":[{"embeddable":true,"href":"https:\/\/www2.uepg.br\/prograd\/wp-json\/wp\/v2\/comments?post=73"}],"version-history":[{"count":26,"href":"https:\/\/www2.uepg.br\/prograd\/wp-json\/wp\/v2\/pages\/73\/revisions"}],"predecessor-version":[{"id":9457,"href":"https:\/\/www2.uepg.br\/prograd\/wp-json\/wp\/v2\/pages\/73\/revisions\/9457"}],"wp:featuredmedia":[{"embeddable":true,"href":"https:\/\/www2.uepg.br\/prograd\/wp-json\/wp\/v2\/media\/4169"}],"wp:attachment":[{"href":"https:\/\/www2.uepg.br\/prograd\/wp-json\/wp\/v2\/media?parent=73"}],"curies":[{"name":"wp","href":"https:\/\/api.w.org\/{rel}","templated":true}]}}