{"id":754,"date":"2019-06-04T16:21:25","date_gmt":"2019-06-04T19:21:25","guid":{"rendered":"http:\/\/www2.uepg.br\/prograd\/?page_id=754"},"modified":"2025-05-28T16:51:34","modified_gmt":"2025-05-28T19:51:34","slug":"documentos-de-estagio","status":"publish","type":"page","link":"https:\/\/www2.uepg.br\/prograd\/estagio\/documentos-de-estagio\/","title":{"rendered":"Documentos de Est\u00e1gio"},"content":{"rendered":"<h3 style=\"text-align: center\">Documenta\u00e7\u00e3o<\/h3>\n<hr \/>\n<h4 style=\"text-align: center\"><span style=\"font-size: large\">Acad\u00eamicos &#8211; Termo de Compromisso<\/span><\/h4>\n<p style=\"text-align: center\">Termos de compromisso de est\u00e1gio mediados por Agentes de Integra\u00e7\u00e3o e \u00d3rg\u00e3os P\u00fablicos Estaduais e Federais, realizar protocolo SEI:<\/p>\n<p style=\"text-align: center\"><a href=\"https:\/\/sisei.apps.uepg.br\/protocolo-digital\/graduacao-estagio-termo-compromisso\">https:\/\/sisei.apps.uepg.br\/protocolo-digital\/graduacao-estagio-termo-compromisso<\/a><\/p>\n<p style=\"text-align: center\">Termos de compromisso de est\u00e1gio realizados atrav\u00e9s de Empresas e Institui\u00e7\u00f5es de Ensino:<\/p>\n<p style=\"text-align: center\"><a href=\"https:\/\/kairos.apps.uepg.br\/\">https:\/\/kairos.apps.uepg.br\/<\/a><\/p>\n<p style=\"text-align: center\">Tutoriais para realiza\u00e7\u00e3o de termos de Est\u00e1gio: <a href=\"http:\/\/www2.uepg.br\/prograd\/wp-content\/uploads\/sites\/19\/2025\/05\/Tutorial-Termo-Licenciatura.pdf\">Licenciaturas<\/a> e <a href=\"http:\/\/www2.uepg.br\/prograd\/wp-content\/uploads\/sites\/19\/2025\/05\/Tutorial-Termo-Geral.pdf\">Geral\u00a0<\/a><\/p>\n<h4 style=\"text-align: center\"><span style=\"font-size: large\">Empresas &#8211; Conv\u00eanio<\/span><\/h4>\n<p style=\"text-align: center\">Agentes de Integra\u00e7\u00e3o e \u00d3rg\u00e3os P\u00fablicos Estaduais e Federais, realizar protocolo SEI:<\/p>\n<p style=\"text-align: center\"><a href=\"https:\/\/sisei.apps.uepg.br\/protocolo-digital\/geral\">https:\/\/sisei.apps.uepg.br\/protocolo-digital\/geral<\/a><\/p>\n<p style=\"text-align: center\">Demais Empresas e Institui\u00e7\u00f5es de Ensino:<\/p>\n<p style=\"text-align: center\"><a href=\"https:\/\/kairos.apps.uepg.br\/convenio\/criar\" target=\"_blank\" rel=\"noopener\">https:\/\/kairos.apps.uepg.br\/convenio\/criar<\/a><\/p>\n<p style=\"text-align: center\"><a href=\"http:\/\/www2.uepg.br\/prograd\/wp-content\/uploads\/sites\/19\/2025\/05\/Tutorial-Cadastro-de-Convenio.pdf\">Tutorial para conv\u00eanios<\/a><\/p>\n<p>&nbsp;<\/p>\n<h6 style=\"text-align: center\">SECRETARIA DE ESTADO DA ADMINISTRA\u00c7\u00c3O E DA PREVID\u00caNCIA &#8211; SEAP<\/h6>\n<h6 style=\"text-align: center\">TERMO DE CONV\u00caNIO N\u00ba3577<\/h6>\n<p>&nbsp;<\/p>\n<p>&nbsp;<\/p>\n","protected":false},"excerpt":{"rendered":"<p>Documenta\u00e7\u00e3o Acad\u00eamicos &#8211; Termo de Compromisso Termos de compromisso de est\u00e1gio mediados por Agentes de Integra\u00e7\u00e3o e \u00d3rg\u00e3os P\u00fablicos Estaduais e Federais, realizar protocolo SEI: https:\/\/sisei.apps.uepg.br\/protocolo-digital\/graduacao-estagio-termo-compromisso Termos de compromisso de est\u00e1gio realizados atrav\u00e9s de Empresas e Institui\u00e7\u00f5es de Ensino: https:\/\/kairos.apps.uepg.br\/ Tutoriais para realiza\u00e7\u00e3o de termos de Est\u00e1gio: Licenciaturas e Geral\u00a0 Empresas &#8211; Conv\u00eanio Agentes de&nbsp;&hellip;<\/p>\n","protected":false},"author":24,"featured_media":0,"parent":237,"menu_order":0,"comment_status":"closed","ping_status":"closed","template":"","meta":[],"_links":{"self":[{"href":"https:\/\/www2.uepg.br\/prograd\/wp-json\/wp\/v2\/pages\/754"}],"collection":[{"href":"https:\/\/www2.uepg.br\/prograd\/wp-json\/wp\/v2\/pages"}],"about":[{"href":"https:\/\/www2.uepg.br\/prograd\/wp-json\/wp\/v2\/types\/page"}],"author":[{"embeddable":true,"href":"https:\/\/www2.uepg.br\/prograd\/wp-json\/wp\/v2\/users\/24"}],"replies":[{"embeddable":true,"href":"https:\/\/www2.uepg.br\/prograd\/wp-json\/wp\/v2\/comments?post=754"}],"version-history":[{"count":30,"href":"https:\/\/www2.uepg.br\/prograd\/wp-json\/wp\/v2\/pages\/754\/revisions"}],"predecessor-version":[{"id":9170,"href":"https:\/\/www2.uepg.br\/prograd\/wp-json\/wp\/v2\/pages\/754\/revisions\/9170"}],"up":[{"embeddable":true,"href":"https:\/\/www2.uepg.br\/prograd\/wp-json\/wp\/v2\/pages\/237"}],"wp:attachment":[{"href":"https:\/\/www2.uepg.br\/prograd\/wp-json\/wp\/v2\/media?parent=754"}],"curies":[{"name":"wp","href":"https:\/\/api.w.org\/{rel}","templated":true}]}}