{"id":772,"date":"2019-06-05T13:57:35","date_gmt":"2019-06-05T16:57:35","guid":{"rendered":"http:\/\/www2.uepg.br\/prograd\/?page_id=772"},"modified":"2020-12-03T16:53:29","modified_gmt":"2020-12-03T19:53:29","slug":"estagio-curricular-hospital-universitario","status":"publish","type":"page","link":"https:\/\/www2.uepg.br\/prograd\/estagio\/estagio-curricular-hospital-universitario\/","title":{"rendered":"Est\u00e1gio Curricular \u2013 Hospital Universit\u00e1rio"},"content":{"rendered":"<hr \/>\n<h4>O Hospital Universit\u00e1rio Regional dos Campos Gerais abre suas portas para receber acad\u00eamicos estagi\u00e1rios dos cursos de gradua\u00e7\u00e3o nas \u00e1reas desenvolvidas pelo Hospital .<\/h4>\n<hr \/>\n<p><strong>Os procedimentos necess\u00e1rios para o in\u00edcio do est\u00e1gio s\u00e3o os seguintes:<\/strong><\/p>\n<ul>\n<li>Verificar junto a Se\u00e7\u00e3o de est\u00e1gios (42-3220-3715 estagioonline@uepg.br) se h\u00e1 conv\u00eanio vigente entre UEPG e Institui\u00e7\u00e3o de Ensino interessada.<\/li>\n<li>Termo de compromisso de est\u00e1gio proveniente da Institui\u00e7\u00e3o de Ensino interessada, se for o caso.<\/li>\n<li>Os procedimentos foram definidos atrav\u00e9s do Processo n\u00ba 4120\/2014, para visualizar <a href=\"http:\/\/www2.uepg.br\/prograd\/wp-content\/uploads\/sites\/19\/2019\/06\/TRAMITE-EST\u00c1GIO-HOSPITAL-UNIVERSIT\u00c1RIO.pdf\" target=\"_blank\" rel=\"noopener noreferrer\">clique aqui.<\/a><\/li>\n<li>De posse das informa\u00e7\u00f5es citadas, protocolar e anexar sua solicita\u00e7\u00e3o no sistema SEI no link: <a href=\"https:\/\/sisei.apps.uepg.br\/protocolo-digital\/geral\">https:\/\/sisei.apps.uepg.br\/protocolo-digital\/geral<\/a><\/li>\n<\/ul>\n","protected":false},"excerpt":{"rendered":"<p>O Hospital Universit\u00e1rio Regional dos Campos Gerais abre suas portas para receber acad\u00eamicos estagi\u00e1rios dos cursos de gradua\u00e7\u00e3o nas \u00e1reas desenvolvidas pelo Hospital . Os procedimentos necess\u00e1rios para o in\u00edcio do est\u00e1gio s\u00e3o os seguintes: Verificar junto a Se\u00e7\u00e3o de est\u00e1gios (42-3220-3715 estagioonline@uepg.br) se h\u00e1 conv\u00eanio vigente entre UEPG e Institui\u00e7\u00e3o de Ensino interessada. Termo&nbsp;&hellip;<\/p>\n","protected":false},"author":24,"featured_media":0,"parent":237,"menu_order":0,"comment_status":"closed","ping_status":"closed","template":"","meta":[],"_links":{"self":[{"href":"https:\/\/www2.uepg.br\/prograd\/wp-json\/wp\/v2\/pages\/772"}],"collection":[{"href":"https:\/\/www2.uepg.br\/prograd\/wp-json\/wp\/v2\/pages"}],"about":[{"href":"https:\/\/www2.uepg.br\/prograd\/wp-json\/wp\/v2\/types\/page"}],"author":[{"embeddable":true,"href":"https:\/\/www2.uepg.br\/prograd\/wp-json\/wp\/v2\/users\/24"}],"replies":[{"embeddable":true,"href":"https:\/\/www2.uepg.br\/prograd\/wp-json\/wp\/v2\/comments?post=772"}],"version-history":[{"count":5,"href":"https:\/\/www2.uepg.br\/prograd\/wp-json\/wp\/v2\/pages\/772\/revisions"}],"predecessor-version":[{"id":2616,"href":"https:\/\/www2.uepg.br\/prograd\/wp-json\/wp\/v2\/pages\/772\/revisions\/2616"}],"up":[{"embeddable":true,"href":"https:\/\/www2.uepg.br\/prograd\/wp-json\/wp\/v2\/pages\/237"}],"wp:attachment":[{"href":"https:\/\/www2.uepg.br\/prograd\/wp-json\/wp\/v2\/media?parent=772"}],"curies":[{"name":"wp","href":"https:\/\/api.w.org\/{rel}","templated":true}]}}