{"id":778,"date":"2019-06-05T14:03:53","date_gmt":"2019-06-05T17:03:53","guid":{"rendered":"http:\/\/www2.uepg.br\/prograd\/?page_id=778"},"modified":"2021-10-22T11:06:08","modified_gmt":"2021-10-22T14:06:08","slug":"regulamentos-de-cursos-a-distancia","status":"publish","type":"page","link":"https:\/\/www2.uepg.br\/prograd\/estagio\/regulamentos-de-cursos-a-distancia\/","title":{"rendered":"Regulamentos de Cursos a Dist\u00e2ncia"},"content":{"rendered":"<p style=\"text-align: center\"><a href=\"http:\/\/www2.uepg.br\/prograd\/wp-content\/uploads\/sites\/19\/2019\/06\/Lei-de-Estagio11788-081.pdf\" target=\"_blank\" rel=\"noopener noreferrer\">LEI N\u00b0 11.788, DE 25 DE SETEMBRO DE 2008<\/a><\/p>\n<p>&nbsp;<\/p>\n<p>&nbsp;<\/p>\n<h4><strong><span class=\"su-label su-label-type-default\">Legisla\u00e7\u00e3o Est\u00e1gios EaD<\/span><\/strong><\/h4>\n<table width=\"664\">\n<tbody>\n<tr>\n<td>Regulamento Geral de Est\u00e1gios Curriculares \u2013 Licenciatura EaD<\/td>\n<td><\/td>\n<td><\/td>\n<td><a href=\"http:\/\/www2.uepg.br\/prograd\/wp-content\/uploads\/sites\/19\/2019\/06\/088.pdf\" target=\"_blank\" rel=\"noopener noreferrer\">CEPE N\u00ba 088\/2010<\/a><\/td>\n<\/tr>\n<tr>\n<td>Redu\u00e7\u00e3o de Carga Hor\u00e1ria \u2013 Est\u00e1gio Supervisionado Licenciatura<\/td>\n<td><\/td>\n<td><\/td>\n<td><a href=\"http:\/\/www2.uepg.br\/prograd\/wp-content\/uploads\/sites\/19\/2019\/06\/redu\u00e7\u00e3o-carga-hor\u00e1ria-de-est\u00e1gio.pdf\" target=\"_blank\" rel=\"noopener noreferrer\">CEPE N\u00ba 082\/2006<\/a><\/td>\n<\/tr>\n<\/tbody>\n<\/table>\n<p><\/br><br \/>\n<\/br><\/p>\n<h4><strong>Resolu\u00e7\u00f5es CEPE<\/strong><\/h4>\n<table class=\" aligncenter\">\n<tbody>\n<tr>\n<td><b>C\u00f3digo do Curso<\/b><\/td>\n<td><b>Curso<\/b><\/td>\n<td><b>Modalidade<\/b><\/td>\n<td><b>Resolu\u00e7\u00e3o CEPE<\/b><\/td>\n<\/tr>\n<tr>\n<td><span style=\"font-weight: 400\">301<\/span><\/td>\n<td><span style=\"font-weight: 400\">Licenciatura em Matem\u00e1tica &#8211; UAB\u00a0\u00a0<\/span><\/td>\n<td><span style=\"font-weight: 400\">\u00c0 Dist\u00e2ncia<\/span><\/td>\n<td><\/td>\n<\/tr>\n<tr>\n<td><span style=\"font-weight: 400\">302<\/span><\/td>\n<td><span style=\"font-weight: 400\">Licenciatura em Geografia &#8211; UAB\u00a0<\/span><\/td>\n<td><span style=\"font-weight: 400\">\u00c0 Dist\u00e2ncia<\/span><\/td>\n<td><\/td>\n<\/tr>\n<tr>\n<td><span style=\"font-weight: 400\">347<\/span><\/td>\n<td><span style=\"font-weight: 400\">Licenciatura em Educa\u00e7\u00e3o F\u00edsica &#8211; UAB<\/span><\/td>\n<td><span style=\"font-weight: 400\">\u00c0 Dist\u00e2ncia<\/span><\/td>\n<td><\/td>\n<\/tr>\n<tr>\n<td><span style=\"font-weight: 400\">353<\/span><\/td>\n<td><span style=\"font-weight: 400\">Licenciatura em Pedagogia &#8211; Magist\u00e9rio da Educa\u00e7\u00e3o B\u00e1sica e Gest\u00e3o Educacional<\/span><\/td>\n<td><span style=\"font-weight: 400\">\u00c0 Dist\u00e2ncia<\/span><\/td>\n<td><\/td>\n<\/tr>\n<tr>\n<td><span style=\"font-weight: 400\">357<\/span><\/td>\n<td><span style=\"font-weight: 400\">Licenciatura em Letras Portugues Espanhol UAB\u00a0<\/span><\/td>\n<td><span style=\"font-weight: 400\">\u00c0 Dist\u00e2ncia<\/span><\/td>\n<td><\/td>\n<\/tr>\n<tr>\n<td><span style=\"font-weight: 400\">389<\/span><\/td>\n<td><span style=\"font-weight: 400\">Licenciatura em Hist\u00f3ria &#8211; UAB<\/span><\/td>\n<td><span style=\"font-weight: 400\">\u00c0 Dist\u00e2ncia<\/span><\/td>\n<td><\/td>\n<\/tr>\n<tr>\n<td><span style=\"font-weight: 400\">391<\/span><\/td>\n<td><span style=\"font-weight: 400\">Bacharelado em Administra\u00e7\u00e3o P\u00fablica<\/span><\/td>\n<td><span style=\"font-weight: 400\">\u00c0 Dist\u00e2ncia<\/span><\/td>\n<td><\/td>\n<\/tr>\n<tr>\n<td><span style=\"font-weight: 400\">326<\/span><\/td>\n<td><span style=\"font-weight: 400\">Licenciatura em Computa\u00e7\u00e3o &#8211; UAB<\/span><\/td>\n<td><span style=\"font-weight: 400\">\u00c0 Dist\u00e2ncia<\/span><\/td>\n<td><\/td>\n<\/tr>\n<tr>\n<td><span style=\"font-weight: 400\">392<\/span><\/td>\n<td><span style=\"font-weight: 400\">Superior de Tecnologia em Gest\u00e3o P\u00fablica<\/span><\/td>\n<td><span style=\"font-weight: 400\">\u00c0 Dist\u00e2ncia<\/span><\/td>\n<td><\/td>\n<\/tr>\n<\/tbody>\n<\/table>\n<p style=\"text-align: center\">\n","protected":false},"excerpt":{"rendered":"<p>LEI N\u00b0 11.788, DE 25 DE SETEMBRO DE 2008 &nbsp; &nbsp; Legisla\u00e7\u00e3o Est\u00e1gios EaD Regulamento Geral de Est\u00e1gios Curriculares \u2013 Licenciatura EaD CEPE N\u00ba 088\/2010 Redu\u00e7\u00e3o de Carga Hor\u00e1ria \u2013 Est\u00e1gio Supervisionado Licenciatura CEPE N\u00ba 082\/2006 Resolu\u00e7\u00f5es CEPE C\u00f3digo do Curso Curso Modalidade Resolu\u00e7\u00e3o CEPE 301 Licenciatura em Matem\u00e1tica &#8211; UAB\u00a0\u00a0 \u00c0 Dist\u00e2ncia 302 Licenciatura&nbsp;&hellip;<\/p>\n","protected":false},"author":24,"featured_media":0,"parent":237,"menu_order":0,"comment_status":"closed","ping_status":"closed","template":"","meta":[],"_links":{"self":[{"href":"https:\/\/www2.uepg.br\/prograd\/wp-json\/wp\/v2\/pages\/778"}],"collection":[{"href":"https:\/\/www2.uepg.br\/prograd\/wp-json\/wp\/v2\/pages"}],"about":[{"href":"https:\/\/www2.uepg.br\/prograd\/wp-json\/wp\/v2\/types\/page"}],"author":[{"embeddable":true,"href":"https:\/\/www2.uepg.br\/prograd\/wp-json\/wp\/v2\/users\/24"}],"replies":[{"embeddable":true,"href":"https:\/\/www2.uepg.br\/prograd\/wp-json\/wp\/v2\/comments?post=778"}],"version-history":[{"count":11,"href":"https:\/\/www2.uepg.br\/prograd\/wp-json\/wp\/v2\/pages\/778\/revisions"}],"predecessor-version":[{"id":3655,"href":"https:\/\/www2.uepg.br\/prograd\/wp-json\/wp\/v2\/pages\/778\/revisions\/3655"}],"up":[{"embeddable":true,"href":"https:\/\/www2.uepg.br\/prograd\/wp-json\/wp\/v2\/pages\/237"}],"wp:attachment":[{"href":"https:\/\/www2.uepg.br\/prograd\/wp-json\/wp\/v2\/media?parent=778"}],"curies":[{"name":"wp","href":"https:\/\/api.w.org\/{rel}","templated":true}]}}