{"id":835,"date":"2019-06-06T08:30:14","date_gmt":"2019-06-06T11:30:14","guid":{"rendered":"http:\/\/www2.uepg.br\/prograd\/?page_id=835"},"modified":"2026-03-04T14:49:41","modified_gmt":"2026-03-04T17:49:41","slug":"projetos-pedagogicos","status":"publish","type":"page","link":"https:\/\/www2.uepg.br\/prograd\/diretoria-de-ensino\/projetos-pedagogicos\/","title":{"rendered":"Projetos Pedag\u00f3gicos dos Cursos (PPC)"},"content":{"rendered":"<div id=\"pl-835\"  class=\"panel-layout\" ><div id=\"pg-835-0\"  class=\"panel-grid panel-no-style\" ><div id=\"pgc-835-0-0\"  class=\"panel-grid-cell\" ><div id=\"panel-835-0-0-0\" class=\"so-panel widget widget_sow-editor panel-first-child panel-last-child\" data-index=\"0\" ><div\n\t\t\t\n\t\t\tclass=\"so-widget-sow-editor so-widget-sow-editor-base\"\n\t\t\t\n\t\t>\n<div class=\"siteorigin-widget-tinymce textwidget\">\n\t<h4><strong>Base Legal Normativa para a constru\u00e7\u00e3o do Projeto Pedag\u00f3gico do Curso<\/strong><\/h4>\n<h4>Orientam a forma\u00e7\u00e3o acad\u00eamica na UEPG, garantindo, qualidade inova\u00e7\u00e3o e compromisso com a sociedade mantendo seu protagonismo no Ensino Superior P\u00fablico.<\/h4>\n<h4>Leis e Diretrizes Nacionais<\/h4>\n<ul>\n<li>Lei<a href=\"https:\/\/www.planalto.gov.br\/ccivil_03\/leis\/l9394.htm\" target=\"_blank\" rel=\"noopener\"> n\u00ba 9.394, de 20 de dezembro e 1996<\/a> Diretrizes e Bases da Educa\u00e7\u00e3o Nacional.<\/li>\n<li>Lei <a href=\"https:\/\/www.planalto.gov.br\/ccivil_03\/leis\/l9475.htm\" target=\"_blank\" rel=\"noopener\">n\u00ba 9.475\/1997<\/a> sobre Ensino Religioso nas Institui\u00e7\u00f5es de Ensino no Paran\u00e1.<\/li>\n<li>Resolu\u00e7\u00e3o <a href=\"http:\/\/portal.mec.gov.br\/index.php?option=com_docman&amp;view=download&amp;alias=104251-rces007-18&amp;category_slug=dezembro-2018-pdf&amp;Itemid=30192\" target=\"_blank\" rel=\"noopener\">N\u00ba 7, de 18 de dezembro de 2018<\/a> Estabelece as Diretrizes para a Extens\u00e3o na Educa\u00e7\u00e3o Superior Brasileira.<\/li>\n<li>Classifica\u00e7\u00e3o Internacional Normalizada da Educa\u00e7\u00e3o Adaptada para Cursos de Gradua\u00e7\u00e3o e Sequenciais de Forma\u00e7\u00e3o Espec\u00edfica do Brasil (<a href=\"https:\/\/www.gov.br\/inep\/pt-br\/areas-de-atuacao\/pesquisas-estatisticas-e-indicadores\/cine-brasil\" target=\"_blank\" rel=\"noopener\">Cine Brasil<\/a>) <a href=\"https:\/\/www.gov.br\/inep\/pt-br\/centrais-de-conteudo\/acervo-linha-editorial\/publicacoes-institucionais\/estatisticas-e-indicadores-educacionais\/manual-para-classificacao-dos-cursos-de-graduacao-e-sequenciais-cine-brasil\" target=\"_blank\" rel=\"noopener\">Manual<\/a><\/li>\n<li>Resolu\u00e7\u00e3o CNE\/CP <a href=\"http:\/\/www2.uepg.br\/prograd\/wp-content\/uploads\/sites\/19\/2025\/08\/rcp004_24.pdf\">N\u00ba4 de 29 de maio de 2024<\/a>. (<em><strong>Somente para as Licenciaturas<\/strong><\/em>)<\/li>\n<\/ul>\n<h4>Normativas Internas UEPG<\/h4>\n<ul>\n<li>Resolu\u00e7\u00e3o<a href=\"http:\/\/www2.uepg.br\/prograd\/wp-content\/uploads\/sites\/19\/2019\/06\/Resolu%C3%A7%C3%A3o-11_2017.pdf\" target=\"_blank\" rel=\"noopener noreferrer\"> UNIV N\u00ba 11 de 22 de junho de 2017.<\/a> regulamentam os PPC's da UEPG<\/li>\n<li>Resolu\u00e7\u00e3o <a href=\"http:\/\/www2.uepg.br\/prograd\/wp-content\/uploads\/sites\/19\/2022\/05\/Univ-12_2017.pdf\">UNIV No 12, de 22 de junho de 2017.<\/a>\u00a0 Avalia\u00e7\u00e3o do Rendimento Escolar a partir de 2017<\/li>\n<li>Resolu\u00e7\u00e3o <a href=\"http:\/\/www2.uepg.br\/prograd\/wp-content\/uploads\/sites\/19\/2025\/08\/RESOL-CEPE-2024.48.pdf\">UNIV No 048, de 17 de dezembro de 2024.<\/a>\u00a0Processo de transi\u00e7\u00e3o do regime acad\u00eamico para os cursos de gradua\u00e7\u00e3o presencial<\/li>\n<li>Resolu\u00e7\u00e3o <a href=\"https:\/\/legislacao.apps.uepg.br\/documentosPublico\/142024-06-2724.pdf\" target=\"_blank\" rel=\"noopener\">UNIV N\u00ba 4 de 27 de junho de 2024.<\/a>\u00a0 Consolida\u00e7\u00e3o do <a href=\"https:\/\/legislacao.apps.uepg.br\/documentosPublico\/21782024-03-1813.pdf\" target=\"_blank\" rel=\"noopener\">Estatuto e Regimento Geral<\/a> da UEPG<\/li>\n<li>Resolu\u00e7\u00e3o<a href=\"http:\/\/www2.uepg.br\/prograd\/wp-content\/uploads\/sites\/19\/2019\/06\/104.pdf\"> CEPE n\u00ba 104 de 02 de junho de 2009<\/a>\u00a0 Disciplinas de Diversifica\u00e7\u00e3o e Aprofundamento<\/li>\n<li>Resolu\u00e7\u00f5es\u00a0 <a href=\"http:\/\/www2.uepg.br\/prograd\/estagio\/\" target=\"_blank\" rel=\"noopener noreferrer\">Est\u00e1gio<\/a> e ao\u00a0<a href=\"https:\/\/www2.uepg.br\/prograd\/otcc\/\" target=\"_blank\" rel=\"noopener\">OTCC<\/a>.<\/li>\n<li>Resolu\u00e7\u00e3o <a href=\"https:\/\/sistemas.uepg.br\/producao\/reitoria\/documentos\/1272017-10-2423.pdf\" target=\"_blank\" rel=\"noopener\">CEPE 27\/2017<\/a> oferta da disciplina de L\u00edngua Brasileira de Sinais - LIBRAS<\/li>\n<li>Resolu\u00e7\u00e3o <a href=\"https:\/\/sistemas.uepg.br\/producao\/reitoria\/documentos\/1152014-04-1523.pdf\" target=\"_blank\" rel=\"noopener\">CEPE n\u00ba 015\/2014<\/a>, obrigatoriedade de conte\u00fados sobre Educa\u00e7\u00e3o Ambiental<\/li>\n<li>Resolu\u00e7\u00e3o\u00a0 <a href=\"http:\/\/www2.uepg.br\/prograd\/wp-content\/uploads\/sites\/19\/2024\/10\/Curricularizacao-da-Extensao.pdf\">CEPE n\u00ba 16 de 07 de Maio de 2024<\/a>. aprova Regulamento da Curriculariza\u00e7\u00e3o da Extens\u00e3o Universit\u00e1ria<\/li>\n<\/ul>\n<h4>Normas Estaduais<\/h4>\n<ul>\n<li>Delibera\u00e7\u00e3o <a href=\"https:\/\/www.cee.pr.gov.br\/sites\/cee\/arquivos_restritos\/files\/migrados\/File\/pdf\/Deliberacoes\/2015\/Del_02_15.pdf\" target=\"_blank\" rel=\"noopener\">CEE\/PR\/ 02\/2015<\/a>,\u00a0 Educa\u00e7\u00e3o em Direitos Humanos no Sistema Estadual de Ensino<\/li>\n<li>Delibera\u00e7\u00e3o <a href=\"https:\/\/www.cee.pr.gov.br\/sites\/cee\/arquivos_restritos\/files\/migrados\/File\/pdf\/Deliberacoes\/2016\/Del_02_16.pdf\" target=\"_blank\" rel=\"noopener\">CEE\/PR\/ 02\/2016<\/a>, Educa\u00e7\u00e3o Especial no Sistema Estadual de Ensino<\/li>\n<li>Delibera\u00e7\u00e3o <a href=\"https:\/\/www.cee.pr.gov.br\/sites\/cee\/arquivos_restritos\/files\/migrados\/File\/pdf\/Deliberacoes\/2013\/deliberacao_04_13.pdf\" target=\"_blank\" rel=\"noopener\">CEE\/PR 04<\/a><a href=\"https:\/\/www.cee.pr.gov.br\/sites\/cee\/arquivos_restritos\/files\/migrados\/File\/pdf\/Deliberacoes\/2013\/deliberacao_04_13.pdf\" target=\"_blank\" rel=\"noopener\">\/2013<\/a>, Educa\u00e7\u00e3o Ambiental no Sistema Estadual de Ensino<\/li>\n<li>Resolu\u00e7\u00e3o\u00a0 MEC <a href=\"http:\/\/portal.mec.gov.br\/index.php?option=com_docman&amp;view=download&amp;alias=104251-rces007-18&amp;category_slug=dezembro-2018-pdf&amp;Itemid=30192\" target=\"_blank\" rel=\"noopener\">CNE\/CES n\u00ba 07 de 18 de dezembro de 2018.<\/a>\u00a0 Diretrizes para a Extens\u00e3o na Educa\u00e7\u00e3o Superior Brasileira<\/li>\n<\/ul>\n<p>Individualmente norteiam a constru\u00e7\u00e3o do PPC, as Diretrizes Curriculares do Curso, as<a href=\"https:\/\/sistemas.uepg.br\/producao\/reitoria\/consulta_legislacao_normas\/telas\/tela_consulta_atos.php\" target=\"_blank\" rel=\"noopener\"> Resolu\u00e7\u00f5es Internas da Institui\u00e7\u00e3o<\/a> como a Resolu\u00e7\u00e3o de Est\u00e1gio e do Trabalho de Conclus\u00e3o de Curso.<\/p>\n<h4>Para os Projetos Pedag\u00f3gicos de Curso existem as seguintes possibilidades<\/h4>\n<p>1. Proposta de cria\u00e7\u00e3o de novo curso:<\/p>\n<p>Art. 30 da Resolu\u00e7\u00e3o UNIVn\u00ba11\/2017, as propostas dever\u00e3o ser formalizadas pelos Setores de Conhecimentos aos quais os novos cursos ser\u00e3o afetos.<\/p>\n<p>2. Proposta de novo curr\u00edculo para um curso j\u00e1 existente:<\/p>\n<p>Art. 3\u00ba, \u00a7 4\u00ba da Resolu\u00e7\u00e3o UNIVn\u00ba11\/2017, o prazo anual de protocolo, sendo o \u00faltimo dia letivo do m\u00eas de abril para as propostas a serem implantadas no ano seguinte.<\/p>\n<p>3. Proposta de adequa\u00e7\u00e3o do curr\u00edculo em andamento:<\/p>\n<p>Art. 3\u00ba, \u00a7 4\u00ba da Resolu\u00e7\u00e3o UNIVn\u00ba11\/2017, respeitando o prazo anual de protocolo, sendo o \u00faltimo dia letivo do m\u00eas de abril para as propostas a serem implantadas no ano seguinte.<\/p>\n<div class=\"su-divider su-divider-style-default\">4. <a href=\"http:\/\/www2.uepg.br\/prograd\/wp-content\/uploads\/sites\/19\/2025\/05\/Orientacoes-para-tramitacao.pdf\">Fichas<\/a> <span style=\"color: #000000\">com orienta\u00e7\u00f5es para as tramita\u00e7\u00f5es via protocolo digital SEI.<\/span><\/div>\n<div><\/div>\n<div><\/div>\n<div><\/div>\n<div><\/div>\n<div class=\"su-tabs su-tabs-style-default su-tabs-vertical\" data-active=\"1\">\n<div class=\"su-tabs-panes\">\n<div class=\"su-tabs-pane su-clearfix su-tabs-pane-open\">\n<h4>Apoio da Diretoria de Ensino<\/h4>\n<p>Assessoria aos Colegiados de Curso durante a elabora\u00e7\u00e3o das propostas.<\/p>\n<p>Telefones: (42) 3220-3714 \/ 3220-3716<\/p>\n<p>E-mail: prograd.diren@uepg.br<\/p>\n<\/div>\n<\/div>\n<\/div>\n<\/div>\n<\/div><\/div><\/div><\/div><div id=\"pg-835-1\"  class=\"panel-grid panel-no-style\" ><div id=\"pgc-835-1-0\"  class=\"panel-grid-cell\" ><div id=\"panel-835-1-0-0\" class=\"so-panel widget widget_sow-features panel-first-child panel-last-child\" data-index=\"1\" ><div\n\t\t\t\n\t\t\tclass=\"so-widget-sow-features so-widget-sow-features-default-632b6e4dd3e3-835\"\n\t\t\t\n\t\t>\n<div class=\"sow-features-list sow-features-responsive\">\n\n\t\t\t\t\t\t<div\n\t\t\t\tclass=\"sow-features-feature sow-icon-container-position-top sow-features-feature-last-row\"\n\t\t\t\tstyle=\"display: flex; flex-direction: column; float: left; width: 50%;\"\n\t\t\t>\n\n\t\t\t\t\t\t\t\t\t<a\n\t\t\t\t\t\thref=\"https:\/\/www2.uepg.br\/prograd\/formularios-e-documentos-para-novos-projetos-pedagogicos\/\"\n\t\t\t\t\t\t\t\t\t\t\t>\n\t\t\t\t\t\t\t\t<div\n\t\t\t\t\tclass=\"sow-icon-container sow-container-rounded-hex\"\n                    style=\"color: #001e4c; \"\n\t\t\t\t\ttitle=\"Formul\u00e1rios e Documentos \">\n\t\t\t\t\t<span class=\"sow-icon-fontawesome sow-fas\" data-sow-icon=\"&#xf0c5;\"\n\t\tstyle=\"font-size: 36px; color: #ef6b5e\" \n\t\taria-hidden=\"true\"><\/span>\t\t\t\t<\/div>\n\t\t\t\t\t\t\t\t\t<\/a>\n\t\t\t\t\n\t\t\t\t<div class=\"textwidget\">\n\t\t\t\t\t\t\t\t\t\t\t<h5>\n\t\t\t\t\t\t\t\t\t\t\t\t\t\t\t<a\n\t\t\t\t\t\t\t\t\thref=\"https:\/\/www2.uepg.br\/prograd\/formularios-e-documentos-para-novos-projetos-pedagogicos\/\"\n\t\t\t\t\t\t\t\t\t\t\t\t\t\t\t\t\t>\n\t\t\t\t\t\t\t\n\t\t\t\t\t\t\tFormul\u00e1rios e Documentos\t\t\t\t\t\t\t\t\t\t\t\t\t\t\t<\/a>\n\t\t\t\t\t\t\t\t\t\t\t\t\t<\/h5>\n\t\t\t\t\t\n\t\t\t\t\t\n\t\t\t\t\t\t\t\t\t<\/div>\n\t\t\t\t\t\t\t<\/div>\n\n\t\t\t\t\t<div\n\t\t\t\tclass=\"sow-features-feature sow-icon-container-position-top sow-features-feature-last-row\"\n\t\t\t\tstyle=\"display: flex; flex-direction: column; float: left; width: 50%;\"\n\t\t\t>\n\n\t\t\t\t\t\t\t\t\t<a\n\t\t\t\t\t\thref=\"https:\/\/www2.uepg.br\/prograd\/projetos-pedagogicos-em-vigencia\/\"\n\t\t\t\t\t\t\t\t\t\t\t>\n\t\t\t\t\t\t\t\t<div\n\t\t\t\t\tclass=\"sow-icon-container sow-container-rounded-hex\"\n                    style=\"color: #014572; \"\n\t\t\t\t\ttitle=\"Projetos Pedag\u00f3gicos \">\n\t\t\t\t\t<span class=\"sow-icon-fontawesome sow-fas\" data-sow-icon=\"&#xf02d;\"\n\t\tstyle=\"font-size: 36px; color: #ef6b5e\" \n\t\taria-hidden=\"true\"><\/span>\t\t\t\t<\/div>\n\t\t\t\t\t\t\t\t\t<\/a>\n\t\t\t\t\n\t\t\t\t<div class=\"textwidget\">\n\t\t\t\t\t\t\t\t\t\t\t<h5>\n\t\t\t\t\t\t\t\t\t\t\t\t\t\t\t<a\n\t\t\t\t\t\t\t\t\thref=\"https:\/\/www2.uepg.br\/prograd\/projetos-pedagogicos-em-vigencia\/\"\n\t\t\t\t\t\t\t\t\t\t\t\t\t\t\t\t\t>\n\t\t\t\t\t\t\t\n\t\t\t\t\t\t\tProjetos Pedag\u00f3gicos \t\t\t\t\t\t\t\t\t\t\t\t\t\t\t<\/a>\n\t\t\t\t\t\t\t\t\t\t\t\t\t<\/h5>\n\t\t\t\t\t\n\t\t\t\t\t\n\t\t\t\t\t\t\t\t\t<\/div>\n\t\t\t\t\t\t\t<\/div>\n\n\t\t\t\n<\/div>\n<\/div><\/div><\/div><\/div><\/div>","protected":false},"excerpt":{"rendered":"<p>Base Legal Normativa para a constru\u00e7\u00e3o do Projeto Pedag\u00f3gico do Curso Orientam a forma\u00e7\u00e3o acad\u00eamica na UEPG, garantindo, qualidade inova\u00e7\u00e3o e compromisso com a sociedade mantendo seu protagonismo no Ensino Superior P\u00fablico. Leis e Diretrizes Nacionais Lei n\u00ba 9.394, de 20 de dezembro e 1996 Diretrizes e Bases da Educa\u00e7\u00e3o Nacional. Lei n\u00ba 9.475\/1997 sobre&nbsp;&hellip;<\/p>\n","protected":false},"author":24,"featured_media":4159,"parent":89,"menu_order":0,"comment_status":"closed","ping_status":"closed","template":"","meta":[],"_links":{"self":[{"href":"https:\/\/www2.uepg.br\/prograd\/wp-json\/wp\/v2\/pages\/835"}],"collection":[{"href":"https:\/\/www2.uepg.br\/prograd\/wp-json\/wp\/v2\/pages"}],"about":[{"href":"https:\/\/www2.uepg.br\/prograd\/wp-json\/wp\/v2\/types\/page"}],"author":[{"embeddable":true,"href":"https:\/\/www2.uepg.br\/prograd\/wp-json\/wp\/v2\/users\/24"}],"replies":[{"embeddable":true,"href":"https:\/\/www2.uepg.br\/prograd\/wp-json\/wp\/v2\/comments?post=835"}],"version-history":[{"count":110,"href":"https:\/\/www2.uepg.br\/prograd\/wp-json\/wp\/v2\/pages\/835\/revisions"}],"predecessor-version":[{"id":10464,"href":"https:\/\/www2.uepg.br\/prograd\/wp-json\/wp\/v2\/pages\/835\/revisions\/10464"}],"up":[{"embeddable":true,"href":"https:\/\/www2.uepg.br\/prograd\/wp-json\/wp\/v2\/pages\/89"}],"wp:featuredmedia":[{"embeddable":true,"href":"https:\/\/www2.uepg.br\/prograd\/wp-json\/wp\/v2\/media\/4159"}],"wp:attachment":[{"href":"https:\/\/www2.uepg.br\/prograd\/wp-json\/wp\/v2\/media?parent=835"}],"curies":[{"name":"wp","href":"https:\/\/api.w.org\/{rel}","templated":true}]}}