{"id":8767,"date":"2024-12-10T09:38:46","date_gmt":"2024-12-10T12:38:46","guid":{"rendered":"https:\/\/www2.uepg.br\/prograd\/?page_id=8767"},"modified":"2026-03-16T16:37:45","modified_gmt":"2026-03-16T19:37:45","slug":"catalogo-de-cursos-de-2025","status":"publish","type":"page","link":"https:\/\/www2.uepg.br\/prograd\/catalogo-de-cursos-de-2025\/","title":{"rendered":"Cat\u00e1logo de Cursos de 2025"},"content":{"rendered":"<div id=\"pl-8767\"  class=\"panel-layout\"><div id=\"pg-8767-0\"  class=\"panel-grid panel-no-style\"><div id=\"pgc-8767-0-0\"  class=\"panel-grid-cell\"><div id=\"panel-8767-0-0-0\" class=\"so-panel widget widget_sow-accordion panel-first-child panel-last-child\" data-index=\"0\"><div\n\t\t\t\n\t\t\tclass=\"so-widget-sow-accordion so-widget-sow-accordion-default-cfe741d4f49c-8767\"><h3 class=\"widget-title\"> <\/h3><div>\n\t<div class=\"sow-accordion\">\n\t\t\t<div class=\"sow-accordion-panel\"\n\t\t\t data-anchor=\"setor-i-%e2%80%93-ci%c3%aancias-exatas-e-naturais\">\n\t\t\t\t<div class=\"sow-accordion-panel-header-container\" role=\"heading\" aria-level=\"2\">\n\t\t\t\t\t<div class=\"sow-accordion-panel-header\" tabindex=\"0\" role=\"button\" id=\"accordion-label-setor-i-%e2%80%93-ci%c3%aancias-exatas-e-naturais\" aria-controls=\"accordion-content-setor-i-%e2%80%93-ci%c3%aancias-exatas-e-naturais\" aria-expanded=\"false\">\n\t\t\t\t\t\t<div class=\"sow-accordion-title sow-accordion-title-icon-left\">\n\t\t\t\t\t\t\t\t\t\t\t\t\t\tSetor I \u2013 Ci\u00eancias Exatas e Naturais\t\t\t\t\t\t\t\t\t\t\t\t\t<\/div>\n\t\t\t\t\t\t<div class=\"sow-accordion-open-close-button\">\n\t\t\t\t\t\t\t<div class=\"sow-accordion-open-button\">\n\t\t\t\t\t\t\t\t<span class=\"sow-icon-ionicons\" data-sow-icon=\"&#xf218;\"\n\t\t \n\t\taria-hidden=\"true\"><\/span>\t\t\t\t\t\t\t<\/div>\n\t\t\t\t\t\t\t<div class=\"sow-accordion-close-button\">\n\t\t\t\t\t\t\t\t<span class=\"sow-icon-ionicons\" data-sow-icon=\"&#xf209;\"\n\t\t \n\t\taria-hidden=\"true\"><\/span>\t\t\t\t\t\t\t<\/div>\n\t\t\t\t\t\t<\/div>\n\t\t\t\t\t<\/div>\n\t\t\t\t<\/div>\n\n\t\t\t<div\n\t\t\t\tclass=\"sow-accordion-panel-content\"\n\t\t\t\trole=\"region\"\n\t\t\t\taria-labelledby=\"accordion-label-setor-i-%e2%80%93-ci%c3%aancias-exatas-e-naturais\"\n\t\t\t\tid=\"accordion-content-setor-i-%e2%80%93-ci%c3%aancias-exatas-e-naturais\"\n\t\t\t\tstyle=\"display: none;\">\n\t\t\t\t<div class=\"sow-accordion-panel-border\" tabindex=\"0\">\n\t\t\t\t\t<h4>Cursos Presenciais<\/h4>\n<ul>\n<li>Licenciatura em Matem\u00e1tica\n<ul>\n<li><a href=\"http:\/\/www2.uepg.br\/prograd\/wp-content\/uploads\/sites\/19\/2025\/03\/Lic.-em-Matematica-2025-MATRIZ_ATUAL_SITE_REC2023.pdf\">Matriz Curricular \u2013 Curr\u00edculo 8 para ingressantes a partir de 2023.<\/a><\/li>\n<\/ul>\n<\/li>\n<li>Bacharelado em Matem\u00e1tica Aplicada\n<ul>\n<li><a href=\"http:\/\/www2.uepg.br\/prograd\/wp-content\/uploads\/sites\/19\/2024\/04\/MATRIZ-CURRICULAR-BACH-MATEMATICA_SITE-1.pdf\" target=\"_blank\" rel=\"noopener\">Matriz Curricular \u2013 Curr\u00edculo 3 para ingressantes a partir de 2024.<\/a><\/li>\n<\/ul>\n<\/li>\n<li>Licenciatura em Geografia\n<ul>\n<li><a href=\"http:\/\/www2.uepg.br\/prograd\/wp-content\/uploads\/sites\/19\/2025\/03\/Lic.-em-Geografia-MATRIZ-CURRICULAR-Rec-ATUAL_SITE.pdf\" target=\"_blank\" rel=\"noopener\">Matriz Curricular \u2013 Curr\u00edculo 6 para ingressantes a partir de 2023.<\/a><\/li>\n<\/ul>\n<\/li>\n<li>Bacharelado em Geografia\n<ul>\n<li><a href=\"http:\/\/www2.uepg.br\/prograd\/wp-content\/uploads\/sites\/19\/2023\/08\/Copia-de-Copia-de-MATRIZ-CURRICULAR-Bach.-em-Geografia-JUNTO_pag-UEPG.pdf\" target=\"_blank\" rel=\"noopener\">Matriz Curricular \u2013 Curr\u00edculo 4 para ingressantes a partir de 2023.<\/a><\/li>\n<\/ul>\n<\/li>\n<li>Licenciatura em F\u00edsica\n<ul>\n<li><a href=\"http:\/\/www2.uepg.br\/prograd\/wp-content\/uploads\/sites\/19\/2023\/05\/MATRIZ-CURRICULAR-Lic.-em-Fisica-2023_FINAL_pagenumber.pdf\" target=\"_blank\" rel=\"noopener\">Matriz Curricular \u2013 Curr\u00edculo 8 para ingressantes a partir de 2023.<\/a><\/li>\n<\/ul>\n<\/li>\n<li>Bacharelado em F\u00edsica\n<ul>\n<li><a href=\"http:\/\/www2.uepg.br\/prograd\/wp-content\/uploads\/sites\/19\/2023\/12\/MATRIZ-CURRICULAR-Bach-Fisica-2023_11dez2024.pdf\" target=\"_blank\" rel=\"noopener\">Matriz Curricular \u2013 Curr\u00edculo 4 para ingressantes a partir de 2023.<\/a><\/li>\n<\/ul>\n<\/li>\n<li>Licenciatura em Qu\u00edmica\n<ul>\n<li><a href=\"http:\/\/www2.uepg.br\/prograd\/wp-content\/uploads\/sites\/19\/2024\/10\/MATRIZ-CURRICULAR_SITE.pdf\" target=\"_blank\" rel=\"noopener\">Matriz Curricular \u2013 Curr\u00edculo 10 para ingressantes a partir de 2023.<\/a><\/li>\n<\/ul>\n<\/li>\n<li>Bacharelado em Qu\u00edmica Tecnol\u00f3gica\n<ul>\n<li><a href=\"http:\/\/www2.uepg.br\/prograd\/wp-content\/uploads\/sites\/19\/2024\/10\/MATRIZ-CURRICULAR-Bach-Quimica-Tecnologica-2024-SITE_pagenumber.pdf\" target=\"_blank\" rel=\"noopener\">Matriz Curricular \u2013 Curr\u00edculo 5 para ingressantes a partir de 2023.<\/a><\/li>\n<\/ul>\n<\/li>\n<\/ul>\n<h4>Cursos a Dist\u00e2ncia<\/h4>\n<ul>\n<li>Licenciatura em Matem\u00e1tica \u2013 EaD\n<ul>\n<li><a href=\"http:\/\/www2.uepg.br\/prograd\/wp-content\/uploads\/sites\/19\/2023\/05\/MATRIZ-CURRICULAR-Lic.-em-Matematica-EAD_2023_.pdf\" target=\"_blank\" rel=\"noopener\">Matriz Curricular \u2013 Curr\u00edculo 2 \u2013 Para ingressantes a partir de 2023.<\/a><\/li>\n<\/ul>\n<\/li>\n<li>Licenciatura em Geografia \u2013 EaD\n<ul>\n<li><a href=\"http:\/\/www2.uepg.br\/prograd\/wp-content\/uploads\/sites\/19\/2023\/05\/MATRIZ-CURRICULAR-Lic.-em-Geografia-EAD_2023_Pagina-UEPG.pdf\" target=\"_blank\" rel=\"noopener\">Matriz Curricular \u2013 Curr\u00edculo 3 \u2013 Para ingressantes a partir de 2023<\/a>.<\/li>\n<\/ul>\n<\/li>\n<li>Tecnologia em Minera\u00e7\u00e3o - EaD\n<ul>\n<li><a href=\"http:\/\/www2.uepg.br\/prograd\/wp-content\/uploads\/sites\/19\/2025\/03\/MATRIZ-CURRICULAR-Tecnologia-em-Mineracao-17-de-marco-de-2025pag-UEPG.pdf\">Matriz Curricular - Curr\u00edculo 1 \u2013 Para ingressantes a partir de 2023.<\/a><\/li>\n<\/ul>\n<\/li>\n<\/ul>\n\t\t\t\t<\/div>\n\t\t\t<\/div>\n\t\t<\/div>\n\t\t\t<div class=\"sow-accordion-panel\"\n\t\t\t data-anchor=\"setor-ii-%e2%80%93-engenharias-ci%c3%aancias-agr%c3%a1rias-e-de-tecnologia\">\n\t\t\t\t<div class=\"sow-accordion-panel-header-container\" role=\"heading\" aria-level=\"2\">\n\t\t\t\t\t<div class=\"sow-accordion-panel-header\" tabindex=\"0\" role=\"button\" id=\"accordion-label-setor-ii-%e2%80%93-engenharias-ci%c3%aancias-agr%c3%a1rias-e-de-tecnologia\" aria-controls=\"accordion-content-setor-ii-%e2%80%93-engenharias-ci%c3%aancias-agr%c3%a1rias-e-de-tecnologia\" aria-expanded=\"false\">\n\t\t\t\t\t\t<div class=\"sow-accordion-title sow-accordion-title-icon-left\">\n\t\t\t\t\t\t\t\t\t\t\t\t\t\tSetor II \u2013  Engenharias, Ci\u00eancias Agr\u00e1rias e de Tecnologia\t\t\t\t\t\t\t\t\t\t\t\t\t<\/div>\n\t\t\t\t\t\t<div class=\"sow-accordion-open-close-button\">\n\t\t\t\t\t\t\t<div class=\"sow-accordion-open-button\">\n\t\t\t\t\t\t\t\t<span class=\"sow-icon-ionicons\" data-sow-icon=\"&#xf218;\"\n\t\t \n\t\taria-hidden=\"true\"><\/span>\t\t\t\t\t\t\t<\/div>\n\t\t\t\t\t\t\t<div class=\"sow-accordion-close-button\">\n\t\t\t\t\t\t\t\t<span class=\"sow-icon-ionicons\" data-sow-icon=\"&#xf209;\"\n\t\t \n\t\taria-hidden=\"true\"><\/span>\t\t\t\t\t\t\t<\/div>\n\t\t\t\t\t\t<\/div>\n\t\t\t\t\t<\/div>\n\t\t\t\t<\/div>\n\n\t\t\t<div\n\t\t\t\tclass=\"sow-accordion-panel-content\"\n\t\t\t\trole=\"region\"\n\t\t\t\taria-labelledby=\"accordion-label-setor-ii-%e2%80%93-engenharias-ci%c3%aancias-agr%c3%a1rias-e-de-tecnologia\"\n\t\t\t\tid=\"accordion-content-setor-ii-%e2%80%93-engenharias-ci%c3%aancias-agr%c3%a1rias-e-de-tecnologia\"\n\t\t\t\tstyle=\"display: none;\">\n\t\t\t\t<div class=\"sow-accordion-panel-border\" tabindex=\"0\">\n\t\t\t\t\t<h4>Cursos Presenciais<\/h4>\n<ul>\n<li>Engenharia Civil\n<ul>\n<li><a href=\"http:\/\/www2.uepg.br\/prograd\/wp-content\/uploads\/sites\/19\/2026\/03\/MATRIZ-CURRICULAR-Eng-Civil_-2026_site-uepg-11.pdf\" target=\"_blank\" rel=\"noopener\">Matriz Curricular- Curr\u00edculo 9 para ingressantes a partir de 2023.<\/a><\/li>\n<\/ul>\n<\/li>\n<li>Agronomia\n<ul>\n<li><a href=\"http:\/\/www2.uepg.br\/prograd\/wp-content\/uploads\/sites\/19\/2024\/03\/MATRIZ-CURRICULAR-Agronomia-2_Marco-de-2024_PAGINA.pdf\" target=\"_blank\" rel=\"noopener\">Matriz Curricular- Curr\u00edculo 8 para ingressantes a partir de 2023.<\/a><\/li>\n<\/ul>\n<\/li>\n<li>Bacharelado em Engenharia de Software\n<ul>\n<li><a href=\"http:\/\/www2.uepg.br\/prograd\/wp-content\/uploads\/sites\/19\/2023\/10\/MATRIZ-CURRICULAR-Eng-Software-SITE_04_10-PG.pdf\" target=\"_blank\" rel=\"noopener\">Matriz Curricular- Curr\u00edculo 3 para ingressantes a partir de 2023.<\/a><\/li>\n<\/ul>\n<\/li>\n<li>Engenharia de Materiais\n<ul>\n<li><a href=\"http:\/\/www2.uepg.br\/prograd\/wp-content\/uploads\/sites\/19\/2025\/08\/MATRIZ-CURRICULAR-Eng-de-Materiais-_paginauepg.pdf\" target=\"_blank\" rel=\"noopener\">Matriz Curricular- Curr\u00edculo 9 para ingressantes a partir de 2023.<\/a><\/li>\n<\/ul>\n<\/li>\n<li>Engenharia de Alimentos\n<ul>\n<li><a href=\"http:\/\/www2.uepg.br\/prograd\/wp-content\/uploads\/sites\/19\/2023\/05\/MATRIZ-CURRICULAR-Eng-Alimentos_2023_pagina-UEPG-1.pdf\" target=\"_blank\" rel=\"noopener\">Matriz Curricular- Curr\u00edculo 5 para ingressantes a partir de 2023.<\/a><\/li>\n<\/ul>\n<\/li>\n<li>Engenharia de Computa\u00e7\u00e3o\n<ul>\n<li><a href=\"https:\/\/www2.uepg.br\/prograd\/catalogo-de-cursos-de-2025\/matriz-curricular-eng-de-computacao-2025-2\/\" target=\"_blank\" rel=\"attachment noopener wp-att-10028\">Matriz Curricular- Curr\u00edculo 4 para ingressantes a partir de 2023.<\/a><\/li>\n<\/ul>\n<\/li>\n<li>Zootecnia\n<ul>\n<li><a href=\"http:\/\/www2.uepg.br\/prograd\/wp-content\/uploads\/sites\/19\/2023\/06\/MATRIZ-CURRICULAR-Zootecnia_2023_SITE-UEPG.pdf\" target=\"_blank\" rel=\"noopener\">Matriz Curricular- Curr\u00edculo 3 (ADEQUA\u00c7\u00c3O CURRICULAR) para ingressantes a partir de 2023.<\/a><\/li>\n<\/ul>\n<\/li>\n<li>Bacharelado em Arquitetura e Urbanismo\n<ul>\n<li><a href=\"http:\/\/www2.uepg.br\/prograd\/wp-content\/uploads\/sites\/19\/2025\/02\/MATRIZ-CURRICULAR-Arq.-e-Urbanismo_site_AUTORIZACAO-2025-1.pdf\">Matriz Curricular- Curr\u00edculo 1 para ingressantes a partir de 2025.<\/a><\/li>\n<\/ul>\n<\/li>\n<\/ul>\n<h4>Cursos a Dist\u00e2ncia<\/h4>\n<ul>\n<li>Licenciatura em Computa\u00e7\u00e3o \u2013 EaD\n<ul>\n<li><a href=\"http:\/\/www2.uepg.br\/prograd\/wp-content\/uploads\/sites\/19\/2023\/06\/MATRIZ-CURRICULAR-lic-em-Computacao-UAB_site-UEPG.pdf\" target=\"_blank\" rel=\"noopener\">Matriz Curricular_Curr\u00edculo 1 (ADEQUA\u00c7\u00c3O CURRICULAR)\u00a0 para ingressantes a partir de 2023.<\/a><\/li>\n<\/ul>\n<\/li>\n<\/ul>\n\t\t\t\t<\/div>\n\t\t\t<\/div>\n\t\t<\/div>\n\t\t\t<div class=\"sow-accordion-panel\"\n\t\t\t data-anchor=\"setor-iii-%e2%80%93-ci%c3%aancias-biol%c3%b3gicas-e-da-sa%c3%bade\">\n\t\t\t\t<div class=\"sow-accordion-panel-header-container\" role=\"heading\" aria-level=\"2\">\n\t\t\t\t\t<div class=\"sow-accordion-panel-header\" tabindex=\"0\" role=\"button\" id=\"accordion-label-setor-iii-%e2%80%93-ci%c3%aancias-biol%c3%b3gicas-e-da-sa%c3%bade\" aria-controls=\"accordion-content-setor-iii-%e2%80%93-ci%c3%aancias-biol%c3%b3gicas-e-da-sa%c3%bade\" aria-expanded=\"false\">\n\t\t\t\t\t\t<div class=\"sow-accordion-title sow-accordion-title-icon-left\">\n\t\t\t\t\t\t\t\t\t\t\t\t\t\tSetor III \u2013  Ci\u00eancias Biol\u00f3gicas e da Sa\u00fade\t\t\t\t\t\t\t\t\t\t\t\t\t<\/div>\n\t\t\t\t\t\t<div class=\"sow-accordion-open-close-button\">\n\t\t\t\t\t\t\t<div class=\"sow-accordion-open-button\">\n\t\t\t\t\t\t\t\t<span class=\"sow-icon-ionicons\" data-sow-icon=\"&#xf218;\"\n\t\t \n\t\taria-hidden=\"true\"><\/span>\t\t\t\t\t\t\t<\/div>\n\t\t\t\t\t\t\t<div class=\"sow-accordion-close-button\">\n\t\t\t\t\t\t\t\t<span class=\"sow-icon-ionicons\" data-sow-icon=\"&#xf209;\"\n\t\t \n\t\taria-hidden=\"true\"><\/span>\t\t\t\t\t\t\t<\/div>\n\t\t\t\t\t\t<\/div>\n\t\t\t\t\t<\/div>\n\t\t\t\t<\/div>\n\n\t\t\t<div\n\t\t\t\tclass=\"sow-accordion-panel-content\"\n\t\t\t\trole=\"region\"\n\t\t\t\taria-labelledby=\"accordion-label-setor-iii-%e2%80%93-ci%c3%aancias-biol%c3%b3gicas-e-da-sa%c3%bade\"\n\t\t\t\tid=\"accordion-content-setor-iii-%e2%80%93-ci%c3%aancias-biol%c3%b3gicas-e-da-sa%c3%bade\"\n\t\t\t\tstyle=\"display: none;\">\n\t\t\t\t<div class=\"sow-accordion-panel-border\" tabindex=\"0\">\n\t\t\t\t\t<h4>Cursos Presenciais<\/h4>\n<ul>\n<li>Medicina\n<ul>\n<li><a href=\"http:\/\/www2.uepg.br\/prograd\/wp-content\/uploads\/sites\/19\/2025\/03\/REC-MEDICINA-MATRIZ-CURRICULAR_pag.pdf\" target=\"_blank\" rel=\"noopener\">Matriz Curricular- Curr\u00edculo 3 para ingressantes a partir de 2024.<\/a><\/li>\n<\/ul>\n<\/li>\n<li>Farm\u00e1cia\n<ul>\n<li><a href=\"http:\/\/www2.uepg.br\/prograd\/wp-content\/uploads\/sites\/19\/2024\/11\/MATRIZ-CURRICULAR-Farmacia_pag_UEPG-1.pdf\" target=\"_blank\" rel=\"noopener\">Matriz Curricular- Curr\u00edculo 6 para ingressantes a partir de 2023.<\/a><\/li>\n<\/ul>\n<\/li>\n<li>Odontologia\n<ul>\n<li><a href=\"http:\/\/www2.uepg.br\/prograd\/wp-content\/uploads\/sites\/19\/2025\/09\/Matriz-Odonto-Resol-CEPE-2023.75_pagina.pdf\" target=\"_blank\" rel=\"noopener\">Matriz Curricular- Curr\u00edculo 12 para ingressantes a partir de 2023.<\/a><\/li>\n<\/ul>\n<\/li>\n<li>Licenciatura em Ci\u00eancias Biol\u00f3gicas\n<ul>\n<li><a href=\"http:\/\/www2.uepg.br\/prograd\/wp-content\/uploads\/sites\/19\/2025\/06\/MATRIZ-JUNTO_pagenumber-2.pdf\" target=\"_blank\" rel=\"noopener\">Matriz Curricular- Curr\u00edculo 5 para ingressantes a partir de 2023.<\/a><\/li>\n<\/ul>\n<\/li>\n<li>Bacharelado em Ci\u00eancias Biol\u00f3gicas\n<ul>\n<li><a href=\"http:\/\/www2.uepg.br\/prograd\/wp-content\/uploads\/sites\/19\/2023\/08\/Bacharelado-em-Ciencias-Biologicas-Matriz-2023-Versao-final-1.pdf\" target=\"_blank\" rel=\"noopener\">Matriz Curricular- Curr\u00edculo 4 (ADEQUA\u00c7\u00c3O CURRICULAR) para ingressantes a partir de 2023.<\/a><\/li>\n<\/ul>\n<\/li>\n<li>Bacharelado em Educa\u00e7\u00e3o F\u00edsica\n<ul>\n<li><a href=\"http:\/\/www2.uepg.br\/prograd\/wp-content\/uploads\/sites\/19\/2025\/05\/MATRIZ-CURRICULAR-BACHARELADO-EDUC-FISICA-MATUTINO-A-PARTIR-DE-2025_site.pdf\" target=\"_blank\" rel=\"noopener\">Matriz Curricular- Curr\u00edculo 2 (ADEQUA\u00c7\u00c3O CURRICULAR) para ingressantes a partir de 2025.<\/a><\/li>\n<\/ul>\n<\/li>\n<li>Licenciatura em Educa\u00e7\u00e3o F\u00edsica\n<ul>\n<li><a href=\"http:\/\/www2.uepg.br\/prograd\/wp-content\/uploads\/sites\/19\/2025\/02\/Licenciatura-EDUCACAO-FISICA-pag_FINAL.pdf\" target=\"_blank\" rel=\"noopener\">Matriz Curricular \u2013 Curr\u00edculo 9 \u2013 Para ingressantes a partir de 2023.<\/a><\/li>\n<\/ul>\n<\/li>\n<li>Bacharelado em Enfermagem\n<ul>\n<li><a href=\"http:\/\/www2.uepg.br\/prograd\/wp-content\/uploads\/sites\/19\/2024\/03\/MATRIZ-CURRICULAR-Enfermagem-MARCO-DE-2024-SITE.pdf\" target=\"_blank\" rel=\"noopener\">Matriz Curricular \u2013 Curr\u00edculo 5 \u2013 Para ingressantes a partir de 2023.<\/a><\/li>\n<\/ul>\n<\/li>\n<li>Bacharelado em Nutri\u00e7\u00e3o\n<ul>\n<li><a href=\"http:\/\/www2.uepg.br\/prograd\/wp-content\/uploads\/sites\/19\/2024\/12\/MATRIZ-CURRICULAR-Nutricao-2025-site-10-12.pdf\" target=\"_blank\" rel=\"noopener\">Matriz Curricular \u2013 Curr\u00edculo 1 \u2013 Para ingressantes a partir de 2025.<\/a><\/li>\n<\/ul>\n<\/li>\n<\/ul>\n<h4>Cursos a Dist\u00e2ncia<\/h4>\n<ul>\n<li>Licenciatura em Educa\u00e7\u00e3o F\u00edsica \u2013 EaD\n<ul>\n<li><a href=\"http:\/\/www2.uepg.br\/prograd\/wp-content\/uploads\/sites\/19\/2023\/08\/MATRIZ_EDUC.-FISICA-UAB_pAGINA-uepg.pdf\" target=\"_blank\" rel=\"noopener\">Matriz Curricular- Curr\u00edculo 3 \u2013 Para ingressantes a partir de 2023.<\/a><\/li>\n<\/ul>\n<\/li>\n<\/ul>\n\t\t\t\t<\/div>\n\t\t\t<\/div>\n\t\t<\/div>\n\t\t\t<div class=\"sow-accordion-panel\"\n\t\t\t data-anchor=\"setor-iv-%e2%80%93-ci%c3%aancias-sociais-e-aplicadas\">\n\t\t\t\t<div class=\"sow-accordion-panel-header-container\" role=\"heading\" aria-level=\"2\">\n\t\t\t\t\t<div class=\"sow-accordion-panel-header\" tabindex=\"0\" role=\"button\" id=\"accordion-label-setor-iv-%e2%80%93-ci%c3%aancias-sociais-e-aplicadas\" aria-controls=\"accordion-content-setor-iv-%e2%80%93-ci%c3%aancias-sociais-e-aplicadas\" aria-expanded=\"false\">\n\t\t\t\t\t\t<div class=\"sow-accordion-title sow-accordion-title-icon-left\">\n\t\t\t\t\t\t\t\t\t\t\t\t\t\tSetor IV \u2013  Ci\u00eancias Sociais e Aplicadas\t\t\t\t\t\t\t\t\t\t\t\t\t<\/div>\n\t\t\t\t\t\t<div class=\"sow-accordion-open-close-button\">\n\t\t\t\t\t\t\t<div class=\"sow-accordion-open-button\">\n\t\t\t\t\t\t\t\t<span class=\"sow-icon-ionicons\" data-sow-icon=\"&#xf218;\"\n\t\t \n\t\taria-hidden=\"true\"><\/span>\t\t\t\t\t\t\t<\/div>\n\t\t\t\t\t\t\t<div class=\"sow-accordion-close-button\">\n\t\t\t\t\t\t\t\t<span class=\"sow-icon-ionicons\" data-sow-icon=\"&#xf209;\"\n\t\t \n\t\taria-hidden=\"true\"><\/span>\t\t\t\t\t\t\t<\/div>\n\t\t\t\t\t\t<\/div>\n\t\t\t\t\t<\/div>\n\t\t\t\t<\/div>\n\n\t\t\t<div\n\t\t\t\tclass=\"sow-accordion-panel-content\"\n\t\t\t\trole=\"region\"\n\t\t\t\taria-labelledby=\"accordion-label-setor-iv-%e2%80%93-ci%c3%aancias-sociais-e-aplicadas\"\n\t\t\t\tid=\"accordion-content-setor-iv-%e2%80%93-ci%c3%aancias-sociais-e-aplicadas\"\n\t\t\t\tstyle=\"display: none;\">\n\t\t\t\t<div class=\"sow-accordion-panel-border\" tabindex=\"0\">\n\t\t\t\t\t<h4>Cursos Presenciais<\/h4>\n<ul>\n<li>Administra\u00e7\u00e3o \u2013 Noturno\n<ul>\n<li><a href=\"http:\/\/www2.uepg.br\/prograd\/wp-content\/uploads\/sites\/19\/2023\/08\/MATRIZ-CURRICULAR-Administracao-2023_FINAL-1.pdf\" target=\"_blank\" rel=\"noopener\">Matriz Curricular \u2013 Curr\u00edculo 7 \u2013 Para ingressantes a partir de 2023<\/a><\/li>\n<\/ul>\n<\/li>\n<li>Ci\u00eancias Econ\u00f4micas<\/li>\n<\/ul>\n<ul>\n<li style=\"list-style-type: none\">\n<ul>\n<li><a href=\"http:\/\/www2.uepg.br\/prograd\/wp-content\/uploads\/sites\/19\/2025\/04\/MATRIZ-2025.pdf\" target=\"_blank\" rel=\"noopener\">Matriz Curricular \u2013 Curr\u00edculo 10 \u2013 Para ingressantes a partir de 2023<\/a><\/li>\n<\/ul>\n<\/li>\n<\/ul>\n<ul>\n<li>Servi\u00e7o Social\n<ul>\n<li><a href=\"http:\/\/www2.uepg.br\/prograd\/wp-content\/uploads\/sites\/19\/2023\/05\/MATRIZ-CURRICULARFLUXOGRAMA-SER.-SOCIAL-CURR.-07-_pagenumber.pdf\" target=\"_blank\" rel=\"noopener\">Matriz Curricular- Curr\u00edculo 7 para ingressantes a partir de 2022<\/a><\/li>\n<\/ul>\n<\/li>\n<li>Ci\u00eancias Cont\u00e1beis\n<ul>\n<li><a href=\"http:\/\/www2.uepg.br\/prograd\/wp-content\/uploads\/sites\/19\/2024\/05\/MATRIZ-CURRICULAR-Ciencias-CONTABEIS__FINAL_alterado_pagenumber.pdf\" target=\"_blank\" rel=\"noopener\">Matriz Curricular \u2013 Curr\u00edculo 10 \u2013 Para ingressantes a partir de 2023<\/a><\/li>\n<\/ul>\n<\/li>\n<li>Bacharelado em Jornalismo\n<ul>\n<li><a href=\"http:\/\/www2.uepg.br\/prograd\/wp-content\/uploads\/sites\/19\/2024\/11\/JORNALISMO-CORRIGIDO.pdf\">Matriz Curricular \u2013 Curr\u00edculo 8- Para ingressantes a partir de 2023<\/a><\/li>\n<\/ul>\n<\/li>\n<li>Administra\u00e7\u00e3o Com\u00e9rcio Exterior \u2013 Matutino\n<ul>\n<li><a href=\"http:\/\/www2.uepg.br\/prograd\/wp-content\/uploads\/sites\/19\/2025\/04\/MATRIZ-CURRICULAR-COMEX-pag.pdf\" target=\"_blank\" rel=\"noopener\">Matriz Curricular- Curr\u00edculo 2 para ingressantes a partir de 2023<\/a><\/li>\n<\/ul>\n<\/li>\n<li>Bacharelado em Turismo\n<ul>\n<li><a href=\"http:\/\/www2.uepg.br\/prograd\/wp-content\/uploads\/sites\/19\/2023\/08\/MATRIZ-CURRICULAR_Bacharelado-em-TURISMO_2023-pag.UEPG_.pdf\" target=\"_blank\" rel=\"noopener\">Matriz Curricular \u2013 Curr\u00edculo 11 \u2013 Para ingressantes a partir de 2023<\/a><\/li>\n<\/ul>\n<\/li>\n<li>Bacharelado em Psicologia\n<ul>\n<li><a href=\"http:\/\/www2.uepg.br\/prograd\/wp-content\/uploads\/sites\/19\/2025\/03\/FLUXOGRAMA-E-MATRIZ.pdf\">Matriz Curricular \u2013 Curr\u00edculo 1 \u2013 Para ingressantes a partir de 2025<\/a><\/li>\n<\/ul>\n<\/li>\n<\/ul>\n<p><\/p><\/div><\/div><\/div><\/div><\/div><\/div><\/div><\/div><\/div><\/div><p> <a href=\"https:\/\/www2.uepg.br\/prograd\/catalogo-de-cursos-de-2025\/#more-8767\" class=\"more-link\">Leia mais<\/a><\/p>","protected":false},"excerpt":{"rendered":"<p>Setor I \u2013 Ci\u00eancias Exatas e Naturais Cursos Presenciais Licenciatura em Matem\u00e1tica Matriz Curricular \u2013 Curr\u00edculo 8 para ingressantes a partir de 2023. Bacharelado em Matem\u00e1tica Aplicada Matriz Curricular \u2013 Curr\u00edculo 3 para ingressantes a partir de 2024. Licenciatura em Geografia Matriz Curricular \u2013 Curr\u00edculo 6 para ingressantes a partir de 2023. Bacharelado em Geografia&nbsp;&hellip;<\/p>\n","protected":false},"author":130,"featured_media":0,"parent":0,"menu_order":0,"comment_status":"closed","ping_status":"closed","template":"","meta":[],"_links":{"self":[{"href":"https:\/\/www2.uepg.br\/prograd\/wp-json\/wp\/v2\/pages\/8767"}],"collection":[{"href":"https:\/\/www2.uepg.br\/prograd\/wp-json\/wp\/v2\/pages"}],"about":[{"href":"https:\/\/www2.uepg.br\/prograd\/wp-json\/wp\/v2\/types\/page"}],"author":[{"embeddable":true,"href":"https:\/\/www2.uepg.br\/prograd\/wp-json\/wp\/v2\/users\/130"}],"replies":[{"embeddable":true,"href":"https:\/\/www2.uepg.br\/prograd\/wp-json\/wp\/v2\/comments?post=8767"}],"version-history":[{"count":30,"href":"https:\/\/www2.uepg.br\/prograd\/wp-json\/wp\/v2\/pages\/8767\/revisions"}],"predecessor-version":[{"id":10528,"href":"https:\/\/www2.uepg.br\/prograd\/wp-json\/wp\/v2\/pages\/8767\/revisions\/10528"}],"wp:attachment":[{"href":"https:\/\/www2.uepg.br\/prograd\/wp-json\/wp\/v2\/media?parent=8767"}],"curies":[{"name":"wp","href":"https:\/\/api.w.org\/{rel}","templated":true}]}}