{"id":89,"date":"2019-05-29T13:11:52","date_gmt":"2019-05-29T16:11:52","guid":{"rendered":"http:\/\/www2.uepg.br\/prograd\/?page_id=89"},"modified":"2023-04-12T19:31:37","modified_gmt":"2023-04-12T22:31:37","slug":"diretoria-de-ensino","status":"publish","type":"page","link":"https:\/\/www2.uepg.br\/prograd\/diretoria-de-ensino\/","title":{"rendered":"Diretoria de Ensino"},"content":{"rendered":"<div id=\"pl-89\"  class=\"panel-layout\" ><div id=\"pg-89-0\"  class=\"panel-grid panel-no-style\" ><div id=\"pgc-89-0-0\"  class=\"panel-grid-cell\" ><div id=\"panel-89-0-0-0\" class=\"so-panel widget widget_sow-features panel-first-child panel-last-child\" data-index=\"0\" ><div\n\t\t\t\n\t\t\tclass=\"so-widget-sow-features so-widget-sow-features-default-45c2fd5213d6-89\"\n\t\t\t\n\t\t>\n<div class=\"sow-features-list sow-features-responsive\">\n\n\t\t\t\t\t\t<div\n\t\t\t\tclass=\"sow-features-feature sow-icon-container-position-top sow-features-feature-last-row\"\n\t\t\t\tstyle=\"display: flex; flex-direction: column; float: left; width: 33.333%;\"\n\t\t\t>\n\n\t\t\t\t\t\t\t\t\t<a\n\t\t\t\t\t\thref=\"https:\/\/www2.uepg.br\/prograd\/estagio\/\"\n\t\t\t\t\t\t\t\t\t\t\t>\n\t\t\t\t\t\t\t\t<div\n\t\t\t\t\tclass=\"sow-icon-container sow-container-rounded-hex\"\n                    style=\"color: #0f2c64; \"\n\t\t\t\t\ttitle=\"Est\u00e1gio\">\n\t\t\t\t\t<span class=\"sow-icon-fontawesome sow-fas\" data-sow-icon=\"&#xf47f;\"\n\t\tstyle=\"font-size: 40px; color: #ef6b5e\" \n\t\taria-hidden=\"true\"><\/span>\t\t\t\t<\/div>\n\t\t\t\t\t\t\t\t\t<\/a>\n\t\t\t\t\n\t\t\t\t<div class=\"textwidget\">\n\t\t\t\t\t\t\t\t\t\t\t<h4>\n\t\t\t\t\t\t\t\t\t\t\t\t\t\t\t<a\n\t\t\t\t\t\t\t\t\thref=\"https:\/\/www2.uepg.br\/prograd\/estagio\/\"\n\t\t\t\t\t\t\t\t\t\t\t\t\t\t\t\t\t>\n\t\t\t\t\t\t\t\n\t\t\t\t\t\t\tEst\u00e1gio\t\t\t\t\t\t\t\t\t\t\t\t\t\t\t<\/a>\n\t\t\t\t\t\t\t\t\t\t\t\t\t<\/h4>\n\t\t\t\t\t\n\t\t\t\t\t\t\t\t\t\t\t<p>Informa\u00e7\u00f5es sobre documenta\u00e7\u00e3o e normativas de Est\u00e1gio.<\/p>\n\t\t\t\t\t\n\t\t\t\t\t\t\t\t\t<\/div>\n\t\t\t\t\t\t\t<\/div>\n\n\t\t\t\t\t<div\n\t\t\t\tclass=\"sow-features-feature sow-icon-container-position-top sow-features-feature-last-row\"\n\t\t\t\tstyle=\"display: flex; flex-direction: column; float: left; width: 33.333%;\"\n\t\t\t>\n\n\t\t\t\t\t\t\t\t\t<a\n\t\t\t\t\t\thref=\"https:\/\/www2.uepg.br\/prograd\/diretoria-de-ensino\/projetos-pedagogicos\/\"\n\t\t\t\t\t\t\t\t\t\t\t>\n\t\t\t\t\t\t\t\t<div\n\t\t\t\t\tclass=\"sow-icon-container sow-container-rounded-hex\"\n                    style=\"color: #1659e6; \"\n\t\t\t\t\ttitle=\"Projetos Pedag\u00f3gicos\">\n\t\t\t\t\t<span class=\"sow-icon-fontawesome sow-fas\" data-sow-icon=\"&#xf02d;\"\n\t\tstyle=\"font-size: 40px; color: #ef6b5e\" \n\t\taria-hidden=\"true\"><\/span>\t\t\t\t<\/div>\n\t\t\t\t\t\t\t\t\t<\/a>\n\t\t\t\t\n\t\t\t\t<div class=\"textwidget\">\n\t\t\t\t\t\t\t\t\t\t\t<h4>\n\t\t\t\t\t\t\t\t\t\t\t\t\t\t\t<a\n\t\t\t\t\t\t\t\t\thref=\"https:\/\/www2.uepg.br\/prograd\/diretoria-de-ensino\/projetos-pedagogicos\/\"\n\t\t\t\t\t\t\t\t\t\t\t\t\t\t\t\t\t>\n\t\t\t\t\t\t\t\n\t\t\t\t\t\t\tProjetos Pedag\u00f3gicos\t\t\t\t\t\t\t\t\t\t\t\t\t\t\t<\/a>\n\t\t\t\t\t\t\t\t\t\t\t\t\t<\/h4>\n\t\t\t\t\t\n\t\t\t\t\t\t\t\t\t\t\t<p>Informa\u00e7\u00f5es, formul\u00e1rios e normativas dos Projetos Pedag\u00f3gicos.<\/p>\n\t\t\t\t\t\n\t\t\t\t\t\t\t\t\t<\/div>\n\t\t\t\t\t\t\t<\/div>\n\n\t\t\t\t\t<div\n\t\t\t\tclass=\"sow-features-feature sow-icon-container-position-top sow-features-feature-last-row\"\n\t\t\t\tstyle=\"display: flex; flex-direction: column; float: left; width: 33.333%;\"\n\t\t\t>\n\n\t\t\t\t\t\t\t\t\t<a\n\t\t\t\t\t\thref=\"https:\/\/www2.uepg.br\/prograd\/fichas-de-tramitacao\/\"\n\t\t\t\t\t\t\t\t\t\t\t>\n\t\t\t\t\t\t\t\t<div\n\t\t\t\t\tclass=\"sow-icon-container sow-container-rounded-hex\"\n                    style=\"color: #69c7ef; \"\n\t\t\t\t\ttitle=\"Fichas de Tramita\u00e7\u00e3o\">\n\t\t\t\t\t<span class=\"sow-icon-fontawesome sow-fas\" data-sow-icon=\"&#xf0c5;\"\n\t\tstyle=\"font-size: 40px; color: #ef6b5e\" \n\t\taria-hidden=\"true\"><\/span>\t\t\t\t<\/div>\n\t\t\t\t\t\t\t\t\t<\/a>\n\t\t\t\t\n\t\t\t\t<div class=\"textwidget\">\n\t\t\t\t\t\t\t\t\t\t\t<h4>\n\t\t\t\t\t\t\t\t\t\t\t\t\t\t\t<a\n\t\t\t\t\t\t\t\t\thref=\"https:\/\/www2.uepg.br\/prograd\/fichas-de-tramitacao\/\"\n\t\t\t\t\t\t\t\t\t\t\t\t\t\t\t\t\t>\n\t\t\t\t\t\t\t\n\t\t\t\t\t\t\tFichas de Tramita\u00e7\u00e3o\t\t\t\t\t\t\t\t\t\t\t\t\t\t\t<\/a>\n\t\t\t\t\t\t\t\t\t\t\t\t\t<\/h4>\n\t\t\t\t\t\n\t\t\t\t\t\t\t\t\t\t\t<p>Veja como acessar as Fichas de Tramita\u00e7\u00e3o da Prograd.<\/p>\n\t\t\t\t\t\n\t\t\t\t\t\t\t\t\t<\/div>\n\t\t\t\t\t\t\t<\/div>\n\n\t\t\t\n<\/div>\n<\/div><\/div><\/div><\/div><div id=\"pg-89-1\"  class=\"panel-grid panel-no-style\" ><div id=\"pgc-89-1-0\"  class=\"panel-grid-cell\" ><div id=\"panel-89-1-0-0\" class=\"so-panel widget widget_sow-editor panel-first-child panel-last-child\" data-index=\"1\" ><div\n\t\t\t\n\t\t\tclass=\"so-widget-sow-editor so-widget-sow-editor-base\"\n\t\t\t\n\t\t>\n<div class=\"siteorigin-widget-tinymce textwidget\">\n\t<hr \/>\n<p>A DIRETORIA DE ENSINO (DIREN) \u00e9 composta por uma Diretora e pela Divis\u00e3o de Projetos Pedag\u00f3gicos e Atividades Acad\u00eamicas que inclui a SE\u00c7\u00c3O de EST\u00c1GIO e a SE\u00c7\u00c3O de CURR\u00cdCULOS E PROGRAMAS. Tem como compet\u00eancia atualizar e propor modifica\u00e7\u00f5es nas Resolu\u00e7\u00f5es e Regulamentos referentes aos Projetos Pedag\u00f3gicos dos cursos de gradua\u00e7\u00e3o presenciais e a dist\u00e2ncia, bem como dos est\u00e1gios curriculares obrigat\u00f3rios e n\u00e3o obrigat\u00f3rios e do Trabalho de Conclus\u00e3o de Curso dos cursos de gradua\u00e7\u00e3o presenciais e a dist\u00e2ncia. Cada Curso de Gradua\u00e7\u00e3o possui seu regulamento espec\u00edfico de Est\u00e1gio e Trabalho de Conclus\u00e3o de Curso tendo como base os regulamentos gerais respectivos, os quais s\u00e3o de responsabilidade desta Diretoria.<\/p>\n<p>Entre as atividades desenvolvidas pela DIREN pode-se destacar:<\/p>\n<p>I. Assessoria pedag\u00f3gica aos Colegiados de Curso para a constru\u00e7\u00e3o e formata\u00e7\u00e3o de novos projetos pedag\u00f3gicos dos cursos de gradua\u00e7\u00e3o presenciais e a dist\u00e2ncia, realizando a an\u00e1lise t\u00e9cnica das propostas de reformula\u00e7\u00e3o;<\/p>\n<p>II. An\u00e1lise e registro da oferta de Programas e Projetos Integrados de Ensino Pesquisa ou Ensino Extens\u00e3o para a\u00e7\u00f5es docentes e discentes voltadas para a melhoria do ensino de gradua\u00e7\u00e3o;<\/p>\n<p>III. Publica\u00e7\u00e3o anual das matrizes curriculares dos cursos de gradua\u00e7\u00e3o por ano a partir de 2000, atrav\u00e9s do link.<\/p>\n<p>IV. Manuten\u00e7\u00e3o do banco de programas das disciplinas ofertadas em todos os cursos de gradua\u00e7\u00e3o, os quais s\u00e3o fornecidos atrav\u00e9s de solicita\u00e7\u00e3o via protocolo geral para fins de aproveitamento de estudos, documenta\u00e7\u00e3o de transfer\u00eancia ou outros fins;<\/p>\n<p>V. Controle e atualiza\u00e7\u00e3o das informa\u00e7\u00f5es referentes aos conv\u00eanios de est\u00e1gios com empresas\/escolas, controle, registro e arquivo dos termos de compromisso de est\u00e1gios obrigat\u00f3rios e n\u00e3o obrigat\u00f3rios para os acad\u00eamicos dos cursos de gradua\u00e7\u00e3o presenciais e a dist\u00e2ncia, sendo o \u00faltimo realizado atrav\u00e9s do sistema de est\u00e1gio online.<\/p>\n<p>&nbsp;<\/p>\n<h4 style=\"text-align: center;\"><strong>Respons\u00e1vel<\/strong><\/h4>\n<p style=\"text-align: center;\"><strong>Diretora de Ensino<\/strong><\/p>\n<p style=\"text-align: center;\"><strong>Cristiane Ap\u00aa Woytichoski<\/strong><\/p>\n<p style=\"text-align: center;\">prograd.diren@uepg.br<\/p>\n<p style=\"text-align: center;\">(42)3220-3714<\/p>\n<p>&nbsp;<\/p>\n<p style=\"text-align: center;\"><strong>Chefe da Divis\u00e3o de Projetos Pedag\u00f3gicos e Atividades Acad\u00eamicas<\/strong><\/p>\n<p style=\"text-align: center;\"><strong>Arielle Cristina Tozetto<\/strong><\/p>\n<p style=\"text-align: center;\">cprogramas@uepg.br<\/p>\n<p style=\"text-align: center;\">(42)3220-3716<\/p>\n<p>&nbsp;<\/p>\n<p style=\"text-align: center;\"><strong>Chefe da Se\u00e7\u00e3o de Est\u00e1gios<\/strong><\/p>\n<p style=\"text-align: center;\"><strong>Ana Aparecida Ramos Santana da Roza<\/strong><\/p>\n<p style=\"text-align: center;\">estagioonline@uepg.br<\/p>\n<p style=\"text-align: center;\">(42)3220-3715<\/p>\n<p style=\"text-align: center;\">(42)3220-3723<\/p>\n<\/div>\n<\/div><\/div><\/div><\/div><\/div>","protected":false},"excerpt":{"rendered":"<p>A DIRETORIA DE ENSINO (DIREN) \u00e9 composta por uma Diretora e pela Divis\u00e3o de Projetos Pedag\u00f3gicos e Atividades Acad\u00eamicas que inclui a SE\u00c7\u00c3O de EST\u00c1GIO e a SE\u00c7\u00c3O de CURR\u00cdCULOS E PROGRAMAS. Tem como compet\u00eancia atualizar e propor modifica\u00e7\u00f5es nas Resolu\u00e7\u00f5es e Regulamentos referentes aos Projetos Pedag\u00f3gicos dos cursos de gradua\u00e7\u00e3o presenciais e a dist\u00e2ncia,&nbsp;&hellip;<\/p>\n","protected":false},"author":24,"featured_media":4156,"parent":0,"menu_order":0,"comment_status":"closed","ping_status":"closed","template":"","meta":[],"_links":{"self":[{"href":"https:\/\/www2.uepg.br\/prograd\/wp-json\/wp\/v2\/pages\/89"}],"collection":[{"href":"https:\/\/www2.uepg.br\/prograd\/wp-json\/wp\/v2\/pages"}],"about":[{"href":"https:\/\/www2.uepg.br\/prograd\/wp-json\/wp\/v2\/types\/page"}],"author":[{"embeddable":true,"href":"https:\/\/www2.uepg.br\/prograd\/wp-json\/wp\/v2\/users\/24"}],"replies":[{"embeddable":true,"href":"https:\/\/www2.uepg.br\/prograd\/wp-json\/wp\/v2\/comments?post=89"}],"version-history":[{"count":35,"href":"https:\/\/www2.uepg.br\/prograd\/wp-json\/wp\/v2\/pages\/89\/revisions"}],"predecessor-version":[{"id":6445,"href":"https:\/\/www2.uepg.br\/prograd\/wp-json\/wp\/v2\/pages\/89\/revisions\/6445"}],"wp:featuredmedia":[{"embeddable":true,"href":"https:\/\/www2.uepg.br\/prograd\/wp-json\/wp\/v2\/media\/4156"}],"wp:attachment":[{"href":"https:\/\/www2.uepg.br\/prograd\/wp-json\/wp\/v2\/media?parent=89"}],"curies":[{"name":"wp","href":"https:\/\/api.w.org\/{rel}","templated":true}]}}