{"id":8952,"date":"2025-01-30T09:53:27","date_gmt":"2025-01-30T12:53:27","guid":{"rendered":"https:\/\/www2.uepg.br\/prograd\/?page_id=8952"},"modified":"2025-01-30T10:35:35","modified_gmt":"2025-01-30T13:35:35","slug":"calouro-2025","status":"publish","type":"page","link":"https:\/\/www2.uepg.br\/prograd\/calouro-2025\/","title":{"rendered":"MATR\u00cdCULA CALOUROS &#8211; UEPG 2025: Procedimentos e Prazos"},"content":{"rendered":"<p>N\u00e3o perca a oportunidade de ser um(a) calouro(a) da UEPG em 2025!<\/p>\n<p>Parabenizamos por sua classifica\u00e7\u00e3o no Processo Seletivo Seriado (PSS 2022-2024) e\/ou Vestibular 2024 da UEPG.<\/p>\n<p>Para formalizar seu interesse em ocupar uma vaga na UEPG basta seguir e estar atento(a) aos procedimentos abaixo<\/p>\n<p>&nbsp;<\/p>\n<p><b>\ud83d\udcc5 Per\u00edodo:<\/b><\/p>\n<p>De <b>30\/01\/2025 (a partir das 10h) at\u00e9 03\/02\/2025 (at\u00e9 \u00e0s 17h).<\/b><\/p>\n<p>&nbsp;<\/p>\n<p><b>\ud83d\udccc Quem deve participar?<\/b><\/p>\n<p>Todos(as) os(as) candidatos(as) classificados(as), <b>independentemente da posi\u00e7\u00e3o na classifica\u00e7\u00e3o<\/b> (tanto na Chamada Regular quanto na Lista de Espera).<\/p>\n<p>&nbsp;<\/p>\n<p><b>\u2705 Como proceder?<\/b><\/p>\n<p>\u00c9 muito simples s\u00e3o apenas 3 etapas:<\/p>\n<p><b>1\ufe0f\u20e3 Acesse o sistema e cadastre sua senha:<\/b> A partir das 10h do dia 30\/01\/2025, utilize seu CPF para acessar o sistema (<a href=\"https:\/\/sisacad.apps.uepg.br\/vestibular\/index\">https:\/\/sisacad.apps.uepg.br\/vestibular\/index<\/a>) e criar sua senha.<\/p>\n<p><b>2\ufe0f\u20e3 Atualize seus dados e aceite o Termo de Ci\u00eancia:<\/b> Insira e confirme suas informa\u00e7\u00f5es pessoais e aceite o Termo de Ci\u00eancia.<\/p>\n<p><b>3\ufe0f\u20e3 Envie os documentos obrigat\u00f3rios:<\/b> Digitalize e envie os documentos necess\u00e1rios de acordo com a sua cota antes das 17h do dia 03\/02\/2025.<\/p>\n<p>&nbsp;<\/p>\n<p><b>\u26a0\ufe0f Importante:<\/b><\/p>\n<p>\u2022 A aus\u00eancia de envio de documentos ou o n\u00e3o cumprimento dos prazos implicar\u00e1 na <b>perda do direito \u00e0 vaga<\/b>.<\/p>\n<p>\u2022 O deferimento dos documentos depende dos arquivos apresentados.<\/p>\n<p>\u2022 A matr\u00edcula ser\u00e1 efetivada respeitando-se as classifica\u00e7\u00f5es dentro de cada cota, curso e turno, respeitando-se as demais regras previstas no Manual de Matr\u00edcula Parte II.<\/p>\n<p>&nbsp;<\/p>\n<p><b>\ud83d\udd17 Caso voc\u00ea possua v\u00e1rias classifica\u00e7\u00f5es, e para mais informa\u00e7\u00f5es e detalhes sobre os documentos exigidos, acesse:<\/b><\/p>\n<p><a href=\"https:\/\/www2.uepg.br\/prograd\/wp-content\/uploads\/sites\/19\/2025\/01\/Manual-de-Matricula-de-Calourosas-parte-II.pdf\" target=\"_blank\" rel=\"noopener nofollow noreferrer\">Manual de Matr\u00edcula &#8211; Parte II<\/a><\/p>\n<p>&nbsp;<\/p>\n<p><strong>Lembre-se:<\/strong><br \/>\nAcompanhar o processo e cumprir os requisitos s\u00e3o de sua<br \/>\nresponsabilidade. N\u00e3o perca esta chance de avan\u00e7ar na sua jornada.<\/p>\n","protected":false},"excerpt":{"rendered":"<p>N\u00e3o perca a oportunidade de ser um(a) calouro(a) da UEPG em 2025! Parabenizamos por sua classifica\u00e7\u00e3o no Processo Seletivo Seriado (PSS 2022-2024) e\/ou Vestibular 2024 da UEPG. Para formalizar seu interesse em ocupar uma vaga na UEPG basta seguir e estar atento(a) aos procedimentos abaixo &nbsp; \ud83d\udcc5 Per\u00edodo: De 30\/01\/2025 (a partir das 10h) at\u00e9&nbsp;&hellip;<\/p>\n","protected":false},"author":378,"featured_media":0,"parent":0,"menu_order":0,"comment_status":"closed","ping_status":"closed","template":"","meta":[],"_links":{"self":[{"href":"https:\/\/www2.uepg.br\/prograd\/wp-json\/wp\/v2\/pages\/8952"}],"collection":[{"href":"https:\/\/www2.uepg.br\/prograd\/wp-json\/wp\/v2\/pages"}],"about":[{"href":"https:\/\/www2.uepg.br\/prograd\/wp-json\/wp\/v2\/types\/page"}],"author":[{"embeddable":true,"href":"https:\/\/www2.uepg.br\/prograd\/wp-json\/wp\/v2\/users\/378"}],"replies":[{"embeddable":true,"href":"https:\/\/www2.uepg.br\/prograd\/wp-json\/wp\/v2\/comments?post=8952"}],"version-history":[{"count":10,"href":"https:\/\/www2.uepg.br\/prograd\/wp-json\/wp\/v2\/pages\/8952\/revisions"}],"predecessor-version":[{"id":8966,"href":"https:\/\/www2.uepg.br\/prograd\/wp-json\/wp\/v2\/pages\/8952\/revisions\/8966"}],"wp:attachment":[{"href":"https:\/\/www2.uepg.br\/prograd\/wp-json\/wp\/v2\/media?parent=8952"}],"curies":[{"name":"wp","href":"https:\/\/api.w.org\/{rel}","templated":true}]}}