{"id":931,"date":"2019-06-06T12:13:08","date_gmt":"2019-06-06T15:13:08","guid":{"rendered":"http:\/\/www2.uepg.br\/prograd\/?page_id=931"},"modified":"2024-09-23T17:04:07","modified_gmt":"2024-09-23T20:04:07","slug":"parfor","status":"publish","type":"page","link":"https:\/\/www2.uepg.br\/prograd\/parfor\/","title":{"rendered":"PARFOR"},"content":{"rendered":"<p style=\"text-align: center\"><strong>Parfor Equidade &#8211; Capacita\u00e7\u00e3o Inclusiva para Professores da Educa\u00e7\u00e3o B\u00e1sica<\/strong><\/p>\n<p>O Parfor Equidade \u00e9 uma iniciativa da CAPES em colabora\u00e7\u00e3o com a SECADI\/MEC, projetada para ampliar a forma\u00e7\u00e3o de professores de redes p\u00fablicas e comunit\u00e1rias. Esse programa especial, parte do Programa de Forma\u00e7\u00e3o de Professores da Educa\u00e7\u00e3o B\u00e1sica (PARFOR), j\u00e1 beneficiou mais de 100 mil docentes. Seu foco est\u00e1 na qualifica\u00e7\u00e3o em licenciaturas espec\u00edficas para atender a diferentes contextos educacionais, como educa\u00e7\u00e3o ind\u00edgena, quilombola, do campo, educa\u00e7\u00e3o especial inclusiva e educa\u00e7\u00e3o bil\u00edngue para surdos.<\/p>\n<p style=\"text-align: center\"><strong>Principais Objetivos do Parfor Equidade:<\/strong><\/p>\n<ul>\n<li>Proporcionar forma\u00e7\u00e3o superior para professores de grupos diversos.<\/li>\n<li>Preparar docentes para atuar conforme diretrizes curriculares espec\u00edficas.<\/li>\n<li>Desenvolver projetos pedag\u00f3gicos adaptados \u00e0s necessidades do p\u00fablico-alvo.<\/li>\n<li>Fortalecer a conex\u00e3o entre a educa\u00e7\u00e3o superior e a b\u00e1sica.<\/li>\n<\/ul>\n<p>Os professores beneficiados pelo Parfor Equidade recebem bolsas de estudo para apoiar sua forma\u00e7\u00e3o.<\/p>\n<p>Al\u00e9m de promover a integra\u00e7\u00e3o entre os n\u00edveis de educa\u00e7\u00e3o, o programa permite que mestres tradicionais de comunidades locais atuem como formadores em disciplinas espec\u00edficas, enriquecendo o processo educativo com saberes tradicionais.<\/p>\n<ul>\n<li><a href=\"http:\/\/www2.uepg.br\/prograd\/wp-content\/uploads\/sites\/19\/2024\/09\/EDITAL-DE-VAGAS-REMANESCENTES-PARFOR-2024.pdf\" target=\"_blank\" rel=\"noopener\"><strong>EDITAL DE VAGAS REMANESCENTES PARFOR 2024<\/strong><\/a><\/li>\n<li><a href=\"http:\/\/www2.uepg.br\/prograd\/wp-content\/uploads\/sites\/19\/2024\/06\/ANEXO-I-PARFOR-UEPG-2024.pdf\" target=\"_blank\" rel=\"noopener\">ANEXO I PARFOR 2024\u00a0<\/a><\/li>\n<li><a href=\"http:\/\/www2.uepg.br\/prograd\/wp-content\/uploads\/sites\/19\/2024\/06\/ANEXO-II-EDITAL-PARFOR-UEPG-2024.pdf\" target=\"_blank\" rel=\"noopener\">ANEXO II PARFOR 2024\u00a0<\/a><\/li>\n<li><a href=\"http:\/\/www2.uepg.br\/prograd\/wp-content\/uploads\/sites\/19\/2024\/06\/ANEXO-III-PARFOR-UEPG-2024.pdf\" target=\"_blank\" rel=\"noopener\">ANEXO III PARFOR 2024\u00a0<\/a><\/li>\n<li>INSCRI\u00c7\u00d5ES ENCERRADAS<\/li>\n<li><strong>Per\u00edodo:<\/strong> A partir das 10h00 do dia <strong>19 de setembro de 2024<\/strong> at\u00e9 \u00e0s 17h00 do dia <strong>23 de setembro de 2024.<\/strong><\/li>\n<\/ul>\n<p>Novo Curso em Licenciatura em Educa\u00e7\u00e3o Especial Inclusiva:<\/p>\n<p>A UEPG lan\u00e7ou o edital para o novo curso de Licenciatura em Educa\u00e7\u00e3o Especial Inclusiva, aprovado em mar\u00e7o de 2024 e financiado pelo Parfor Equidade. Com in\u00edcio das aulas em agosto de 2024, o curso, desenvolvido pelo Departamento de Educa\u00e7\u00e3o em parceria com a PROGRAD, visa formar profissionais para atuar tanto no ensino regular quanto no especializado. Coordenado pela Prof\u00aa. Nelba Maria T. Pisacco, o curso ser\u00e1 oferecido presencialmente, no per\u00edodo noturno, com dura\u00e7\u00e3o de quatro anos.<\/p>\n<p style=\"text-align: center\"><strong>Inscri\u00e7\u00f5es encerradas:<\/strong><\/p>\n<ul>\n<li><strong><a href=\"http:\/\/www2.uepg.br\/prograd\/wp-content\/uploads\/sites\/19\/2024\/08\/RESULTADO-PARFOR-2024.pdf\" target=\"_blank\" rel=\"noopener\">EDITAL DE RESULTADO PARFOR 2024<\/a><\/strong><\/li>\n<li>\u00a0<strong>Os(as) acad\u00eamicos(as) selecionados(as),\u00a0 ficam autorizados(as) a frequentar as aulas a partir das 18:45 do dia 12 de agosto de 2024 no Bloco Centro Integrar &#8211; Campus de Uvaranas.\u00a0<\/strong><\/li>\n<li><strong><a href=\"http:\/\/www2.uepg.br\/prograd\/wp-content\/uploads\/sites\/19\/2024\/06\/EDITAL-PARFOR-UEPG-2024-1.pdf\" target=\"_blank\" rel=\"noopener\">EDITAL PARFOR 2024<\/a><\/strong><\/li>\n<li><a href=\"http:\/\/www2.uepg.br\/prograd\/wp-content\/uploads\/sites\/19\/2024\/06\/ANEXO-I-PARFOR-UEPG-2024.pdf\" target=\"_blank\" rel=\"noopener\">ANEXO I PARFOR 2024\u00a0<\/a><\/li>\n<li><a href=\"http:\/\/www2.uepg.br\/prograd\/wp-content\/uploads\/sites\/19\/2024\/06\/ANEXO-II-EDITAL-PARFOR-UEPG-2024.pdf\" target=\"_blank\" rel=\"noopener\">ANEXO II PARFOR 2024\u00a0<\/a><\/li>\n<li><a href=\"http:\/\/www2.uepg.br\/prograd\/wp-content\/uploads\/sites\/19\/2024\/06\/ANEXO-III-PARFOR-UEPG-2024.pdf\" target=\"_blank\" rel=\"noopener\">ANEXO III PARFOR 2024\u00a0<\/a><\/li>\n<li><strong>Per\u00edodo:<\/strong> 18 a 22 de julho de 2024.<\/li>\n<\/ul>\n<p><strong>Novo Curso em Licenciatura em Educa\u00e7\u00e3o Especial Inclusiva:<\/strong> A UEPG lan\u00e7ar\u00e1 em breve o edital para o novo curso de Licenciatura em Educa\u00e7\u00e3o Especial Inclusiva, aprovado em mar\u00e7o de 2024 e financiado pelo Parfor Equidade. Com in\u00edcio das aulas em agosto de 2024, o curso, desenvolvido pelo Departamento de Educa\u00e7\u00e3o em parceria com a PROGRAD, visa formar profissionais para atuar tanto no ensino regular quanto no especializado. Coordenado pela Profa. Nelba Maria T. Pisacco, o curso ser\u00e1 oferecido presencialmente, no per\u00edodo noturno, com dura\u00e7\u00e3o de quatro anos.<\/p>\n<p><strong>Processo Seletivo:<\/strong><\/p>\n<ul>\n<li><strong>Vagas:<\/strong> 30 vagas dispon\u00edveis.<\/li>\n<li><strong>Crit\u00e9rios:<\/strong> Prefer\u00eancia para professores em exerc\u00edcio na educa\u00e7\u00e3o b\u00e1sica, mas aberto tamb\u00e9m para aqueles que conclu\u00edram o ensino m\u00e9dio.<\/li>\n<li><strong>Edital:<\/strong> Informa\u00e7\u00f5es detalhadas ser\u00e3o publicadas em breve nesta p\u00e1gina.<\/li>\n<\/ul>\n<p><strong>Contato e Mais Informa\u00e7\u00f5es:<\/strong><\/p>\n<ul>\n<li>Coordenadora do Curso: Profa. Nelba Maria T. Pisacco.<\/li>\n<li>Coordenadora do PARFOR e PARFOR Equidade\/UEPG: Profa. Elenice Parise Foltran.<\/li>\n<\/ul>\n<p>&nbsp;<\/p>\n<h3 style=\"text-align: center\"><span style=\"color: #3366ff\">Editais Anteriores<\/span><\/h3>\n<p style=\"text-align: center\">17\/09\/2014 <a href=\"http:\/\/www2.uepg.br\/prograd\/wp-content\/uploads\/sites\/19\/2019\/06\/Edital-04-PARFOR-alunos-matriculados.pdf\" target=\"_blank\" rel=\"noopener noreferrer\">Edital PARFOR \u2013 Alunos Matriculados<\/a><\/p>\n<p style=\"text-align: center\">16\/07\/2014 <a href=\"http:\/\/www2.uepg.br\/prograd\/wp-content\/uploads\/sites\/19\/2019\/06\/edital-03-parfor-alunos-2013.pdf\" target=\"_blank\" rel=\"noopener noreferrer\">Edital PARFOR \u2013 N\u00ba 03\/2014<\/a><\/p>\n<p style=\"text-align: center\">23\/05\/2014 <a href=\"http:\/\/www2.uepg.br\/prograd\/wp-content\/uploads\/sites\/19\/2019\/06\/edital-03-parfor-2014-2-semestre.pdf\" target=\"_blank\" rel=\"noopener noreferrer\">Edital PARFOR \u2013 DEFERIDOS Forma\u00e7\u00e3o Pedag\u00f3gica\/Presencial<\/a><\/p>\n<p style=\"text-align: center\">15\/05\/2014 <a href=\"http:\/\/www2.uepg.br\/prograd\/wp-content\/uploads\/sites\/19\/2019\/06\/edital-01-parfor-2014-2-semestre.pdf\" target=\"_blank\" rel=\"noopener noreferrer\">Edital PARFOR \u2013 Pr\u00e9-matr\u00edculas dos candidatos que tiveram sua pr\u00e9-inscri\u00e7\u00e3o validada pela Secretaria de Educa\u00e7\u00e3o ou \u00f3rg\u00e3o equivalente a que estiver vinculado.<\/a><\/p>\n<p style=\"text-align: center\">15\/05\/2014 <a href=\"http:\/\/www2.uepg.br\/prograd\/wp-content\/uploads\/sites\/19\/2019\/06\/edital-02-parfor-2014-2-semestre-cancelamento.pdf\" target=\"_blank\" rel=\"noopener noreferrer\">Edital PARFOR \u2013 Comunicado do Cancelamento do curso de SEGUNDA LICENCIATURA EM F\u00cdSICA na modalidade presencial.<\/a><\/p>\n<p style=\"text-align: center\">10\/02\/2014 <a href=\"http:\/\/www2.uepg.br\/prograd\/wp-content\/uploads\/sites\/19\/2019\/06\/EditalPROGRAD722013.pdf\" target=\"_blank\" rel=\"noopener noreferrer\">Edital PARFOR \u2013 Rela\u00e7\u00e3o dos alunos que est\u00e3o sendo desligados do Programa de Licenciatura em Pedagogia.<\/a><\/p>\n<p style=\"text-align: center\">10\/02\/2014 <a href=\"http:\/\/www2.uepg.br\/prograd\/wp-content\/uploads\/sites\/19\/2019\/06\/EditalPROGRADPARFOR012013.pdf\" target=\"_blank\" rel=\"noopener noreferrer\">Edital PARFOR \u2013 Abertura das pr\u00e9-matr\u00edculas dos candidatos que tiveram sua pr\u00e9-inscri\u00e7\u00e3o validada pela Secretaria de Educa\u00e7\u00e3o.<\/a><\/p>\n<p>&nbsp;<\/p>\n<p>&nbsp;<\/p>\n<p>&nbsp;<\/p>\n<hr \/>\n<p>&nbsp;<\/p>\n<p>&nbsp;<\/p>\n","protected":false},"excerpt":{"rendered":"<p>Parfor Equidade &#8211; Capacita\u00e7\u00e3o Inclusiva para Professores da Educa\u00e7\u00e3o B\u00e1sica O Parfor Equidade \u00e9 uma iniciativa da CAPES em colabora\u00e7\u00e3o com a SECADI\/MEC, projetada para ampliar a forma\u00e7\u00e3o de professores de redes p\u00fablicas e comunit\u00e1rias. Esse programa especial, parte do Programa de Forma\u00e7\u00e3o de Professores da Educa\u00e7\u00e3o B\u00e1sica (PARFOR), j\u00e1 beneficiou mais de 100 mil&nbsp;&hellip;<\/p>\n","protected":false},"author":24,"featured_media":0,"parent":0,"menu_order":0,"comment_status":"closed","ping_status":"closed","template":"","meta":[],"_links":{"self":[{"href":"https:\/\/www2.uepg.br\/prograd\/wp-json\/wp\/v2\/pages\/931"}],"collection":[{"href":"https:\/\/www2.uepg.br\/prograd\/wp-json\/wp\/v2\/pages"}],"about":[{"href":"https:\/\/www2.uepg.br\/prograd\/wp-json\/wp\/v2\/types\/page"}],"author":[{"embeddable":true,"href":"https:\/\/www2.uepg.br\/prograd\/wp-json\/wp\/v2\/users\/24"}],"replies":[{"embeddable":true,"href":"https:\/\/www2.uepg.br\/prograd\/wp-json\/wp\/v2\/comments?post=931"}],"version-history":[{"count":43,"href":"https:\/\/www2.uepg.br\/prograd\/wp-json\/wp\/v2\/pages\/931\/revisions"}],"predecessor-version":[{"id":8637,"href":"https:\/\/www2.uepg.br\/prograd\/wp-json\/wp\/v2\/pages\/931\/revisions\/8637"}],"wp:attachment":[{"href":"https:\/\/www2.uepg.br\/prograd\/wp-json\/wp\/v2\/media?parent=931"}],"curies":[{"name":"wp","href":"https:\/\/api.w.org\/{rel}","templated":true}]}}