{"id":945,"date":"2019-06-06T12:36:25","date_gmt":"2019-06-06T15:36:25","guid":{"rendered":"http:\/\/www2.uepg.br\/prograd\/?page_id=945"},"modified":"2026-03-12T13:40:54","modified_gmt":"2026-03-12T16:40:54","slug":"editais-pet","status":"publish","type":"page","link":"https:\/\/www2.uepg.br\/prograd\/editais-pet\/","title":{"rendered":"Editais PET"},"content":{"rendered":"<p><strong><em>Data\/Descri\u00e7\u00e3o<\/em><\/strong><\/p>\n<p>12\/03\/2026 <a href=\"http:\/\/www2.uepg.br\/prograd\/wp-content\/uploads\/sites\/19\/2026\/03\/EDITAL-RESULTADO-PET-2026-para-divulgacao-Claudia.pdf\">EDITAL 002\/2026 Programa de Educa\u00e7\u00e3o Tutorial \u2013 Engenharia de Alimentos -Resultado Sele\u00e7\u00e3o PET 2026<\/a><\/p>\n<p>12\/03\/2026 <a href=\"http:\/\/www2.uepg.br\/prograd\/wp-content\/uploads\/sites\/19\/2026\/03\/01_26_EDITAL_PROGRAD_PRO_PET_inter_alfa_2025_Classificacao___software_e_artes_visuais-1.pdf\">EDITAL PROGRAD PR\u00d3-PET N\u00ba 01\/2026 PROGRAMA DE APOIO \u00c0 EDUCA\u00c7\u00c3O TUTORIAL &#8211; PR\u00d3-PET CLASSIFICA\u00c7\u00c3O DE ACAD\u00caMICOS\/AS BOLSISTAS<\/a><\/p>\n<p>27\/02\/2026 <a href=\"http:\/\/www2.uepg.br\/prograd\/wp-content\/uploads\/sites\/19\/2026\/02\/edital.pdf\">Edital 01\/2026 Processo seletivo do Programa de Educa\u00e7\u00e3o Tutorial (PET)<\/a><\/p>\n<p>09\/09\/2025 <a href=\"http:\/\/www2.uepg.br\/prograd\/wp-content\/uploads\/sites\/19\/2025\/09\/EDITAL-PROGRAD-No-2025.869.pdf\">EDITAL PROGRAD &#8211; N\u00ba .869\/2025 Processo seletivo do Programa de Educa\u00e7\u00e3o Tutorial (PET)<\/a><\/p>\n<p>09\/09\/2025 <a href=\"http:\/\/www2.uepg.br\/prograd\/wp-content\/uploads\/sites\/19\/2025\/09\/Edital-PROGRAD-2025.868-Processo-seletivo-PET-quimica-022025.pdf\">Edital PROGRAD &#8211; 868\/2025 &#8211; Processo seletivo PET Qu\u00edmica 02\/2025<\/a><\/p>\n<p>07\/04\/2025 &#8211;\u00a0<a href=\"http:\/\/www2.uepg.br\/prograd\/wp-content\/uploads\/sites\/19\/2025\/04\/Edital_01_2025-QUIMICA.pdf\">EDITAL 01\/2025 &#8211; Resultado da Sele\u00e7\u00e3o de bolsistas e n\u00e3o bolsistas do PET-QU\u00cdMICA<\/a><\/p>\n<p>01\/04\/2025 &#8211;<a href=\"http:\/\/www2.uepg.br\/prograd\/wp-content\/uploads\/sites\/19\/2025\/04\/Pet-histrora.pdf\">EDITAL 002\/2025 &#8211; Resultado da Sele\u00e7\u00e3o de Bolsistas &#8211; PET Hist\u00f3ria<\/a><\/p>\n<p>19\/03\/2025 &#8211;\u00a0<a href=\"http:\/\/www2.uepg.br\/prograd\/wp-content\/uploads\/sites\/19\/2025\/03\/Pet-Alimentos.pdf\"> EDITAL 002\/2025 \u2013 Resultado da sele\u00e7\u00e3o de bolsistas para o Programa de Educa\u00e7\u00e3o Tutorial-PET do curso de Engenharia de Alimentos<\/a><\/p>\n<p>19\/03\/2025 &#8211;\u00a0<a href=\"http:\/\/www2.uepg.br\/prograd\/wp-content\/uploads\/sites\/19\/2025\/03\/pet-historia-01-2025.pdf\"> EDITAL PET HIST\u00d3RIA N\u00ba01\/2025 \u2013 Abertura das inscri\u00e7\u00f5es para os alunos de Hist\u00f3ria <\/a><\/p>\n<p>21\/02\/2025 &#8211;\u00a0<a href=\"http:\/\/www2.uepg.br\/prograd\/wp-content\/uploads\/sites\/19\/2025\/02\/PET-Eng-de-Alimentos-2.pdf\">EDITAL PET ENGENHARIA DE ALIMENTOS- Abertura das inscri\u00e7\u00f5es para os alunos de Engenharia de Alimentos<\/a><\/p>\n<p>21\/02\/2025 &#8211; <a href=\"http:\/\/www2.uepg.br\/prograd\/wp-content\/uploads\/sites\/19\/2025\/02\/PET.pdf\">EDITAL PET QU\u00cdMICA N\u00ba01\/2025 &#8211; Abertura das inscri\u00e7\u00f5es para os alunos de Qu\u00edmica<\/a><\/p>\n<p>25\/07\/2024 &#8211; <a href=\"http:\/\/www2.uepg.br\/prograd\/wp-content\/uploads\/sites\/19\/2024\/07\/EDITAL-PROGRAD-PETresultado.pdf\">EDITAL PROGRAD-DIADM &#8211; N\u00ba 2024. RESULTADO DA SELE\u00c7\u00c3O DE PROPOSTAS PARA NOVOS GRUPOS DO PROGRAMA DE EDUCA\u00c7\u00c3O TUTORIAL (PET)<\/a><\/p>\n<p>17\/07\/2024 &#8211; <a href=\"http:\/\/www2.uepg.br\/prograd\/wp-content\/uploads\/sites\/19\/2024\/07\/ilovepdf_merged.pdf\">EDITAL PROGRAD-DIADM &#8211; N\u00ba 2024.672 &#8211; SELE\u00c7\u00c3O DE PROPOSTAS PARA NOVOS GRUPOS DO PROGRAMA DE EDUCA\u00c7\u00c3O TUTORIAL (PET)<\/a><\/p>\n<p>05\/04\/2024 &#8211; <a href=\"http:\/\/www2.uepg.br\/prograd\/wp-content\/uploads\/sites\/19\/2024\/04\/edital_resultado_PET_quimica_02_2024.pdf\">EDITAL 002\/2024 \u2013 Resultado da sele\u00e7\u00e3o de bolsistas e volunt\u00e1rios para o Programade Educa\u00e7\u00e3o Tutorial-PET do curso de Qu\u00edmica<\/a><\/p>\n<p>13\/03\/2024 &#8211; <a href=\"http:\/\/www2.uepg.br\/prograd\/wp-content\/uploads\/sites\/19\/2024\/03\/EDITAL_RESULTADO_PET_2024.pdf\">EDITAL 002\/2024 &#8211; Resultado da sele\u00e7\u00e3o PET 2024 &#8211; Engenharia de Alimentos<\/a><\/p>\n<p>06\/03\/2024 &#8211; <a href=\"http:\/\/www2.uepg.br\/prograd\/wp-content\/uploads\/sites\/19\/2024\/03\/edital_final_selecao_2024.pdf\">Edital 02\/2024 &#8211; Resultado de sele\u00e7\u00e3o para bolsistas e volunt\u00e1rios PET-HIST\u00d3RIA<\/a><\/p>\n<p>27\/02\/2024 &#8211; <a href=\"http:\/\/www2.uepg.br\/prograd\/wp-content\/uploads\/sites\/19\/2024\/02\/Pet-Alimentos.pdf\">Edital 01\/2024 -Processo seletivo do Programa de Educa\u00e7\u00e3o Tutorial (PET) &#8211; Engenharia de Alimentos<\/a><\/p>\n<p>26\/02\/2024 &#8211; <a href=\"http:\/\/www2.uepg.br\/prograd\/wp-content\/uploads\/sites\/19\/2024\/02\/edital_selecao_estudantes_PET_2024.pdf\">INSCRI\u00c7\u00d5ES PROGRAMA DE EDUCA\u00c7\u00c3O TUTORIA \u2013 PET\/HIST\u00d3RIA EDITAL 01\/2024<\/a><\/p>\n<p>21\/02\/2024 &#8211; <a href=\"http:\/\/www2.uepg.br\/prograd\/wp-content\/uploads\/sites\/19\/2024\/02\/processo_seletivo_01_2024.pdf\">EDITAL PET QU\u00cdMICA N\u00ba 01\/2024 &#8211; Abertura das Inscri\u00e7\u00f5es para os alunos de Qu\u00edmica<\/a><\/p>\n<p>01\/10\/2023 &#8211;\u00a0<a href=\"http:\/\/www2.uepg.br\/prograd\/wp-content\/uploads\/sites\/19\/2023\/11\/SEI_23.000065863_9-2.pdf\" target=\"_blank\" rel=\"noopener\">EDITAL PROGRAD-DIADM &#8211; N\u00ba 2023.834 &#8211; PET QU\u00cdMICA -Resultado<\/a><\/p>\n<p>27\/10\/2023 &#8211;\u00a0<a href=\"http:\/\/www2.uepg.br\/prograd\/wp-content\/uploads\/sites\/19\/2023\/10\/SEI_23.000065863_9-1.pdf\" target=\"_blank\" rel=\"noopener\">EDITAL PROGRAD-DIADM &#8211; N\u00ba 2023.831 &#8211; INSCRI\u00c7\u00d5ES DEFERIDAS PARA TUTOR PET-QU\u00cdMICA<\/a><\/p>\n<p>23\/10\/2023 &#8211;\u00a0<a href=\"http:\/\/www2.uepg.br\/prograd\/wp-content\/uploads\/sites\/19\/2023\/10\/SEI_23.000065863_9.pdf\" target=\"_blank\" rel=\"noopener\">EDITAL PROGRAD-DIADM &#8211; N\u00ba 2023.824 SELE\u00c7\u00c3O DE TUTOR PARA O PET-QU\u00cdMICA<\/a><\/p>\n<p>16\/10\/2023 &#8211; <a href=\"http:\/\/www2.uepg.br\/prograd\/wp-content\/uploads\/sites\/19\/2023\/10\/EDITAL-PET-QUIMICA-No03_2023-Edital-de-resultado-do-processo-seletivo-02_2023-do-grupo-PET-\u2013-Quimica-\u2013-UEPG.pdf\">EDITAL PET QU\u00cdMICA N\u00ba03\/2023 &#8211; Edital de resultado do processo seletivo 02\/2023 do grupo PET \u2013 Qu\u00edmica \u2013 UEPG<\/a><\/p>\n<p>20\/09\/2023 &#8211; <a href=\"http:\/\/www2.uepg.br\/prograd\/wp-content\/uploads\/sites\/19\/2023\/09\/Processo_Seletivo_PET_Quimica_edital-n-2_.pdf\">EDITAL PET QU\u00cdMICA N\u00ba02\/2023 &#8211; Abertura das Inscri\u00e7\u00f5es para os alunos de Qu\u00edmica<\/a><\/p>\n<p>17\/04\/2023 &#8211;\u00a0<a href=\"http:\/\/www2.uepg.br\/prograd\/wp-content\/uploads\/sites\/19\/2023\/04\/EDITAL-PROGRAD-resulado-PET_2023-1.pdf\" target=\"_blank\" rel=\"noopener\">Edital de resultado do processo seletivo 01\/2023 do grupo PET \u2013 Qu\u00edmica \u2013 UEPG<\/a><\/p>\n<p>05\/04\/2023 &#8211; <a href=\"http:\/\/www2.uepg.br\/prograd\/wp-content\/uploads\/sites\/19\/2023\/04\/pet-historia-3.pdf\" target=\"_blank\" rel=\"noopener\">Edital 03\/2023 &#8211; Edital de resultado do processo seletivo 01\/2023 do grupo PET Hist\u00f3ria \u2013 UEPG<\/a><\/p>\n<p>27\/03\/2023 &#8211; <a href=\"http:\/\/www2.uepg.br\/prograd\/wp-content\/uploads\/sites\/19\/2023\/03\/edital-002-pet-alimentos.pdf\" target=\"_blank\" rel=\"noopener\">Edital 02\/2023 &#8211; Processo seletivo do Programa de Educa\u00e7\u00e3o Tutorial (PET) &#8211; Resultado Sele\u00e7\u00e3o PET 2023 para alunos do curso de Engenharia de Alimentos<\/a><\/p>\n<p>16\/03\/2023 &#8211; <a href=\"http:\/\/www2.uepg.br\/prograd\/wp-content\/uploads\/sites\/19\/2023\/03\/pet-alimentos.pdf\" target=\"_blank\" rel=\"noopener\">Edital 01\/2023 &#8211; Processo seletivo do Programa de Educa\u00e7\u00e3o Tutorial (PET) &#8211; Abertura das inscri\u00e7\u00f5es para alunos do curso de Engenharia de Alimentos<\/a><\/p>\n<p>14\/03\/2023 &#8211; <a href=\"http:\/\/www2.uepg.br\/prograd\/wp-content\/uploads\/sites\/19\/2023\/03\/edital-selecao-estudantes-PET-2023.pdf\" target=\"_blank\" rel=\"noopener\">PROGRAMA DE EDUCA\u00c7\u00c3O TUTORIA \u2013 PET\/HIST\u00d3RIA EDITAL 01\/2023 &#8211; Abertura das inscri\u00e7\u00f5es para os alunos de Hist\u00f3ria<\/a><\/p>\n<p>14\/03\/2023 &#8211; <a href=\"http:\/\/www2.uepg.br\/prograd\/wp-content\/uploads\/sites\/19\/2023\/03\/processo-seletivo-03_2023.pdf\" target=\"_blank\" rel=\"noopener\">EDITAL PET QU\u00ccMICA N\u00ba 01\/2023 &#8211; Abertura das Inscri\u00e7\u00f5es para os alunos de Qu\u00edmica<\/a><\/p>\n<p>31\/10\/2022 &#8211; <a href=\"http:\/\/www2.uepg.br\/prograd\/wp-content\/uploads\/sites\/19\/2022\/10\/PET-quimica-Resultado-processo_seletivo_03_2022.pdf\" target=\"_blank\" rel=\"noopener\">EDITAL PET QU\u00cdMICA N\u00ba 03\/2022 &#8211; Resultado &#8211; Acad\u00eamicos(as) Classificados(as)<\/a><\/p>\n<p>10\/10\/2022 &#8211; <a href=\"http:\/\/www2.uepg.br\/prograd\/wp-content\/uploads\/sites\/19\/2022\/10\/PET-quimica-processo_seletivo_02_2022_A.pdf\" target=\"_blank\" rel=\"noopener\">EDITAL PET QU\u00ccMICA N\u00ba 02\/2022 &#8211; Inscri\u00e7\u00f5es para o Programa de Educa\u00e7\u00e3o Tutorial (PET) para alunos do curso de Qu\u00edmica<\/a><\/p>\n<p>16\/08\/2022 &#8211; <a href=\"http:\/\/www2.uepg.br\/prograd\/wp-content\/uploads\/sites\/19\/2022\/08\/PET_TUTOR_EDITAL_RESULTADO.pdf\" target=\"_blank\" rel=\"noopener\">EDITAL PROGRAD-DIADM &#8211; N\u00ba 2022.358 &#8211; Resultado Final &#8211; Tutor PET Qu\u00edmica\u00a0<\/a><\/p>\n<p>11\/08\/2022 &#8211; <a href=\"http:\/\/www2.uepg.br\/prograd\/wp-content\/uploads\/sites\/19\/2022\/08\/EDITAL-No348.pdf\" target=\"_blank\" rel=\"noopener\">EDITAL PROGRAD-DIADM &#8211; N\u00ba2022.348 &#8211; Inscri\u00e7\u00f5es Deferidas \u2013 Tutor PET Qu\u00edmica\u00a0<\/a><\/p>\n<p>04\/08\/2022 &#8211; <a href=\"http:\/\/www2.uepg.br\/prograd\/wp-content\/uploads\/sites\/19\/2022\/08\/EDITAL-TUTOR_QUIMICA.pdf\" target=\"_blank\" rel=\"noopener\">EDITAL PROGRAD-DIADM &#8211; N\u00ba 2022.234 &#8211; Sele\u00e7\u00e3o de Tutor\u00a0 PET-QU\u00cdMICA<\/a><\/p>\n<p>09\/06\/2022 &#8211; <a href=\"http:\/\/www2.uepg.br\/prograd\/wp-content\/uploads\/sites\/19\/2022\/06\/PET_HISTORIA_ESTUDANTES_01_2022.pdf\" target=\"_blank\" rel=\"noopener\">EDITAL PROGRAD-DIADM &#8211; N\u00ba 2022.235 &#8211; Resultado do processo seletivo 01\/2022 do grupo PET \u2013 Hist\u00f3ria \u2013 UEPG &#8211; acad\u00eamicos<\/a><\/p>\n<p>23\/05\/2022 &#8211; <a href=\"http:\/\/www2.uepg.br\/prograd\/wp-content\/uploads\/sites\/19\/2022\/05\/Edital_estudantes_eng_alimentos.pdf\" target=\"_blank\" rel=\"noopener\">EDITAL PROGRAD-DIADM &#8211; N\u00ba 2022.21- &#8211; Sele\u00e7\u00e3o de Estudantes &#8211; PET ENGENHARIA DE ALIMENTOS<\/a><\/p>\n<p>23\/05\/2022 &#8211; <a href=\"http:\/\/www2.uepg.br\/prograd\/wp-content\/uploads\/sites\/19\/2022\/05\/EDITAL_HISTORIA_ESTUDANTES.pdf\" target=\"_blank\" rel=\"noopener\">EDITAL PROGRAD-DIADM &#8211; N\u00ba 2022.209 &#8211; Sele\u00e7\u00e3o de Estudantes &#8211; PET HIST\u00d3RIA<\/a><\/p>\n<p>28\/03\/2022 &#8211; <a href=\"http:\/\/www2.uepg.br\/prograd\/wp-content\/uploads\/sites\/19\/2022\/03\/Edital_resultado_pet_historia.pdf\" target=\"_blank\" rel=\"noopener\">EDITAL PROGRAD DIADM \u2013 N\u00ba2022.129 \u2013 Sele\u00e7\u00e3o de Tutor(a) para o PET \u2013 HIST\u00d3RIA &#8211; RESULTADO FINAL<\/a><\/p>\n<p>11\/03\/2022 &#8211; <a href=\"http:\/\/www2.uepg.br\/prograd\/wp-content\/uploads\/sites\/19\/2022\/03\/EDITAL-PET-HISTORIA_publ.pdf\" target=\"_blank\" rel=\"noopener\">EDITAL PROGRAD DIADM &#8211; N\u00ba2022.82 &#8211; Sele\u00e7\u00e3o de Tutor(a) para o PET &#8211; HIST\u00d3RIA (RETIFICADO)<\/a><\/p>\n<p>22\/06\/2021 &#8211;\u00a0<a href=\"http:\/\/www2.uepg.br\/prograd\/wp-content\/uploads\/sites\/19\/2021\/06\/EDITAL-PROGRAD-DIADM-No-2021.291-PET.pdf\" target=\"_blank\" rel=\"noopener\">EDITAL PROGRAD-DIADM &#8211; N\u00ba 2021.291 &#8211; Sele\u00e7\u00e3o de Tutor para o PET-Engenharia de Alimentos<\/a><\/p>\n<p>24\/02\/2019 &#8211;\u00a0 <a href=\"http:\/\/www2.uepg.br\/prograd\/wp-content\/uploads\/sites\/19\/2019\/06\/PET-HIST\u00d3RIA-2019-Edital-paraprocesso-seletivo-1.pdf\" target=\"_blank\" rel=\"noopener noreferrer\">PET \u2013 HIST\u00d3RIA \u2013 Edital 01\/2019 \u2013 Inscri\u00e7\u00f5es \u2013 De 22\/02 a 13\/03\/2019.<\/a><\/p>\n<p>24\/02\/2019 &#8211;\u00a0 <a href=\"http:\/\/www2.uepg.br\/prograd\/wp-content\/uploads\/sites\/19\/2019\/06\/Edital-Seletiva-Pet-_Engenharia-de-Alimentos-1.pdf\" target=\"_blank\" rel=\"noopener noreferrer\">PET \u2013 ENGENHARIA DE ALIMENTOS \u2013 Edital 01\/2019 \u2013 Inscri\u00e7\u00f5es \u2013 De 19\/02 a 08\/03\/2019.<\/a><\/p>\n<p>21\/02\/2019 &#8211;\u00a0 <a href=\"http:\/\/www2.uepg.br\/prograd\/wp-content\/uploads\/sites\/19\/2019\/06\/edital_de_inscri\u00e7\u00f5es_alunos_pet_quimica_2019-1.pdf\" target=\"_blank\" rel=\"noopener noreferrer\">PET \u2013 QU\u00cdMICA \u2013 Edital 01\/2019 \u2013 Inscri\u00e7\u00f5es \u2013 De 18\/02 a 1\u00ba\/03\/2019.<\/a><\/p>\n<p>17\/04\/2017 &#8211;\u00a0 <a href=\"http:\/\/www2.uepg.br\/prograd\/wp-content\/uploads\/sites\/19\/2019\/06\/Edital-tutor-RESULTADO-hist\u00f3ria-pdf.pdf\" target=\"_blank\" rel=\"noopener noreferrer\">Edital n.\u00ba36\/17- Resultado da Sele\u00e7\u00e3o para Tutor para o PET hist\u00f3ria<\/a><\/p>\n<p>10\/04\/2017 &#8211;\u00a0 <a href=\"http:\/\/www2.uepg.br\/prograd\/wp-content\/uploads\/sites\/19\/2019\/06\/Edital-tutor-inscri\u00e7\u00f5es-deferidas-hist\u00f3ria-1.pdf\" target=\"_blank\" rel=\"noopener noreferrer\">Edital tutor inscri\u00e7\u00f5es deferidas hist\u00f3ria<\/a><\/p>\n<p>19\/07\/2016 &#8211; <a href=\"http:\/\/www2.uepg.br\/prograd\/wp-content\/uploads\/sites\/19\/2019\/06\/Edital-tutor-RESULTADO.pdf\" target=\"_blank\" rel=\"noopener noreferrer\">Edital 41\/2016 \u2013 Resultado da Sele\u00e7\u00e3o para Tutor para o PET Licenciatura em Qu\u00edmica Referente ao Edital n\u00ba 34\/2016<\/a><\/p>\n<p>08\/07\/2016 &#8211; <a href=\"http:\/\/www2.uepg.br\/prograd\/wp-content\/uploads\/sites\/19\/2019\/06\/Edital-tutor-inscri\u00e7\u00f5es-deferidas.pdf\" target=\"_blank\" rel=\"noopener noreferrer\">Edital 40\/2016 \u2013 Inscri\u00e7\u00f5es Deferidas \u2013 Tutor PET Licenciatura em Qu\u00edmica<\/a><\/p>\n<p>01\/07\/2016 &#8211; <a href=\"http:\/\/www2.uepg.br\/prograd\/wp-content\/uploads\/sites\/19\/2019\/06\/Edital-de-abertura-2016-publicar.pdf\" target=\"_blank\" rel=\"noopener noreferrer\">Edital 34\/2016 \u2013 Abertura das Inscri\u00e7\u00f5es para 1 (uma) vaga de Tutor \u2013 PET Licenciatura em Qu\u00edmica<\/a><\/p>\n<p>&nbsp;<\/p>\n","protected":false},"excerpt":{"rendered":"<p>Data\/Descri\u00e7\u00e3o 12\/03\/2026 EDITAL 002\/2026 Programa de Educa\u00e7\u00e3o Tutorial \u2013 Engenharia de Alimentos -Resultado Sele\u00e7\u00e3o PET 2026 12\/03\/2026 EDITAL PROGRAD PR\u00d3-PET N\u00ba 01\/2026 PROGRAMA DE APOIO \u00c0 EDUCA\u00c7\u00c3O TUTORIAL &#8211; PR\u00d3-PET CLASSIFICA\u00c7\u00c3O DE ACAD\u00caMICOS\/AS BOLSISTAS 27\/02\/2026 Edital 01\/2026 Processo seletivo do Programa de Educa\u00e7\u00e3o Tutorial (PET) 09\/09\/2025 EDITAL PROGRAD &#8211; N\u00ba .869\/2025 Processo seletivo do Programa&nbsp;&hellip;<\/p>\n","protected":false},"author":24,"featured_media":4125,"parent":0,"menu_order":0,"comment_status":"closed","ping_status":"closed","template":"","meta":[],"_links":{"self":[{"href":"https:\/\/www2.uepg.br\/prograd\/wp-json\/wp\/v2\/pages\/945"}],"collection":[{"href":"https:\/\/www2.uepg.br\/prograd\/wp-json\/wp\/v2\/pages"}],"about":[{"href":"https:\/\/www2.uepg.br\/prograd\/wp-json\/wp\/v2\/types\/page"}],"author":[{"embeddable":true,"href":"https:\/\/www2.uepg.br\/prograd\/wp-json\/wp\/v2\/users\/24"}],"replies":[{"embeddable":true,"href":"https:\/\/www2.uepg.br\/prograd\/wp-json\/wp\/v2\/comments?post=945"}],"version-history":[{"count":59,"href":"https:\/\/www2.uepg.br\/prograd\/wp-json\/wp\/v2\/pages\/945\/revisions"}],"predecessor-version":[{"id":10497,"href":"https:\/\/www2.uepg.br\/prograd\/wp-json\/wp\/v2\/pages\/945\/revisions\/10497"}],"wp:featuredmedia":[{"embeddable":true,"href":"https:\/\/www2.uepg.br\/prograd\/wp-json\/wp\/v2\/media\/4125"}],"wp:attachment":[{"href":"https:\/\/www2.uepg.br\/prograd\/wp-json\/wp\/v2\/media?parent=945"}],"curies":[{"name":"wp","href":"https:\/\/api.w.org\/{rel}","templated":true}]}}