{"id":5,"date":"2019-08-12T16:10:56","date_gmt":"2019-08-12T19:10:56","guid":{"rendered":"http:\/\/www2.uepg.br\/programa-des\/?page_id=5"},"modified":"2019-08-14T09:57:21","modified_gmt":"2019-08-14T12:57:21","slug":"o-programa","status":"publish","type":"page","link":"https:\/\/www2.uepg.br\/programa-des\/","title":{"rendered":"O Programa"},"content":{"rendered":"<p style=\"text-align: center\">O Programa DES \u201cDoc\u00eancia no Ensino Superior\u201d, \u00e9 um Programa Integrado de Ensino, Pesquisa e Extens\u00e3o da Universidade Estadual de Ponta Grossa (UEPG) vinculado \u00e0 Pr\u00f3-Reitoria de Gradua\u00e7\u00e3o (PROGRAD).<\/p>\n<hr \/>\n<p>[embedyt] https:\/\/www.youtube.com\/watch?v=r65bMnquJws[\/embedyt]<\/p>\n<p>&nbsp;<\/p>\n<h4 style=\"text-align: left\">Objetivo do Programa DES:<\/h4>\n<blockquote><p>Promover a\u00e7\u00f5es pedag\u00f3gicas formativas de car\u00e1ter permanente, contribuindo para a consolida\u00e7\u00e3o de uma cultura de desenvolvimento profissional e troca de saberes na doc\u00eancia universit\u00e1ria.<\/p><\/blockquote>\n<p style=\"text-align: left\">Conhe\u00e7a os <a href=\"https:\/\/www2.uepg.br\/programa-des\/projetos\/\" target=\"_blank\" rel=\"noopener noreferrer\">Projetos e Objetivos do Programa DES.<\/a><\/p>\n<hr \/>\n<h4><\/h4>\n<h4 style=\"text-align: left\">Equipe Respons\u00e1vel:<\/h4>\n<blockquote><p>Uma equipe interdisciplinar foi organizada para o planejamento e desenvolvimento das a\u00e7\u00f5es do Programa DES.<\/p><\/blockquote>\n<p style=\"text-align: left\">Conhe\u00e7a a <a href=\"https:\/\/www2.uepg.br\/programa-des\/equipe\/\" target=\"_blank\" rel=\"noopener noreferrer\">equipe do programa.<\/a><\/p>\n<hr \/>\n<p style=\"text-align: center\">\n","protected":false},"excerpt":{"rendered":"<p>O Programa DES \u201cDoc\u00eancia no Ensino Superior\u201d, \u00e9 um Programa Integrado de Ensino, Pesquisa e Extens\u00e3o da Universidade Estadual de Ponta Grossa (UEPG) vinculado \u00e0 Pr\u00f3-Reitoria de Gradua\u00e7\u00e3o (PROGRAD). [embedyt] https:\/\/www.youtube.com\/watch?v=r65bMnquJws[\/embedyt] &nbsp; Objetivo do Programa DES: Promover a\u00e7\u00f5es pedag\u00f3gicas formativas de car\u00e1ter permanente, contribuindo para a consolida\u00e7\u00e3o de uma cultura de desenvolvimento profissional e troca&nbsp;&hellip;<\/p>\n","protected":false},"author":24,"featured_media":0,"parent":0,"menu_order":0,"comment_status":"closed","ping_status":"closed","template":"","meta":[],"_links":{"self":[{"href":"https:\/\/www2.uepg.br\/programa-des\/wp-json\/wp\/v2\/pages\/5"}],"collection":[{"href":"https:\/\/www2.uepg.br\/programa-des\/wp-json\/wp\/v2\/pages"}],"about":[{"href":"https:\/\/www2.uepg.br\/programa-des\/wp-json\/wp\/v2\/types\/page"}],"author":[{"embeddable":true,"href":"https:\/\/www2.uepg.br\/programa-des\/wp-json\/wp\/v2\/users\/24"}],"replies":[{"embeddable":true,"href":"https:\/\/www2.uepg.br\/programa-des\/wp-json\/wp\/v2\/comments?post=5"}],"version-history":[{"count":16,"href":"https:\/\/www2.uepg.br\/programa-des\/wp-json\/wp\/v2\/pages\/5\/revisions"}],"predecessor-version":[{"id":168,"href":"https:\/\/www2.uepg.br\/programa-des\/wp-json\/wp\/v2\/pages\/5\/revisions\/168"}],"wp:attachment":[{"href":"https:\/\/www2.uepg.br\/programa-des\/wp-json\/wp\/v2\/media?parent=5"}],"curies":[{"name":"wp","href":"https:\/\/api.w.org\/{rel}","templated":true}]}}