{"id":59,"date":"2019-08-13T10:24:16","date_gmt":"2019-08-13T13:24:16","guid":{"rendered":"http:\/\/www2.uepg.br\/programa-des\/?page_id=59"},"modified":"2019-08-13T10:24:16","modified_gmt":"2019-08-13T13:24:16","slug":"rede-de-saberes","status":"publish","type":"page","link":"https:\/\/www2.uepg.br\/programa-des\/rede-de-saberes\/","title":{"rendered":"Rede de Saberes"},"content":{"rendered":"<p>Um dos desafios do Programa DES \u00e9 a promo\u00e7\u00e3o de uma rede de saberes entre os professores universit\u00e1rios.<br \/>\nEsta se\u00e7\u00e3o \u00e9 reservada para que voc\u00ea possa compartilhar suas pr\u00e1ticas pedag\u00f3gicas, com o envio de relatos de experi\u00eancias did\u00e1ticas desenvolvidas com seus alunos no ensino de gradua\u00e7\u00e3o e p\u00f3s-gradua\u00e7\u00e3o.<\/p>\n<p>Nossos alunos, matriculados nos Programas de P\u00f3s-Gradua\u00e7\u00e3o Stricto Sensu da UEPG tamb\u00e9m poder\u00e3o participar, considerando que tamb\u00e9m possuem experi\u00eancias que v\u00eam desenvolvendo nos Est\u00e1gios de Doc\u00eancia, acompanhando seus Orientadores nas aulas de gradua\u00e7\u00e3o.<\/p>\n<p>Esta p\u00e1gina est\u00e1 em fase de constru\u00e7\u00e3o pela equipe gestora do Programa DES. Aguardem!<\/p>\n","protected":false},"excerpt":{"rendered":"<p>Um dos desafios do Programa DES \u00e9 a promo\u00e7\u00e3o de uma rede de saberes entre os professores universit\u00e1rios. Esta se\u00e7\u00e3o \u00e9 reservada para que voc\u00ea possa compartilhar suas pr\u00e1ticas pedag\u00f3gicas, com o envio de relatos de experi\u00eancias did\u00e1ticas desenvolvidas com seus alunos no ensino de gradua\u00e7\u00e3o e p\u00f3s-gradua\u00e7\u00e3o. Nossos alunos, matriculados nos Programas de P\u00f3s-Gradua\u00e7\u00e3o&nbsp;&hellip;<\/p>\n","protected":false},"author":24,"featured_media":0,"parent":0,"menu_order":0,"comment_status":"closed","ping_status":"closed","template":"","meta":[],"_links":{"self":[{"href":"https:\/\/www2.uepg.br\/programa-des\/wp-json\/wp\/v2\/pages\/59"}],"collection":[{"href":"https:\/\/www2.uepg.br\/programa-des\/wp-json\/wp\/v2\/pages"}],"about":[{"href":"https:\/\/www2.uepg.br\/programa-des\/wp-json\/wp\/v2\/types\/page"}],"author":[{"embeddable":true,"href":"https:\/\/www2.uepg.br\/programa-des\/wp-json\/wp\/v2\/users\/24"}],"replies":[{"embeddable":true,"href":"https:\/\/www2.uepg.br\/programa-des\/wp-json\/wp\/v2\/comments?post=59"}],"version-history":[{"count":1,"href":"https:\/\/www2.uepg.br\/programa-des\/wp-json\/wp\/v2\/pages\/59\/revisions"}],"predecessor-version":[{"id":60,"href":"https:\/\/www2.uepg.br\/programa-des\/wp-json\/wp\/v2\/pages\/59\/revisions\/60"}],"wp:attachment":[{"href":"https:\/\/www2.uepg.br\/programa-des\/wp-json\/wp\/v2\/media?parent=59"}],"curies":[{"name":"wp","href":"https:\/\/api.w.org\/{rel}","templated":true}]}}