{"id":61,"date":"2019-08-13T10:28:13","date_gmt":"2019-08-13T13:28:13","guid":{"rendered":"http:\/\/www2.uepg.br\/programa-des\/?page_id=61"},"modified":"2019-12-03T16:24:36","modified_gmt":"2019-12-03T19:24:36","slug":"acervo-digital","status":"publish","type":"page","link":"https:\/\/www2.uepg.br\/programa-des\/acervo-digital\/","title":{"rendered":"Acervo Digital"},"content":{"rendered":"<blockquote><p>Neste espa\u00e7o, voc\u00ea encontrar\u00e1 sugest\u00f5es de links para navega\u00e7\u00e3o, com leituras, pesquisas, livros, videoaulas, entrevistas, artigos e teses relacionadas \u00e0 quest\u00e3o da forma\u00e7\u00e3o pedag\u00f3gica para a doc\u00eancia universit\u00e1ria.<\/p><\/blockquote>\n<h3 id=\"artigos\"><\/h3>\n<hr \/>\n<h3>ARTIGOS<\/h3>\n<p><a href=\"http:\/\/www2.uepg.br\/programa-des\/wp-content\/uploads\/sites\/32\/2019\/08\/SHULMANN-sobre-ENSINO.pdf\" target=\"_blank\" rel=\"noopener noreferrer\">Conhecimento e ensino: \u00a0fundamentos para a nova reforma (SHULMAN, 2014).<\/a><\/p>\n<p><a href=\"http:\/\/www2.uepg.br\/programa-des\/wp-content\/uploads\/sites\/32\/2019\/08\/Artigo-Severino.pdf\" target=\"_blank\" rel=\"noopener noreferrer\">Da doc\u00eancia no ensino superior: condi\u00e7\u00f5es e exig\u00eancias (SEVERINO, 2013).<\/a><\/p>\n<p><a href=\"http:\/\/www.maiza.com.br\/adm\/producao\/47.pdf\" target=\"_blank\" rel=\"noopener noreferrer\">Doc\u00eancia universit\u00e1ria: relato de experi\u00eancia com Professores participantes de um programa Institucional de forma\u00e7\u00e3o pedag\u00f3gica (G\u00d3ES; ALTHAUS, 2013).<\/a><\/p>\n<p><a href=\"http:\/\/www2.uepg.br\/programa-des\/wp-content\/uploads\/sites\/32\/2019\/08\/estrategias_creativas_universitaria.pdf\">Estrategias creativas en la ense\u00f1anza universitaria (SATURNINO DE LA TORRE Y VER\u00d3NICA VIOLANT)<\/a>.<\/p>\n<p><a href=\"http:\/\/www2.uepg.br\/programa-des\/wp-content\/uploads\/sites\/32\/2019\/08\/Almeida-Pimenta.pdf\" target=\"_blank\" rel=\"noopener noreferrer\">Pedagogia universit\u00e1ria: valorizando o ensino e a doc\u00eancia na universidade (ALMEIDA; PIMENTA, 2014)<\/a>.<\/p>\n<p><a href=\"http:\/\/www.maiza.com.br\/adm\/producao\/34.pdf\" target=\"_blank\" rel=\"noopener noreferrer\">Possibilidades did\u00e1ticas do trabalho com o semin\u00e1rio na aula universit\u00e1ria (ZANON; ALTHAUS, 2010).<\/a><\/p>\n<p><a href=\"http:\/\/www2.uepg.br\/programa-des\/wp-content\/uploads\/sites\/32\/2019\/08\/Caderno_5_PAE.pdf\">Pr\u00e1ticas de avalia\u00e7\u00e3o de dois professores universit\u00e1rios (FERNANDES, 2015)<\/a>.<\/p>\n<p><a href=\"http:\/\/www2.uepg.br\/programa-des\/wp-content\/uploads\/sites\/32\/2019\/08\/Artigo-Profa-Wanda.pdf\" target=\"_blank\" rel=\"noopener noreferrer\">Professor universit\u00e1rio em in\u00edcio de carreira: um estudo na Universidade Estadual do Centro \u2013 Oeste \u2013UNICENTRO\/ PR (SANTOS, 2014)<\/a>.<\/p>\n<h3 id=\"entrevistas\"><\/h3>\n<hr \/>\n<h3>ENTREVISTAS<\/h3>\n<p>[embedyt] https:\/\/www.youtube.com\/watch?v=J4UUM2E_yFo[\/embedyt]<\/p>\n<p style=\"text-align: center\">Entrevista com Manuel Castells: \u201cEscola e internet: o mundo da aprendizagem dos jovens\u201d.<\/p>\n<p>&nbsp;<\/p>\n<p>[embedyt] https:\/\/www.youtube.com\/watch?v=dhwREzhnCEI[\/embedyt]<\/p>\n<p style=\"text-align: center\">Entrevista com Maria Isabel de Almeida: \u201cDid\u00e1tica no ensino\u201d.<\/p>\n<p>&nbsp;<\/p>\n<p>[embedyt] https:\/\/www.youtube.com\/watch?v=hZPBM8NqXZE[\/embedyt]<\/p>\n<p style=\"text-align: center\">Entrevista com Lee Shulman: \u201cDesafios da Educa\u00e7\u00e3o\u201d<\/p>\n<p>&nbsp;<\/p>\n<p>&nbsp;<\/p>\n<div id=\"links\"><\/div>\n<hr \/>\n<h3>LINKS<\/h3>\n<p><a href=\"http:\/\/www.facebook.com\/l.php?u=http%3A%2F%2Fead.uepg.br%2Fsite%2F2016%2F06%2F17%2Finforma-ead-49-programa-des-professores-coordenadores-17062016%2F&amp;h=NAQHLWsT9\" target=\"_blank\" rel=\"noopener noreferrer\">PODCAST realizado pelo NUTEAD (UEPG) com os Coordenadores do Programa DES<\/a><\/p>\n<p><a href=\"https:\/\/www.youtube.com\/watch?v=r2b7GeuqkPc\" target=\"_blank\" rel=\"noopener noreferrer\">What is a Flipped classroom? (Julie Schell)<\/a><\/p>\n<p><a href=\"https:\/\/www.youtube.com\/channel\/UCvgiMynQG-9-9p70akq0DHw\" target=\"_blank\" rel=\"noopener noreferrer\">Nosso canal no YouTube<\/a><\/p>\n<p><a href=\"https:\/\/www.facebook.com\/Programa-DES-Doc%C3%AAncia-no-Ensino-Superior--976964015673477\/timeline\" target=\"_blank\" rel=\"noopener noreferrer\">Nossa p\u00e1gina no Facebook<\/a><\/p>\n<p><a href=\"https:\/\/www2.uepg.br\/portaldaslicenciaturas\/\" target=\"_blank\" rel=\"noopener noreferrer\">Portal das Licenciaturas UEPG<\/a><\/p>\n<p><a href=\"http:\/\/ctl.yale.edu\/\" target=\"_blank\" rel=\"noopener noreferrer\">Yale \u2013 Center for Teaching and Learning<\/a><\/p>\n<p><a href=\"http:\/\/bokcenter.harvard.edu\/\" target=\"_blank\" rel=\"noopener noreferrer\">Harvard \u2013 Derek Bok Center for Teaching and Learning<\/a><\/p>\n<p><a href=\"http:\/\/www.maiza.com.br\/?menu=docencia_universitaria\" target=\"_blank\" rel=\"noopener noreferrer\">Acervo Doc\u00eancia Universit\u00e1ria<\/a><\/p>\n<p><a href=\"http:\/\/www.prpg.usp.br\/index.php\/pt-br\/pae\/etapa-de-preparacao-pedagogica\/cadernos-de-pedagogia\" target=\"_blank\" rel=\"noopener noreferrer\">Cadernos de Pedagogia Universit\u00e1ria da USP<\/a><\/p>\n<div id=\"video-aulas\"><\/div>\n<p>&nbsp;<\/p>\n<h3><\/h3>\n<hr \/>\n<h3>VIDEOAULAS, TUTORIAIS<\/h3>\n<p>Tutorial Sobre Di\u00e1rios de Classe: clique\u00a0<a href=\"http:\/\/portal.uepg.br\/noticias.php?id=9365\" target=\"_blank\" rel=\"noopener noreferrer\">aqui<\/a>\u00a0e leia sobre este trabalho preparado pelo Programa DES para os Professores da UEPG.<\/p>\n<p>&nbsp;<\/p>\n<div id=\"livros\"><\/div>\n<hr \/>\n<h3>LIVROS, E-BOOKS, TESES RELACIONADAS AO TEMA DA DOC\u00caNCIA UNIVERSIT\u00c1RIA<\/h3>\n<p>&nbsp;<\/p>\n<p>&nbsp;<\/p>\n<div class=\"container\">\n<div class=\"row\">\n<div class=\"col-sm-4\">\n<div id=\"attachment_4060\" style=\"width: 210px\" class=\"wp-caption alignleft\"><a href=\"http:\/\/ri.uepg.br:8080\/riuepg\/handle\/123456789\/938\" target=\"_blank\" rel=\"noopener noreferrer\"><img aria-describedby=\"caption-attachment-4060\" loading=\"lazy\" class=\"wp-image-4060\" src=\"http:\/\/sites.uepg.br\/prograd\/wp-content\/uploads\/2016\/03\/livro-Cleide-714x1024.jpg\" alt=\"O tutor, sua forma\u00e7\u00e3o e sua pr\u00e1tica.\" width=\"200\" height=\"286\" \/><\/a><p id=\"caption-attachment-4060\" class=\"wp-caption-text\">O tutor, sua forma\u00e7\u00e3o e sua pr\u00e1tica<\/p><\/div>\n<\/div>\n<div class=\"col-sm-4\">\n<p>&nbsp;<\/p>\n<div id=\"attachment_4061\" style=\"width: 210px\" class=\"wp-caption alignleft\"><a href=\"http:\/\/ri.uepg.br:8080\/riuepg\/handle\/123456789\/939\" target=\"_blank\" rel=\"noopener noreferrer\"><img aria-describedby=\"caption-attachment-4061\" loading=\"lazy\" class=\"wp-image-4061\" src=\"http:\/\/sites.uepg.br\/prograd\/wp-content\/uploads\/2016\/03\/livro-Denia-717x1024.jpg\" alt=\"Resolu\u00e7\u00e3o e transforma\u00e7\u00e3o de conflitos no \u00e2mbito da EaD\" width=\"200\" height=\"286\" \/><\/a><p id=\"caption-attachment-4061\" class=\"wp-caption-text\">Resolu\u00e7\u00e3o e transforma\u00e7\u00e3o de conflitos no \u00e2mbito da EaD<\/p><\/div>\n<\/div>\n<div class=\"col-sm-4\">\n<p>&nbsp;<\/p>\n<div id=\"attachment_4061\" style=\"width: 210px\" class=\"wp-caption alignleft\"><a href=\"http:\/\/www.prpg.usp.br\/attachments\/article\/640\/Caderno_10_PAE.pdf\" target=\"_blank\" rel=\"noopener noreferrer\"><img aria-describedby=\"caption-attachment-4061\" loading=\"lazy\" class=\"wp-image-4061\" src=\"http:\/\/sites.uepg.br\/prograd\/wp-content\/uploads\/2016\/04\/cadernospedagogia.jpg\" alt=\"Caderno 10 PAE\" width=\"200\" height=\"281\" \/><\/a><p id=\"caption-attachment-4061\" class=\"wp-caption-text\">Caderno 10 PAE<\/p><\/div>\n<\/div>\n<\/div>\n<div class=\"row\">\n<div class=\"col-sm-4\">\n<p>&nbsp;<\/p>\n<div id=\"attachment_4060\" style=\"width: 210px\" class=\"wp-caption alignleft\"><a href=\"http:\/\/www.prpg.usp.br\/attachments\/article\/640\/Caderno_5_PAE.pdf\" target=\"_blank\" rel=\"noopener noreferrer\"><img aria-describedby=\"caption-attachment-4060\" loading=\"lazy\" class=\"wp-image-4060\" src=\"http:\/\/sites.uepg.br\/prograd\/wp-content\/uploads\/2016\/04\/cadernospedagogia5.jpg\" alt=\"Caderno 5 PAE\" width=\"200\" height=\"277\" \/><\/a><p id=\"caption-attachment-4060\" class=\"wp-caption-text\">Caderno 5 PAE<\/p><\/div>\n<\/div>\n<div class=\"col-sm-4\">\n<p>&nbsp;<\/p>\n<div id=\"attachment_4061\" style=\"width: 211px\" class=\"wp-caption alignleft\"><a href=\"http:\/\/biblioteca.ucv.cl\/site\/colecciones\/manuales_u\/A%20Handbook%20for%20Teaching%20and%20Learning%20in%20Higher%20Education%20Enhancing%20academic%20and%20Practice.pdf\" target=\"_blank\" rel=\"noopener noreferrer\"><img aria-describedby=\"caption-attachment-4061\" loading=\"lazy\" class=\"wp-image-4061\" src=\"http:\/\/sites.uepg.br\/prograd\/wp-content\/uploads\/2016\/04\/handbook.jpg\" alt=\"Teaching and Learning in Higher Education\" width=\"201\" height=\"266\" \/><\/a><p id=\"caption-attachment-4061\" class=\"wp-caption-text\">Teaching and Learning in Higher Education<\/p><\/div>\n<\/div>\n<div class=\"col-sm-4\">\n<p>&nbsp;<\/p>\n<div id=\"attachment_4061\" style=\"width: 199px\" class=\"wp-caption alignleft\"><a href=\"http:\/\/www.ub.edu\/ice\/sites\/default\/files\/\/docs\/qdu\/14cuaderno.pdf\" target=\"_blank\" rel=\"noopener noreferrer\"><img aria-describedby=\"caption-attachment-4061\" loading=\"lazy\" class=\"wp-image-4061\" src=\"http:\/\/sites.uepg.br\/prograd\/wp-content\/uploads\/2016\/04\/14Cuaderno.jpg\" alt=\"Resolu\u00e7\u00e3o e transforma\u00e7\u00e3o de conflitos no \u00e2mbito da EaD\" width=\"189\" height=\"269\" \/><\/a><p id=\"caption-attachment-4061\" class=\"wp-caption-text\">Caderno de Docencia Universitaria<\/p><\/div>\n<\/div>\n<div class=\"col-sm-4\">\n<p>&nbsp;<\/p>\n<div style=\"width: 188px\" class=\"wp-caption alignleft\"><a href=\"http:\/\/www.todapalavraeditora.com.br\/produtos\/detalhes\/livros\/docncia-universitria-saberes-e-cenrios-formativos.html\" target=\"_blank\" rel=\"noopener noreferrer\"><img loading=\"lazy\" class=\"\" src=\"http:\/\/sites.uepg.br\/prograd\/wp-content\/uploads\/2016\/03\/Capa-livro-Maiza-Althaus-versao-final-198x300.jpg\" alt=\"Capa livro Maiza Althaus versao final\" width=\"178\" height=\"270\" \/><\/a><p class=\"wp-caption-text\">Doc\u00eancia universit\u00e1ria: saberes e cen\u00e1rios formativos<\/p><\/div>\n<\/div>\n<\/div>\n<\/div>\n<div id=\"palestras\"><\/div>\n<h3><\/h3>\n<h3><\/h3>\n<h3><\/h3>\n<h3><\/h3>\n<h3><\/h3>\n<h3><\/h3>\n<h3><\/h3>\n<h3><\/h3>\n<h3><\/h3>\n<h3><\/h3>\n<h3><\/h3>\n<hr \/>\n<h3>PALESTRAS E APRESENTA\u00c7\u00d5ES<\/h3>\n<p>Acesse <a href=\"http:\/\/www2.uepg.br\/programa-des\/wp-content\/uploads\/sites\/32\/2019\/08\/fundamentos-mapas.pdf\" target=\"_blank\" rel=\"noopener noreferrer\">aqui <\/a>o material para o curso: Mapas conceituais: \u00a0seus fundamentos te\u00f3ricos e aplica\u00e7\u00f5es.<\/p>\n<p><a href=\"http:\/\/www2.uepg.br\/programa-des\/wp-content\/uploads\/sites\/32\/2019\/08\/SLIDES-PROF-DR-SILVIO-MAPAS-CONCEITUAIS-Des-Uepg.pdf\" target=\"_blank\" rel=\"noopener noreferrer\">Slides da palestra<\/a>\u00a0sobre Mapas Conceituais proferida pelo Prof. Dr.Silvio Rutz no dia 16\/06\/2015.<\/p>\n<p><a href=\"http:\/\/www2.uepg.br\/programa-des\/wp-content\/uploads\/sites\/32\/2019\/08\/MetodologiasAtivas.pdf\" target=\"_blank\" rel=\"noopener noreferrer\">Slides da apresenta\u00e7\u00e3o<\/a>\u00a0do Professor Dr. F\u00e1bio Andr\u00e9 dos Santos: palestra sobre Metodologias Ativas no ensino de gradua\u00e7\u00e3o \u201cflipped classroom\u201d<\/p>\n<p><a href=\"http:\/\/www2.uepg.br\/programa-des\/wp-content\/uploads\/sites\/32\/2019\/08\/PALESTRA-PROGRAMA-DES.pdf\">Slides da palestra<\/a>\u00a0proferida pela professora Dra. Wanda Pacheco Santos no evento do dia <a href=\"https:\/\/www.facebook.com\/media\/set\/?set=a.1003980402971838.1073741831.976964015673477&amp;type=3\" target=\"_blank\" rel=\"noopener noreferrer\">13\/04\/2016 \u2013 Encontro Pedag\u00f3gico sobre \u201cDesafios da Doc\u00eancia Universit\u00e1ria\u201d<\/a><\/p>\n<p><a href=\"http:\/\/www2.uepg.br\/programa-des\/wp-content\/uploads\/sites\/32\/2019\/08\/Se\u00e7\u00e3o-1-Import\u00e2ncia-da-tecnologia-na-educa\u00e7\u00e3o.pdf\">Slides da Se\u00e7\u00e3o 1\u00a0<\/a>\u00a0e <a href=\"http:\/\/sites.uepg.br\/prograd\/wp-content\/themes\/PROGRAD\/assetsDes\/artigos\/Se%C3%A7%C3%A3o%202%20-%20Recursos%20tecnol%C3%B3gicos%20para%20ensinar%20e%20aprender.pdf\" target=\"_blank\" rel=\"noopener noreferrer\">Se\u00e7\u00e3o 2<\/a>\u00a0da palestra proferida pelo\u00a0Mestre em Computa\u00e7\u00e3o Aplicada, Albino Szesz no evento do dia\u00a0<a title=\"Tecnologias no Ensino de Gradua\u00e7\u00e3o - Parte 1\" href=\"https:\/\/www.facebook.com\/media\/set\/?set=a.999940966709115.1073741830.976964015673477&amp;type=3\" target=\"_blank\" rel=\"bookmark noopener noreferrer\">\u00a007\/04\/2016 \u2013 Tecnologias no Ensino de Gradua\u00e7\u00e3o<\/a><\/p>\n","protected":false},"excerpt":{"rendered":"<p>Neste espa\u00e7o, voc\u00ea encontrar\u00e1 sugest\u00f5es de links para navega\u00e7\u00e3o, com leituras, pesquisas, livros, videoaulas, entrevistas, artigos e teses relacionadas \u00e0 quest\u00e3o da forma\u00e7\u00e3o pedag\u00f3gica para a doc\u00eancia universit\u00e1ria. ARTIGOS Conhecimento e ensino: \u00a0fundamentos para a nova reforma (SHULMAN, 2014). Da doc\u00eancia no ensino superior: condi\u00e7\u00f5es e exig\u00eancias (SEVERINO, 2013). Doc\u00eancia universit\u00e1ria: relato de experi\u00eancia com&nbsp;&hellip;<\/p>\n","protected":false},"author":24,"featured_media":0,"parent":0,"menu_order":0,"comment_status":"closed","ping_status":"closed","template":"","meta":[],"_links":{"self":[{"href":"https:\/\/www2.uepg.br\/programa-des\/wp-json\/wp\/v2\/pages\/61"}],"collection":[{"href":"https:\/\/www2.uepg.br\/programa-des\/wp-json\/wp\/v2\/pages"}],"about":[{"href":"https:\/\/www2.uepg.br\/programa-des\/wp-json\/wp\/v2\/types\/page"}],"author":[{"embeddable":true,"href":"https:\/\/www2.uepg.br\/programa-des\/wp-json\/wp\/v2\/users\/24"}],"replies":[{"embeddable":true,"href":"https:\/\/www2.uepg.br\/programa-des\/wp-json\/wp\/v2\/comments?post=61"}],"version-history":[{"count":41,"href":"https:\/\/www2.uepg.br\/programa-des\/wp-json\/wp\/v2\/pages\/61\/revisions"}],"predecessor-version":[{"id":221,"href":"https:\/\/www2.uepg.br\/programa-des\/wp-json\/wp\/v2\/pages\/61\/revisions\/221"}],"wp:attachment":[{"href":"https:\/\/www2.uepg.br\/programa-des\/wp-json\/wp\/v2\/media?parent=61"}],"curies":[{"name":"wp","href":"https:\/\/api.w.org\/{rel}","templated":true}]}}