{"id":132,"date":"2022-03-25T15:49:49","date_gmt":"2022-03-25T18:49:49","guid":{"rendered":"https:\/\/www2.uepg.br\/propesp-cep\/?page_id=132"},"modified":"2025-09-04T15:59:59","modified_gmt":"2025-09-04T18:59:59","slug":"procedimentos","status":"publish","type":"page","link":"https:\/\/www2.uepg.br\/propesp-cep\/procedimentos\/","title":{"rendered":"Procedimentos"},"content":{"rendered":"<table>\n<tbody>\n<tr>\n<td width=\"576\">*OBS: os projetos de pesquisa devem ser enviados via Plataforma Brasil\u00a0<strong>at\u00e9 o dia 20<\/strong> para que sejam analisados em reuni\u00e3o mensal, que acontece na \u00faltima sexta-feira \u00fatil do m\u00eas.<\/td>\n<\/tr>\n<\/tbody>\n<\/table>\n<p><strong><br \/>\nCadastro de Usu\u00e1rio<\/strong><\/p>\n<ol>\n<li>O pesquisador deve se cadastrar na Plataforma Brasil atrav\u00e9s do site\u00a0<a href=\"http:\/\/plataformabrasil.saude.gov.br\/\" target=\"_blank\" rel=\"noopener\">http:\/\/plataformabrasil.saude.gov.br<\/a><\/li>\n<li>Ser\u00e1 obrigat\u00f3rio anexar: curr\u00edculo, documento digitalizado e foto de identifica\u00e7\u00e3o. O cadastro s\u00f3 avan\u00e7a ap\u00f3s a inclus\u00e3o desses documentos.<br \/>\n<em>*Caso o bot\u00e3o \u201canexar\u201d n\u00e3o esteja habilitado em seu navegador, siga as instru\u00e7\u00f5es conforme o\u00a0<a href=\"http:\/\/www4.pucsp.br\/cometicasorocaba\/download\/Manual-de-pesquisador.pdf\" target=\"_blank\" rel=\"noopener\">Manual do Pesquisador (p\u00e1ginas 9 a 13)<\/a>.<\/em><\/li>\n<li><strong>IMPORTANTE<\/strong>: Durante o cadastro, atentar ao campo \u201cADICIONAR INSTITUI\u00c7\u00c3O\u201d. Deve-se adicionar a Institui\u00e7\u00e3o a qual o pesquisador est\u00e1 vinculado.<\/li>\n<li>Para maiores d\u00favidas quanto ao preenchimento do cadastro de usu\u00e1rio, consulte o\u00a0<a href=\"http:\/\/www4.pucsp.br\/cometicasorocaba\/download\/Manual-de-pesquisador.pdf\" target=\"_blank\" rel=\"noopener\">Manual do Pesquisador da Plataforma Brasil<\/a>.<\/li>\n<\/ol>\n<p><strong>Cadastro de Projeto de Pesquisa<\/strong><\/p>\n<ol>\n<li>Lembramos que aluno de gradua\u00e7\u00e3o n\u00e3o pode ser pesquisador respons\u00e1vel, portanto a pesquisa deve ser inicialmente cadastrada na Plataforma Brasil pelo orientador.<\/li>\n<li>Acesse a Plataforma Brasil com seu e-mail de acesso e senha:\u00a0<a href=\"http:\/\/plataformabrasil.saude.gov.br\/\" target=\"_blank\" rel=\"noopener\">http:\/\/plataformabrasil.saude.gov.br<\/a><\/li>\n<li>Para submeter um projeto de pesquisa clique em \u201cNova Submiss\u00e3o\u201d e preencha os campos com os dados solicitados.<\/li>\n<li>Aten\u00e7\u00e3o: O pesquisador s\u00f3 avan\u00e7ar\u00e1 para a tela seguinte se a anterior estiver totalmente preenchida. Todos os campos marcados com (*) s\u00e3o de preenchimento obrigat\u00f3rio.<\/li>\n<li><strong>Principais d\u00favidas durante o preenchimento do cadastro de Projetos de Pesquisa:<br \/>\n<\/strong>5.1 ASSISTENTES DE PESQUISA: perfil padr\u00e3o para Aluno de Gradua\u00e7\u00e3o. S\u00e3o as pessoas que podem dar continuidade ao preenchimento do projeto de pesquisa \u2013 precisam estar cadastradas na Plataforma Brasil. Os assistentes de pesquisa receber\u00e3o r\u00e9plica do projeto.<br \/>\n5.2 EQUIPE DE PESQUISA: membros pesquisadores que ir\u00e3o compor\/auxiliar o projeto de pesquisa. Estes\u00a0<strong>n\u00e3o\u00a0<\/strong>ter\u00e3o acesso ao projeto no sistema. Toda a equipe de pesquisa deve estar cadastrada na Plataforma Brasil.<br \/>\n5.3\u00a0<strong>INSTITUI\u00c7\u00c3O PROPONENTE<\/strong>: item de suma import\u00e2ncia para o sistema. Para que a Institui\u00e7\u00e3o seja exibida nesse campo, \u00e9 necess\u00e1rio que tenha sido inclu\u00eddo o v\u00ednculo no momento do cadastro de usu\u00e1rio ou via aba \u201cAlterar Meus Dados\u201d.<br \/>\n5.4 \u00c1REA TEM\u00c1TICA ESPECIAL: Tenha muita aten\u00e7\u00e3o para preencher esses dados corretamente, pois se seu projeto n\u00e3o pertencer a nenhuma das \u00e1reas especiais e voc\u00ea enquadr\u00e1-lo equivocadamente em uma dessas \u00e1reas (que demandam aprecia\u00e7\u00e3o da CONEP), ele ser\u00e1 automaticamente enviado para a CONEP ap\u00f3s a aprova\u00e7\u00e3o do CEP e n\u00e3o ser\u00e1 permitido o in\u00edcio do estudo.<br \/>\n5.5\u00a0<strong>FOLHA DE ROSTO<\/strong>: O pesquisador deve clicar em \u201cimprimir folha de rosto\u201d e a folha ser\u00e1 gerada.\u00a0<strong>A folha de rosto gerada dever\u00e1 ser impressa, preenchida e assinada pelo Pesquisador Respons\u00e1vel e pelo Respons\u00e1vel pela Institui\u00e7\u00e3o Proponente. Ap\u00f3s assinada, a folha deve ser digitalizada e anexada \u00e0 Plataforma Brasil.\u00a0<\/strong>Isso significa que a submiss\u00e3o de protocolos de pesquisa n\u00e3o poder\u00e1 ser feita em um momento \u00fanico.<br \/>\n5.5.1\u00a0<strong>Aten\u00e7\u00e3o<\/strong>: Institui\u00e7\u00e3o Proponente = v\u00ednculo que o pesquisador possui dentro da UEPG. Exemplo: se o pesquisador respons\u00e1vel pertence ao Depto. de\u2026 (preencher os dados do Chefe do Depto. e assinatura e carimbo funcional do mesmo); ou se o pesquisador respons\u00e1vel for aluno de p\u00f3s-gradua\u00e7\u00e3o, Coordena\u00e7\u00e3o do PPG em\u2026 (preencher os dados do Coordenador do PPG com assinatura e carimbo funcional do mesmo). O respons\u00e1vel pela institui\u00e7\u00e3o proponente pode ser o Chefe de Departamento, Coordenador de Curso, Coordenador do Programa de P\u00f3s-Gradua\u00e7\u00e3o, Diretor do Setor ou seus adjuntos.<\/li>\n<li>5.6\u00a0<strong>TERMO DE CONSENTIMENTO LIVRE E ESCLARECIDO \u2013 TCLE<\/strong>: documento obrigat\u00f3rio no qual \u00e9 explicitado o consentimento livre e esclarecido do participante e\/ou de seu respons\u00e1vel legal, de forma escrita, devendo conter todas as informa\u00e7\u00f5es necess\u00e1rias,\u00a0<strong>em linguagem clara e objetiva<\/strong>, de f\u00e1cil entendimento, para o mais completo esclarecimento sobre a pesquisa a qual se prop\u00f5e participar. Lembre-se de incluir o objetivo da pesquisa, o direito \u00e0 desist\u00eancia em seguran\u00e7a, poss\u00edveis riscos e condutas previstas, benef\u00edcios ao pesquisado direta ou indiretamente, destino de grava\u00e7\u00f5es e filmagens, se houver, e os meios de divulga\u00e7\u00e3o dos resultados, assim como telefone e endere\u00e7o do respons\u00e1vel do estudo e do CEP\/UEPG para que o volunt\u00e1rio possa entrar em contato sempre que necess\u00e1rio.<\/li>\n<li>Ap\u00f3s o envio, o projeto poder\u00e1 ser aceito ou rejeitado pelo CEP. Se for rejeitado, o pesquisador receber\u00e1 um e-mail notificando que deve acessar a p\u00e1gina da Plataforma Brasil e o sistema informar\u00e1 o motivo da rejei\u00e7\u00e3o (falta de documentos, documentos n\u00e3o assinados, documento anexado errado, etc.). Se for aceito, a notifica\u00e7\u00e3o informar\u00e1 que o projeto foi encaminhado para relatoria.<\/li>\n<li><strong>A notifica\u00e7\u00e3o de pend\u00eancias e o parecer do CEP ser\u00e3o obtidos atrav\u00e9s da Plataforma Brasil<\/strong>. Os pesquisadores devem ter cuidado ao responder as pend\u00eancias e, se tiver d\u00favidas, procurar o CEP antes de envi\u00e1-las via sistema.<\/li>\n<li>Projetos de outras institui\u00e7\u00f5es sem CEPs cadastrados no sistema: Quando o pesquisador clicar em \u201cEnviar o projeto ao CEP\u201d, os projetos ser\u00e3o enviados diretamente \u00e0 CONEP. \u00c9 a CONEP quem decidir\u00e1 qual CEP apreciar\u00e1 o projeto e ela mesma o enviar\u00e1 ao CEP escolhido.<\/li>\n<li>Para maiores d\u00favidas quanto ao preenchimento do cadastro de projeto de pesquisa, consulte o\u00a0<a href=\"http:\/\/www4.pucsp.br\/cometicasorocaba\/download\/Manual-de-pesquisador.pdf\" target=\"_blank\" rel=\"noopener\">Manual do Pesquisador da Plataforma Brasil (p\u00e1ginas 29 a 44).<\/a><\/li>\n<\/ol>\n","protected":false},"excerpt":{"rendered":"<p>*OBS: os projetos de pesquisa devem ser enviados via Plataforma Brasil\u00a0at\u00e9 o dia 20 para que sejam analisados em reuni\u00e3o mensal, que acontece na \u00faltima sexta-feira \u00fatil do m\u00eas. Cadastro de Usu\u00e1rio O pesquisador deve se cadastrar na Plataforma Brasil atrav\u00e9s do site\u00a0http:\/\/plataformabrasil.saude.gov.br Ser\u00e1 obrigat\u00f3rio anexar: curr\u00edculo, documento digitalizado e foto de identifica\u00e7\u00e3o. O cadastro&nbsp;&hellip;<\/p>\n","protected":false},"author":378,"featured_media":0,"parent":0,"menu_order":0,"comment_status":"closed","ping_status":"closed","template":"","meta":[],"_links":{"self":[{"href":"https:\/\/www2.uepg.br\/propesp-cep\/wp-json\/wp\/v2\/pages\/132"}],"collection":[{"href":"https:\/\/www2.uepg.br\/propesp-cep\/wp-json\/wp\/v2\/pages"}],"about":[{"href":"https:\/\/www2.uepg.br\/propesp-cep\/wp-json\/wp\/v2\/types\/page"}],"author":[{"embeddable":true,"href":"https:\/\/www2.uepg.br\/propesp-cep\/wp-json\/wp\/v2\/users\/378"}],"replies":[{"embeddable":true,"href":"https:\/\/www2.uepg.br\/propesp-cep\/wp-json\/wp\/v2\/comments?post=132"}],"version-history":[{"count":3,"href":"https:\/\/www2.uepg.br\/propesp-cep\/wp-json\/wp\/v2\/pages\/132\/revisions"}],"predecessor-version":[{"id":210,"href":"https:\/\/www2.uepg.br\/propesp-cep\/wp-json\/wp\/v2\/pages\/132\/revisions\/210"}],"wp:attachment":[{"href":"https:\/\/www2.uepg.br\/propesp-cep\/wp-json\/wp\/v2\/media?parent=132"}],"curies":[{"name":"wp","href":"https:\/\/api.w.org\/{rel}","templated":true}]}}