{"id":133,"date":"2022-03-25T15:49:49","date_gmt":"2022-03-25T18:49:49","guid":{"rendered":"https:\/\/www2.uepg.br\/propesp-cep\/?page_id=133"},"modified":"2025-10-26T07:30:57","modified_gmt":"2025-10-26T10:30:57","slug":"cronograma","status":"publish","type":"page","link":"https:\/\/www2.uepg.br\/propesp-cep\/cronograma\/","title":{"rendered":"Cronograma"},"content":{"rendered":"<h3><i>As reuni\u00f5es s\u00e3o realizadas nas \u00faltimas segundas-feiras de cada m\u00eas, ser\u00e3o avaliados os processos enviados at\u00e9 o dia 20 de cada m\u00eas.<\/i><\/h3>\n","protected":false},"excerpt":{"rendered":"<p>As reuni\u00f5es s\u00e3o realizadas nas \u00faltimas segundas-feiras de cada m\u00eas, ser\u00e3o avaliados os processos enviados at\u00e9 o dia 20 de cada m\u00eas.<\/p>\n","protected":false},"author":378,"featured_media":0,"parent":0,"menu_order":0,"comment_status":"closed","ping_status":"closed","template":"","meta":[],"_links":{"self":[{"href":"https:\/\/www2.uepg.br\/propesp-cep\/wp-json\/wp\/v2\/pages\/133"}],"collection":[{"href":"https:\/\/www2.uepg.br\/propesp-cep\/wp-json\/wp\/v2\/pages"}],"about":[{"href":"https:\/\/www2.uepg.br\/propesp-cep\/wp-json\/wp\/v2\/types\/page"}],"author":[{"embeddable":true,"href":"https:\/\/www2.uepg.br\/propesp-cep\/wp-json\/wp\/v2\/users\/378"}],"replies":[{"embeddable":true,"href":"https:\/\/www2.uepg.br\/propesp-cep\/wp-json\/wp\/v2\/comments?post=133"}],"version-history":[{"count":5,"href":"https:\/\/www2.uepg.br\/propesp-cep\/wp-json\/wp\/v2\/pages\/133\/revisions"}],"predecessor-version":[{"id":222,"href":"https:\/\/www2.uepg.br\/propesp-cep\/wp-json\/wp\/v2\/pages\/133\/revisions\/222"}],"wp:attachment":[{"href":"https:\/\/www2.uepg.br\/propesp-cep\/wp-json\/wp\/v2\/media?parent=133"}],"curies":[{"name":"wp","href":"https:\/\/api.w.org\/{rel}","templated":true}]}}