{"id":134,"date":"2022-03-25T15:49:49","date_gmt":"2022-03-25T18:49:49","guid":{"rendered":"https:\/\/www2.uepg.br\/propesp-cep\/?page_id=134"},"modified":"2025-09-04T16:06:29","modified_gmt":"2025-09-04T19:06:29","slug":"formularios","status":"publish","type":"page","link":"https:\/\/www2.uepg.br\/propesp-cep\/formularios\/","title":{"rendered":"Formul\u00e1rios"},"content":{"rendered":"<ul>\n<li><a href=\"https:\/\/www2.uepg.br\/propesp-cep\/wp-content\/uploads\/sites\/230\/2022\/03\/Areas_Tematicas_e_Areas_de_Conhecimento.pdf\" target=\"_blank\" rel=\"noopener\">\u00c1reas Tem\u00e1ticas e \u00c1reas de Conhecimento<\/a><\/li>\n<li><a href=\"https:\/\/www2.uepg.br\/propesp-cep\/wp-content\/uploads\/sites\/230\/2022\/03\/resolucao_466.pdf\" target=\"_blank\" rel=\"noopener\">Resolu\u00e7\u00e3o CNS 466\/2012 \u2013 Diretrizes e normas regulamentadoras de pesquisas envolvendo seres humanos<\/a><\/li>\n<li><a href=\"http:\/\/conselho.saude.gov.br\/resolucoes\/2016\/Reso510.pdf\" target=\"_blank\" rel=\"noopener\">Resolu\u00e7\u00e3o CNS 510\/2016 \u2013 Normas aplic\u00e1veis a pesquisas em Ci\u00eancias Humanas e Sociais<\/a><\/li>\n<li><a href=\"https:\/\/www2.uepg.br\/propesp-cep\/wp-content\/uploads\/sites\/230\/2022\/03\/TCLE-CEPUEPG.docx\">Termo de consentimento livre e esclarecido (T.C.L.E)<\/a><\/li>\n<li><a href=\"https:\/\/www2.uepg.br\/propesp-cep\/wp-content\/uploads\/sites\/230\/2022\/03\/Formulario-para-Relatorio-de-Pesquisa-CEPUEPG.docx\">Formul\u00e1rio para Relat\u00f3rio ou acompanhamento da Pesquisa<\/a><\/li>\n<li><a href=\"https:\/\/www.planalto.gov.br\/ccivil_03\/_ato2023-2026\/2024\/lei\/l14874.htm\" target=\"_blank\" rel=\"noopener\">Lei n\u00ba 14874\/2024<\/a><\/li>\n<\/ul>\n","protected":false},"excerpt":{"rendered":"<p>\u00c1reas Tem\u00e1ticas e \u00c1reas de Conhecimento Resolu\u00e7\u00e3o CNS 466\/2012 \u2013 Diretrizes e normas regulamentadoras de pesquisas envolvendo seres humanos Resolu\u00e7\u00e3o CNS 510\/2016 \u2013 Normas aplic\u00e1veis a pesquisas em Ci\u00eancias Humanas e Sociais Termo de consentimento livre e esclarecido (T.C.L.E) Formul\u00e1rio para Relat\u00f3rio ou acompanhamento da Pesquisa Lei n\u00ba 14874\/2024<\/p>\n","protected":false},"author":378,"featured_media":0,"parent":0,"menu_order":0,"comment_status":"closed","ping_status":"closed","template":"","meta":[],"_links":{"self":[{"href":"https:\/\/www2.uepg.br\/propesp-cep\/wp-json\/wp\/v2\/pages\/134"}],"collection":[{"href":"https:\/\/www2.uepg.br\/propesp-cep\/wp-json\/wp\/v2\/pages"}],"about":[{"href":"https:\/\/www2.uepg.br\/propesp-cep\/wp-json\/wp\/v2\/types\/page"}],"author":[{"embeddable":true,"href":"https:\/\/www2.uepg.br\/propesp-cep\/wp-json\/wp\/v2\/users\/378"}],"replies":[{"embeddable":true,"href":"https:\/\/www2.uepg.br\/propesp-cep\/wp-json\/wp\/v2\/comments?post=134"}],"version-history":[{"count":5,"href":"https:\/\/www2.uepg.br\/propesp-cep\/wp-json\/wp\/v2\/pages\/134\/revisions"}],"predecessor-version":[{"id":214,"href":"https:\/\/www2.uepg.br\/propesp-cep\/wp-json\/wp\/v2\/pages\/134\/revisions\/214"}],"wp:attachment":[{"href":"https:\/\/www2.uepg.br\/propesp-cep\/wp-json\/wp\/v2\/media?parent=134"}],"curies":[{"name":"wp","href":"https:\/\/api.w.org\/{rel}","templated":true}]}}