{"id":136,"date":"2022-03-25T15:49:50","date_gmt":"2022-03-25T18:49:50","guid":{"rendered":"https:\/\/www2.uepg.br\/propesp-cep\/?page_id=136"},"modified":"2022-03-25T16:28:38","modified_gmt":"2022-03-25T19:28:38","slug":"links-uteis","status":"publish","type":"page","link":"https:\/\/www2.uepg.br\/propesp-cep\/links-uteis\/","title":{"rendered":"Links \u00dateis"},"content":{"rendered":"<p style=\"text-align: center;\"><a href=\"https:\/\/www.gov.br\/capes\/pt-br\">CAPES\u00a0<\/a><\/p>\n<p style=\"text-align: center;\"><a href=\"https:\/\/www.gov.br\/cnpq\/pt-br\">CNPQ<\/a><\/p>\n<p style=\"text-align: center;\"><a href=\"http:\/\/www.finep.gov.br\/\">FINEP<\/a><\/p>\n<p style=\"text-align: center;\"><a href=\"https:\/\/www.gov.br\/mec\/pt-br\">MEC<\/a><\/p>\n<p style=\"text-align: center;\"><a href=\"https:\/\/www.fappr.pr.gov.br\/\">Funda\u00e7\u00e3o Arauc\u00e1ria<\/a><\/p>\n<p style=\"text-align: center;\"><a href=\"https:\/\/www.seti.pr.gov.br\/\">SETI PR<\/a><\/p>\n<p style=\"text-align: center;\"><a href=\"https:\/\/confap.org.br\/novo\/index.php\/\">CONFAP<\/a><\/p>\n<p style=\"text-align: center;\"><a href=\"https:\/\/www.newton-gcrf.org\/newton-fund\/\">Newton Fund<\/a><\/p>\n","protected":false},"excerpt":{"rendered":"<p>CAPES\u00a0 CNPQ FINEP MEC Funda\u00e7\u00e3o Arauc\u00e1ria SETI PR CONFAP Newton Fund<\/p>\n","protected":false},"author":378,"featured_media":0,"parent":0,"menu_order":0,"comment_status":"closed","ping_status":"closed","template":"","meta":[],"_links":{"self":[{"href":"https:\/\/www2.uepg.br\/propesp-cep\/wp-json\/wp\/v2\/pages\/136"}],"collection":[{"href":"https:\/\/www2.uepg.br\/propesp-cep\/wp-json\/wp\/v2\/pages"}],"about":[{"href":"https:\/\/www2.uepg.br\/propesp-cep\/wp-json\/wp\/v2\/types\/page"}],"author":[{"embeddable":true,"href":"https:\/\/www2.uepg.br\/propesp-cep\/wp-json\/wp\/v2\/users\/378"}],"replies":[{"embeddable":true,"href":"https:\/\/www2.uepg.br\/propesp-cep\/wp-json\/wp\/v2\/comments?post=136"}],"version-history":[{"count":3,"href":"https:\/\/www2.uepg.br\/propesp-cep\/wp-json\/wp\/v2\/pages\/136\/revisions"}],"predecessor-version":[{"id":177,"href":"https:\/\/www2.uepg.br\/propesp-cep\/wp-json\/wp\/v2\/pages\/136\/revisions\/177"}],"wp:attachment":[{"href":"https:\/\/www2.uepg.br\/propesp-cep\/wp-json\/wp\/v2\/media?parent=136"}],"curies":[{"name":"wp","href":"https:\/\/api.w.org\/{rel}","templated":true}]}}