{"id":137,"date":"2022-03-25T15:49:50","date_gmt":"2022-03-25T18:49:50","guid":{"rendered":"https:\/\/www2.uepg.br\/propesp-cep\/?page_id=137"},"modified":"2025-09-04T16:07:09","modified_gmt":"2025-09-04T19:07:09","slug":"atendimento","status":"publish","type":"page","link":"https:\/\/www2.uepg.br\/propesp-cep\/atendimento\/","title":{"rendered":"Atendimento"},"content":{"rendered":"<p style=\"text-align: center;\"><strong>Universidade Estadual de Ponta Grossa<\/strong><br \/>\n<strong>Av. Carlos Cavalcanti, 4748 \u2013 Uvaranas<\/strong><br \/>\n<strong>Bloco da Reitoria &#8211; Sala 22 \u2013 Campus Universit\u00e1rio<\/strong><br \/>\n<strong>CEP: 84030-900 \u2013 Ponta Grossa \u2013 PR<\/strong><\/p>\n<p style=\"text-align: center;\"><strong>E-mail: <a href=\"mailto:cep105@uepg.br\">cep105@uepg.br<\/a><\/strong><br \/>\n<strong>Fone\/Whatsapp: (42) 2102-8970<\/strong><\/p>\n<p style=\"text-align: center;\"><strong>Hor\u00e1rio: Segunda a Sexta, 8h \u00e0s 12h e 13h \u00e0s 17h<\/strong><\/p>\n","protected":false},"excerpt":{"rendered":"<p>Universidade Estadual de Ponta Grossa Av. Carlos Cavalcanti, 4748 \u2013 Uvaranas Bloco da Reitoria &#8211; Sala 22 \u2013 Campus Universit\u00e1rio CEP: 84030-900 \u2013 Ponta Grossa \u2013 PR E-mail: cep105@uepg.br Fone\/Whatsapp: (42) 2102-8970 Hor\u00e1rio: Segunda a Sexta, 8h \u00e0s 12h e 13h \u00e0s 17h<\/p>\n","protected":false},"author":378,"featured_media":0,"parent":0,"menu_order":0,"comment_status":"closed","ping_status":"closed","template":"","meta":[],"_links":{"self":[{"href":"https:\/\/www2.uepg.br\/propesp-cep\/wp-json\/wp\/v2\/pages\/137"}],"collection":[{"href":"https:\/\/www2.uepg.br\/propesp-cep\/wp-json\/wp\/v2\/pages"}],"about":[{"href":"https:\/\/www2.uepg.br\/propesp-cep\/wp-json\/wp\/v2\/types\/page"}],"author":[{"embeddable":true,"href":"https:\/\/www2.uepg.br\/propesp-cep\/wp-json\/wp\/v2\/users\/378"}],"replies":[{"embeddable":true,"href":"https:\/\/www2.uepg.br\/propesp-cep\/wp-json\/wp\/v2\/comments?post=137"}],"version-history":[{"count":9,"href":"https:\/\/www2.uepg.br\/propesp-cep\/wp-json\/wp\/v2\/pages\/137\/revisions"}],"predecessor-version":[{"id":216,"href":"https:\/\/www2.uepg.br\/propesp-cep\/wp-json\/wp\/v2\/pages\/137\/revisions\/216"}],"wp:attachment":[{"href":"https:\/\/www2.uepg.br\/propesp-cep\/wp-json\/wp\/v2\/media?parent=137"}],"curies":[{"name":"wp","href":"https:\/\/api.w.org\/{rel}","templated":true}]}}