{"id":26,"date":"2022-11-22T11:25:53","date_gmt":"2022-11-22T14:25:53","guid":{"rendered":"http:\/\/www2.uepg.br\/propesp-ceua\/?page_id=26"},"modified":"2026-03-09T10:13:19","modified_gmt":"2026-03-09T13:13:19","slug":"cronograma","status":"publish","type":"page","link":"https:\/\/www2.uepg.br\/propesp-ceua\/cronograma\/","title":{"rendered":"Calend\u00e1rio Reuni\u00f5es Ordin\u00e1rias"},"content":{"rendered":"<h5 style=\"text-align: center\"><\/h5>\n<hr \/>\n<h4 style=\"text-align: center\"><img loading=\"lazy\" class=\"alignnone  wp-image-577\" src=\"http:\/\/www2.uepg.br\/propesp-ceua\/wp-content\/uploads\/sites\/22\/2026\/03\/Cronograma-reunioes-2026-2-300x202.png\" alt=\"\" width=\"598\" height=\"403\" srcset=\"https:\/\/www2.uepg.br\/propesp-ceua\/wp-content\/uploads\/sites\/22\/2026\/03\/Cronograma-reunioes-2026-2-300x202.png 300w, https:\/\/www2.uepg.br\/propesp-ceua\/wp-content\/uploads\/sites\/22\/2026\/03\/Cronograma-reunioes-2026-2-272x182.png 272w, https:\/\/www2.uepg.br\/propesp-ceua\/wp-content\/uploads\/sites\/22\/2026\/03\/Cronograma-reunioes-2026-2.png 626w\" sizes=\"(max-width: 598px) 100vw, 598px\" \/><\/h4>\n","protected":false},"excerpt":{"rendered":"","protected":false},"author":24,"featured_media":575,"parent":0,"menu_order":0,"comment_status":"closed","ping_status":"closed","template":"page-templates\/page-with-right-sidebar.php","meta":[],"_links":{"self":[{"href":"https:\/\/www2.uepg.br\/propesp-ceua\/wp-json\/wp\/v2\/pages\/26"}],"collection":[{"href":"https:\/\/www2.uepg.br\/propesp-ceua\/wp-json\/wp\/v2\/pages"}],"about":[{"href":"https:\/\/www2.uepg.br\/propesp-ceua\/wp-json\/wp\/v2\/types\/page"}],"author":[{"embeddable":true,"href":"https:\/\/www2.uepg.br\/propesp-ceua\/wp-json\/wp\/v2\/users\/24"}],"replies":[{"embeddable":true,"href":"https:\/\/www2.uepg.br\/propesp-ceua\/wp-json\/wp\/v2\/comments?post=26"}],"version-history":[{"count":35,"href":"https:\/\/www2.uepg.br\/propesp-ceua\/wp-json\/wp\/v2\/pages\/26\/revisions"}],"predecessor-version":[{"id":579,"href":"https:\/\/www2.uepg.br\/propesp-ceua\/wp-json\/wp\/v2\/pages\/26\/revisions\/579"}],"wp:featuredmedia":[{"embeddable":true,"href":"https:\/\/www2.uepg.br\/propesp-ceua\/wp-json\/wp\/v2\/media\/575"}],"wp:attachment":[{"href":"https:\/\/www2.uepg.br\/propesp-ceua\/wp-json\/wp\/v2\/media?parent=26"}],"curies":[{"name":"wp","href":"https:\/\/api.w.org\/{rel}","templated":true}]}}