{"id":30,"date":"2019-06-25T08:55:43","date_gmt":"2019-06-25T11:55:43","guid":{"rendered":"http:\/\/www2.uepg.br\/propesp-ceua\/?page_id=30"},"modified":"2025-09-12T00:18:03","modified_gmt":"2025-09-12T03:18:03","slug":"membros","status":"publish","type":"page","link":"https:\/\/www2.uepg.br\/propesp-ceua\/membros\/","title":{"rendered":"Membros"},"content":{"rendered":"<p style=\"text-align: center\"><strong>Composi\u00e7\u00e3o da CEUA<\/strong><\/p>\n<p style=\"text-align: center\"><strong><a href=\"http:\/\/www2.uepg.br\/propesp-ceua\/wp-content\/uploads\/sites\/22\/2025\/08\/Portaria_CEUA_2025.pdf\">Portaria PROPESP n\u00ba 2025\/8<\/a><\/strong><\/p>\n<p style=\"text-align: center\"><strong>Coordena\u00e7\u00e3o &#8211;<a href=\"http:\/\/Portaria PROPESP n\u00ba 2025\/22\">Portaria PROPESP n\u00ba 2025\/22<\/a><\/strong><\/p>\n<p style=\"text-align: center\">Leandro Cavalcante Lipinski &#8211; Coordenador;<\/p>\n<p style=\"text-align: center\">Raquel Abdallah da Rocha Oliveira \u2013 Vice-coordenadora;<\/p>\n<p style=\"text-align: center\"><strong>M\u00e9dico Veterin\u00e1rio:<\/strong><\/p>\n<p style=\"text-align: center\">Raiza Araujo Braga &#8211; titular;<\/p>\n<p style=\"text-align: center\">Telise Roberta da Silva &#8211; suplente<\/p>\n<p style=\"text-align: center\"><strong>Bi\u00f3logo:<\/strong><br \/>\nRoberto Ferreira Artoni \u2013 titular;<br \/>\nJorge Iarmul \u2013 suplente;<\/p>\n<p style=\"text-align: center\"><strong>Sociedade Protetora de Animais:<\/strong><br \/>\nRosana Milock de Freitas \u2013 titular;<br \/>\nRobson Carlos Klimionte \u2013 suplente;<\/p>\n<p style=\"text-align: center\"><strong>Departamento de Biologia Geral:<\/strong><br \/>\nGiovani Marino Favero \u2013 titular;<br \/>\nDenilton Vidolin \u2013 suplente;<\/p>\n<p style=\"text-align: center\"><strong>Departamento de Biologia Estrutural, Molecular e Gen\u00e9tica:<\/strong><br \/>\nMarcia Regina Paes de Oliveira \u2013 titular;<br \/>\nMaria Albertina de Miranda Soares \u2013 suplente;<\/p>\n<p style=\"text-align: center\"><strong>Departamento de Medicina:<\/strong><br \/>\nLeandro Cavalcante Lipinski \u2013 titular;<br \/>\nMarcelo de Oliveira Dreweck \u2013 suplente;<\/p>\n<p style=\"text-align: center\"><strong>Departamento de Odontologia:<\/strong><br \/>\nVitoldo Antonio Kozlowski Junior \u2013 titular;<br \/>\nStella Kossatz Pereira \u2013 suplente;<\/p>\n<p style=\"text-align: center\"><strong>Departamento de Zootecnia:<\/strong><br \/>\nRaquel Abdallah da Rocha Oliveira \u2013 titular;<br \/>\nMaria Marta Loddi \u2013 suplente;<\/p>\n<p style=\"text-align: center\"><strong>Departamento de Ci\u00eancias Farmac\u00eauticas:<\/strong><br \/>\nPaulo Vitor Farago \u2013 titular;<br \/>\nFl\u00e1vio Luis Beltrame \u2013 suplente;<br \/>\n&#8211;<br \/>\n<strong>N\u00facleo Avan\u00e7ado de Estudos da Vida da UEPG:<\/strong><br \/>\nMarcelo Machado Ferro \u2013 titular;<br \/>\nGon\u00e7alo Cassins Moreira do Carmo \u2013 suplente.<\/p>\n","protected":false},"excerpt":{"rendered":"<p>Composi\u00e7\u00e3o da CEUA Portaria PROPESP n\u00ba 2025\/8 Coordena\u00e7\u00e3o &#8211;Portaria PROPESP n\u00ba 2025\/22 Leandro Cavalcante Lipinski &#8211; Coordenador; Raquel Abdallah da Rocha Oliveira \u2013 Vice-coordenadora; M\u00e9dico Veterin\u00e1rio: Raiza Araujo Braga &#8211; titular; Telise Roberta da Silva &#8211; suplente Bi\u00f3logo: Roberto Ferreira Artoni \u2013 titular; Jorge Iarmul \u2013 suplente; Sociedade Protetora de Animais: Rosana Milock de Freitas&nbsp;&hellip;<\/p>\n","protected":false},"author":24,"featured_media":0,"parent":0,"menu_order":0,"comment_status":"closed","ping_status":"closed","template":"page-templates\/page-with-right-sidebar.php","meta":[],"_links":{"self":[{"href":"https:\/\/www2.uepg.br\/propesp-ceua\/wp-json\/wp\/v2\/pages\/30"}],"collection":[{"href":"https:\/\/www2.uepg.br\/propesp-ceua\/wp-json\/wp\/v2\/pages"}],"about":[{"href":"https:\/\/www2.uepg.br\/propesp-ceua\/wp-json\/wp\/v2\/types\/page"}],"author":[{"embeddable":true,"href":"https:\/\/www2.uepg.br\/propesp-ceua\/wp-json\/wp\/v2\/users\/24"}],"replies":[{"embeddable":true,"href":"https:\/\/www2.uepg.br\/propesp-ceua\/wp-json\/wp\/v2\/comments?post=30"}],"version-history":[{"count":23,"href":"https:\/\/www2.uepg.br\/propesp-ceua\/wp-json\/wp\/v2\/pages\/30\/revisions"}],"predecessor-version":[{"id":573,"href":"https:\/\/www2.uepg.br\/propesp-ceua\/wp-json\/wp\/v2\/pages\/30\/revisions\/573"}],"wp:attachment":[{"href":"https:\/\/www2.uepg.br\/propesp-ceua\/wp-json\/wp\/v2\/media?parent=30"}],"curies":[{"name":"wp","href":"https:\/\/api.w.org\/{rel}","templated":true}]}}