{"id":33,"date":"2019-06-25T08:56:35","date_gmt":"2019-06-25T11:56:35","guid":{"rendered":"http:\/\/www2.uepg.br\/propesp-ceua\/?page_id=33"},"modified":"2020-12-04T05:11:14","modified_gmt":"2020-12-04T08:11:14","slug":"sites","status":"publish","type":"page","link":"https:\/\/www2.uepg.br\/propesp-ceua\/sites\/","title":{"rendered":"Sites"},"content":{"rendered":"<header class=\"entry-header\">\n<h4 class=\"entry-title\" style=\"text-align: center\">Sites de organiza\u00e7\u00f5es nacionais e internacionais de educa\u00e7\u00e3o no cuidado com animais:<\/h4>\n<hr \/>\n<\/header>\n<div class=\"entry-content\">\n<p style=\"text-align: center\"><a href=\"http:\/\/antigo.mctic.gov.br\/mctic\/opencms\/institucional\/concea\/index.html\">CONCEA (Conselho Nacional de Controle de Experimenta\u00e7\u00e3o Animal)<\/a><\/p>\n<p style=\"text-align: center\"><a href=\"http:\/\/www.cfmv.org.br\/\" target=\"_blank\" rel=\"noopener noreferrer\">CFMV (Conselho Federal de Medicina Veterin\u00e1ria)<\/a><\/p>\n<p style=\"text-align: center\"><a href=\"http:\/\/ecopa.vub.ac.be\/\" target=\"_blank\" rel=\"noopener noreferrer\">ECOPA (European Consensus Platform for Alternatives)<\/a><\/p>\n<p style=\"text-align: center\"><a href=\"http:\/\/ecvam.jrc.it\/\" target=\"_blank\" rel=\"noopener noreferrer\">ECVAM (European Centre for the Validation of Alternative Methods)<\/a><\/p>\n<p style=\"text-align: center\"><a href=\"http:\/\/www.eurogroupanimalwelfare.org\/\" target=\"_blank\" rel=\"noopener noreferrer\">Eurogroup for Animal Welfare<\/a><\/p>\n<p style=\"text-align: center\"><a href=\"http:\/\/interniche.org\/\" target=\"_blank\" rel=\"noopener noreferrer\">InterNICHE (International Network for Human Education)<\/a><\/p>\n<p style=\"text-align: center\"><a href=\"http:\/\/ufaw.org.uk\/\" target=\"_blank\" rel=\"noopener noreferrer\">UEAW (Universities Federation for Animal Welfare )<\/a><\/p>\n<p style=\"text-align: center\"><a href=\"http:\/\/wspa.org.uk\/\" target=\"_blank\" rel=\"noopener noreferrer\">WSPA (World Society for the Protection of Animals)<\/a><\/p>\n<\/div>\n","protected":false},"excerpt":{"rendered":"<p>Sites de organiza\u00e7\u00f5es nacionais e internacionais de educa\u00e7\u00e3o no cuidado com animais: CONCEA (Conselho Nacional de Controle de Experimenta\u00e7\u00e3o Animal) CFMV (Conselho Federal de Medicina Veterin\u00e1ria) ECOPA (European Consensus Platform for Alternatives) ECVAM (European Centre for the Validation of Alternative Methods) Eurogroup for Animal Welfare InterNICHE (International Network for Human Education) UEAW (Universities Federation for&nbsp;&hellip;<\/p>\n","protected":false},"author":24,"featured_media":0,"parent":0,"menu_order":0,"comment_status":"closed","ping_status":"closed","template":"page-templates\/page-with-right-sidebar.php","meta":[],"_links":{"self":[{"href":"https:\/\/www2.uepg.br\/propesp-ceua\/wp-json\/wp\/v2\/pages\/33"}],"collection":[{"href":"https:\/\/www2.uepg.br\/propesp-ceua\/wp-json\/wp\/v2\/pages"}],"about":[{"href":"https:\/\/www2.uepg.br\/propesp-ceua\/wp-json\/wp\/v2\/types\/page"}],"author":[{"embeddable":true,"href":"https:\/\/www2.uepg.br\/propesp-ceua\/wp-json\/wp\/v2\/users\/24"}],"replies":[{"embeddable":true,"href":"https:\/\/www2.uepg.br\/propesp-ceua\/wp-json\/wp\/v2\/comments?post=33"}],"version-history":[{"count":6,"href":"https:\/\/www2.uepg.br\/propesp-ceua\/wp-json\/wp\/v2\/pages\/33\/revisions"}],"predecessor-version":[{"id":264,"href":"https:\/\/www2.uepg.br\/propesp-ceua\/wp-json\/wp\/v2\/pages\/33\/revisions\/264"}],"wp:attachment":[{"href":"https:\/\/www2.uepg.br\/propesp-ceua\/wp-json\/wp\/v2\/media?parent=33"}],"curies":[{"name":"wp","href":"https:\/\/api.w.org\/{rel}","templated":true}]}}