{"id":346,"date":"2021-05-18T15:32:29","date_gmt":"2021-05-18T18:32:29","guid":{"rendered":"https:\/\/www2.uepg.br\/propesp-ceua\/?page_id=346"},"modified":"2025-05-06T16:26:48","modified_gmt":"2025-05-06T19:26:48","slug":"cursos-sobre-experimentacao-animal","status":"publish","type":"page","link":"https:\/\/www2.uepg.br\/propesp-ceua\/cursos-sobre-experimentacao-animal\/","title":{"rendered":"Cursos sobre experimenta\u00e7\u00e3o animal"},"content":{"rendered":"<h1 style=\"text-align: center\"><span style=\"color: #ff0000\"><strong>ATEN\u00c7\u00c3O!<\/strong><\/span><\/h1>\n<ul>\n<li><span style=\"color: #000000\"><strong><span style=\"color: #ff0000\">Curso de Capacita\u00e7\u00e3o em \u00e9tica, cuidado e manejo de animais para pesquisa, ensino e extens\u00e3o 2025<\/span><\/strong>:<\/span><\/li>\n<\/ul>\n<p><span style=\"color: #000000\">&#8211;\u00a0 <strong>Inscri\u00e7\u00f5es abertas at\u00e9 10\/05\/2025<\/strong>, maiores informa\u00e7\u00f5es acessar a p\u00e1gina do NUTEAD: <\/span><\/p>\n<p><span style=\"color: #ff0000\">https:\/\/ead.uepg.br\/site\/curso\/271\/582<\/span><\/p>\n<p>&nbsp;<\/p>\n<p>Participem!<\/p>\n<p>&nbsp;<\/p>\n<ul>\n<li><span style=\"color: #ff0000\"><strong>Outras op\u00e7\u00f5es de cursos<\/strong>:<\/span><\/li>\n<\/ul>\n<p>No site da Sociedade Brasileira de Ci\u00eancia em Animais de Laborat\u00f3rio (SBCAL) pode ser encontrada lista de Cursos ofertados pela SBCAL e outras Institui\u00e7\u00f5es.<\/p>\n<p><strong>Acesse<\/strong>: <a href=\"https:\/\/www.sbcal.org.br\/informativo\/view?TIPO=1&amp;ID_INFORMATIVO=29\">https:\/\/www.sbcal.org.br\/informativo\/view?TIPO=1&amp;ID_INFORMATIVO=29<\/a><\/p>\n<p>&nbsp;<\/p>\n<p><strong>INFORMA\u00c7\u00c3O:<\/strong><\/p>\n<ul>\n<li><span style=\"color: #ff0000\">Aos participantes do Curso de Capacita\u00e7\u00e3o em \u00e9tica, cuidado e manejo de animais para pesquisa, ensino e extens\u00e3o 1\u00aa e 2\u00aa edi\u00e7\u00f5es<b>:<\/b><\/span><\/li>\n<\/ul>\n<p>Os certificados est\u00e3o dispon\u00edveis para download em: <strong>https:\/\/sumerio.apps.uepg.br\/buscar<\/strong><\/p>\n<p>&nbsp;<\/p>\n<p>&nbsp;<\/p>\n","protected":false},"excerpt":{"rendered":"<p>ATEN\u00c7\u00c3O! Curso de Capacita\u00e7\u00e3o em \u00e9tica, cuidado e manejo de animais para pesquisa, ensino e extens\u00e3o 2025: &#8211;\u00a0 Inscri\u00e7\u00f5es abertas at\u00e9 10\/05\/2025, maiores informa\u00e7\u00f5es acessar a p\u00e1gina do NUTEAD: https:\/\/ead.uepg.br\/site\/curso\/271\/582 &nbsp; Participem! &nbsp; Outras op\u00e7\u00f5es de cursos: No site da Sociedade Brasileira de Ci\u00eancia em Animais de Laborat\u00f3rio (SBCAL) pode ser encontrada lista de Cursos&nbsp;&hellip;<\/p>\n","protected":false},"author":257,"featured_media":0,"parent":0,"menu_order":0,"comment_status":"closed","ping_status":"closed","template":"page-templates\/page-with-right-sidebar.php","meta":[],"_links":{"self":[{"href":"https:\/\/www2.uepg.br\/propesp-ceua\/wp-json\/wp\/v2\/pages\/346"}],"collection":[{"href":"https:\/\/www2.uepg.br\/propesp-ceua\/wp-json\/wp\/v2\/pages"}],"about":[{"href":"https:\/\/www2.uepg.br\/propesp-ceua\/wp-json\/wp\/v2\/types\/page"}],"author":[{"embeddable":true,"href":"https:\/\/www2.uepg.br\/propesp-ceua\/wp-json\/wp\/v2\/users\/257"}],"replies":[{"embeddable":true,"href":"https:\/\/www2.uepg.br\/propesp-ceua\/wp-json\/wp\/v2\/comments?post=346"}],"version-history":[{"count":22,"href":"https:\/\/www2.uepg.br\/propesp-ceua\/wp-json\/wp\/v2\/pages\/346\/revisions"}],"predecessor-version":[{"id":554,"href":"https:\/\/www2.uepg.br\/propesp-ceua\/wp-json\/wp\/v2\/pages\/346\/revisions\/554"}],"wp:attachment":[{"href":"https:\/\/www2.uepg.br\/propesp-ceua\/wp-json\/wp\/v2\/media?parent=346"}],"curies":[{"name":"wp","href":"https:\/\/api.w.org\/{rel}","templated":true}]}}