{"id":6,"date":"2022-12-19T13:54:09","date_gmt":"2022-12-19T16:54:09","guid":{"rendered":"http:\/\/www2.uepg.br\/propesp-ceua\/?page_id=6"},"modified":"2025-05-30T09:52:08","modified_gmt":"2025-05-30T12:52:08","slug":"formularios","status":"publish","type":"page","link":"https:\/\/www2.uepg.br\/propesp-ceua\/","title":{"rendered":"Formul\u00e1rios"},"content":{"rendered":"<h1 style=\"text-align: center\"><span style=\"color: #ff0000\"><strong>ATEN\u00c7\u00c3O: <\/strong><\/span><\/h1>\n<ul>\n<li><span style=\"color: #ff0000\"><strong>OS FORMUL\u00c1RIOS EST\u00c3O EM CONSTANTE ADEQUA\u00c7\u00d5ES, PORTANTO, SEMPRE BAIXE OS ARQUIVOS ABAIXO, AO INICIAR O PREENCHIMENTO DE NOVA SOLICITA\u00c7\u00c3O;<\/strong><\/span><\/li>\n<li><span style=\"color: #ff0000\"><strong>AS SOLICITA\u00c7\u00d5ES DE AUTORIZA\u00c7\u00c3O DO USO DE ANIMAIS EM PESQUISA, OU ENSINO, OU A\u00c7\u00d5ES DE EXTENS\u00c3O CURRICULARIZADAS, BEM COMO OS RESPECTIVOS RELAT\u00d3RIOS DEVEM SER ENCAMINHADOS SOMENTE POR PROCESSO SEI;<\/strong><\/span><\/li>\n<li><span style=\"color: #ff0000\"><strong>NENHUMA PESQUISA, OU AULA PR\u00c1TICA\/PROCEDIMENTO DID\u00c1TICO, OU A\u00c7\u00c3O DE EXTENS\u00c3O CURRICULARIZADA QUE USE ANIMAIS DO FILO CHORDATA\/SUBFILO VERTEBRATA (exceto homem) PODE INICIAR SEM ANTES TER SIDO APROVADA PELA CEUA.<\/strong><\/span><span style=\"color: #ff0000\"><strong><br \/>\n<\/strong><\/span><\/li>\n<\/ul>\n<h5 style=\"text-align: center\"><span style=\"color: #993366\">Para abrir os formul\u00e1rios:<\/span><\/h5>\n<h5 style=\"text-align: center\"><span style=\"color: #993366\">&#8211; usar Microsoft Edge;<\/span><\/h5>\n<p><strong>Para outros navegadores: <\/strong><\/p>\n<ol>\n<li>Clique com o bot\u00e3o direito no link;<\/li>\n<li>Selecione &#8220;Copiar endere\u00e7o do link&#8221;;<\/li>\n<li>Cole o link na barra de endere\u00e7o do navegador que quer abrir o formul\u00e1rio;<\/li>\n<li>Pressionar &#8220;Enter&#8221; o arquivo ser\u00e1 baixado.<\/li>\n<\/ol>\n<p>&nbsp;<\/p>\n<h4><span style=\"color: #000000\"><strong>Formul\u00e1rios para solicita\u00e7\u00e3o\/relat\u00f3rio do uso de animais em <span style=\"color: #ff6600\">PESQUISA ou ESTUDO PILOTO<\/span><\/strong><\/span><\/h4>\n<ul>\n<li><a href=\"http:\/\/www2.uepg.br\/propesp-ceua\/wp-content\/uploads\/sites\/22\/2025\/04\/Oficio-para-encaminhamento-da-solicitacao-de-uso-de-animais-pesquisa-1.docx\">Of\u00edcio para encaminhamento da solicita\u00e7\u00e3o de uso de animais em pesquisa ou estudo piloto<\/a><\/li>\n<li><a href=\"http:\/\/www2.uepg.br\/propesp-ceua\/wp-content\/uploads\/sites\/22\/2025\/04\/Formulario-para-solicitacao-de-autorizacao-do-uso-de-animais-em-PESQUISA-2025.doc\">Formul\u00e1rio para solicita\u00e7\u00e3o de autoriza\u00e7\u00e3o do uso de animais em pesquisa ou estudo piloto<\/a><\/li>\n<li><a href=\"http:\/\/www2.uepg.br\/propesp-ceua\/wp-content\/uploads\/sites\/22\/2024\/02\/TERMO-DE-CONSENTIMENTO-modificado-260224.docx\">Termo de consentimento para uso de animais n\u00e3o pertencentes \u00e0s instala\u00e7\u00f5es da UEPG<\/a><\/li>\n<li><a href=\"http:\/\/www2.uepg.br\/propesp-ceua\/wp-content\/uploads\/sites\/22\/2022\/12\/Formulario-relatorio-final-projeto-pesquisa.doc\">Formul\u00e1rio relat\u00f3rio final projeto PESQUISA ou ESTUDO PILOTO<\/a><\/li>\n<\/ul>\n<p>Observa\u00e7\u00f5es:<\/p>\n<ol>\n<li><em>O formul\u00e1rio de solicita\u00e7\u00e3o foi elaborado conforme Resolu\u00e7\u00e3o Normativa CONCEA n\u00ba 52, de 19.05.2021, d\u00favidas sobre o que colocar na justificativa\/relev\u00e2ncia do uso da esp\u00e9cie animal na solicita\u00e7\u00e3o consultar <\/em>\u00a0itens 7 e 8 do <em>ANEXO 2 desta Resolu\u00e7\u00e3o<\/em>: <a href=\"https:\/\/antigo.mctic.gov.br\/mctic\/opencms\/legislacao\/outros_atos\/resolucoes\/Resolucao_CONCEA_n_52_de_19052021.html\">Clique aqui!<\/a><\/li>\n<li>Conforme item 5.4.2 da Resolu\u00e7\u00e3o Normativa CONCEA n\u00ba 55, de 05.10.2022: <em>&#8220;Estudos piloto devem ser considerados como integrante de uma proposta como um todo, especialmente para permitir a avalia\u00e7\u00e3o de sua viabilidade e a potencial aplica\u00e7\u00e3o dos princ\u00edpios de Substitui\u00e7\u00e3o, Redu\u00e7\u00e3o e Refinamento. Os estudos piloto devem ser avaliados pela CEUA de acordo com os crit\u00e9rios normais aplicados \u00e0 aprova\u00e7\u00e3o de estudos plenos.&#8221;<\/em><\/li>\n<\/ol>\n<p>Desta forma, quando se tratar de estudo\/projeto piloto, o respons\u00e1vel pelo projeto deve no formul\u00e1rio de solicita\u00e7\u00e3o de uso de animais em pesquisa assinalar esta op\u00e7\u00e3o e preencher todos os itens constantes no formul\u00e1rio para a adequada avalia\u00e7\u00e3o da CEUA.<\/p>\n<p>4. Conforme Art. 7\u00ba da Resolu\u00e7\u00e3o Normativa CONCEA n\u00ba 51, de 19.05.2021: compete \u00e0s CEUAs &#8230; <em>solicitar e manter arquivado o relat\u00f3rio final dos projetos realizados na institui\u00e7\u00e3o, que envolvam o uso de animais em atividades de ensino ou pesquisa cient\u00edfica<\/em>.<\/p>\n<p>Portanto, o professor\/pesquisador respons\u00e1vel pelo projeto dever\u00e1 encaminhar \u00e0 CEUA, ap\u00f3s no m\u00e1ximo 60 dias do final do estudo, o relat\u00f3rio do uso de animais.<\/p>\n<h4><strong><span style=\"color: #000000\">Formul\u00e1rios para solicita\u00e7\u00e3o\/relat\u00f3rio do uso de animais em <span style=\"color: #ff6600\">ENSINO e A\u00c7\u00d5ES DE EXTENS\u00c3O CURRICULARIZADAS<\/span><\/span><\/strong><\/h4>\n<ul>\n<li><a href=\"http:\/\/www2.uepg.br\/propesp-ceua\/wp-content\/uploads\/sites\/22\/2025\/04\/Oficio-para-encaminhamento-da-solicitacao-de-uso-de-animais-ENSINO-2025-1.docx\">Of\u00edcio para encaminhamento da solicitacao de uso de animais<\/a><\/li>\n<li><a href=\"http:\/\/www2.uepg.br\/propesp-ceua\/wp-content\/uploads\/sites\/22\/2025\/04\/Formulario-para-solicitacao-de-autorizacao-do-uso-de-animais-em-ENSINO-OU-ACOES-DE-EXTENSAO-CURRICULARIZADAS-2025.doc\">Formul\u00e1rio para solicitacao de autoriza\u00e7\u00e3o do uso de animais em ENSINO\/A\u00c7\u00d5ES DE EXTENS\u00c3O CURRICULARIZADAS<\/a><\/li>\n<li><a href=\"http:\/\/www2.uepg.br\/propesp-ceua\/wp-content\/uploads\/sites\/22\/2024\/02\/TERMO-DE-CONSENTIMENTO-modificado-260224.docx\">Termo de consentimento para uso de animais n\u00e3o pertencentes \u00e0s instala\u00e7\u00f5es da UEPG<\/a><\/li>\n<li><a href=\"http:\/\/www2.uepg.br\/propesp-ceua\/wp-content\/uploads\/sites\/22\/2022\/12\/Formulario-relatorio-final-projeto-ensino.doc\">Formul\u00e1rio relat\u00f3rio final projeto ENSINO ou A\u00c7\u00d5ES DE EXTENS\u00c3O CURRICULARIZADAS<\/a><\/li>\n<\/ul>\n<p><em>Observa\u00e7\u00f5es:<\/em><\/p>\n<ol>\n<li><em>O formul\u00e1rio de solicita\u00e7\u00e3o foi elaborado conforme Resolu\u00e7\u00e3o Normativa CONCEA n\u00ba 52, de 19.05.2021, d\u00favidas sobre o que colocar na justificativa da solicita\u00e7\u00e3o consultar item 2.5 do ANEXO 1 desta Resolu\u00e7\u00e3o<\/em>: <a href=\"https:\/\/antigo.mctic.gov.br\/mctic\/opencms\/legislacao\/outros_atos\/resolucoes\/Resolucao_CONCEA_n_52_de_19052021.html\">Clique aqui!<\/a><\/li>\n<li><em>A solicita\u00e7\u00e3o de uso de animais em ensino necessita conter de forma clara quais habilidades psicomotoras e compet\u00eancias ser\u00e3o desenvolvidas com os discentes, conforme<\/em> <a href=\"https:\/\/antigo.mctic.gov.br\/mctic\/opencms\/legislacao\/outros_atos\/resolucoes\/Resolucao_CONCEA_n_53_de_19052021.html\">Resolu\u00e7\u00e3o Normativa CONCEA n\u00ba 53, de 19.05.2021<\/a>.<\/li>\n<li>Conforme Art. 7\u00ba da Resolu\u00e7\u00e3o Normativa CONCEA n\u00ba 51, de 19.05.2021: compete \u00e0s CEUAs &#8230; <em>solicitar e manter arquivado o relat\u00f3rio final dos projetos realizados na institui\u00e7\u00e3o, que envolvam o uso de animais em atividades de ensino ou pesquisa cient\u00edfica<\/em>. Desta forma, o professor\/pesquisador respons\u00e1vel pelo projeto dever\u00e1 encaminhar \u00e0 CEUA, ap\u00f3s no m\u00e1ximo 60 dias do final do estudo, o relat\u00f3rio do uso de animais.<\/li>\n<\/ol>\n<h4><strong><span style=\"color: #000000\">Formul\u00e1rio para <span style=\"color: #ff0000\">solicita\u00e7\u00e3o de modifica\u00e7\u00f5es em projetos aprovados<\/span> pela CEUA UEPG<\/span><\/strong><\/h4>\n<ol>\n<li>Conforme item 5.4.4 da Resolu\u00e7\u00e3o Normativa CONCEA n\u00ba 55, de 05.10.2022: <em>&#8220;Extens\u00e3o de prazo ou modifica\u00e7\u00f5es no n\u00famero de animais de propostas autorizadas pela CEUA devem ser solicitadas com justificativa cient\u00edfica e relat\u00f3rio referente ao que j\u00e1 foi realizado sem a necessidade de apresentar todos os documentos da proposta novamente.&#8221; <\/em><\/li>\n<\/ol>\n<p>Desta forma, para projetos aprovados e em andamento, usar os documentos abaixo para encaminhamento de solicita\u00e7\u00f5es de modifica\u00e7\u00f5es na vig\u00eancia, n\u00famero ou procedimentos a serem realizados nos animais.<\/p>\n<ul>\n<li><a href=\"http:\/\/www2.uepg.br\/propesp-ceua\/wp-content\/uploads\/sites\/22\/2024\/04\/Oficio-para-encaminhamento-da-solicitacao-de-modificacoes-em-projeto-aprovado-e-em-andamento.docx\">Of\u00edcio para encaminhamento da solicita\u00e7\u00e3o de modifica\u00e7\u00f5es em projeto aprovado e em andamento<\/a><\/li>\n<li><a href=\"http:\/\/www2.uepg.br\/propesp-ceua\/wp-content\/uploads\/sites\/22\/2024\/04\/Solicitacao-de-modificacoes-em-projeto-aprovado-pela-CEUA-UEPG.docx\">Solicita\u00e7\u00e3o de modifica\u00e7\u00f5es em projeto aprovado pela CEUA UEPG<\/a><\/li>\n<\/ul>\n<h4><strong><span style=\"color: #000000\">Formul\u00e1rios <\/span><span style=\"color: #ff0000\">Exclusivos<\/span><\/strong><span style=\"color: #000000\"> <strong>da Comiss\u00e3o CEUA<\/strong><\/span><\/h4>\n<ul>\n<li><a href=\"http:\/\/www2.uepg.br\/propesp-ceua\/wp-content\/uploads\/sites\/22\/2025\/05\/Parecer-consubstanciado-projeto-de-pesquisa-2025-5.doc\">Parecer consubstanciado projeto de pesquisa<\/a><\/li>\n<li><a href=\"http:\/\/www2.uepg.br\/propesp-ceua\/wp-content\/uploads\/sites\/22\/2025\/05\/Parecer-consubstanciado-projeto-de-ensino-2025-1.doc\">Parecer consubstanciado projeto de ensino e a\u00e7\u00f5es extensionistas curricularizadas<\/a><\/li>\n<li><a href=\"http:\/\/www2.uepg.br\/propesp-ceua\/wp-content\/uploads\/sites\/22\/2023\/09\/Parecer-relatorio-final-projeto-pesquisa.doc\">Parecer relat\u00f3rio final projeto de pesquisa<\/a><\/li>\n<li><a href=\"http:\/\/www2.uepg.br\/propesp-ceua\/wp-content\/uploads\/sites\/22\/2023\/09\/Parecer-relatorio-final-projeto-ensino.doc\">Parecer relat\u00f3rio final projeto de ensino<\/a><\/li>\n<\/ul>\n<h3><span style=\"color: #ff0000\"><strong>IMPORTANTE<\/strong><\/span><\/h3>\n<p><strong>A partir de 31\/05\/2023 o respons\u00e1vel e a equipe (quando houver) do projeto que usa animais precisa(m) ter capacita\u00e7\u00e3o vigente conforme RESOLU\u00c7\u00c3O CONCEA\/MCTI N\u00ba 49, DE 7 DE MAIO DE 2021.<\/strong><\/p>\n<p><strong><span style=\"color: #ff0000\">Para as solicita\u00e7\u00f5es de uso de animais em pesquisa, ensino e de a\u00e7\u00f5es de extens\u00e3o curricularizadas \u00e0 CEUA UEPG, a capacita\u00e7\u00e3o em \u00e9tica tratada na Resolu\u00e7\u00e3o Normativa 49, dever\u00e1 ser comprovada por um dos documentos relacionados abaixo, que deve estar anexado ao Processo SEI<\/span><\/strong>:<\/p>\n<ul>\n<li>hist\u00f3rico escolar da gradua\u00e7\u00e3o em medicina veterin\u00e1ria, em cursos da sa\u00fade, ci\u00eancias biol\u00f3gicas ou zootecnia, que comprove disciplina de \u00e9tica em uso animal em pesquisa (validade 5 anos); ou<\/li>\n<li>hist\u00f3rico escolar da p\u00f3s-gradua\u00e7\u00e3o que comprove disciplina de \u00e9tica em uso animal em pesquisa (validade 5 anos); ou<\/li>\n<li>curso de \u00e9tica no uso animal em ensino e pesquisa com certificado emitido por IES devidamente regulamentadas para tal fim (validade 5 anos); ou<\/li>\n<li>ter participado como integrante de CEUA, por um per\u00edodo m\u00ednimo de 12 meses (validade 5 anos);<\/li>\n<\/ul>\n<p><em>Obs.: Alunos de s\u00e9ries iniciais, ou quaisquer outros, sem a comprova\u00e7\u00e3o acima referida, s\u00f3 podem acompanhar os procedimentos na presen\u00e7a de pesquisador que atende ao disposto.<\/em><\/p>\n<p>&nbsp;<\/p>\n<p><em><span style=\"color: #ff0000\">V\u00eddeo com esclarecimentos sobre a<\/span><\/em> <strong><span style=\"color: #ff0000\">RESOLU\u00c7\u00c3O CONCEA\/MCTI N\u00ba 49, DE 7 DE MAIO DE 2021<\/span>: CLIQUE <a href=\"https:\/\/antigo.mctic.gov.br\/mctic\/opencms\/institucional\/concea\/arquivos\/videos_concea\/RN49Concea.mp4\">AQUI!<\/a><\/strong><\/p>\n<h4><\/h4>\n<h4><span style=\"color: #333333\">A partir de 1\u00b0 de Agosto de 2020 os formul\u00e1rios de solicita\u00e7\u00e3o do uso de animais devem conter o <strong>C\u00e1lculo do N amostral<\/strong>. Para mais orienta\u00e7\u00f5es acesse ao texto <a style=\"color: #333333\" href=\"http:\/\/www2.uepg.br\/propesp-ceua\/wp-content\/uploads\/sites\/22\/2020\/07\/Texto-c\u00e1lculo-do-n-amostral.pdf\">pdf<\/a><\/span><\/h4>\n<p><span style=\"color: #333333\">Os c\u00e1lculos estat\u00edsticos podem ser realizados nos <em>links<\/em> listados abaixo. Recomendamos que o poder estat\u00edstico usado para o c\u00e1lculo seja ao menos de 80%.<\/span><\/p>\n<p><a href=\"http:\/\/powerandsamplesize.com\">http:\/\/powerandsamplesize.com<\/a><\/p>\n<p><a href=\"http:\/\/www.stat.ubc.ca\/~rollin\/stats\/ssize\/\">http:\/\/www.stat.ubc.ca\/~rollin\/stats\/ssize\/<\/a><\/p>\n<p><a href=\"http:\/\/www.gpower.hhu.de\/\">http:\/\/www.gpower.hhu.de\/<\/a><\/p>\n<p><a href=\"https:\/\/www.nc3rs.org.uk\/experimental-design-assistant-eda\">https:\/\/www.nc3rs.org.uk\/experimental-design-assistant-eda<\/a><\/p>\n<p><a href=\"https:\/\/statpages.info\/\">https:\/\/statpages.info\/<\/a><\/p>\n<p style=\"text-align: left\"><span style=\"color: #333333\">*<em>No caso de animais silvestres de vida livre, quando n\u00e3o for poss\u00edvel estimar o quantitativo, o n\u00famero efetivamente utilizado de animais dever\u00e1 ser informado no Relat\u00f3rio final enviado para a CEUA, assim como a idade e o peso aproximados.<\/em><\/span><\/p>\n<p><span style=\"color: #333333\">**<em>Para os casos de impossibilidade de realizar o c\u00e1lculo do N amostral, o(a) pesquisador(a) dever\u00e1 apresentar uma justificativa e refer\u00eancias usadas para embasar o n\u00famero solicitado de animais.<\/em><\/span><\/p>\n<p>&nbsp;<\/p>\n","protected":false},"excerpt":{"rendered":"<p>ATEN\u00c7\u00c3O: OS FORMUL\u00c1RIOS EST\u00c3O EM CONSTANTE ADEQUA\u00c7\u00d5ES, PORTANTO, SEMPRE BAIXE OS ARQUIVOS ABAIXO, AO INICIAR O PREENCHIMENTO DE NOVA SOLICITA\u00c7\u00c3O; AS SOLICITA\u00c7\u00d5ES DE AUTORIZA\u00c7\u00c3O DO USO DE ANIMAIS EM PESQUISA, OU ENSINO, OU A\u00c7\u00d5ES DE EXTENS\u00c3O CURRICULARIZADAS, BEM COMO OS RESPECTIVOS RELAT\u00d3RIOS DEVEM SER ENCAMINHADOS SOMENTE POR PROCESSO SEI; NENHUMA PESQUISA, OU AULA PR\u00c1TICA\/PROCEDIMENTO DID\u00c1TICO,&nbsp;&hellip;<\/p>\n","protected":false},"author":24,"featured_media":0,"parent":0,"menu_order":0,"comment_status":"closed","ping_status":"closed","template":"page-templates\/page-with-right-sidebar.php","meta":[],"_links":{"self":[{"href":"https:\/\/www2.uepg.br\/propesp-ceua\/wp-json\/wp\/v2\/pages\/6"}],"collection":[{"href":"https:\/\/www2.uepg.br\/propesp-ceua\/wp-json\/wp\/v2\/pages"}],"about":[{"href":"https:\/\/www2.uepg.br\/propesp-ceua\/wp-json\/wp\/v2\/types\/page"}],"author":[{"embeddable":true,"href":"https:\/\/www2.uepg.br\/propesp-ceua\/wp-json\/wp\/v2\/users\/24"}],"replies":[{"embeddable":true,"href":"https:\/\/www2.uepg.br\/propesp-ceua\/wp-json\/wp\/v2\/comments?post=6"}],"version-history":[{"count":91,"href":"https:\/\/www2.uepg.br\/propesp-ceua\/wp-json\/wp\/v2\/pages\/6\/revisions"}],"predecessor-version":[{"id":558,"href":"https:\/\/www2.uepg.br\/propesp-ceua\/wp-json\/wp\/v2\/pages\/6\/revisions\/558"}],"wp:attachment":[{"href":"https:\/\/www2.uepg.br\/propesp-ceua\/wp-json\/wp\/v2\/media?parent=6"}],"curies":[{"name":"wp","href":"https:\/\/api.w.org\/{rel}","templated":true}]}}