{"id":1020,"date":"2025-12-15T16:08:59","date_gmt":"2025-12-15T19:08:59","guid":{"rendered":"https:\/\/www2.uepg.br\/propesp-clabmu\/?page_id=1020"},"modified":"2026-03-11T09:45:15","modified_gmt":"2026-03-11T12:45:15","slug":"lprh","status":"publish","type":"page","link":"https:\/\/www2.uepg.br\/propesp-clabmu\/lprh\/","title":{"rendered":"LPRH"},"content":{"rendered":"<h2 style=\"text-align: center\"><b>Hor\u00e1rio de trabalho da equipe do LPRH<\/b><\/h2>\n<table dir=\"ltr\" cellspacing=\"0\" cellpadding=\"0\" data-sheets-root=\"1\" data-sheets-baot=\"1\">\n<colgroup>\n<col width=\"173\" \/>\n<col width=\"244\" \/>\n<col width=\"249\" \/>\n<col width=\"245\" \/>\n<col width=\"510\" \/>\n<col width=\"371\" \/><\/colgroup>\n<tbody>\n<tr>\n<td colspan=\"1\" rowspan=\"2\">\n<div><strong>Nome do servidor(a)<\/strong><\/div>\n<\/td>\n<td colspan=\"5\" rowspan=\"1\"><strong>Hor\u00e1rio de trabalho<\/strong><\/td>\n<\/tr>\n<tr>\n<td><strong>Segunda-feira<\/strong><\/td>\n<td><strong>Ter\u00e7a-feira<\/strong><\/td>\n<td><strong>Quarta-feira<\/strong><\/td>\n<td><strong>Quinta-feira<\/strong><\/td>\n<td><strong>Sexta-feira<\/strong><\/td>\n<\/tr>\n<tr>\n<td>Wilson Alves Moraes<\/td>\n<td>das 07h \u00e0s 12h e das 13h \u00e0s 16h<\/td>\n<td>das 07h \u00e0s 12h e das 13h \u00e0s 16h<\/td>\n<td>das 07h \u00e0s 12h e das 13h \u00e0s 16h<\/td>\n<td>das 07h \u00e0s 12h e das 13h \u00e0s 16h<\/td>\n<td>das 07h \u00e0s 12h e das 13h \u00e0s 16h<\/td>\n<\/tr>\n<tr>\n<td>Aur\u00e9lio Rodrigues<\/td>\n<td>das 07h \u00e0s 12h e das 13h \u00e0s 16h<\/td>\n<td>das 07h \u00e0s 12h e das 13h \u00e0s 16h<\/td>\n<td>das 07h \u00e0s 12h e das 13h \u00e0s 16h<\/td>\n<td>das 07h \u00e0s 12h e das 13h \u00e0s 16h<\/td>\n<td>das 07h \u00e0s 12h e das 13h \u00e0s 16h<\/td>\n<\/tr>\n<\/tbody>\n<\/table>\n<h2><\/h2>\n<h2><\/h2>\n<p>&nbsp;<\/p>\n<p>&nbsp;<\/p>\n<h2 style=\"text-align: center\"><b>Contatos dos respons\u00e1veis pelos equipamentos do LPRH<\/b><\/h2>\n<p>&nbsp;<\/p>\n<table cellspacing=\"0\" cellpadding=\"0\">\n<colgroup>\n<col width=\"173\" \/>\n<col width=\"244\" \/>\n<col width=\"249\" \/>\n<col width=\"245\" \/>\n<col width=\"510\" \/> <\/colgroup>\n<tbody>\n<tr>\n<td><strong>Nome do servidor<\/strong><\/td>\n<td><strong>Titula\u00e7\u00e3o<\/strong><\/td>\n<td><strong>Ramal<\/strong><\/td>\n<td><strong>E-mail<\/strong><\/td>\n<td><strong>Equipamentos respons\u00e1veis pela opera\u00e7\u00e3o<\/strong><\/td>\n<\/tr>\n<tr>\n<td rowspan=\"14\">Aur\u00e9lio Rodrigues<\/td>\n<td rowspan=\"14\">T\u00e9cnico em Qu\u00edmica<\/td>\n<td rowspan=\"14\">3132<\/td>\n<td rowspan=\"14\"><a href=\"mailto:aurelior@uepg.br\">aurelior@uepg.br<\/a><\/td>\n<td><a href=\"https:\/\/pnipe.mcti.gov.br\/equipment\/62235\">Banho Maria com Circula\u00e7\u00e3o<\/a><\/td>\n<\/tr>\n<tr>\n<td><a href=\"https:\/\/pnipe.mcti.gov.br\/equipment\/62237\">Capela de exaust\u00e3o<\/a><\/td>\n<\/tr>\n<tr>\n<td><a href=\"https:\/\/pnipe.mcti.gov.br\/equipment\/62233\">Autoclave vertical digital<\/a><\/td>\n<\/tr>\n<tr>\n<td><a href=\"https:\/\/pnipe.mcti.gov.br\/equipment\/62234\">Autoclave vertical<\/a><\/td>\n<\/tr>\n<tr>\n<td><a href=\"https:\/\/pnipe.mcti.gov.br\/equipment\/62236\">Cabine Biosseguran\u00e7a Classe II Tipo A2<\/a><\/td>\n<\/tr>\n<tr>\n<td><a href=\"https:\/\/pnipe.mcti.gov.br\/equipment\/62252\">Contador de col\u00f4nias eletr\u00f4nico<\/a><\/td>\n<\/tr>\n<tr>\n<td><a href=\"https:\/\/pnipe.mcti.gov.br\/equipment\/62253\">Deionizador<\/a><\/td>\n<\/tr>\n<tr>\n<td><a href=\"https:\/\/pnipe.mcti.gov.br\/equipment\/62293\">Estufa de incuba\u00e7\u00e3o<\/a><\/td>\n<\/tr>\n<tr>\n<td><a href=\"https:\/\/pnipe.mcti.gov.br\/equipment\/62294\">Incubadora B.O.D, D.B.O (Demanda Bioqu\u00edmica de Oxig\u00eanio)<\/a><\/td>\n<\/tr>\n<tr>\n<td><a href=\"https:\/\/pnipe.mcti.gov.br\/equipment\/62279\">Estufa de incuba\u00e7\u00e3o<\/a><\/td>\n<\/tr>\n<tr>\n<td><a href=\"https:\/\/pnipe.mcti.gov.br\/equipment\/62328\">Estufa de esteriliza\u00e7\u00e3o e secagem com circula\u00e7\u00e3o de ar (BAC)<\/a><\/td>\n<\/tr>\n<tr>\n<td><a href=\"https:\/\/pnipe.mcti.gov.br\/equipment\/62334\">Seladora Quanti-Tray<\/a><\/td>\n<\/tr>\n<tr>\n<td><a href=\"https:\/\/pnipe.mcti.gov.br\/equipment\/62180\">Balan\u00e7a Anal\u00edtica<\/a><\/td>\n<\/tr>\n<tr>\n<td><a href=\"https:\/\/pnipe.mcti.gov.br\/equipment\/62231\">Balan\u00e7a semi anal\u00edtica<\/a><\/td>\n<\/tr>\n<tr>\n<td rowspan=\"7\">Wilson Alves Moraes<\/td>\n<td rowspan=\"7\">T\u00e9cnico em Qu\u00edmica<\/td>\n<td rowspan=\"7\">3132<\/td>\n<td rowspan=\"7\"><a href=\"mailto:wamoraes@uepg.br\">wamoraes@uepg.br<\/a><\/td>\n<td><a href=\"https:\/\/pnipe.mcti.gov.br\/equipment\/62258\">Espectrofot\u00f4metro<\/a><\/td>\n<\/tr>\n<tr>\n<td><a href=\"https:\/\/pnipe.mcti.gov.br\/equipment\/62331\">Sistema Purifica\u00e7\u00e3o de \u00c1gua Milli-q Integral 5<\/a><\/td>\n<\/tr>\n<tr>\n<td><a href=\"https:\/\/pnipe.mcti.gov.br\/equipment\/62239\">Color\u00edmetro port\u00e1til<\/a><\/td>\n<\/tr>\n<tr>\n<td><a href=\"https:\/\/pnipe.mcti.gov.br\/equipment\/62240\">Condutiv\u00edmetro<\/a><\/td>\n<\/tr>\n<tr>\n<td><a href=\"https:\/\/pnipe.mcti.gov.br\/equipment\/62325\">Estufa de esteriliza\u00e7\u00e3o e secagem com circula\u00e7\u00e3o de ar (FQ)<\/a><\/td>\n<\/tr>\n<tr>\n<td><a href=\"https:\/\/pnipe.mcti.gov.br\/equipment\/62338\">Turbid\u00edmetro<\/a><\/td>\n<\/tr>\n<tr>\n<td><a href=\"https:\/\/pnipe.mcti.gov.br\/equipment\/62332\">Medidor de pH<\/a><\/td>\n<\/tr>\n<\/tbody>\n<\/table>\n<h2><\/h2>\n<h2><\/h2>\n<p>&nbsp;<\/p>\n<h2 style=\"text-align: center\"><a href=\"https:\/\/pnipe.mcti.gov.br\/laboratory\/41216\" target=\"_blank\" rel=\"noopener\">Estrutura do LPRH<\/a><\/h2>\n<h4 style=\"text-align: center\"><\/h4>\n","protected":false},"excerpt":{"rendered":"<p>Hor\u00e1rio de trabalho da equipe do LPRH Nome do servidor(a) Hor\u00e1rio de trabalho Segunda-feira Ter\u00e7a-feira Quarta-feira Quinta-feira Sexta-feira Wilson Alves Moraes das 07h \u00e0s 12h e das 13h \u00e0s 16h das 07h \u00e0s 12h e das 13h \u00e0s 16h das 07h \u00e0s 12h e das 13h \u00e0s 16h das 07h \u00e0s 12h e das 13h&nbsp;&hellip;<\/p>\n","protected":false},"author":378,"featured_media":0,"parent":0,"menu_order":0,"comment_status":"closed","ping_status":"closed","template":"","meta":[],"_links":{"self":[{"href":"https:\/\/www2.uepg.br\/propesp-clabmu\/wp-json\/wp\/v2\/pages\/1020"}],"collection":[{"href":"https:\/\/www2.uepg.br\/propesp-clabmu\/wp-json\/wp\/v2\/pages"}],"about":[{"href":"https:\/\/www2.uepg.br\/propesp-clabmu\/wp-json\/wp\/v2\/types\/page"}],"author":[{"embeddable":true,"href":"https:\/\/www2.uepg.br\/propesp-clabmu\/wp-json\/wp\/v2\/users\/378"}],"replies":[{"embeddable":true,"href":"https:\/\/www2.uepg.br\/propesp-clabmu\/wp-json\/wp\/v2\/comments?post=1020"}],"version-history":[{"count":13,"href":"https:\/\/www2.uepg.br\/propesp-clabmu\/wp-json\/wp\/v2\/pages\/1020\/revisions"}],"predecessor-version":[{"id":1292,"href":"https:\/\/www2.uepg.br\/propesp-clabmu\/wp-json\/wp\/v2\/pages\/1020\/revisions\/1292"}],"wp:attachment":[{"href":"https:\/\/www2.uepg.br\/propesp-clabmu\/wp-json\/wp\/v2\/media?parent=1020"}],"curies":[{"name":"wp","href":"https:\/\/api.w.org\/{rel}","templated":true}]}}