{"id":1102,"date":"2026-03-03T10:52:54","date_gmt":"2026-03-03T13:52:54","guid":{"rendered":"https:\/\/www2.uepg.br\/propesp-clabmu\/?page_id=1102"},"modified":"2026-03-12T07:56:09","modified_gmt":"2026-03-12T10:56:09","slug":"comite-gestor","status":"publish","type":"page","link":"https:\/\/www2.uepg.br\/propesp-clabmu\/comite-gestor\/","title":{"rendered":"Comit\u00ea Gestor"},"content":{"rendered":"<table style=\"height: 313px\" border=\"0\" width=\"1005\" cellspacing=\"0\">\n<colgroup width=\"201\"><\/colgroup>\n<colgroup width=\"304\"><\/colgroup>\n<tbody>\n<tr>\n<td align=\"center\"><b>TITULARES<\/b><\/td>\n<td align=\"center\"><b>FUN\u00c7\u00c3O<\/b><\/td>\n<\/tr>\n<tr>\n<td align=\"left\"><a href=\"https:\/\/lattes.cnpq.br\/0675415044644956\" target=\"_blank\" rel=\"noopener\"><br \/>\nRen\u00ea Francisco Hellman<br \/>\n<\/a><\/td>\n<td align=\"left\"><a href=\"https:\/\/www2.uepg.br\/propesp\/equipe\" target=\"_blank\" rel=\"noopener\"><br \/>\nPr\u00f3-Reitor de Pesquisa e P\u00f3s-Gradua\u00e7\u00e3o<br \/>\n<\/a><\/td>\n<\/tr>\n<tr>\n<td align=\"left\"><a href=\"https:\/\/lattes.cnpq.br\/0412260083540737\" target=\"_blank\" rel=\"noopener\"><br \/>\nSimone de F\u00e1tima Flach<br \/>\n<\/a><\/td>\n<td align=\"left\"><a href=\"https:\/\/www2.uepg.br\/propesp\/pos-graduacao\/\" target=\"_blank\" rel=\"noopener\"><br \/>\nDiretora de P\u00f3s-Gradua\u00e7\u00e3o<br \/>\n<\/a><\/td>\n<\/tr>\n<tr>\n<td align=\"left\"><a href=\"https:\/\/lattes.cnpq.br\/8461945852052834\" target=\"_blank\" rel=\"noopener\"><br \/>\nBarbara Cel\u00e2nia Fiorin<br \/>\n<\/a><\/td>\n<td align=\"left\"><a href=\"https:\/\/www2.uepg.br\/propesp\/pesquisa\/\" target=\"_blank\" rel=\"noopener\"><br \/>\nDiretora de Pesquisa<br \/>\n<\/a><\/td>\n<\/tr>\n<tr>\n<td align=\"left\"><a href=\"https:\/\/lattes.cnpq.br\/6676197027377549\" target=\"_blank\" rel=\"noopener\"><br \/>\nAdriel Ferreira da Fonseca<br \/>\n<\/a><\/td>\n<td align=\"left\"><a href=\"https:\/\/www2.uepg.br\/propesp-clabmu\/c-labmu-central-e-cipp\/\" target=\"_blank\" rel=\"noopener\"><br \/>\nCoordenador do Complexo de Laborat\u00f3rios Multiusu\u00e1rios<br \/>\n<\/a><\/td>\n<\/tr>\n<\/tbody>\n<\/table>\n<p>&nbsp;<\/p>\n<h2><\/h2>\n<h2 style=\"text-align: center\"><a href=\"https:\/\/www2.uepg.br\/propesp-clabmu\/wp-content\/uploads\/sites\/198\/2026\/03\/SEI_UEPG-3017017-Certidao_Comite-Gestor.pdf\">Certid\u00e3o do Comit\u00ea Gestor<\/a><\/h2>\n","protected":false},"excerpt":{"rendered":"<p>TITULARES FUN\u00c7\u00c3O Ren\u00ea Francisco Hellman Pr\u00f3-Reitor de Pesquisa e P\u00f3s-Gradua\u00e7\u00e3o Simone de F\u00e1tima Flach Diretora de P\u00f3s-Gradua\u00e7\u00e3o Barbara Cel\u00e2nia Fiorin Diretora de Pesquisa Adriel Ferreira da Fonseca Coordenador do Complexo de Laborat\u00f3rios Multiusu\u00e1rios &nbsp; Certid\u00e3o do Comit\u00ea Gestor<\/p>\n","protected":false},"author":763,"featured_media":0,"parent":0,"menu_order":0,"comment_status":"closed","ping_status":"closed","template":"","meta":[],"_links":{"self":[{"href":"https:\/\/www2.uepg.br\/propesp-clabmu\/wp-json\/wp\/v2\/pages\/1102"}],"collection":[{"href":"https:\/\/www2.uepg.br\/propesp-clabmu\/wp-json\/wp\/v2\/pages"}],"about":[{"href":"https:\/\/www2.uepg.br\/propesp-clabmu\/wp-json\/wp\/v2\/types\/page"}],"author":[{"embeddable":true,"href":"https:\/\/www2.uepg.br\/propesp-clabmu\/wp-json\/wp\/v2\/users\/763"}],"replies":[{"embeddable":true,"href":"https:\/\/www2.uepg.br\/propesp-clabmu\/wp-json\/wp\/v2\/comments?post=1102"}],"version-history":[{"count":9,"href":"https:\/\/www2.uepg.br\/propesp-clabmu\/wp-json\/wp\/v2\/pages\/1102\/revisions"}],"predecessor-version":[{"id":1339,"href":"https:\/\/www2.uepg.br\/propesp-clabmu\/wp-json\/wp\/v2\/pages\/1102\/revisions\/1339"}],"wp:attachment":[{"href":"https:\/\/www2.uepg.br\/propesp-clabmu\/wp-json\/wp\/v2\/media?parent=1102"}],"curies":[{"name":"wp","href":"https:\/\/api.w.org\/{rel}","templated":true}]}}