{"id":1106,"date":"2026-03-03T10:54:43","date_gmt":"2026-03-03T13:54:43","guid":{"rendered":"https:\/\/www2.uepg.br\/propesp-clabmu\/?page_id=1106"},"modified":"2026-03-09T07:40:02","modified_gmt":"2026-03-09T10:40:02","slug":"usuarios-externos-a-uepg","status":"publish","type":"page","link":"https:\/\/www2.uepg.br\/propesp-clabmu\/usuarios-externos-a-uepg\/","title":{"rendered":"Usu\u00e1rios Externos \u00e0 UEPG"},"content":{"rendered":"<p style=\"text-align: left\">Os Usu\u00e1rios Externos, por ocasi\u00e3o da sua primeira solicita\u00e7\u00e3o, devem pedir a inclus\u00e3o no Sistema da UEPG<\/p>\n<p><strong>Segue as orienta\u00e7\u00f5es:<\/strong><\/p>\n<ol>\n<li>Acessar o link <a href=\"https:\/\/sisei.apps.uepg.br\/protocolo-digital\/geral\">https:\/\/sisei.apps.uepg.br\/protocolo-digital\/geral<\/a>.<\/li>\n<li>Preencher todas as informa\u00e7\u00f5es do formul\u00e1rio.<\/li>\n<li>No campo \u201cT\u00edtulo\u201d, informar \u201cSOLICITA\u00c7\u00c3O DE USO DE EQUIPAMENTO MULTIUSU\u00c1RIO\u201d.<\/li>\n<li>No campo \u201cSua solicita\u00e7\u00e3o\u201d, informar:<br \/>\na. A Central Multiusu\u00e1ria que necessita utilizar.<br \/>\nb. O equipamento que deseja utilizar.<br \/>\nc. O tipo e n\u00famero de amostras a serem analisadas.<br \/>\nd. O procedimento adotado para o preparo das amostras.<br \/>\ne. Outras quest\u00f5es essenciais para agilidade do atendimento.<\/li>\n<li>O SEI dever\u00e1 ser endere\u00e7ado \u00e0 Coordena\u00e7\u00e3o do C-LABMU.<\/li>\n<\/ol>\n","protected":false},"excerpt":{"rendered":"<p>Os Usu\u00e1rios Externos, por ocasi\u00e3o da sua primeira solicita\u00e7\u00e3o, devem pedir a inclus\u00e3o no Sistema da UEPG Segue as orienta\u00e7\u00f5es: Acessar o link https:\/\/sisei.apps.uepg.br\/protocolo-digital\/geral. Preencher todas as informa\u00e7\u00f5es do formul\u00e1rio. No campo \u201cT\u00edtulo\u201d, informar \u201cSOLICITA\u00c7\u00c3O DE USO DE EQUIPAMENTO MULTIUSU\u00c1RIO\u201d. No campo \u201cSua solicita\u00e7\u00e3o\u201d, informar: a. A Central Multiusu\u00e1ria que necessita utilizar. b. O equipamento&nbsp;&hellip;<\/p>\n","protected":false},"author":763,"featured_media":0,"parent":0,"menu_order":0,"comment_status":"closed","ping_status":"closed","template":"","meta":[],"_links":{"self":[{"href":"https:\/\/www2.uepg.br\/propesp-clabmu\/wp-json\/wp\/v2\/pages\/1106"}],"collection":[{"href":"https:\/\/www2.uepg.br\/propesp-clabmu\/wp-json\/wp\/v2\/pages"}],"about":[{"href":"https:\/\/www2.uepg.br\/propesp-clabmu\/wp-json\/wp\/v2\/types\/page"}],"author":[{"embeddable":true,"href":"https:\/\/www2.uepg.br\/propesp-clabmu\/wp-json\/wp\/v2\/users\/763"}],"replies":[{"embeddable":true,"href":"https:\/\/www2.uepg.br\/propesp-clabmu\/wp-json\/wp\/v2\/comments?post=1106"}],"version-history":[{"count":5,"href":"https:\/\/www2.uepg.br\/propesp-clabmu\/wp-json\/wp\/v2\/pages\/1106\/revisions"}],"predecessor-version":[{"id":1200,"href":"https:\/\/www2.uepg.br\/propesp-clabmu\/wp-json\/wp\/v2\/pages\/1106\/revisions\/1200"}],"wp:attachment":[{"href":"https:\/\/www2.uepg.br\/propesp-clabmu\/wp-json\/wp\/v2\/media?parent=1106"}],"curies":[{"name":"wp","href":"https:\/\/api.w.org\/{rel}","templated":true}]}}