{"id":1110,"date":"2026-03-03T10:56:22","date_gmt":"2026-03-03T13:56:22","guid":{"rendered":"https:\/\/www2.uepg.br\/propesp-clabmu\/?page_id=1110"},"modified":"2026-03-10T07:37:19","modified_gmt":"2026-03-10T10:37:19","slug":"historico","status":"publish","type":"page","link":"https:\/\/www2.uepg.br\/propesp-clabmu\/historico\/","title":{"rendered":"Hist\u00f3rico"},"content":{"rendered":"<p align=\"justify\"><b>Complexo de Laborat\u00f3rios Multiusu\u00e1rios (C-LABMU) da Universidade Estadual de Ponta Grossa (UEPG)<\/b><\/p>\n<p align=\"justify\">A Universidade Estadual de Ponta Grossa (UEPG), nas \u00faltimas d\u00e9cadas, tem verticalizado suas atividades de ensino, pesquisa, inova\u00e7\u00e3o e extens\u00e3o, de forma integrada. Nesse contexto, a administra\u00e7\u00e3o da institui\u00e7\u00e3o, em conson\u00e2ncia com as demandas dos docentes, discentes e colaboradores, envidou esfor\u00e7os para a cria\u00e7\u00e3o e a expans\u00e3o de laborat\u00f3rios multiusu\u00e1rios.<\/p>\n<p align=\"justify\">O Complexo de Laborat\u00f3rios Multiusu\u00e1rios da UEPG (C-LABMU) \u00e9 constitu\u00eddo por 10 (dez) centrais multiusu\u00e1rias distribu\u00eddas nos Campus, Setores de Conhecimento e Unidades Administrativas, a saber:<\/p>\n<ol>\n<li>\n<p align=\"justify\"><b>Central Multiusu\u00e1ria Geral \u2013 Complexo de Laborat\u00f3rios e Administrativo<\/b> \u2013 C-LABMU Central e CIPP (<span style=\"color: #467886\"><u><a href=\"https:\/\/pnipe.mcti.gov.br\/laboratory\/4800\">https:\/\/pnipe.mcti.gov.br\/laboratory\/4800<\/a><\/u><\/span>);<\/p>\n<\/li>\n<li>\n<p align=\"justify\"><b>Central Multiusu\u00e1ria do Setor de Ci\u00eancias Biol\u00f3gicas e da Sa\u00fade<\/b> \u2013 LABMU-CiBioS (<span style=\"color: #467886\"><u><a href=\"https:\/\/pnipe.mcti.gov.br\/laboratory\/35970\">https:\/\/pnipe.mcti.gov.br\/laboratory\/35970<\/a><\/u><\/span>);<\/p>\n<\/li>\n<li>\n<p align=\"justify\"><b>Centro de Pesquisas Avan\u00e7adas para Tecnologias do Agroneg\u00f3cio<\/b> \u2013 CT-AGRO (<span style=\"color: #467886\"><u><a href=\"https:\/\/pnipe.mcti.gov.br\/laboratory\/35890\">https:\/\/pnipe.mcti.gov.br\/laboratory\/35890<\/a><\/u><\/span>);<\/p>\n<\/li>\n<li>\n<p align=\"justify\"><b>Central de Prototipagem<\/b> \u2013 CEPROT (<span style=\"color: #467886\"><u><a href=\"https:\/\/pnipe.mcti.gov.br\/laboratory\/37128\">https:\/\/pnipe.mcti.gov.br\/laboratory\/37128<\/a><\/u><\/span>);<\/p>\n<\/li>\n<li>\n<p align=\"justify\"><b>Laborat\u00f3rio de Pesquisa em Recursos H\u00eddricos<\/b> \u2013 LPRH (<span style=\"color: #467886\"><u><a href=\"https:\/\/pnipe.mcti.gov.br\/laboratory\/41216\">https:\/\/pnipe.mcti.gov.br\/laboratory\/41216<\/a><\/u><\/span> );<\/p>\n<\/li>\n<li>\n<p align=\"justify\"><b>Centro Tecnol\u00f3gico de Pesquisa em Ci\u00eancias Humanas<\/b> \u2013 CETEP (<span style=\"color: #467886\"><u><a href=\"https:\/\/pnipe.mcti.gov.br\/laboratory\/36937\">https:\/\/pnipe.mcti.gov.br\/laboratory\/36937<\/a><\/u><\/span>);<\/p>\n<\/li>\n<li>\n<p align=\"justify\"><b>Laborat\u00f3rio de Integra\u00e7\u00e3o Tecnol\u00f3gica em Ci\u00eancias Humanas e Sociais<\/b> \u2013 LITEC (<span style=\"color: #467886\"><u><a href=\"https:\/\/pnipe.mcti.gov.br\/laboratory\/36934\">https:\/\/pnipe.mcti.gov.br\/laboratory\/36934<\/a><\/u><\/span>);<\/p>\n<\/li>\n<li>\n<p align=\"justify\"><b>Laborat\u00f3rio Multiusu\u00e1rio de Pesquisa em Ci\u00eancias Naturais<\/b> \u2013 LANAT (<span style=\"color: #467886\"><u><a href=\"https:\/\/pnipe.mcti.gov.br\/laboratory\/36936\">https:\/\/pnipe.mcti.gov.br\/laboratory\/36936<\/a><\/u><\/span>);<\/p>\n<\/li>\n<li>\n<p align=\"justify\"><b>Laborat\u00f3rio Multiusu\u00e1rio de Humanidades Digitais e Inova\u00e7\u00e3o da Universidade Estadual de Ponta Grossa<\/b> \u2013 LAMUHDI (<span style=\"color: #467886\"><u><a href=\"https:\/\/pnipe.mcti.gov.br\/laboratory\/37524\">https:\/\/pnipe.mcti.gov.br\/laboratory\/37524<\/a><\/u><\/span>);<\/p>\n<\/li>\n<li>\n<p align=\"justify\"><b>Laborat\u00f3rio Multiusu\u00e1rio do Centro de Pesquisa e P\u00f3s-Gradua\u00e7\u00e3o <\/b><i><b>Stricto Sensu <\/b><\/i><b>em Direito<\/b> \u2013 CEPPODI-LAB.<\/p>\n<\/li>\n<\/ol>\n<p align=\"justify\">Os laborat\u00f3rios multiusu\u00e1rios foram constitu\u00eddos, predominantemente, com recursos de Chamadas P\u00fablicas da Financiadora de Estudos e Projetos (FINEP), que viabilizaram a constru\u00e7\u00e3o de pr\u00e9dios, aquisi\u00e7\u00e3o de equipamentos de m\u00e9dio e grande porte e apoio expressivo aos Programas de P\u00f3s-Gradua\u00e7\u00e3o \u201cStricto Sensu\u201d (PPGs). Gra\u00e7as ao uso compartilhado dos locais multiusu\u00e1rios e seus respectivos equipamentos, a UEPG conseguiu otimizar a gest\u00e3o de recursos humanos, f\u00edsicos e financeiros e proporcionar condi\u00e7\u00f5es para a cria\u00e7\u00e3o dos cursos de doutorado, bem como a melhoria dos seus respectivos conceitos. Em s\u00edntese, h\u00e1 mais de R$ 30 milh\u00f5es em equipamentos multiusu\u00e1rios distribu\u00eddos nas Centrais Multiusu\u00e1rias.<\/p>\n<p align=\"justify\">Todos os equipamentos multiusu\u00e1rios s\u00e3o regidos por regulamento espec\u00edfico e administrados pelo <a href=\"https:\/\/www2.uepg.br\/propesp-clabmu\/comite-gestor\/\" target=\"_blank\" rel=\"noopener\">Comit\u00ea Gestor<\/a>, que colocam em pr\u00e1tica as decis\u00f5es aprovadas pela <a href=\"https:\/\/www2.uepg.br\/propesp-clabmu\/comite-multiusuarios\/\" target=\"_blank\" rel=\"noopener\">Comiss\u00e3o de Usu\u00e1rios<\/a>. Essa Comiss\u00e3o \u00e9 composta por representantes da Pr\u00f3-Reitoria de Pesquisa e P\u00f3s-Gradua\u00e7\u00e3o (PROPESP) e dos PPGs, indicados por seus pares.<\/p>\n<p align=\"justify\">Os recursos para o adequado funcionamento dos Laborat\u00f3rios Multiusu\u00e1rios da UEPG s\u00e3o oriundos das seguintes fontes:<\/p>\n<ol type=\"a\">\n<li>\n<p align=\"justify\"><b>Secretaria de Ci\u00eancia, Tecnologia e Ensino Superior do Estado do Paran\u00e1 \u2013 SETI<\/b><\/p>\n<\/li>\n<\/ol>\n<p align=\"justify\">A SETI prioriza recursos para os Laborat\u00f3rios Multiusu\u00e1rios das Institui\u00e7\u00f5es de Ensino Superior (IES) do Paran\u00e1. Os recursos s\u00e3o democraticamente decididos junto \u00e0 Rede de Laborat\u00f3rios Multiusu\u00e1rios &#8211; RIMPP, presidida pelo Secret\u00e1rio de Estado da SETI e composta por todos os Coordenadores\/Diretores dos Laborat\u00f3rios Multiusu\u00e1rios das IES.<\/p>\n<ol start=\"2\" type=\"a\">\n<li>\n<p align=\"justify\"><b>PROAP\/UEPG<\/b><\/p>\n<\/li>\n<\/ol>\n<p align=\"justify\">A UEPG disponibiliza recursos para os PPGs e PROPESP. Parte dos recursos da PROPESP s\u00e3o direcionados para as necessidades emergentes do C-LABMU, sobretudo, aquelas n\u00e3o contempladas ou que n\u00e3o poder\u00e3o ser executadas por meio de Encomenda Governamental SETI\/Fundo Paran\u00e1.<\/p>\n<ol start=\"3\" type=\"a\">\n<li>\n<p align=\"justify\"><b>PROAP\/CAPES<\/b><\/p>\n<\/li>\n<\/ol>\n<p align=\"justify\">Os PPGs integrantes de Centrais Multiusu\u00e1rias direcionam parte dos recursos do PROAP-CAPES para aquisi\u00e7\u00e3o de consum\u00edveis, sobretudo, padr\u00f5es e gases especiais. Al\u00e9m disso, parte do PROAP\/CAPES da PROPESP \u00e9 direcionada para aquisi\u00e7\u00e3o de consum\u00edveis ou equipamentos de pequeno porte para otimiza\u00e7\u00e3o dos equipamentos multiusu\u00e1rios de grande porte do C-LABMU Central e CIPP, O PROAP\/CAPES da PROPESP possibilita, inclusive, adquirir equipamentos que n\u00e3o s\u00e3o rotineiramente permitidos nos editais da FINEP.<\/p>\n<ol start=\"4\" type=\"a\">\n<li>\n<p align=\"justify\"><b>Projetos aprovados junto \u00e0 FINEP<\/b><\/p>\n<\/li>\n<\/ol>\n<p align=\"justify\">Na atualidade, est\u00e1 em execu\u00e7\u00e3o o maior projeto que a UEPG aprovou junto \u00e0 FINEP, especificamente para a recupera\u00e7\u00e3o e a atualiza\u00e7\u00e3o dos equipamentos de grande porte, nas diferentes Centrais Multiusu\u00e1rias.<\/p>\n<ol start=\"5\" type=\"a\">\n<li>\n<p align=\"justify\"><b>Projetos Individuais dos Usu\u00e1rios<\/b><\/p>\n<\/li>\n<\/ol>\n<p align=\"justify\">Todos os docentes da UEPG s\u00e3o estimulados a submeterem projetos de pesquisas junto \u00e0s ag\u00eancias p\u00fablicas e privadas de fomento \u00e0 pesquisa. Por ocasi\u00e3o da submiss\u00e3o das propostas, os docentes s\u00e3o orientados \u00e0 destinarem parte dos recursos para aquisi\u00e7\u00e3o de gases especiais e\/ou manuten\u00e7\u00e3o de equipamentos multiusu\u00e1rios.<\/p>\n<ol start=\"6\" type=\"a\">\n<li>\n<p align=\"justify\"><b><a href=\"https:\/\/www2.uepg.br\/propesp-clabmu\/prestacao-de-servicos\/\" target=\"_blank\" rel=\"noopener\">Presta\u00e7\u00e3o de servi\u00e7os<\/a> via Funda\u00e7\u00e3o de Apoio ao Desenvolvimento Institucional, Cient\u00edfico e Tecnol\u00f3gico da Universidade Estadual de Ponta Grossa \u2013 FAUEPG<\/b><\/p>\n<\/li>\n<\/ol>\n<p>As Centrais Multiusu\u00e1rias realizam presta\u00e7\u00e3o de servi\u00e7os \u00e0 comunidade externa. Os recursos da presta\u00e7\u00e3o de servi\u00e7os s\u00e3o gestionados pelo Coordenador do C-LABMU e destinado, prioritariamente, \u00e0s quest\u00f5es emergenciais das Centrais Multiusu\u00e1rias. A presta\u00e7\u00e3o de contas \u00e9 feita junto \u00e0 Comiss\u00e3o do C-LABMU e ao Conselho de Administra\u00e7\u00e3o da UEPG.<\/p>\n<p align=\"justify\">\u00a0 g. <strong>Funda\u00e7\u00e3o Arauc\u00e1ria<\/strong><\/p>\n<p align=\"justify\">\u00a0A Funda\u00e7\u00e3o Arauc\u00e1ria tem viabilizado a contrata\u00e7\u00e3o de bolsistas t\u00e9cnicos espec\u00edficos para as Centrais Multiusu\u00e1rias das IES. Na atualidade, as Centrais Multiusu\u00e1rias da UEPG contam com um total de 10 (dez) bolsistas t\u00e9cnicos, que foram selecionados por meio dos <a href=\"https:\/\/www2.uepg.br\/propesp-clabmu\/editais\/\">Editais<\/a>.<\/p>\n<p align=\"justify\">O C-LABMU tamb\u00e9m tem se destacado no oferecimento de minicursos, treinamentos e workshops. Esses eventos objetivam atender os anseios dos grupos de pesquisa e inova\u00e7\u00e3o, discentes da gradua\u00e7\u00e3o e p\u00f3s-gradua\u00e7\u00e3o e dos colaboradores do C-LABMU, permitindo maximizar o uso das t\u00e9cnicas dispon\u00edveis e atender da melhor maneira poss\u00edvel comunidade interna e externa \u00e0 UEPG. <i>Em s\u00edntese, a UEPG possui uma das melhores estruturas multiusu\u00e1rias do Sul do Pa\u00eds, com capacidade de atender perfeitamente todos os anseios da p\u00f3s-gradua\u00e7\u00e3o, pesquisa, inova\u00e7\u00e3o e presta\u00e7\u00e3o de servi\u00e7os \u00e0 comunidade.<\/i><\/p>\n<p align=\"justify\">\n","protected":false},"excerpt":{"rendered":"<p>Complexo de Laborat\u00f3rios Multiusu\u00e1rios (C-LABMU) da Universidade Estadual de Ponta Grossa (UEPG) A Universidade Estadual de Ponta Grossa (UEPG), nas \u00faltimas d\u00e9cadas, tem verticalizado suas atividades de ensino, pesquisa, inova\u00e7\u00e3o e extens\u00e3o, de forma integrada. Nesse contexto, a administra\u00e7\u00e3o da institui\u00e7\u00e3o, em conson\u00e2ncia com as demandas dos docentes, discentes e colaboradores, envidou esfor\u00e7os para a&nbsp;&hellip;<\/p>\n","protected":false},"author":763,"featured_media":0,"parent":0,"menu_order":0,"comment_status":"closed","ping_status":"closed","template":"","meta":[],"_links":{"self":[{"href":"https:\/\/www2.uepg.br\/propesp-clabmu\/wp-json\/wp\/v2\/pages\/1110"}],"collection":[{"href":"https:\/\/www2.uepg.br\/propesp-clabmu\/wp-json\/wp\/v2\/pages"}],"about":[{"href":"https:\/\/www2.uepg.br\/propesp-clabmu\/wp-json\/wp\/v2\/types\/page"}],"author":[{"embeddable":true,"href":"https:\/\/www2.uepg.br\/propesp-clabmu\/wp-json\/wp\/v2\/users\/763"}],"replies":[{"embeddable":true,"href":"https:\/\/www2.uepg.br\/propesp-clabmu\/wp-json\/wp\/v2\/comments?post=1110"}],"version-history":[{"count":11,"href":"https:\/\/www2.uepg.br\/propesp-clabmu\/wp-json\/wp\/v2\/pages\/1110\/revisions"}],"predecessor-version":[{"id":1252,"href":"https:\/\/www2.uepg.br\/propesp-clabmu\/wp-json\/wp\/v2\/pages\/1110\/revisions\/1252"}],"wp:attachment":[{"href":"https:\/\/www2.uepg.br\/propesp-clabmu\/wp-json\/wp\/v2\/media?parent=1110"}],"curies":[{"name":"wp","href":"https:\/\/api.w.org\/{rel}","templated":true}]}}