{"id":1117,"date":"2026-03-03T10:57:38","date_gmt":"2026-03-03T13:57:38","guid":{"rendered":"https:\/\/www2.uepg.br\/propesp-clabmu\/?page_id=1117"},"modified":"2026-03-09T07:55:45","modified_gmt":"2026-03-09T10:55:45","slug":"prestacao-de-servicos","status":"publish","type":"page","link":"https:\/\/www2.uepg.br\/propesp-clabmu\/prestacao-de-servicos\/","title":{"rendered":"Presta\u00e7\u00e3o de Servi\u00e7os"},"content":{"rendered":"<p align=\"justify\"><b>Prezados(as),<\/b><\/p>\n<p align=\"justify\">As Centrais Multiusu\u00e1rias da UEPG oferecem presta\u00e7\u00e3o de servi\u00e7os, gestionados por meio da <a href=\"https:\/\/www.fauepg.org.br\/\" target=\"_blank\" rel=\"noopener\">FAUEPG<\/a>. Antes de solicitar a presta\u00e7\u00e3o de servi\u00e7os, leia atentamente essas informa\u00e7\u00f5es:<\/p>\n<ol>\n<li>\n<p align=\"justify\">Consultar as <a href=\"https:\/\/www2.uepg.br\/propesp-clabmu\/centrais-multusuarias\/\" target=\"_blank\" rel=\"noopener\">Centrais Multiusu\u00e1rias<\/a> e seus respectivos equipamentos.<\/p>\n<\/li>\n<li>\n<p align=\"justify\">Informar-nos, por meio do e-mail <span style=\"color: #467886\"><u><a href=\"mailto:clabmu.coordenacao@uepg.br\">clabmu.coordenacao@uepg.br<\/a><\/u><\/span> ou <span style=\"color: #467886\"><u><a href=\"mailto:clabmuadm@uepg.br\">clabmuadm@uepg.br<\/a><\/u><\/span> quanto ao servi\u00e7o almejado.<\/p>\n<\/li>\n<li>\n<p align=\"justify\">No caso de an\u00e1lises, deixar claro se deseja \u201capenas a realiza\u00e7\u00e3o das medidas\u201d ou \u201crealiza\u00e7\u00e3o de medidas e laudo t\u00e9cnico\u201d.<\/p>\n<\/li>\n<li>\n<p align=\"justify\">As medidas s\u00e3o feitas por t\u00e9cnicos ou bolsistas t\u00e9cnicos ou docentes especializados no equipamento em quest\u00e3o.<\/p>\n<\/li>\n<li>\n<p align=\"justify\">Os laudos t\u00e9cnicos s\u00e3o realizados e assinados somente por profissionais (docentes ou t\u00e9cnicos) especialistas no(s) equipamento(s) em pauta, regularmente cadastrados no Conselho de Classe e homologados pelo C-LABMU.<\/p>\n<\/li>\n<li>\n<p align=\"justify\">Os valores da presta\u00e7\u00e3o de servi\u00e7os est\u00e3o informados no endere\u00e7o: <span style=\"color: #467886\"><u><a href=\"https:\/\/www2.uepg.br\/propesp-clabmu\/tabela-de-valores\">https:\/\/www2.uepg.br\/propesp-clabmu\/tabela-de-valores<\/a><\/u><\/span>.<\/p>\n<\/li>\n<li>\n<p align=\"justify\">Quaisquer equipamentos e\/ou espa\u00e7os multiusu\u00e1rios est\u00e3o subordinados ao Regimento Geral do C-LABMU, disponibilizado no endere\u00e7o <span style=\"color: #467886\"><u><a href=\"https:\/\/www2.uepg.br\/propesp-clabmu\/regimento\">https:\/\/www2.uepg.br\/propesp-clabmu\/regimento<\/a><\/u><\/span>.<\/p>\n<\/li>\n<\/ol>\n<p align=\"center\">Atenciosamente<\/p>\n<p align=\"center\">Prof. Dr. Adriel Ferreira da Fonseca \u2013 Coordenador do Complexo de Laborat\u00f3rios Multiusu\u00e1rios (C-LABMU) da UEPG<\/p>\n<p align=\"center\"><i>E-mail:\u00a0<\/i><span style=\"color: #467886\"><u><a href=\"mailto:clabmu.coordenacao@uepg.br\"><i>clabmu.coordenacao@uepg.br<\/i><\/a><\/u><\/span><\/p>\n<p align=\"center\">&amp;<\/p>\n<p align=\"center\">T\u00e9c. Rachel Govea da Silva \u2013 Apoio \u00e0 Coordena\u00e7\u00e3o do C-LABMU<\/p>\n<p align=\"center\"><i>E-mail:\u00a0<\/i><span style=\"color: #467886\"><u><a href=\"mailto:clabmuadm@uepg.br\"><i>clabmuadm@uepg.br<\/i><\/a><\/u><\/span><\/p>\n<p align=\"center\"><i>Telefone: (42) 3220-3152<\/i><\/p>\n<p align=\"justify\">\n","protected":false},"excerpt":{"rendered":"<p>Prezados(as), As Centrais Multiusu\u00e1rias da UEPG oferecem presta\u00e7\u00e3o de servi\u00e7os, gestionados por meio da FAUEPG. Antes de solicitar a presta\u00e7\u00e3o de servi\u00e7os, leia atentamente essas informa\u00e7\u00f5es: Consultar as Centrais Multiusu\u00e1rias e seus respectivos equipamentos. Informar-nos, por meio do e-mail clabmu.coordenacao@uepg.br ou clabmuadm@uepg.br quanto ao servi\u00e7o almejado. No caso de an\u00e1lises, deixar claro se deseja \u201capenas&nbsp;&hellip;<\/p>\n","protected":false},"author":763,"featured_media":0,"parent":0,"menu_order":0,"comment_status":"closed","ping_status":"closed","template":"","meta":[],"_links":{"self":[{"href":"https:\/\/www2.uepg.br\/propesp-clabmu\/wp-json\/wp\/v2\/pages\/1117"}],"collection":[{"href":"https:\/\/www2.uepg.br\/propesp-clabmu\/wp-json\/wp\/v2\/pages"}],"about":[{"href":"https:\/\/www2.uepg.br\/propesp-clabmu\/wp-json\/wp\/v2\/types\/page"}],"author":[{"embeddable":true,"href":"https:\/\/www2.uepg.br\/propesp-clabmu\/wp-json\/wp\/v2\/users\/763"}],"replies":[{"embeddable":true,"href":"https:\/\/www2.uepg.br\/propesp-clabmu\/wp-json\/wp\/v2\/comments?post=1117"}],"version-history":[{"count":4,"href":"https:\/\/www2.uepg.br\/propesp-clabmu\/wp-json\/wp\/v2\/pages\/1117\/revisions"}],"predecessor-version":[{"id":1204,"href":"https:\/\/www2.uepg.br\/propesp-clabmu\/wp-json\/wp\/v2\/pages\/1117\/revisions\/1204"}],"wp:attachment":[{"href":"https:\/\/www2.uepg.br\/propesp-clabmu\/wp-json\/wp\/v2\/media?parent=1117"}],"curies":[{"name":"wp","href":"https:\/\/api.w.org\/{rel}","templated":true}]}}