{"id":1119,"date":"2026-03-03T10:57:53","date_gmt":"2026-03-03T13:57:53","guid":{"rendered":"https:\/\/www2.uepg.br\/propesp-clabmu\/?page_id=1119"},"modified":"2026-03-09T07:59:39","modified_gmt":"2026-03-09T10:59:39","slug":"agendamentos","status":"publish","type":"page","link":"https:\/\/www2.uepg.br\/propesp-clabmu\/agendamentos\/","title":{"rendered":"Agendamentos"},"content":{"rendered":"<p><strong>Para uso dos equipamentos, favor utilizar os seguintes passos:<\/strong><br \/>\n1. Consultar nas <a href=\"https:\/\/www2.uepg.br\/propesp-clabmu\/centrais-multusuarias\/\">Centrais Multiusu\u00e1rias<\/a> e buscar qual equipamento voc\u00ea deseja utilizar.<br \/>\n2. Enviar e-mail para o respons\u00e1vel pela opera\u00e7\u00e3o do equipamento ou respons\u00e1vel pelo recinto, para averiguar a sistem\u00e1tica de preparo de amostra ou algum pr\u00e9-requisito.<br \/>\n3. Fazer a oficialmente a solicita\u00e7\u00e3o no link <a href=\"https:\/\/propesp-clabmu.apps.uepg.br\/solicitacao\/login.php\">https:\/\/propesp-clabmu.apps.uepg.br\/solicitacao\/login.php<\/a> para \u00a0Usu\u00e1rios Internos \u00e0 UEPG <em>ou\u00a0no link <a href=\"https:\/\/www2.uepg.br\/propesp-clabmu\/usuarios-externos-a-uepg\/\">https:\/\/www2.uepg.br\/propesp-clabmu\/usuarios-externos-a-uepg\/<\/a> para Usu\u00e1rios Externos \u00e0 UEPG.<\/em><\/p>\n","protected":false},"excerpt":{"rendered":"<p>Para uso dos equipamentos, favor utilizar os seguintes passos: 1. Consultar nas Centrais Multiusu\u00e1rias e buscar qual equipamento voc\u00ea deseja utilizar. 2. Enviar e-mail para o respons\u00e1vel pela opera\u00e7\u00e3o do equipamento ou respons\u00e1vel pelo recinto, para averiguar a sistem\u00e1tica de preparo de amostra ou algum pr\u00e9-requisito. 3. Fazer a oficialmente a solicita\u00e7\u00e3o no link https:\/\/propesp-clabmu.apps.uepg.br\/solicitacao\/login.php&nbsp;&hellip;<\/p>\n","protected":false},"author":763,"featured_media":0,"parent":0,"menu_order":0,"comment_status":"closed","ping_status":"closed","template":"","meta":[],"_links":{"self":[{"href":"https:\/\/www2.uepg.br\/propesp-clabmu\/wp-json\/wp\/v2\/pages\/1119"}],"collection":[{"href":"https:\/\/www2.uepg.br\/propesp-clabmu\/wp-json\/wp\/v2\/pages"}],"about":[{"href":"https:\/\/www2.uepg.br\/propesp-clabmu\/wp-json\/wp\/v2\/types\/page"}],"author":[{"embeddable":true,"href":"https:\/\/www2.uepg.br\/propesp-clabmu\/wp-json\/wp\/v2\/users\/763"}],"replies":[{"embeddable":true,"href":"https:\/\/www2.uepg.br\/propesp-clabmu\/wp-json\/wp\/v2\/comments?post=1119"}],"version-history":[{"count":7,"href":"https:\/\/www2.uepg.br\/propesp-clabmu\/wp-json\/wp\/v2\/pages\/1119\/revisions"}],"predecessor-version":[{"id":1205,"href":"https:\/\/www2.uepg.br\/propesp-clabmu\/wp-json\/wp\/v2\/pages\/1119\/revisions\/1205"}],"wp:attachment":[{"href":"https:\/\/www2.uepg.br\/propesp-clabmu\/wp-json\/wp\/v2\/media?parent=1119"}],"curies":[{"name":"wp","href":"https:\/\/api.w.org\/{rel}","templated":true}]}}