{"id":1366,"date":"2026-04-07T15:34:23","date_gmt":"2026-04-07T18:34:23","guid":{"rendered":"https:\/\/www2.uepg.br\/propesp-clabmu\/?page_id=1366"},"modified":"2026-04-08T10:58:35","modified_gmt":"2026-04-08T13:58:35","slug":"salas-multiusuarias","status":"publish","type":"page","link":"https:\/\/www2.uepg.br\/propesp-clabmu\/salas-multiusuarias\/","title":{"rendered":"Salas Multiusu\u00e1rias"},"content":{"rendered":"<div id=\"pl-1366\"  class=\"panel-layout\" ><div id=\"pg-1366-0\"  class=\"panel-grid panel-no-style\" ><div id=\"pgc-1366-0-0\"  class=\"panel-grid-cell\" ><div id=\"panel-1366-0-0-0\" class=\"so-panel widget widget_text panel-first-child panel-last-child\" data-index=\"0\" >\t\t\t<div class=\"textwidget\"><p>O LITEC disponibiliza 3 (tr\u00eas) salas multiusu\u00e1rias para agendamento de eventos acad\u00eamico-cient\u00edficos, com suporte tecnol\u00f3gico e material de acordo com as especificidades do agendamento.<\/p>\n<\/div>\n\t\t<\/div><\/div><\/div><div id=\"pg-1366-1\"  class=\"panel-grid panel-has-style\" ><div class=\"siteorigin-panels-stretch panel-row-style panel-row-style-for-1366-1\" data-stretch-type=\"full-stretched-padded\" ><div id=\"pgc-1366-1-0\"  class=\"panel-grid-cell\" ><div id=\"panel-1366-1-0-0\" class=\"so-panel widget widget_media_image panel-first-child panel-last-child\" data-index=\"1\" ><h3 class=\"widget-title\">Audit\u00f3rio<\/h3><div style=\"width: 357px\" class=\"wp-caption alignnone\"><img width=\"347\" height=\"260\" src=\"https:\/\/www2.uepg.br\/propesp-clabmu\/wp-content\/uploads\/sites\/198\/2026\/04\/WhatsApp-Image-2026-04-07-at-13.15.08-2-2-768x576.jpeg\" class=\"image wp-image-1369  attachment-347x260 size-347x260\" alt=\"\" loading=\"lazy\" style=\"max-width: 100%; height: auto;\" title=\"Audit\u00f3rio\" srcset=\"https:\/\/www2.uepg.br\/propesp-clabmu\/wp-content\/uploads\/sites\/198\/2026\/04\/WhatsApp-Image-2026-04-07-at-13.15.08-2-2-768x576.jpeg 768w, https:\/\/www2.uepg.br\/propesp-clabmu\/wp-content\/uploads\/sites\/198\/2026\/04\/WhatsApp-Image-2026-04-07-at-13.15.08-2-2-300x225.jpeg 300w, https:\/\/www2.uepg.br\/propesp-clabmu\/wp-content\/uploads\/sites\/198\/2026\/04\/WhatsApp-Image-2026-04-07-at-13.15.08-2-2-1024x768.jpeg 1024w, https:\/\/www2.uepg.br\/propesp-clabmu\/wp-content\/uploads\/sites\/198\/2026\/04\/WhatsApp-Image-2026-04-07-at-13.15.08-2-2-1232x924.jpeg 1232w, https:\/\/www2.uepg.br\/propesp-clabmu\/wp-content\/uploads\/sites\/198\/2026\/04\/WhatsApp-Image-2026-04-07-at-13.15.08-2-2.jpeg 1280w\" sizes=\"(max-width: 347px) 100vw, 347px\" \/><p class=\"wp-caption-text\"> Capacidade para 150 usu\u00e1rios<\/p><\/div><\/div><\/div><div id=\"pgc-1366-1-1\"  class=\"panel-grid-cell\" ><div id=\"panel-1366-1-1-0\" class=\"so-panel widget widget_media_image panel-first-child panel-last-child\" data-index=\"2\" ><h3 class=\"widget-title\">Miniaudit\u00f3rio<\/h3><div style=\"width: 357px\" class=\"wp-caption alignnone\"><img width=\"347\" height=\"260\" src=\"https:\/\/www2.uepg.br\/propesp-clabmu\/wp-content\/uploads\/sites\/198\/2026\/04\/WhatsApp-Image-2026-04-07-at-13.15.08-3-768x576.jpeg\" class=\"image wp-image-1372  attachment-347x260 size-347x260\" alt=\"\" loading=\"lazy\" style=\"max-width: 100%; height: auto;\" title=\"Miniaudit\u00f3rio\" srcset=\"https:\/\/www2.uepg.br\/propesp-clabmu\/wp-content\/uploads\/sites\/198\/2026\/04\/WhatsApp-Image-2026-04-07-at-13.15.08-3-768x576.jpeg 768w, https:\/\/www2.uepg.br\/propesp-clabmu\/wp-content\/uploads\/sites\/198\/2026\/04\/WhatsApp-Image-2026-04-07-at-13.15.08-3-300x225.jpeg 300w, https:\/\/www2.uepg.br\/propesp-clabmu\/wp-content\/uploads\/sites\/198\/2026\/04\/WhatsApp-Image-2026-04-07-at-13.15.08-3-1024x768.jpeg 1024w, https:\/\/www2.uepg.br\/propesp-clabmu\/wp-content\/uploads\/sites\/198\/2026\/04\/WhatsApp-Image-2026-04-07-at-13.15.08-3-1232x924.jpeg 1232w, https:\/\/www2.uepg.br\/propesp-clabmu\/wp-content\/uploads\/sites\/198\/2026\/04\/WhatsApp-Image-2026-04-07-at-13.15.08-3.jpeg 1280w\" sizes=\"(max-width: 347px) 100vw, 347px\" \/><p class=\"wp-caption-text\">Capacidade para 50 usu\u00e1rios<\/p><\/div><\/div><\/div><div id=\"pgc-1366-1-2\"  class=\"panel-grid-cell\" ><div id=\"panel-1366-1-2-0\" class=\"so-panel widget widget_media_image panel-first-child panel-last-child\" data-index=\"3\" ><h3 class=\"widget-title\">Sala de videoconfer\u00eancias<\/h3><div style=\"width: 357px\" class=\"wp-caption alignnone\"><img width=\"347\" height=\"260\" src=\"https:\/\/www2.uepg.br\/propesp-clabmu\/wp-content\/uploads\/sites\/198\/2026\/04\/WhatsApp-Image-2026-04-07-at-13.15.08-1-768x576.jpeg\" class=\"image wp-image-1375  attachment-347x260 size-347x260\" alt=\"\" loading=\"lazy\" style=\"max-width: 100%; height: auto;\" title=\"Sala de videoconfer\u00eancias\" srcset=\"https:\/\/www2.uepg.br\/propesp-clabmu\/wp-content\/uploads\/sites\/198\/2026\/04\/WhatsApp-Image-2026-04-07-at-13.15.08-1-768x576.jpeg 768w, https:\/\/www2.uepg.br\/propesp-clabmu\/wp-content\/uploads\/sites\/198\/2026\/04\/WhatsApp-Image-2026-04-07-at-13.15.08-1-300x225.jpeg 300w, https:\/\/www2.uepg.br\/propesp-clabmu\/wp-content\/uploads\/sites\/198\/2026\/04\/WhatsApp-Image-2026-04-07-at-13.15.08-1-1024x768.jpeg 1024w, https:\/\/www2.uepg.br\/propesp-clabmu\/wp-content\/uploads\/sites\/198\/2026\/04\/WhatsApp-Image-2026-04-07-at-13.15.08-1-1232x924.jpeg 1232w, https:\/\/www2.uepg.br\/propesp-clabmu\/wp-content\/uploads\/sites\/198\/2026\/04\/WhatsApp-Image-2026-04-07-at-13.15.08-1.jpeg 1280w\" sizes=\"(max-width: 347px) 100vw, 347px\" \/><p class=\"wp-caption-text\"> Capacidade para 20 usu\u00e1rios<\/p><\/div><\/div><\/div><\/div><\/div><\/div>","protected":false},"excerpt":{"rendered":"<p>O LITEC disponibiliza 3 (tr\u00eas) salas multiusu\u00e1rias para agendamento de eventos acad\u00eamico-cient\u00edficos, com suporte tecnol\u00f3gico e material de acordo com as especificidades do agendamento.<\/p>\n","protected":false},"author":966,"featured_media":0,"parent":0,"menu_order":0,"comment_status":"closed","ping_status":"closed","template":"","meta":[],"_links":{"self":[{"href":"https:\/\/www2.uepg.br\/propesp-clabmu\/wp-json\/wp\/v2\/pages\/1366"}],"collection":[{"href":"https:\/\/www2.uepg.br\/propesp-clabmu\/wp-json\/wp\/v2\/pages"}],"about":[{"href":"https:\/\/www2.uepg.br\/propesp-clabmu\/wp-json\/wp\/v2\/types\/page"}],"author":[{"embeddable":true,"href":"https:\/\/www2.uepg.br\/propesp-clabmu\/wp-json\/wp\/v2\/users\/966"}],"replies":[{"embeddable":true,"href":"https:\/\/www2.uepg.br\/propesp-clabmu\/wp-json\/wp\/v2\/comments?post=1366"}],"version-history":[{"count":17,"href":"https:\/\/www2.uepg.br\/propesp-clabmu\/wp-json\/wp\/v2\/pages\/1366\/revisions"}],"predecessor-version":[{"id":1399,"href":"https:\/\/www2.uepg.br\/propesp-clabmu\/wp-json\/wp\/v2\/pages\/1366\/revisions\/1399"}],"wp:attachment":[{"href":"https:\/\/www2.uepg.br\/propesp-clabmu\/wp-json\/wp\/v2\/media?parent=1366"}],"curies":[{"name":"wp","href":"https:\/\/api.w.org\/{rel}","templated":true}]}}