{"id":1390,"date":"2026-04-07T15:46:14","date_gmt":"2026-04-07T18:46:14","guid":{"rendered":"https:\/\/www2.uepg.br\/propesp-clabmu\/?page_id=1390"},"modified":"2026-04-08T10:59:45","modified_gmt":"2026-04-08T13:59:45","slug":"oficinas-e-minicursos-em-metodologia-da-pesquisa","status":"publish","type":"page","link":"https:\/\/www2.uepg.br\/propesp-clabmu\/oficinas-e-minicursos-em-metodologia-da-pesquisa\/","title":{"rendered":"Oficinas e minicursos em metodologia da pesquisa"},"content":{"rendered":"<p>O LITEC disponibiliza oficinas e minicursos sobre m\u00e9todos de pesquisa e softwares acad\u00eamicos para a comunidade interna da UEPG, de quaisquer n\u00edveis de gradua\u00e7\u00e3o.<\/p>\n<p>S\u00e3o ofertados para grupos a partir de 3 (tr\u00eas) pessoas.<\/p>\n","protected":false},"excerpt":{"rendered":"<p>O LITEC disponibiliza oficinas e minicursos sobre m\u00e9todos de pesquisa e softwares acad\u00eamicos para a comunidade interna da UEPG, de quaisquer n\u00edveis de gradua\u00e7\u00e3o. S\u00e3o ofertados para grupos a partir de 3 (tr\u00eas) pessoas.<\/p>\n","protected":false},"author":966,"featured_media":0,"parent":0,"menu_order":0,"comment_status":"closed","ping_status":"closed","template":"","meta":[],"_links":{"self":[{"href":"https:\/\/www2.uepg.br\/propesp-clabmu\/wp-json\/wp\/v2\/pages\/1390"}],"collection":[{"href":"https:\/\/www2.uepg.br\/propesp-clabmu\/wp-json\/wp\/v2\/pages"}],"about":[{"href":"https:\/\/www2.uepg.br\/propesp-clabmu\/wp-json\/wp\/v2\/types\/page"}],"author":[{"embeddable":true,"href":"https:\/\/www2.uepg.br\/propesp-clabmu\/wp-json\/wp\/v2\/users\/966"}],"replies":[{"embeddable":true,"href":"https:\/\/www2.uepg.br\/propesp-clabmu\/wp-json\/wp\/v2\/comments?post=1390"}],"version-history":[{"count":1,"href":"https:\/\/www2.uepg.br\/propesp-clabmu\/wp-json\/wp\/v2\/pages\/1390\/revisions"}],"predecessor-version":[{"id":1391,"href":"https:\/\/www2.uepg.br\/propesp-clabmu\/wp-json\/wp\/v2\/pages\/1390\/revisions\/1391"}],"wp:attachment":[{"href":"https:\/\/www2.uepg.br\/propesp-clabmu\/wp-json\/wp\/v2\/media?parent=1390"}],"curies":[{"name":"wp","href":"https:\/\/api.w.org\/{rel}","templated":true}]}}