{"id":1392,"date":"2026-04-07T16:42:20","date_gmt":"2026-04-07T19:42:20","guid":{"rendered":"https:\/\/www2.uepg.br\/propesp-clabmu\/?page_id=1392"},"modified":"2026-04-08T11:06:22","modified_gmt":"2026-04-08T14:06:22","slug":"apoio-para-pesquisa","status":"publish","type":"page","link":"https:\/\/www2.uepg.br\/propesp-clabmu\/apoio-para-pesquisa\/","title":{"rendered":"Apoio para pesquisa"},"content":{"rendered":"<p>O LITEC realiza apoio tecnol\u00f3gico no desenvolvimento de pesquisas cient\u00edficas.<\/p>\n<div><\/div>\n<table style=\"border-collapse: collapse;width: 100%\" cellspacing=\"0\" cellpadding=\"8\">\n<tbody>\n<tr>\n<th style=\"text-align: center\">Servi\u00e7os Ofertados<\/th>\n<th style=\"text-align: center\">Equipamentos<\/th>\n<\/tr>\n<tr>\n<td style=\"text-align: center;vertical-align: middle\">An\u00e1lises de conte\u00fado e de dados qualitativos<\/td>\n<td style=\"text-align: center;vertical-align: middle\" rowspan=\"6\">\n<div style=\"flex-direction: column;justify-content: center;align-items: center;height: 100%\"><a href=\"https:\/\/pnipe.mcti.gov.br\/equipment\/64049\" target=\"_blank\" rel=\"noopener\">Computador 1<\/a><br \/>\n<a href=\"https:\/\/pnipe.mcti.gov.br\/equipment\/64050\" target=\"_blank\" rel=\"noopener\">Computador 2<\/a><\/div>\n<\/td>\n<\/tr>\n<tr>\n<td style=\"text-align: center;vertical-align: middle\">An\u00e1lises de dados espaciais e de georreferenciamento<\/td>\n<\/tr>\n<tr>\n<td style=\"text-align: center;vertical-align: middle\">An\u00e1lises estat\u00edsticas de dados em Ci\u00eancias Sociais Aplicadas<\/td>\n<\/tr>\n<tr>\n<td style=\"text-align: center;vertical-align: middle\">Degrava\u00e7\u00f5es de Material de \u00c1udio e V\u00eddeo<\/td>\n<\/tr>\n<tr>\n<td style=\"text-align: center;vertical-align: middle\">Formata\u00e7\u00e3o e normaliza\u00e7\u00e3o de trabalhos acad\u00eamicos<\/td>\n<\/tr>\n<tr>\n<td style=\"text-align: center;vertical-align: middle\">Tabula\u00e7\u00e3o e organiza\u00e7\u00e3o de dados de pesquisa<\/td>\n<\/tr>\n<\/tbody>\n<\/table>\n","protected":false},"excerpt":{"rendered":"<p>O LITEC realiza apoio tecnol\u00f3gico no desenvolvimento de pesquisas cient\u00edficas. Servi\u00e7os Ofertados Equipamentos An\u00e1lises de conte\u00fado e de dados qualitativos Computador 1 Computador 2 An\u00e1lises de dados espaciais e de georreferenciamento An\u00e1lises estat\u00edsticas de dados em Ci\u00eancias Sociais Aplicadas Degrava\u00e7\u00f5es de Material de \u00c1udio e V\u00eddeo Formata\u00e7\u00e3o e normaliza\u00e7\u00e3o de trabalhos acad\u00eamicos Tabula\u00e7\u00e3o e organiza\u00e7\u00e3o&nbsp;&hellip;<\/p>\n","protected":false},"author":966,"featured_media":0,"parent":0,"menu_order":0,"comment_status":"closed","ping_status":"closed","template":"","meta":[],"_links":{"self":[{"href":"https:\/\/www2.uepg.br\/propesp-clabmu\/wp-json\/wp\/v2\/pages\/1392"}],"collection":[{"href":"https:\/\/www2.uepg.br\/propesp-clabmu\/wp-json\/wp\/v2\/pages"}],"about":[{"href":"https:\/\/www2.uepg.br\/propesp-clabmu\/wp-json\/wp\/v2\/types\/page"}],"author":[{"embeddable":true,"href":"https:\/\/www2.uepg.br\/propesp-clabmu\/wp-json\/wp\/v2\/users\/966"}],"replies":[{"embeddable":true,"href":"https:\/\/www2.uepg.br\/propesp-clabmu\/wp-json\/wp\/v2\/comments?post=1392"}],"version-history":[{"count":8,"href":"https:\/\/www2.uepg.br\/propesp-clabmu\/wp-json\/wp\/v2\/pages\/1392\/revisions"}],"predecessor-version":[{"id":1403,"href":"https:\/\/www2.uepg.br\/propesp-clabmu\/wp-json\/wp\/v2\/pages\/1392\/revisions\/1403"}],"wp:attachment":[{"href":"https:\/\/www2.uepg.br\/propesp-clabmu\/wp-json\/wp\/v2\/media?parent=1392"}],"curies":[{"name":"wp","href":"https:\/\/api.w.org\/{rel}","templated":true}]}}