{"id":1405,"date":"2026-04-10T14:10:16","date_gmt":"2026-04-10T17:10:16","guid":{"rendered":"https:\/\/www2.uepg.br\/propesp-clabmu\/?page_id=1405"},"modified":"2026-04-14T13:33:01","modified_gmt":"2026-04-14T16:33:01","slug":"auditorio-para-eventos-academico-cientificos","status":"publish","type":"page","link":"https:\/\/www2.uepg.br\/propesp-clabmu\/auditorio-para-eventos-academico-cientificos\/","title":{"rendered":"Audit\u00f3rio para eventos acad\u00eamico-cient\u00edficos"},"content":{"rendered":"<div id=\"pl-1405\"  class=\"panel-layout\" ><div id=\"pg-1405-0\"  class=\"panel-grid panel-no-style\" ><div id=\"pgc-1405-0-0\"  class=\"panel-grid-cell\" ><div id=\"panel-1405-0-0-0\" class=\"so-panel widget widget_text panel-first-child panel-last-child\" data-index=\"0\" >\t\t\t<div class=\"textwidget\"><p>O LANAT disponibiliza um (1) audit\u00f3rio para agendamento de eventos acad\u00eamico-cient\u00edficos. O ambiente \u00e9 equipado com<a href=\"https:\/\/pnipe.mcti.gov.br\/equipment\/55170\" target=\"_blank\" rel=\"noopener\"> mesa de som<\/a>, projetor digital de alta resolu\u00e7\u00e3o, microfone e computador. Possui capacidade para 75 pessoas.<\/p>\n<\/div>\n\t\t<\/div><\/div><\/div><div id=\"pg-1405-1\"  class=\"panel-grid panel-no-style\" ><div id=\"pgc-1405-1-0\"  class=\"panel-grid-cell\" ><div id=\"panel-1405-1-0-0\" class=\"so-panel widget widget_media_image panel-first-child panel-last-child\" data-index=\"1\" ><img width=\"1024\" height=\"478\" src=\"https:\/\/www2.uepg.br\/propesp-clabmu\/wp-content\/uploads\/sites\/198\/2026\/04\/Auditorio-1024x478.jpg\" class=\"image wp-image-1406  attachment-large size-large\" alt=\"\" loading=\"lazy\" style=\"max-width: 100%; height: auto;\" srcset=\"https:\/\/www2.uepg.br\/propesp-clabmu\/wp-content\/uploads\/sites\/198\/2026\/04\/Auditorio-1024x478.jpg 1024w, https:\/\/www2.uepg.br\/propesp-clabmu\/wp-content\/uploads\/sites\/198\/2026\/04\/Auditorio-300x140.jpg 300w, https:\/\/www2.uepg.br\/propesp-clabmu\/wp-content\/uploads\/sites\/198\/2026\/04\/Auditorio-768x359.jpg 768w, https:\/\/www2.uepg.br\/propesp-clabmu\/wp-content\/uploads\/sites\/198\/2026\/04\/Auditorio-1536x717.jpg 1536w, https:\/\/www2.uepg.br\/propesp-clabmu\/wp-content\/uploads\/sites\/198\/2026\/04\/Auditorio-2048x956.jpg 2048w, https:\/\/www2.uepg.br\/propesp-clabmu\/wp-content\/uploads\/sites\/198\/2026\/04\/Auditorio-1232x575.jpg 1232w, https:\/\/www2.uepg.br\/propesp-clabmu\/wp-content\/uploads\/sites\/198\/2026\/04\/Auditorio-1920x897.jpg 1920w\" sizes=\"(max-width: 1024px) 100vw, 1024px\" \/><\/div><\/div><\/div><\/div>","protected":false},"excerpt":{"rendered":"<p>O LANAT disponibiliza um (1) audit\u00f3rio para agendamento de eventos acad\u00eamico-cient\u00edficos. O ambiente \u00e9 equipado com mesa de som, projetor digital de alta resolu\u00e7\u00e3o, microfone e computador. Possui capacidade para 75 pessoas.<\/p>\n","protected":false},"author":966,"featured_media":0,"parent":0,"menu_order":0,"comment_status":"closed","ping_status":"closed","template":"","meta":[],"_links":{"self":[{"href":"https:\/\/www2.uepg.br\/propesp-clabmu\/wp-json\/wp\/v2\/pages\/1405"}],"collection":[{"href":"https:\/\/www2.uepg.br\/propesp-clabmu\/wp-json\/wp\/v2\/pages"}],"about":[{"href":"https:\/\/www2.uepg.br\/propesp-clabmu\/wp-json\/wp\/v2\/types\/page"}],"author":[{"embeddable":true,"href":"https:\/\/www2.uepg.br\/propesp-clabmu\/wp-json\/wp\/v2\/users\/966"}],"replies":[{"embeddable":true,"href":"https:\/\/www2.uepg.br\/propesp-clabmu\/wp-json\/wp\/v2\/comments?post=1405"}],"version-history":[{"count":8,"href":"https:\/\/www2.uepg.br\/propesp-clabmu\/wp-json\/wp\/v2\/pages\/1405\/revisions"}],"predecessor-version":[{"id":1455,"href":"https:\/\/www2.uepg.br\/propesp-clabmu\/wp-json\/wp\/v2\/pages\/1405\/revisions\/1455"}],"wp:attachment":[{"href":"https:\/\/www2.uepg.br\/propesp-clabmu\/wp-json\/wp\/v2\/media?parent=1405"}],"curies":[{"name":"wp","href":"https:\/\/api.w.org\/{rel}","templated":true}]}}