{"id":1412,"date":"2026-04-10T14:19:01","date_gmt":"2026-04-10T17:19:01","guid":{"rendered":"https:\/\/www2.uepg.br\/propesp-clabmu\/?page_id=1412"},"modified":"2026-04-14T13:33:19","modified_gmt":"2026-04-14T16:33:19","slug":"biblioteca-especializada","status":"publish","type":"page","link":"https:\/\/www2.uepg.br\/propesp-clabmu\/biblioteca-especializada\/","title":{"rendered":"Biblioteca especializada"},"content":{"rendered":"<div id=\"pl-1412\"  class=\"panel-layout\" ><div id=\"pg-1412-0\"  class=\"panel-grid panel-no-style\" ><div id=\"pgc-1412-0-0\"  class=\"panel-grid-cell\" ><div id=\"panel-1412-0-0-0\" class=\"so-panel widget widget_text panel-first-child panel-last-child\" data-index=\"0\" >\t\t\t<div class=\"textwidget\"><p>O LANAT disponibiliza um acervo bibliogr\u00e1fico especializado para consulta local, com foco em \u00e1reas como Astrof\u00edsica, Arqueologia, Paleontologia, Petrologia e Mineralogia. O espa\u00e7o \u00e9 equipado com mesas para estudo.<\/p>\n<\/div>\n\t\t<\/div><\/div><\/div><div id=\"pg-1412-1\"  class=\"panel-grid panel-no-style\" ><div id=\"pgc-1412-1-0\"  class=\"panel-grid-cell\" ><div id=\"panel-1412-1-0-0\" class=\"so-panel widget widget_media_image panel-first-child panel-last-child\" data-index=\"1\" ><img width=\"1024\" height=\"478\" src=\"https:\/\/www2.uepg.br\/propesp-clabmu\/wp-content\/uploads\/sites\/198\/2026\/04\/Biblioteca-1024x478.jpg\" class=\"image wp-image-1413  attachment-large size-large\" alt=\"\" loading=\"lazy\" style=\"max-width: 100%; height: auto;\" srcset=\"https:\/\/www2.uepg.br\/propesp-clabmu\/wp-content\/uploads\/sites\/198\/2026\/04\/Biblioteca-1024x478.jpg 1024w, https:\/\/www2.uepg.br\/propesp-clabmu\/wp-content\/uploads\/sites\/198\/2026\/04\/Biblioteca-300x140.jpg 300w, https:\/\/www2.uepg.br\/propesp-clabmu\/wp-content\/uploads\/sites\/198\/2026\/04\/Biblioteca-768x359.jpg 768w, https:\/\/www2.uepg.br\/propesp-clabmu\/wp-content\/uploads\/sites\/198\/2026\/04\/Biblioteca-1536x717.jpg 1536w, https:\/\/www2.uepg.br\/propesp-clabmu\/wp-content\/uploads\/sites\/198\/2026\/04\/Biblioteca-2048x956.jpg 2048w, https:\/\/www2.uepg.br\/propesp-clabmu\/wp-content\/uploads\/sites\/198\/2026\/04\/Biblioteca-1232x575.jpg 1232w, https:\/\/www2.uepg.br\/propesp-clabmu\/wp-content\/uploads\/sites\/198\/2026\/04\/Biblioteca-1920x897.jpg 1920w\" sizes=\"(max-width: 1024px) 100vw, 1024px\" \/><\/div><\/div><\/div><\/div>","protected":false},"excerpt":{"rendered":"<p>O LANAT disponibiliza um acervo bibliogr\u00e1fico especializado para consulta local, com foco em \u00e1reas como Astrof\u00edsica, Arqueologia, Paleontologia, Petrologia e Mineralogia. O espa\u00e7o \u00e9 equipado com mesas para estudo.<\/p>\n","protected":false},"author":966,"featured_media":0,"parent":0,"menu_order":0,"comment_status":"closed","ping_status":"closed","template":"","meta":[],"_links":{"self":[{"href":"https:\/\/www2.uepg.br\/propesp-clabmu\/wp-json\/wp\/v2\/pages\/1412"}],"collection":[{"href":"https:\/\/www2.uepg.br\/propesp-clabmu\/wp-json\/wp\/v2\/pages"}],"about":[{"href":"https:\/\/www2.uepg.br\/propesp-clabmu\/wp-json\/wp\/v2\/types\/page"}],"author":[{"embeddable":true,"href":"https:\/\/www2.uepg.br\/propesp-clabmu\/wp-json\/wp\/v2\/users\/966"}],"replies":[{"embeddable":true,"href":"https:\/\/www2.uepg.br\/propesp-clabmu\/wp-json\/wp\/v2\/comments?post=1412"}],"version-history":[{"count":2,"href":"https:\/\/www2.uepg.br\/propesp-clabmu\/wp-json\/wp\/v2\/pages\/1412\/revisions"}],"predecessor-version":[{"id":1456,"href":"https:\/\/www2.uepg.br\/propesp-clabmu\/wp-json\/wp\/v2\/pages\/1412\/revisions\/1456"}],"wp:attachment":[{"href":"https:\/\/www2.uepg.br\/propesp-clabmu\/wp-json\/wp\/v2\/media?parent=1412"}],"curies":[{"name":"wp","href":"https:\/\/api.w.org\/{rel}","templated":true}]}}