{"id":1424,"date":"2026-04-10T14:54:48","date_gmt":"2026-04-10T17:54:48","guid":{"rendered":"https:\/\/www2.uepg.br\/propesp-clabmu\/?page_id=1424"},"modified":"2026-04-15T08:57:50","modified_gmt":"2026-04-15T11:57:50","slug":"museu-de-ciencias-naturais-da-uepg","status":"publish","type":"page","link":"https:\/\/www2.uepg.br\/propesp-clabmu\/museu-de-ciencias-naturais-da-uepg\/","title":{"rendered":"Museu de Ci\u00eancias Naturais da UEPG"},"content":{"rendered":"<div id=\"pl-1424\"  class=\"panel-layout\" ><div id=\"pg-1424-0\"  class=\"panel-grid panel-no-style\" ><div id=\"pgc-1424-0-0\"  class=\"panel-grid-cell\" ><div id=\"panel-1424-0-0-0\" class=\"so-panel widget widget_text panel-first-child panel-last-child\" data-index=\"0\" >\t\t\t<div class=\"textwidget\"><p>O Museu de Ci\u00eancias Naturais da UEPG \u00e9 um espa\u00e7o dedicado \u00e0 educa\u00e7\u00e3o, divulga\u00e7\u00e3o cient\u00edfica e preserva\u00e7\u00e3o do patrim\u00f4nio natural, promovendo a aproxima\u00e7\u00e3o entre a universidade e a comunidade.<\/p>\n<p>Nesse contexto, o LANAT contribui com infraestrutura e suporte t\u00e9cnico para pesquisas cient\u00edficas que subsidiam exposi\u00e7\u00f5es, atividades educativas e a\u00e7\u00f5es de extens\u00e3o desenvolvidas pelo Museu.<\/p>\n<\/div>\n\t\t<\/div><\/div><\/div><div id=\"pg-1424-1\"  class=\"panel-grid panel-no-style\" ><div id=\"pgc-1424-1-0\"  class=\"panel-grid-cell\" ><div id=\"panel-1424-1-0-0\" class=\"so-panel widget widget_text panel-first-child panel-last-child\" data-index=\"1\" >\t\t\t<div class=\"textwidget\"><p>A entrada \u00e9 gratuita e est\u00e1 aberta para visita\u00e7\u00e3o de segunda a sexta-feira, das 9h \u00e0s 11h30 e das 14h \u00e0s 17h. A visita\u00e7\u00e3o guiada para grupos e escolas ocorre mediante agendamento pr\u00e9vio.<\/p>\n<\/div>\n\t\t<\/div><\/div><\/div><div id=\"pg-1424-2\"  class=\"panel-grid panel-no-style\" ><div id=\"pgc-1424-2-0\"  class=\"panel-grid-cell\" ><div id=\"panel-1424-2-0-0\" class=\"so-panel widget widget_media_image panel-first-child panel-last-child\" data-index=\"2\" ><img width=\"945\" height=\"530\" src=\"https:\/\/www2.uepg.br\/propesp-clabmu\/wp-content\/uploads\/sites\/198\/2026\/04\/b1c04380-9d71-4825-9fe5-b304aa1c3984.png\" class=\"image wp-image-1416  attachment-full size-full\" alt=\"\" loading=\"lazy\" style=\"max-width: 100%; height: auto;\" srcset=\"https:\/\/www2.uepg.br\/propesp-clabmu\/wp-content\/uploads\/sites\/198\/2026\/04\/b1c04380-9d71-4825-9fe5-b304aa1c3984.png 945w, https:\/\/www2.uepg.br\/propesp-clabmu\/wp-content\/uploads\/sites\/198\/2026\/04\/b1c04380-9d71-4825-9fe5-b304aa1c3984-300x168.png 300w, https:\/\/www2.uepg.br\/propesp-clabmu\/wp-content\/uploads\/sites\/198\/2026\/04\/b1c04380-9d71-4825-9fe5-b304aa1c3984-768x431.png 768w\" sizes=\"(max-width: 945px) 100vw, 945px\" \/><\/div><\/div><\/div><div id=\"pg-1424-3\"  class=\"panel-grid panel-no-style\" ><div id=\"pgc-1424-3-0\"  class=\"panel-grid-cell\" ><div id=\"panel-1424-3-0-0\" class=\"so-panel widget widget_text panel-first-child panel-last-child\" data-index=\"3\" >\t\t\t<div class=\"textwidget\"><p>Saiba mais sobre as atividades do <a href=\"https:\/\/www2.uepg.br\/mcn\/\" target=\"_blank\" rel=\"noopener\">Museu de Ci\u00eancias Naturais<\/a> da UEPG<\/p>\n<\/div>\n\t\t<\/div><\/div><\/div><\/div>","protected":false},"excerpt":{"rendered":"<p>O Museu de Ci\u00eancias Naturais da UEPG \u00e9 um espa\u00e7o dedicado \u00e0 educa\u00e7\u00e3o, divulga\u00e7\u00e3o cient\u00edfica e preserva\u00e7\u00e3o do patrim\u00f4nio natural, promovendo a aproxima\u00e7\u00e3o entre a universidade e a comunidade. Nesse contexto, o LANAT contribui com infraestrutura e suporte t\u00e9cnico para pesquisas cient\u00edficas que subsidiam exposi\u00e7\u00f5es, atividades educativas e a\u00e7\u00f5es de extens\u00e3o desenvolvidas pelo Museu. A&nbsp;&hellip;<\/p>\n","protected":false},"author":966,"featured_media":0,"parent":0,"menu_order":0,"comment_status":"closed","ping_status":"closed","template":"","meta":[],"_links":{"self":[{"href":"https:\/\/www2.uepg.br\/propesp-clabmu\/wp-json\/wp\/v2\/pages\/1424"}],"collection":[{"href":"https:\/\/www2.uepg.br\/propesp-clabmu\/wp-json\/wp\/v2\/pages"}],"about":[{"href":"https:\/\/www2.uepg.br\/propesp-clabmu\/wp-json\/wp\/v2\/types\/page"}],"author":[{"embeddable":true,"href":"https:\/\/www2.uepg.br\/propesp-clabmu\/wp-json\/wp\/v2\/users\/966"}],"replies":[{"embeddable":true,"href":"https:\/\/www2.uepg.br\/propesp-clabmu\/wp-json\/wp\/v2\/comments?post=1424"}],"version-history":[{"count":13,"href":"https:\/\/www2.uepg.br\/propesp-clabmu\/wp-json\/wp\/v2\/pages\/1424\/revisions"}],"predecessor-version":[{"id":1468,"href":"https:\/\/www2.uepg.br\/propesp-clabmu\/wp-json\/wp\/v2\/pages\/1424\/revisions\/1468"}],"wp:attachment":[{"href":"https:\/\/www2.uepg.br\/propesp-clabmu\/wp-json\/wp\/v2\/media?parent=1424"}],"curies":[{"name":"wp","href":"https:\/\/api.w.org\/{rel}","templated":true}]}}