{"id":1440,"date":"2026-04-13T16:03:55","date_gmt":"2026-04-13T19:03:55","guid":{"rendered":"https:\/\/www2.uepg.br\/propesp-clabmu\/?page_id=1440"},"modified":"2026-04-14T10:58:42","modified_gmt":"2026-04-14T13:58:42","slug":"sala-de-reunioes-para-eventos-academico-cientificos","status":"publish","type":"page","link":"https:\/\/www2.uepg.br\/propesp-clabmu\/sala-de-reunioes-para-eventos-academico-cientificos\/","title":{"rendered":"Sala de reuni\u00f5es para eventos acad\u00eamico-cient\u00edficos"},"content":{"rendered":"<div id=\"pl-1440\"  class=\"panel-layout\" ><div id=\"pg-1440-0\"  class=\"panel-grid panel-no-style\" ><div id=\"pgc-1440-0-0\"  class=\"panel-grid-cell\" ><div id=\"panel-1440-0-0-0\" class=\"so-panel widget widget_text panel-first-child panel-last-child\" data-index=\"0\" >\t\t\t<div class=\"textwidget\"><p>O CETEP disponibiliza uma sala de reuni\u00f5es, com capacidade para at\u00e9 20 pessoas. O espa\u00e7o \u00e9 equipado com televis\u00e3o e projetor multim\u00eddia, sendo adequado para reuni\u00f5es, capacita\u00e7\u00f5es e encontros acad\u00eamicos.<\/p>\n<\/div>\n\t\t<\/div><\/div><\/div><div id=\"pg-1440-1\"  class=\"panel-grid panel-no-style\" ><div id=\"pgc-1440-1-0\"  class=\"panel-grid-cell\" ><div id=\"panel-1440-1-0-0\" class=\"so-panel widget widget_media_image panel-first-child panel-last-child\" data-index=\"1\" ><img width=\"1024\" height=\"478\" src=\"https:\/\/www2.uepg.br\/propesp-clabmu\/wp-content\/uploads\/sites\/198\/2026\/04\/WhatsApp-Image-2026-04-13-at-15.20.00-2-1024x478.jpeg\" class=\"image wp-image-1441  attachment-large size-large\" alt=\"\" loading=\"lazy\" style=\"max-width: 100%; height: auto;\" srcset=\"https:\/\/www2.uepg.br\/propesp-clabmu\/wp-content\/uploads\/sites\/198\/2026\/04\/WhatsApp-Image-2026-04-13-at-15.20.00-2-1024x478.jpeg 1024w, https:\/\/www2.uepg.br\/propesp-clabmu\/wp-content\/uploads\/sites\/198\/2026\/04\/WhatsApp-Image-2026-04-13-at-15.20.00-2-300x140.jpeg 300w, https:\/\/www2.uepg.br\/propesp-clabmu\/wp-content\/uploads\/sites\/198\/2026\/04\/WhatsApp-Image-2026-04-13-at-15.20.00-2-768x359.jpeg 768w, https:\/\/www2.uepg.br\/propesp-clabmu\/wp-content\/uploads\/sites\/198\/2026\/04\/WhatsApp-Image-2026-04-13-at-15.20.00-2-1536x717.jpeg 1536w, https:\/\/www2.uepg.br\/propesp-clabmu\/wp-content\/uploads\/sites\/198\/2026\/04\/WhatsApp-Image-2026-04-13-at-15.20.00-2-1232x575.jpeg 1232w, https:\/\/www2.uepg.br\/propesp-clabmu\/wp-content\/uploads\/sites\/198\/2026\/04\/WhatsApp-Image-2026-04-13-at-15.20.00-2.jpeg 1600w\" sizes=\"(max-width: 1024px) 100vw, 1024px\" \/><\/div><\/div><\/div><\/div>","protected":false},"excerpt":{"rendered":"<p>O CETEP disponibiliza uma sala de reuni\u00f5es, com capacidade para at\u00e9 20 pessoas. O espa\u00e7o \u00e9 equipado com televis\u00e3o e projetor multim\u00eddia, sendo adequado para reuni\u00f5es, capacita\u00e7\u00f5es e encontros acad\u00eamicos.<\/p>\n","protected":false},"author":966,"featured_media":0,"parent":0,"menu_order":0,"comment_status":"closed","ping_status":"closed","template":"","meta":[],"_links":{"self":[{"href":"https:\/\/www2.uepg.br\/propesp-clabmu\/wp-json\/wp\/v2\/pages\/1440"}],"collection":[{"href":"https:\/\/www2.uepg.br\/propesp-clabmu\/wp-json\/wp\/v2\/pages"}],"about":[{"href":"https:\/\/www2.uepg.br\/propesp-clabmu\/wp-json\/wp\/v2\/types\/page"}],"author":[{"embeddable":true,"href":"https:\/\/www2.uepg.br\/propesp-clabmu\/wp-json\/wp\/v2\/users\/966"}],"replies":[{"embeddable":true,"href":"https:\/\/www2.uepg.br\/propesp-clabmu\/wp-json\/wp\/v2\/comments?post=1440"}],"version-history":[{"count":4,"href":"https:\/\/www2.uepg.br\/propesp-clabmu\/wp-json\/wp\/v2\/pages\/1440\/revisions"}],"predecessor-version":[{"id":1453,"href":"https:\/\/www2.uepg.br\/propesp-clabmu\/wp-json\/wp\/v2\/pages\/1440\/revisions\/1453"}],"wp:attachment":[{"href":"https:\/\/www2.uepg.br\/propesp-clabmu\/wp-json\/wp\/v2\/media?parent=1440"}],"curies":[{"name":"wp","href":"https:\/\/api.w.org\/{rel}","templated":true}]}}