{"id":1447,"date":"2026-04-13T16:17:59","date_gmt":"2026-04-13T19:17:59","guid":{"rendered":"https:\/\/www2.uepg.br\/propesp-clabmu\/?page_id=1447"},"modified":"2026-04-14T10:58:55","modified_gmt":"2026-04-14T13:58:55","slug":"oficina-e-minicursos","status":"publish","type":"page","link":"https:\/\/www2.uepg.br\/propesp-clabmu\/oficina-e-minicursos\/","title":{"rendered":"Oficina e minicursos"},"content":{"rendered":"<p>O CETEP disponibiliza oficinas e minicursos, com capacidade m\u00ednima de 10 pessoas. As atividades s\u00e3o destinadas \u00e0 forma\u00e7\u00e3o e capacita\u00e7\u00e3o, com possibilidade de adapta\u00e7\u00e3o para diferentes tem\u00e1ticas acad\u00eamicas e profissionais.<\/p>\n","protected":false},"excerpt":{"rendered":"<p>O CETEP disponibiliza oficinas e minicursos, com capacidade m\u00ednima de 10 pessoas. As atividades s\u00e3o destinadas \u00e0 forma\u00e7\u00e3o e capacita\u00e7\u00e3o, com possibilidade de adapta\u00e7\u00e3o para diferentes tem\u00e1ticas acad\u00eamicas e profissionais.<\/p>\n","protected":false},"author":966,"featured_media":0,"parent":0,"menu_order":0,"comment_status":"closed","ping_status":"closed","template":"","meta":[],"_links":{"self":[{"href":"https:\/\/www2.uepg.br\/propesp-clabmu\/wp-json\/wp\/v2\/pages\/1447"}],"collection":[{"href":"https:\/\/www2.uepg.br\/propesp-clabmu\/wp-json\/wp\/v2\/pages"}],"about":[{"href":"https:\/\/www2.uepg.br\/propesp-clabmu\/wp-json\/wp\/v2\/types\/page"}],"author":[{"embeddable":true,"href":"https:\/\/www2.uepg.br\/propesp-clabmu\/wp-json\/wp\/v2\/users\/966"}],"replies":[{"embeddable":true,"href":"https:\/\/www2.uepg.br\/propesp-clabmu\/wp-json\/wp\/v2\/comments?post=1447"}],"version-history":[{"count":2,"href":"https:\/\/www2.uepg.br\/propesp-clabmu\/wp-json\/wp\/v2\/pages\/1447\/revisions"}],"predecessor-version":[{"id":1451,"href":"https:\/\/www2.uepg.br\/propesp-clabmu\/wp-json\/wp\/v2\/pages\/1447\/revisions\/1451"}],"wp:attachment":[{"href":"https:\/\/www2.uepg.br\/propesp-clabmu\/wp-json\/wp\/v2\/media?parent=1447"}],"curies":[{"name":"wp","href":"https:\/\/api.w.org\/{rel}","templated":true}]}}