{"id":1469,"date":"2026-04-15T12:11:07","date_gmt":"2026-04-15T15:11:07","guid":{"rendered":"https:\/\/www2.uepg.br\/propesp-clabmu\/?page_id=1469"},"modified":"2026-04-15T16:24:26","modified_gmt":"2026-04-15T19:24:26","slug":"digitalizacao-de-documentos","status":"publish","type":"page","link":"https:\/\/www2.uepg.br\/propesp-clabmu\/digitalizacao-de-documentos\/","title":{"rendered":"Digitaliza\u00e7\u00e3o de Documentos"},"content":{"rendered":"<p style=\"text-align: center\">O LAMUHDI disponibiliza servi\u00e7os voltados \u00e0 digitaliza\u00e7\u00e3o e preserva\u00e7\u00e3o de acervos documentais, com gera\u00e7\u00e3o de c\u00f3pias digitais para acesso e pesquisa.<\/p>\n<p>&nbsp;<\/p>\n<p style=\"text-align: center\">Para a realiza\u00e7\u00e3o das digitaliza\u00e7\u00f5es, est\u00e3o dispon\u00edveis os seguintes equipamentos:<\/p>\n<table dir=\"ltr\" style=\"border-collapse: collapse;width: 100%\" cellspacing=\"0\" cellpadding=\"0\">\n<tbody>\n<tr>\n<td style=\"text-align: center\"><strong>Nome do bolsista<\/strong><\/td>\n<td style=\"text-align: center\"><strong>Titula\u00e7\u00e3o<\/strong><\/td>\n<td style=\"text-align: center\"><strong>Ramal<\/strong><\/td>\n<td style=\"text-align: center\"><strong>E-mail<\/strong><\/td>\n<td style=\"text-align: center\"><strong>Equipamentos dispon\u00edveis<\/strong><\/td>\n<\/tr>\n<tr>\n<td style=\"text-align: center;vertical-align: middle\">Cloter Migliorini Filho<br \/>\nJulia Graciela Machado<\/td>\n<td style=\"text-align: center;vertical-align: middle\">Tecnologia e Log\u00edstica<br \/>\nMestre em Hist\u00f3ria<\/td>\n<td style=\"text-align: center;vertical-align: middle\">8698<\/td>\n<td style=\"text-align: center;vertical-align: middle\"><a href=\"mailto:cloterfilho@uepg.br\">cloterfilho@uepg.br<\/a><br \/>\n<a href=\"mailto:19016189@uepg.br\">19016189@uepg.br<\/a><\/td>\n<td style=\"text-align: left;vertical-align: top;line-height: 1.4\">\n<div style=\"border-bottom: 1px solid #ddd;padding: 3px 0\"><a href=\"https:\/\/pnipe.mcti.gov.br\/equipment\/55954\">Scanner 3D Artec Space Spider<\/a><\/div>\n<div style=\"border-bottom: 1px solid #ddd;padding: 3px 0\"><a href=\"https:\/\/pnipe.mcti.gov.br\/equipment\/55953\">Scanner BookDrive Pro<\/a><\/div>\n<div style=\"border-bottom: 1px solid #ddd;padding: 3px 0\"><a href=\"https:\/\/pnipe.mcti.gov.br\/equipment\/55904\">Scanner Contex IQ FLEX1<\/a><\/div>\n<div style=\"border-bottom: 1px solid #ddd;padding: 3px 0\"><a href=\"https:\/\/pnipe.mcti.gov.br\/equipment\/55932\">Scanner CZUR ET16<\/a><\/div>\n<div style=\"border-bottom: 1px solid #ddd;padding: 3px 0\"><a href=\"https:\/\/pnipe.mcti.gov.br\/equipment\/55930\">Scanner CZUR ET16<\/a><\/div>\n<div style=\"border-bottom: 1px solid #ddd;padding: 3px 0\"><a href=\"https:\/\/pnipe.mcti.gov.br\/equipment\/55931\">Scanner CZUR ET16<\/a><\/div>\n<div style=\"border-bottom: 1px solid #ddd;padding: 3px 0\"><a href=\"https:\/\/pnipe.mcti.gov.br\/equipment\/55967\">Scanner Plustek OpticFilm 8200i<\/a><\/div>\n<div style=\"border-bottom: 1px solid #ddd;padding: 3px 0\"><a href=\"https:\/\/pnipe.mcti.gov.br\/equipment\/55968\">Scanner Plustek OpticFilm 8200i<\/a><\/div>\n<div style=\"border-bottom: 1px solid #ddd;padding: 3px 0\"><a href=\"https:\/\/pnipe.mcti.gov.br\/equipment\/55966\">Scanner Plustek OpticFilm 8200i<\/a><\/div>\n<div style=\"border-bottom: 1px solid #ddd;padding: 3px 0\"><a href=\"https:\/\/pnipe.mcti.gov.br\/equipment\/55581\">Scanner Zeutschel OSC11<\/a><\/div>\n<div style=\"border-bottom: 1px solid #ddd;padding: 3px 0\"><a href=\"https:\/\/pnipe.mcti.gov.br\/equipment\/61896\">ATX Duex DX 998<\/a><\/div>\n<div style=\"border-bottom: 1px solid #ddd;padding: 3px 0\"><a href=\"https:\/\/pnipe.mcti.gov.br\/equipment\/56048\">Canon CanoScan LiDE 300<\/a><\/div>\n<div style=\"border-bottom: 1px solid #ddd;padding: 3px 0\"><a href=\"https:\/\/pnipe.mcti.gov.br\/equipment\/55906\">Canon CanoScan LiDE 300<\/a><\/div>\n<\/td>\n<\/tr>\n<\/tbody>\n<\/table>\n<p>&nbsp;<\/p>\n<h2 style=\"text-align: center\"><a href=\"https:\/\/pnipe.mcti.gov.br\/laboratory\/37524\" target=\"_blank\" rel=\"noopener\">Estrutura do LAMUHDI<\/a><\/h2>\n","protected":false},"excerpt":{"rendered":"<p>O LAMUHDI disponibiliza servi\u00e7os voltados \u00e0 digitaliza\u00e7\u00e3o e preserva\u00e7\u00e3o de acervos documentais, com gera\u00e7\u00e3o de c\u00f3pias digitais para acesso e pesquisa. &nbsp; Para a realiza\u00e7\u00e3o das digitaliza\u00e7\u00f5es, est\u00e3o dispon\u00edveis os seguintes equipamentos: Nome do bolsista Titula\u00e7\u00e3o Ramal E-mail Equipamentos dispon\u00edveis Cloter Migliorini Filho Julia Graciela Machado Tecnologia e Log\u00edstica Mestre em Hist\u00f3ria 8698 cloterfilho@uepg.br 19016189@uepg.br&nbsp;&hellip;<\/p>\n","protected":false},"author":966,"featured_media":0,"parent":0,"menu_order":0,"comment_status":"closed","ping_status":"closed","template":"","meta":[],"_links":{"self":[{"href":"https:\/\/www2.uepg.br\/propesp-clabmu\/wp-json\/wp\/v2\/pages\/1469"}],"collection":[{"href":"https:\/\/www2.uepg.br\/propesp-clabmu\/wp-json\/wp\/v2\/pages"}],"about":[{"href":"https:\/\/www2.uepg.br\/propesp-clabmu\/wp-json\/wp\/v2\/types\/page"}],"author":[{"embeddable":true,"href":"https:\/\/www2.uepg.br\/propesp-clabmu\/wp-json\/wp\/v2\/users\/966"}],"replies":[{"embeddable":true,"href":"https:\/\/www2.uepg.br\/propesp-clabmu\/wp-json\/wp\/v2\/comments?post=1469"}],"version-history":[{"count":13,"href":"https:\/\/www2.uepg.br\/propesp-clabmu\/wp-json\/wp\/v2\/pages\/1469\/revisions"}],"predecessor-version":[{"id":1485,"href":"https:\/\/www2.uepg.br\/propesp-clabmu\/wp-json\/wp\/v2\/pages\/1469\/revisions\/1485"}],"wp:attachment":[{"href":"https:\/\/www2.uepg.br\/propesp-clabmu\/wp-json\/wp\/v2\/media?parent=1469"}],"curies":[{"name":"wp","href":"https:\/\/api.w.org\/{rel}","templated":true}]}}