{"id":1486,"date":"2026-04-17T11:38:53","date_gmt":"2026-04-17T14:38:53","guid":{"rendered":"https:\/\/www2.uepg.br\/propesp-clabmu\/?page_id=1486"},"modified":"2026-04-17T15:48:05","modified_gmt":"2026-04-17T18:48:05","slug":"transcricao-de-audio-e-manuscrito","status":"publish","type":"page","link":"https:\/\/www2.uepg.br\/propesp-clabmu\/transcricao-de-audio-e-manuscrito\/","title":{"rendered":"Transcri\u00e7\u00e3o de \u00e1udio e manuscrito"},"content":{"rendered":"<p>O LAMUHDI oferece servi\u00e7os especializados de transcri\u00e7\u00e3o de conte\u00fados audiovisuais e documentos manuscritos, voltados \u00e0 convers\u00e3o de diferentes suportes em formato textual para fins de pesquisa, preserva\u00e7\u00e3o e difus\u00e3o do conhecimento.<\/p>\n<p>Para materiais em \u00e1udio, o laborat\u00f3rio utiliza ferramentas avan\u00e7adas de Intelig\u00eancia Artificial, como o sistema Whisper (ASR \u2013 Reconhecimento Autom\u00e1tico de Fala), que possibilita transcri\u00e7\u00f5es com alto n\u00edvel de precis\u00e3o, mesmo em contextos com ru\u00eddos ambientais ou varia\u00e7\u00f5es lingu\u00edsticas. Essa tecnologia \u00e9 aplicada, por exemplo, na transcri\u00e7\u00e3o de entrevistas e na gera\u00e7\u00e3o autom\u00e1tica de legendas para conte\u00fados audiovisuais, ampliando o acesso \u00e0s informa\u00e7\u00f5es.<\/p>\n<p>No caso de documentos manuscritos, o LAMUHDI emprega a plataforma eScriptorium, voltada \u00e0 paleografia digital. A ferramenta permite o reconhecimento de texto manuscrito (HTR) por meio do treinamento de modelos espec\u00edficos, al\u00e9m da segmenta\u00e7\u00e3o de linhas em documentos complexos, possibilitando a transforma\u00e7\u00e3o de imagens em conte\u00fados estruturados e pesquis\u00e1veis.<\/p>\n","protected":false},"excerpt":{"rendered":"<p>O LAMUHDI oferece servi\u00e7os especializados de transcri\u00e7\u00e3o de conte\u00fados audiovisuais e documentos manuscritos, voltados \u00e0 convers\u00e3o de diferentes suportes em formato textual para fins de pesquisa, preserva\u00e7\u00e3o e difus\u00e3o do conhecimento. Para materiais em \u00e1udio, o laborat\u00f3rio utiliza ferramentas avan\u00e7adas de Intelig\u00eancia Artificial, como o sistema Whisper (ASR \u2013 Reconhecimento Autom\u00e1tico de Fala), que possibilita&nbsp;&hellip;<\/p>\n","protected":false},"author":966,"featured_media":0,"parent":0,"menu_order":0,"comment_status":"closed","ping_status":"closed","template":"","meta":[],"_links":{"self":[{"href":"https:\/\/www2.uepg.br\/propesp-clabmu\/wp-json\/wp\/v2\/pages\/1486"}],"collection":[{"href":"https:\/\/www2.uepg.br\/propesp-clabmu\/wp-json\/wp\/v2\/pages"}],"about":[{"href":"https:\/\/www2.uepg.br\/propesp-clabmu\/wp-json\/wp\/v2\/types\/page"}],"author":[{"embeddable":true,"href":"https:\/\/www2.uepg.br\/propesp-clabmu\/wp-json\/wp\/v2\/users\/966"}],"replies":[{"embeddable":true,"href":"https:\/\/www2.uepg.br\/propesp-clabmu\/wp-json\/wp\/v2\/comments?post=1486"}],"version-history":[{"count":3,"href":"https:\/\/www2.uepg.br\/propesp-clabmu\/wp-json\/wp\/v2\/pages\/1486\/revisions"}],"predecessor-version":[{"id":1495,"href":"https:\/\/www2.uepg.br\/propesp-clabmu\/wp-json\/wp\/v2\/pages\/1486\/revisions\/1495"}],"wp:attachment":[{"href":"https:\/\/www2.uepg.br\/propesp-clabmu\/wp-json\/wp\/v2\/media?parent=1486"}],"curies":[{"name":"wp","href":"https:\/\/api.w.org\/{rel}","templated":true}]}}