{"id":1490,"date":"2026-04-17T11:41:24","date_gmt":"2026-04-17T14:41:24","guid":{"rendered":"https:\/\/www2.uepg.br\/propesp-clabmu\/?page_id=1490"},"modified":"2026-04-17T15:48:25","modified_gmt":"2026-04-17T18:48:25","slug":"curadoria-digital-e-inteligencia-artificial","status":"publish","type":"page","link":"https:\/\/www2.uepg.br\/propesp-clabmu\/curadoria-digital-e-inteligencia-artificial\/","title":{"rendered":"Curadoria Digital e Intelig\u00eancia Artificial"},"content":{"rendered":"<p>O LAMUHDI desenvolve atividades de curadoria digital de acervos com o uso de ferramentas de Intelig\u00eancia Artificial, voltadas \u00e0 organiza\u00e7\u00e3o, descri\u00e7\u00e3o e amplia\u00e7\u00e3o das possibilidades de acesso e pesquisa.<\/p>\n<p>Por meio da plataforma VIDYA, o laborat\u00f3rio realiza a extra\u00e7\u00e3o automatizada de metadados, seguindo padr\u00f5es internacionais de descri\u00e7\u00e3o, al\u00e9m da chamada \u201cdescri\u00e7\u00e3o profunda\u201d (deep description), que permite identificar e estruturar informa\u00e7\u00f5es como pessoas, eventos, localidades e temas presentes nos documentos.<\/p>\n<p>Esse processo transforma conjuntos documentais em bases de dados organizadas e pesquis\u00e1veis em n\u00edvel granular, ampliando significativamente as possibilidades de investiga\u00e7\u00e3o em acervos hist\u00f3ricos e culturais.<\/p>\n<p>Al\u00e9m disso, o uso de modelos de linguagem locais (LLM) garante a seguran\u00e7a e a soberania dos dados, mantendo conte\u00fados sens\u00edveis sob controle da infraestrutura institucional.<\/p>\n<p>Como resultado, os acervos tratados passam a oferecer melhores condi\u00e7\u00f5es para pesquisa, permitindo buscas mais precisas, cruzamento de informa\u00e7\u00f5es e novas abordagens anal\u00edticas.<\/p>\n","protected":false},"excerpt":{"rendered":"<p>O LAMUHDI desenvolve atividades de curadoria digital de acervos com o uso de ferramentas de Intelig\u00eancia Artificial, voltadas \u00e0 organiza\u00e7\u00e3o, descri\u00e7\u00e3o e amplia\u00e7\u00e3o das possibilidades de acesso e pesquisa. Por meio da plataforma VIDYA, o laborat\u00f3rio realiza a extra\u00e7\u00e3o automatizada de metadados, seguindo padr\u00f5es internacionais de descri\u00e7\u00e3o, al\u00e9m da chamada \u201cdescri\u00e7\u00e3o profunda\u201d (deep description), que&nbsp;&hellip;<\/p>\n","protected":false},"author":966,"featured_media":0,"parent":0,"menu_order":0,"comment_status":"closed","ping_status":"closed","template":"","meta":[],"_links":{"self":[{"href":"https:\/\/www2.uepg.br\/propesp-clabmu\/wp-json\/wp\/v2\/pages\/1490"}],"collection":[{"href":"https:\/\/www2.uepg.br\/propesp-clabmu\/wp-json\/wp\/v2\/pages"}],"about":[{"href":"https:\/\/www2.uepg.br\/propesp-clabmu\/wp-json\/wp\/v2\/types\/page"}],"author":[{"embeddable":true,"href":"https:\/\/www2.uepg.br\/propesp-clabmu\/wp-json\/wp\/v2\/users\/966"}],"replies":[{"embeddable":true,"href":"https:\/\/www2.uepg.br\/propesp-clabmu\/wp-json\/wp\/v2\/comments?post=1490"}],"version-history":[{"count":1,"href":"https:\/\/www2.uepg.br\/propesp-clabmu\/wp-json\/wp\/v2\/pages\/1490\/revisions"}],"predecessor-version":[{"id":1491,"href":"https:\/\/www2.uepg.br\/propesp-clabmu\/wp-json\/wp\/v2\/pages\/1490\/revisions\/1491"}],"wp:attachment":[{"href":"https:\/\/www2.uepg.br\/propesp-clabmu\/wp-json\/wp\/v2\/media?parent=1490"}],"curies":[{"name":"wp","href":"https:\/\/api.w.org\/{rel}","templated":true}]}}