{"id":162,"date":"2021-07-15T08:27:26","date_gmt":"2021-07-15T11:27:26","guid":{"rendered":"https:\/\/www2.uepg.br\/propesp-clabmu\/?page_id=162"},"modified":"2023-03-08T16:09:09","modified_gmt":"2023-03-08T19:09:09","slug":"equipamentos-4","status":"publish","type":"page","link":"https:\/\/www2.uepg.br\/propesp-clabmu\/equipamentos-4\/","title":{"rendered":"Equipamentos CT-AGRO antigo"},"content":{"rendered":"<header class=\"entry-header\">\n<h3 class=\"entry-title\">Equipamentos \u2013 CT-AGRO<\/h3>\n<\/header>\n<div class=\"entry-content\">\n<div class=\"at-above-post-page addthis_tool\" data-url=\"https:\/\/www3.uepg.br\/propesp-clabmu\/ct-agro\/equipamentos-ct-agro\/\"><\/div>\n<p><strong>1 \u2013 Casas de Vegeta\u00e7\u00e3o<\/strong><\/p>\n<p><a href=\"https:\/\/www2.uepg.br\/propesp-clabmu\/wp-content\/uploads\/sites\/198\/2021\/07\/Casas-vegetacao2-300x225-1.jpg\"><img loading=\"lazy\" class=\"alignnone size-full wp-image-281\" src=\"https:\/\/www2.uepg.br\/propesp-clabmu\/wp-content\/uploads\/sites\/198\/2021\/07\/Casas-vegetacao2-300x225-1.jpg\" alt=\"\" width=\"300\" height=\"225\" \/><\/a><a href=\"https:\/\/www2.uepg.br\/propesp-clabmu\/wp-content\/uploads\/sites\/198\/2021\/07\/Casas-vegetacao-300x225-1.jpg\"><img loading=\"lazy\" class=\"alignnone size-full wp-image-282\" src=\"https:\/\/www2.uepg.br\/propesp-clabmu\/wp-content\/uploads\/sites\/198\/2021\/07\/Casas-vegetacao-300x225-1.jpg\" alt=\"\" width=\"300\" height=\"225\" \/><\/a><\/p>\n<p>BLOCO F<\/p>\n<p>Casa de vegeta\u00e7\u00e3o 1 \u2013 prioridade linha de pesquisa Fisiologia, Melhoramento e Manejo de Culturas<br \/>\nCasa de vegeta\u00e7\u00e3o 2 \u2013 prioridade linha de pesquisa Manejo Fitossanit\u00e1rio<br \/>\nCasa de vegeta\u00e7\u00e3o 3 \u2013 prioridade linha de pesquisa Uso e Manejo do Solo<\/p>\n<p><strong>2 \u2013 Medidor port\u00e1til de clorofila (clorofil\u00f4metro).<\/strong><\/p>\n<p><a href=\"https:\/\/www2.uepg.br\/propesp-clabmu\/wp-content\/uploads\/sites\/198\/2021\/07\/Medidor-portatil-de-clorofila-clorofilometro-300x169-1.jpg\"><img loading=\"lazy\" class=\"alignnone size-full wp-image-284\" src=\"https:\/\/www2.uepg.br\/propesp-clabmu\/wp-content\/uploads\/sites\/198\/2021\/07\/Medidor-portatil-de-clorofila-clorofilometro-300x169-1.jpg\" alt=\"\" width=\"300\" height=\"169\" \/><\/a><\/p>\n<p>BLOCO F \u2013 Laborat\u00f3rio de Solos<\/p>\n<p><strong>3 \u2013 Mobile Sensor plataform (MSP)<\/strong><\/p>\n<p><a href=\"https:\/\/www2.uepg.br\/propesp-clabmu\/wp-content\/uploads\/sites\/198\/2021\/07\/Mobile-Sensor-plataform-msp.jpg\"><img loading=\"lazy\" class=\"alignnone size-full wp-image-286\" src=\"https:\/\/www2.uepg.br\/propesp-clabmu\/wp-content\/uploads\/sites\/198\/2021\/07\/Mobile-Sensor-plataform-msp.jpg\" alt=\"\" width=\"252\" height=\"189\" \/><\/a><a href=\"https:\/\/www2.uepg.br\/propesp-clabmu\/wp-content\/uploads\/sites\/198\/2021\/07\/Mobile-Sensor-plataform-msp-2-300x221-1.jpg\"><img loading=\"lazy\" class=\"alignnone size-full wp-image-287\" src=\"https:\/\/www2.uepg.br\/propesp-clabmu\/wp-content\/uploads\/sites\/198\/2021\/07\/Mobile-Sensor-plataform-msp-2-300x221-1.jpg\" alt=\"\" width=\"300\" height=\"221\" \/><\/a><\/p>\n<p>Fazenda Escola Cap\u00e3o da On\u00e7a (Fescon)<\/p>\n<p><strong>4 \u2013 Sistema Combinado para Colheita de parcelas agron\u00f4micas<\/strong><\/p>\n<p><a href=\"https:\/\/www2.uepg.br\/propesp-clabmu\/wp-content\/uploads\/sites\/198\/2021\/07\/Sistema-combinado-colheitadeira-2-180x300-1.jpg\"><img loading=\"lazy\" class=\"alignnone size-full wp-image-288\" src=\"https:\/\/www2.uepg.br\/propesp-clabmu\/wp-content\/uploads\/sites\/198\/2021\/07\/Sistema-combinado-colheitadeira-2-180x300-1.jpg\" alt=\"\" width=\"180\" height=\"300\" \/><\/a> <a href=\"https:\/\/www2.uepg.br\/propesp-clabmu\/wp-content\/uploads\/sites\/198\/2021\/07\/Sistema-combinado-colheitadeira-3-300x180-1.jpg\"><img loading=\"lazy\" class=\"alignnone size-medium wp-image-289\" src=\"https:\/\/www2.uepg.br\/propesp-clabmu\/wp-content\/uploads\/sites\/198\/2021\/07\/Sistema-combinado-colheitadeira-3-300x180-1.jpg\" alt=\"\" width=\"300\" height=\"180\" \/><\/a><a href=\"https:\/\/www2.uepg.br\/propesp-clabmu\/wp-content\/uploads\/sites\/198\/2021\/07\/Sistema-combinado-colheitadeira-4.jpg\"><img loading=\"lazy\" class=\"alignnone size-full wp-image-290\" src=\"https:\/\/www2.uepg.br\/propesp-clabmu\/wp-content\/uploads\/sites\/198\/2021\/07\/Sistema-combinado-colheitadeira-4.jpg\" alt=\"\" width=\"177\" height=\"295\" \/><\/a><a href=\"https:\/\/www2.uepg.br\/propesp-clabmu\/wp-content\/uploads\/sites\/198\/2021\/07\/Sistema-combinado-colheitadeira-180x300-1.jpg\"><img loading=\"lazy\" class=\"alignnone size-full wp-image-291\" src=\"https:\/\/www2.uepg.br\/propesp-clabmu\/wp-content\/uploads\/sites\/198\/2021\/07\/Sistema-combinado-colheitadeira-180x300-1.jpg\" alt=\"\" width=\"180\" height=\"300\" \/><\/a><\/p>\n<p>Colhedora de parcelas experimentais (Zurn 150 \u2013 Hege System), autopropelida e automatizada<\/p>\n<p>Fazenda Escola Cap\u00e3o da On\u00e7a (Fescon)<\/p>\n<p><strong>5 \u2013 Sistema de Purifica\u00e7\u00e3o de \u00e1gua para Biologia Molecular<\/strong><\/p>\n<p><a href=\"https:\/\/www2.uepg.br\/propesp-clabmu\/wp-content\/uploads\/sites\/198\/2021\/07\/Sistema-de-purificacao-de-agua-300x169-1.jpg\"><img loading=\"lazy\" class=\"alignnone size-full wp-image-292\" src=\"https:\/\/www2.uepg.br\/propesp-clabmu\/wp-content\/uploads\/sites\/198\/2021\/07\/Sistema-de-purificacao-de-agua-300x169-1.jpg\" alt=\"\" width=\"300\" height=\"169\" \/><\/a><\/p>\n<p>BLOCO F \u2013\u00a0Laborat\u00f3rio de Gen\u00e9tica<\/p>\n<p><strong>6 \u2013 Termocicladores Gradiente 96<\/strong><\/p>\n<p><a href=\"https:\/\/www2.uepg.br\/propesp-clabmu\/wp-content\/uploads\/sites\/198\/2021\/07\/Termocicladores-Gradiente-96-300x169-1.jpg\"><img loading=\"lazy\" class=\"alignnone size-full wp-image-293\" src=\"https:\/\/www2.uepg.br\/propesp-clabmu\/wp-content\/uploads\/sites\/198\/2021\/07\/Termocicladores-Gradiente-96-300x169-1.jpg\" alt=\"\" width=\"300\" height=\"169\" \/><\/a><\/p>\n<p>BLOCO F \u2013\u00a0Laborat\u00f3rio de Gen\u00e9tica<\/p>\n<p><strong>7 \u2013 Ve\u00edculo A\u00e9reo N\u00e3o Tripulado (VANT)<\/strong><\/p>\n<p><a href=\"https:\/\/www2.uepg.br\/propesp-clabmu\/wp-content\/uploads\/sites\/198\/2021\/07\/VAN.jpg\"><img loading=\"lazy\" class=\"alignnone size-full wp-image-294\" src=\"https:\/\/www2.uepg.br\/propesp-clabmu\/wp-content\/uploads\/sites\/198\/2021\/07\/VAN.jpg\" alt=\"\" width=\"194\" height=\"224\" \/><\/a><a href=\"https:\/\/www2.uepg.br\/propesp-clabmu\/wp-content\/uploads\/sites\/198\/2021\/07\/VAN-2-300x169-1.jpg\"><img loading=\"lazy\" class=\"alignnone size-full wp-image-295\" src=\"https:\/\/www2.uepg.br\/propesp-clabmu\/wp-content\/uploads\/sites\/198\/2021\/07\/VAN-2-300x169-1.jpg\" alt=\"\" width=\"300\" height=\"169\" \/><\/a><\/p>\n<p>Ve\u00edculo A\u00e9reo N\u00e3o Tripulado (VANT) usado na aquisi\u00e7\u00e3o de imagens e sensoreamento de \u00e1reas agr\u00edcolas<\/p>\n<p>PPG \u2013 Computa\u00e7\u00e3o Aplicada<\/p>\n<p><strong>8 \u2013<\/strong>\u00a0<strong>\u00a0Espectr\u00f4metro Infra Vermelho Pr\u00f3ximo NIR<\/strong><\/p>\n<p>Modelo: NIRS DA1650 \/ FOSS<\/p>\n<p>C-LABMU<\/p>\n<p><strong>9 \u2013\u00a0Espectr\u00f4metro de emiss\u00e3o at\u00f4mica por plasma acoplado indutivamente (ICP)<\/strong><\/p>\n<p>C-LABMU<\/p>\n<\/div>\n","protected":false},"excerpt":{"rendered":"<p>Equipamentos \u2013 CT-AGRO 1 \u2013 Casas de Vegeta\u00e7\u00e3o BLOCO F Casa de vegeta\u00e7\u00e3o 1 \u2013 prioridade linha de pesquisa Fisiologia, Melhoramento e Manejo de Culturas Casa de vegeta\u00e7\u00e3o 2 \u2013 prioridade linha de pesquisa Manejo Fitossanit\u00e1rio Casa de vegeta\u00e7\u00e3o 3 \u2013 prioridade linha de pesquisa Uso e Manejo do Solo 2 \u2013 Medidor port\u00e1til de&nbsp;&hellip;<\/p>\n","protected":false},"author":305,"featured_media":0,"parent":0,"menu_order":0,"comment_status":"closed","ping_status":"closed","template":"","meta":[],"_links":{"self":[{"href":"https:\/\/www2.uepg.br\/propesp-clabmu\/wp-json\/wp\/v2\/pages\/162"}],"collection":[{"href":"https:\/\/www2.uepg.br\/propesp-clabmu\/wp-json\/wp\/v2\/pages"}],"about":[{"href":"https:\/\/www2.uepg.br\/propesp-clabmu\/wp-json\/wp\/v2\/types\/page"}],"author":[{"embeddable":true,"href":"https:\/\/www2.uepg.br\/propesp-clabmu\/wp-json\/wp\/v2\/users\/305"}],"replies":[{"embeddable":true,"href":"https:\/\/www2.uepg.br\/propesp-clabmu\/wp-json\/wp\/v2\/comments?post=162"}],"version-history":[{"count":5,"href":"https:\/\/www2.uepg.br\/propesp-clabmu\/wp-json\/wp\/v2\/pages\/162\/revisions"}],"predecessor-version":[{"id":521,"href":"https:\/\/www2.uepg.br\/propesp-clabmu\/wp-json\/wp\/v2\/pages\/162\/revisions\/521"}],"wp:attachment":[{"href":"https:\/\/www2.uepg.br\/propesp-clabmu\/wp-json\/wp\/v2\/media?parent=162"}],"curies":[{"name":"wp","href":"https:\/\/api.w.org\/{rel}","templated":true}]}}