{"id":315,"date":"2021-07-15T17:11:45","date_gmt":"2021-07-15T20:11:45","guid":{"rendered":"https:\/\/www2.uepg.br\/propesp-clabmu\/?page_id=315"},"modified":"2023-03-08T16:12:24","modified_gmt":"2023-03-08T19:12:24","slug":"fichas-de-solicitacao-de-analise","status":"publish","type":"page","link":"https:\/\/www2.uepg.br\/propesp-clabmu\/fichas-de-solicitacao-de-analise\/","title":{"rendered":"Fichas de Solicita\u00e7\u00e3o de An\u00e1lise antigo"},"content":{"rendered":"<header class=\"entry-header\">\n<h1 class=\"entry-title\">Fichas de Solicita\u00e7\u00e3o de An\u00e1lise<\/h1>\n<\/header>\n<p>&nbsp;<\/p>\n<h4><strong><a href=\"https:\/\/propesp-clabmu.apps.uepg.br\/solicitacao\/login.php\" target=\"_blank\" rel=\"noopener\">Sistema de Solicita\u00e7\u00e3o de An\u00e1lise<\/a><\/strong><\/h4>\n<h4><strong><a href=\"https:\/\/www2.uepg.br\/propesp-clabmu\/wp-content\/uploads\/sites\/198\/2021\/07\/ficha-de-solicitacao-de-analise-prestacao-de-servicos.pdf\">Solicita\u00e7\u00e3o de Presta\u00e7\u00e3o de Servi\u00e7os pdf<\/a><\/strong><\/h4>\n<h4><strong><a href=\"https:\/\/www2.uepg.br\/propesp-clabmu\/wp-content\/uploads\/sites\/198\/2021\/07\/fichasolicitacao.doc\">Solicita\u00e7\u00e3o de Presta\u00e7\u00e3o de Servi\u00e7os doc<\/a><\/strong><\/h4>\n<h4><strong><a href=\"https:\/\/www2.uepg.br\/propesp-clabmu\/wp-content\/uploads\/sites\/198\/2021\/07\/Informacoes-para-boletos-1-1.doc\" target=\"_blank\" rel=\"noopener\">Cadastro de Pessoa F\u00edsica\/ Jur\u00eddica para emiss\u00e3o de Boleto<\/a><\/strong><\/h4>\n<p>&nbsp;<\/p>\n<p><b>Prezados usu\u00e1rios.<\/b><\/p>\n<p>O sistema de solicita\u00e7\u00e3o de medidas do C-LABMU \u00e9\u00a0\u00a0por meio eletr\u00f4nico.<\/p>\n<p>O procedimento \u00e9:<\/p>\n<ol>\n<li style=\"list-style-type: none;\">\n<ol>\n<li>O acesso \u00e0s fichas \u00e9 atrav\u00e9s de\u00a0login. O usu\u00e1rio deve usar o seu username e senha do seu e-mail da UEPG. Caso o usu\u00e1rio n\u00e3o possua o login, dever\u00e1 se dirigir ao NTI.<\/li>\n<li>O sistema preenche automaticamente diversos dados utilizando os bancos de dados da PROPESP, PROGRAD e PRORH. Caso algum dos dados esteja incorreto, ele deve ser corrigido no banco de dados do respectivo \u00f3rg\u00e3o.<\/li>\n<li>N\u00e3o\u00a0\u00e9 necess\u00e1rio a impress\u00e3o da ficha. A ficha uma vez submetida, fica armazenada no banco de dados.<\/li>\n<li>Ap\u00f3s submetida, a ficha \u00e9 encaminhada ao respectivo orientador e a notifica\u00e7\u00e3o ocorre por e-mail.\u00a0\u00a0O orientador deve ent\u00e3o entrar no sistema atrav\u00e9s do link e aprovar a solicita\u00e7\u00e3o. Ap\u00f3s esses passos a solicita\u00e7\u00e3o vem para o C-LABMU via sistema.<\/li>\n<li>Os resultados ser\u00e3o anexados \u00e0 respectiva ficha de solicita\u00e7\u00e3o e ficar\u00e3o dispon\u00edveis na \u00e1rea do usu\u00e1rio. Ao ocorrer a anexa\u00e7\u00e3o, um email ser\u00e1 enviado ao usu\u00e1rio e ao respectivo orientador.<\/li>\n<li>O orientador tem acesso \u00e0s fichas dos seus alunos e tamb\u00e9m aos respectivos resultados em sua \u00e1rea.<\/li>\n<li>O login est\u00e1 habilitado para todos os alunos de gradua\u00e7\u00e3o participantes do PIBIC, PROVIC, PIBITI e BIC, de p\u00f3s-gradua\u00e7\u00e3o stricto sensu, pos-doutores, docentes e servidores cadastrados.<\/li>\n<li>O agendamento das medidas quando necess\u00e1rio continua sendo realizado junto aos t\u00e9cnicos do C-LABMU.<\/li>\n<\/ol>\n<\/li>\n<\/ol>\n<p>Caso ocorra algum problema, solicitamos que nos seja reportado para verificarmos as poss\u00edveis solu\u00e7\u00f5es.<\/p>\n","protected":false},"excerpt":{"rendered":"<p>Fichas de Solicita\u00e7\u00e3o de An\u00e1lise &nbsp; Sistema de Solicita\u00e7\u00e3o de An\u00e1lise Solicita\u00e7\u00e3o de Presta\u00e7\u00e3o de Servi\u00e7os pdf Solicita\u00e7\u00e3o de Presta\u00e7\u00e3o de Servi\u00e7os doc Cadastro de Pessoa F\u00edsica\/ Jur\u00eddica para emiss\u00e3o de Boleto &nbsp; Prezados usu\u00e1rios. O sistema de solicita\u00e7\u00e3o de medidas do C-LABMU \u00e9\u00a0\u00a0por meio eletr\u00f4nico. O procedimento \u00e9: O acesso \u00e0s fichas \u00e9 atrav\u00e9s&nbsp;&hellip;<\/p>\n","protected":false},"author":305,"featured_media":0,"parent":0,"menu_order":0,"comment_status":"closed","ping_status":"closed","template":"","meta":[],"_links":{"self":[{"href":"https:\/\/www2.uepg.br\/propesp-clabmu\/wp-json\/wp\/v2\/pages\/315"}],"collection":[{"href":"https:\/\/www2.uepg.br\/propesp-clabmu\/wp-json\/wp\/v2\/pages"}],"about":[{"href":"https:\/\/www2.uepg.br\/propesp-clabmu\/wp-json\/wp\/v2\/types\/page"}],"author":[{"embeddable":true,"href":"https:\/\/www2.uepg.br\/propesp-clabmu\/wp-json\/wp\/v2\/users\/305"}],"replies":[{"embeddable":true,"href":"https:\/\/www2.uepg.br\/propesp-clabmu\/wp-json\/wp\/v2\/comments?post=315"}],"version-history":[{"count":8,"href":"https:\/\/www2.uepg.br\/propesp-clabmu\/wp-json\/wp\/v2\/pages\/315\/revisions"}],"predecessor-version":[{"id":529,"href":"https:\/\/www2.uepg.br\/propesp-clabmu\/wp-json\/wp\/v2\/pages\/315\/revisions\/529"}],"wp:attachment":[{"href":"https:\/\/www2.uepg.br\/propesp-clabmu\/wp-json\/wp\/v2\/media?parent=315"}],"curies":[{"name":"wp","href":"https:\/\/api.w.org\/{rel}","templated":true}]}}