{"id":464,"date":"2023-03-08T15:39:07","date_gmt":"2023-03-08T18:39:07","guid":{"rendered":"https:\/\/www2.uepg.br\/clabmu\/?page_id=464"},"modified":"2026-03-09T08:02:32","modified_gmt":"2026-03-09T11:02:32","slug":"normas-de-utilizacao","status":"publish","type":"page","link":"https:\/\/www2.uepg.br\/propesp-clabmu\/normas-de-utilizacao\/","title":{"rendered":"Normas de Utiliza\u00e7\u00e3o"},"content":{"rendered":"<header class=\"entry-header\">\n<p align=\"justify\"><b>Caro usu\u00e1rio,<\/b><\/p>\n<p align=\"justify\">Antes de solicitar a realiza\u00e7\u00e3o das an\u00e1lises ou utiliza\u00e7\u00e3o do espa\u00e7o multiusu\u00e1rio, leia atentamente essas informa\u00e7\u00f5es:<\/p>\n<ol>\n<li>\n<p align=\"justify\">Cada t\u00e9cnico e\/ou bolsista t\u00e9cnico de cada Central Multiusu\u00e1ria \u00e9, geralmente, respons\u00e1vel por mais de 01 (um) equipamento de grande porte. Portanto, \u00e9 obrigat\u00f3rio entrar em contato, via e-mail, com o t\u00e9cnico respons\u00e1vel pelo equipamento do seu interesse, objetivando a solicita\u00e7\u00e3o de informa\u00e7\u00f5es quanto a forma adequada para o preparo da amostra, bem como se o equipamento requerido realmente atender\u00e1 \u00e0s suas expectativas. Se necess\u00e1rio, o t\u00e9cnico e\/ou bolsista t\u00e9cnico solicitar\u00e1, via e-mail, reuni\u00e3o presencial (ou online) com voc\u00ea e\/ou seu orientador, para sanar todas as d\u00favidas.<\/p>\n<\/li>\n<li>\n<p align=\"justify\"><strong>Os equipamentos das Centrais Multiusu\u00e1rias, <i>a priori<\/i>, s\u00e3o de alto custo e possuem elevada manuten\u00e7\u00e3o. Isso requer crit\u00e9rios espec\u00edficos de uso, com objetivo de atender ao maior n\u00famero poss\u00edvel de usu\u00e1rios internos e externos \u00e0 UEPG.<\/strong><\/p>\n<\/li>\n<li>\n<p align=\"justify\"><strong>Para utilizar os equipamentos e\/ou espa\u00e7os multiusu\u00e1rios, \u00e9 necess\u00e1rio preencher a ficha de solicita\u00e7\u00e3o, dispon\u00edvel no endere\u00e7o: <span style=\"color: #467886\"><u><a href=\"https:\/\/propesp-clabmu.apps.uepg.br\/solicitacao\/login.php\">https:\/\/propesp-clabmu.apps.uepg.br\/solicitacao\/login.php<\/a><\/u><\/span>.<\/strong><\/p>\n<ol type=\"a\">\n<li>\n<p align=\"justify\"><i>Para Usu\u00e1rios Externos \u00e0 UEPG, \u00e9 necess\u00e1rio, no primeiro acesso, seguir as informa\u00e7\u00f5es dispon\u00edveis no endere\u00e7o: <\/i><span style=\"color: #467886\"><u><a href=\"https:\/\/www2.uepg.br\/propesp-clabmu\/usuarios-externos-a-uepg\"><i>https:\/\/www2.uepg.br\/propesp-clabmu\/usuarios-externos-a-uepg<\/i><\/a><\/u><\/span><i>.<\/i><\/p>\n<\/li>\n<\/ol>\n<\/li>\n<li>\n<p align=\"justify\"><b>As fichas de solicita\u00e7\u00e3o devem ser aprovadas pelo professor orientador. <\/b><u><b>Sem essa etapa devidamente cumprida, as demais n\u00e3o ser\u00e3o realizadas<\/b><\/u><b>.<\/b><\/p>\n<\/li>\n<li>\n<p align=\"justify\"><strong><u>Somente ap\u00f3s o preenchimento e a aprova\u00e7\u00e3o das fichas de solicita\u00e7\u00e3o, o usu\u00e1rio poder\u00e1 realizar suas medidas e\/ou utilizar o espa\u00e7o multiusu\u00e1rio requerido<\/u>.<\/strong><\/p>\n<\/li>\n<li>\n<p align=\"justify\"><b>As fichas devem ser corretamente preenchidas<\/b>. Caso contr\u00e1rio, as medidas n\u00e3o ser\u00e3o realizadas e\/ou o espa\u00e7o multiusu\u00e1rio requerido n\u00e3o ser\u00e1 disponibilizado. No caso de d\u00favidas, por gentileza, entrar em contato com o t\u00e9cnico ou bolsista t\u00e9cnico, via e-mail, conforme informado na homepage de cada Central Multiusu\u00e1ria.<\/p>\n<\/li>\n<li>\n<p align=\"justify\"><strong>O tempo limite de atraso permitido aos usu\u00e1rios \u00e9 de 05 (cinco) minutos.<\/strong> Depois desse per\u00edodo, a reserva de hor\u00e1rio perde a validade.<\/p>\n<\/li>\n<li>\n<p align=\"justify\"><b>Todos os equipamentos e espa\u00e7os multiusu\u00e1rios requerem controle de uso, para fins de relat\u00f3rios junto aos \u00f3rg\u00e3os p\u00fablicos financiadores e \u00e0 comunidade universit\u00e1ria.<\/b><\/p>\n<\/li>\n<li>\n<p align=\"justify\">Caso ocorra algum imprevisto e sua medida n\u00e3o possa ser realizada, o t\u00e9cnico e\/ou bolsista t\u00e9cnico agendar\u00e1 novo hor\u00e1rio, em comum acordo.<\/p>\n<\/li>\n<li>\n<p align=\"justify\">Para contato, favor acessar o endere\u00e7o <span style=\"color: #467886\"><u><a href=\"https:\/\/www2.uepg.br\/propesp-clabmu\/contato\">https:\/\/www2.uepg.br\/propesp-clabmu\/contato<\/a><\/u><\/span>, em conson\u00e2ncia com a Central Multiusu\u00e1ria desejada.<\/p>\n<\/li>\n<li>\n<p align=\"justify\"><b>No caso espec\u00edfico de presta\u00e7\u00e3o de servi\u00e7os, as orienta\u00e7\u00f5es est\u00e3o disponibilizadas no endere\u00e7o: <\/b><span style=\"color: #467886\"><u><a href=\"https:\/\/www2.uepg.br\/propesp-clabmu\/prestacao-de-servicos\"><b>https:\/\/www2.uepg.br\/propesp-clabmu\/prestacao-de-servicos<\/b><\/a><\/u><\/span><b>. <\/b><\/p>\n<\/li>\n<li>\n<p align=\"justify\">Quaisquer equipamentos e\/ou espa\u00e7os multiusu\u00e1rios est\u00e3o subordinados ao Regimento Geral do C-LABMU, disponibilizado no endere\u00e7o <span style=\"color: #467886\"><u><a href=\"https:\/\/www2.uepg.br\/propesp-clabmu\/regimento\">https:\/\/www2.uepg.br\/propesp-clabmu\/regimento<\/a><\/u><\/span>.<\/p>\n<\/li>\n<\/ol>\n<p align=\"center\">Atenciosamente<\/p>\n<p align=\"center\">Prof. Dr. Adriel Ferreira da Fonseca \u2013 Coordenador do Complexo de Laborat\u00f3rios Multiusu\u00e1rios (C-LABMU) da UEPG<\/p>\n<p align=\"center\"><i>E-mail:\u00a0<\/i><span style=\"color: #467886\"><u><a href=\"mailto:clabmu.coordenacao@uepg.br\"><i>clabmu.coordenacao@uepg.br<\/i><\/a><\/u><\/span><\/p>\n<p align=\"center\">&amp;<\/p>\n<p align=\"center\">T\u00e9c. Rachel Govea da Silva \u2013 Apoio \u00e0 Coordena\u00e7\u00e3o do C-LABMU<\/p>\n<p align=\"center\"><i>E-mail:\u00a0<\/i><span style=\"color: #467886\"><u><a href=\"mailto:clabmuadm@uepg.br\"><i>clabmuadm@uepg.br<\/i><\/a><\/u><\/span><\/p>\n<p align=\"center\"><i>Telefone: (42) 3220-3152<\/i><\/p>\n<\/header>\n","protected":false},"excerpt":{"rendered":"<p>Caro usu\u00e1rio, Antes de solicitar a realiza\u00e7\u00e3o das an\u00e1lises ou utiliza\u00e7\u00e3o do espa\u00e7o multiusu\u00e1rio, leia atentamente essas informa\u00e7\u00f5es: Cada t\u00e9cnico e\/ou bolsista t\u00e9cnico de cada Central Multiusu\u00e1ria \u00e9, geralmente, respons\u00e1vel por mais de 01 (um) equipamento de grande porte. Portanto, \u00e9 obrigat\u00f3rio entrar em contato, via e-mail, com o t\u00e9cnico respons\u00e1vel pelo equipamento do seu&nbsp;&hellip;<\/p>\n","protected":false},"author":582,"featured_media":0,"parent":0,"menu_order":0,"comment_status":"closed","ping_status":"closed","template":"","meta":[],"_links":{"self":[{"href":"https:\/\/www2.uepg.br\/propesp-clabmu\/wp-json\/wp\/v2\/pages\/464"}],"collection":[{"href":"https:\/\/www2.uepg.br\/propesp-clabmu\/wp-json\/wp\/v2\/pages"}],"about":[{"href":"https:\/\/www2.uepg.br\/propesp-clabmu\/wp-json\/wp\/v2\/types\/page"}],"author":[{"embeddable":true,"href":"https:\/\/www2.uepg.br\/propesp-clabmu\/wp-json\/wp\/v2\/users\/582"}],"replies":[{"embeddable":true,"href":"https:\/\/www2.uepg.br\/propesp-clabmu\/wp-json\/wp\/v2\/comments?post=464"}],"version-history":[{"count":9,"href":"https:\/\/www2.uepg.br\/propesp-clabmu\/wp-json\/wp\/v2\/pages\/464\/revisions"}],"predecessor-version":[{"id":1207,"href":"https:\/\/www2.uepg.br\/propesp-clabmu\/wp-json\/wp\/v2\/pages\/464\/revisions\/1207"}],"wp:attachment":[{"href":"https:\/\/www2.uepg.br\/propesp-clabmu\/wp-json\/wp\/v2\/media?parent=464"}],"curies":[{"name":"wp","href":"https:\/\/api.w.org\/{rel}","templated":true}]}}