{"id":467,"date":"2023-03-08T15:39:07","date_gmt":"2023-03-08T18:39:07","guid":{"rendered":"https:\/\/www2.uepg.br\/clabmu\/?page_id=467"},"modified":"2026-04-14T11:00:38","modified_gmt":"2026-04-14T14:00:38","slug":"cetep-2","status":"publish","type":"page","link":"https:\/\/www2.uepg.br\/propesp-clabmu\/cetep-2\/","title":{"rendered":"CETEP"},"content":{"rendered":"<h2 style=\"text-align: center\"><b>Hor\u00e1rio de trabalho da equipe do CETEP<\/b><\/h2>\n<table dir=\"ltr\" cellspacing=\"0\" cellpadding=\"0\" data-sheets-root=\"1\" data-sheets-baot=\"1\">\n<colgroup>\n<col width=\"204\" \/>\n<col width=\"298\" \/>\n<col width=\"292\" \/>\n<col width=\"290\" \/>\n<col width=\"355\" \/>\n<col width=\"306\" \/><\/colgroup>\n<tbody>\n<tr>\n<td colspan=\"1\" rowspan=\"2\">\n<div><strong>Nome do servidor(a)<\/strong><\/div>\n<\/td>\n<td colspan=\"5\" rowspan=\"1\"><strong>Hor\u00e1rio de trabalho<\/strong><\/td>\n<\/tr>\n<tr>\n<td><strong>Segunda-feira<\/strong><\/td>\n<td><strong>Ter\u00e7a-feira<\/strong><\/td>\n<td><strong>Quarta-feira<\/strong><\/td>\n<td><strong>Quinta-feira<\/strong><\/td>\n<td><strong>Sexta-feira<\/strong><\/td>\n<\/tr>\n<tr>\n<td>Nilvan Laurindo Sousa<\/td>\n<td>das 08h30 \u00e0s 12h e das 13h30 \u00e0s 18h<\/td>\n<td>das 08h30 \u00e0s 12h e das 13h30 \u00e0s 18h<\/td>\n<td>das 08h30 \u00e0s 12h e das 13h30 \u00e0s 18h<\/td>\n<td>das 08h30 \u00e0s 12h e das 13h30 \u00e0s 18h<\/td>\n<td>das 08h30 \u00e0s 12h e das 13h30 \u00e0s 18h<\/td>\n<\/tr>\n<tr>\n<td>Bolsista<\/td>\n<td>Segunda-feira<\/td>\n<td>Ter\u00e7a-feira<\/td>\n<td>Quarta-feira<\/td>\n<td>Quinta-feira<\/td>\n<td>Sexta-feira<\/td>\n<\/tr>\n<tr>\n<td><\/td>\n<td><\/td>\n<td><\/td>\n<td><\/td>\n<td><\/td>\n<td><\/td>\n<\/tr>\n<\/tbody>\n<\/table>\n<p>&nbsp;<\/p>\n<p>&nbsp;<\/p>\n<p>&nbsp;<\/p>\n<h2 style=\"text-align: center\"><b>Contatos dos respons\u00e1veis pelos equipamentos do CETEP<\/b><\/h2>\n<table cellspacing=\"0\" cellpadding=\"0\">\n<colgroup>\n<col width=\"204\" \/>\n<col width=\"298\" \/>\n<col width=\"292\" \/>\n<col width=\"290\" \/>\n<col width=\"355\" \/> <\/colgroup>\n<tbody>\n<tr>\n<td><strong>Nome do servidor(a)<\/strong><\/td>\n<td><strong>Titula\u00e7\u00e3o<\/strong><\/td>\n<td><strong>Ramal<\/strong><\/td>\n<td><strong>E-mail<\/strong><\/td>\n<td><strong>Servi\u00e7os Oferecidos<\/strong><\/td>\n<\/tr>\n<tr>\n<td rowspan=\"3\">Nilvan Laurindo Sousa<\/td>\n<td rowspan=\"3\">Doutora em Educa\u00e7\u00e3o<\/td>\n<td rowspan=\"3\">8193<\/td>\n<td rowspan=\"3\"><a href=\"mailto:nilvanls@uepg.br\">nilvanls@uepg.br<\/a><\/td>\n<td style=\"text-align: center\"><a href=\"https:\/\/www2.uepg.br\/propesp-clabmu\/miniauditorio-para-eventos-academico-cientificos\/\" target=\"_blank\" rel=\"noopener\">Miniaudit\u00f3rio<\/a><\/td>\n<\/tr>\n<tr>\n<td style=\"text-align: center\"><a href=\"https:\/\/www2.uepg.br\/propesp-clabmu\/sala-de-reunioes-para-eventos-academico-cientificos\/\" target=\"_blank\" rel=\"noopener\">Sala de reuni\u00f5es<\/a><\/td>\n<\/tr>\n<tr>\n<td style=\"text-align: center\"><a href=\"https:\/\/www2.uepg.br\/propesp-clabmu\/oficina-e-minicursos\/\" target=\"_blank\" rel=\"noopener\">Oficinas e minicursos<\/a><\/td>\n<\/tr>\n<\/tbody>\n<\/table>\n<p>&nbsp;<\/p>\n<h2><\/h2>\n<h2><\/h2>\n<p>&nbsp;<\/p>\n<h2><\/h2>\n<h2 style=\"text-align: center\"><a href=\"https:\/\/pnipe.mcti.gov.br\/laboratory\/36937\" target=\"_blank\" rel=\"noopener\">Estrutura do CETEP<\/a><\/h2>\n","protected":false},"excerpt":{"rendered":"<p>Hor\u00e1rio de trabalho da equipe do CETEP Nome do servidor(a) Hor\u00e1rio de trabalho Segunda-feira Ter\u00e7a-feira Quarta-feira Quinta-feira Sexta-feira Nilvan Laurindo Sousa das 08h30 \u00e0s 12h e das 13h30 \u00e0s 18h das 08h30 \u00e0s 12h e das 13h30 \u00e0s 18h das 08h30 \u00e0s 12h e das 13h30 \u00e0s 18h das 08h30 \u00e0s 12h e das 13h30&nbsp;&hellip;<\/p>\n","protected":false},"author":582,"featured_media":0,"parent":0,"menu_order":0,"comment_status":"closed","ping_status":"closed","template":"","meta":[],"_links":{"self":[{"href":"https:\/\/www2.uepg.br\/propesp-clabmu\/wp-json\/wp\/v2\/pages\/467"}],"collection":[{"href":"https:\/\/www2.uepg.br\/propesp-clabmu\/wp-json\/wp\/v2\/pages"}],"about":[{"href":"https:\/\/www2.uepg.br\/propesp-clabmu\/wp-json\/wp\/v2\/types\/page"}],"author":[{"embeddable":true,"href":"https:\/\/www2.uepg.br\/propesp-clabmu\/wp-json\/wp\/v2\/users\/582"}],"replies":[{"embeddable":true,"href":"https:\/\/www2.uepg.br\/propesp-clabmu\/wp-json\/wp\/v2\/comments?post=467"}],"version-history":[{"count":20,"href":"https:\/\/www2.uepg.br\/propesp-clabmu\/wp-json\/wp\/v2\/pages\/467\/revisions"}],"predecessor-version":[{"id":1454,"href":"https:\/\/www2.uepg.br\/propesp-clabmu\/wp-json\/wp\/v2\/pages\/467\/revisions\/1454"}],"wp:attachment":[{"href":"https:\/\/www2.uepg.br\/propesp-clabmu\/wp-json\/wp\/v2\/media?parent=467"}],"curies":[{"name":"wp","href":"https:\/\/api.w.org\/{rel}","templated":true}]}}