{"id":468,"date":"2023-03-08T15:39:07","date_gmt":"2023-03-08T18:39:07","guid":{"rendered":"https:\/\/www2.uepg.br\/clabmu\/?page_id=468"},"modified":"2026-03-11T17:05:21","modified_gmt":"2026-03-11T20:05:21","slug":"litec-2","status":"publish","type":"page","link":"https:\/\/www2.uepg.br\/propesp-clabmu\/litec-2\/","title":{"rendered":"LITEC"},"content":{"rendered":"<h2 style=\"text-align: center\"><b>Hor\u00e1rio de trabalho da equipe do LITEC<\/b><\/h2>\n<table dir=\"ltr\" cellspacing=\"0\" cellpadding=\"0\" data-sheets-root=\"1\" data-sheets-baot=\"1\">\n<colgroup>\n<col width=\"265\" \/>\n<col width=\"264\" \/>\n<col width=\"114\" \/>\n<col width=\"317\" \/>\n<col width=\"236\" \/>\n<col width=\"302\" \/><\/colgroup>\n<tbody>\n<tr>\n<td colspan=\"1\" rowspan=\"2\">\n<div><strong>Nome do Bolsista<\/strong><\/div>\n<\/td>\n<td colspan=\"5\" rowspan=\"1\"><strong>Hor\u00e1rio de trabalho<\/strong><\/td>\n<\/tr>\n<tr>\n<td><strong>Segunda-feira<\/strong><\/td>\n<td><strong>Ter\u00e7a-feira<\/strong><\/td>\n<td><strong>Quarta-feira<\/strong><\/td>\n<td><strong>Quinta-feira<\/strong><\/td>\n<td><strong>Sexta-feira<\/strong><\/td>\n<\/tr>\n<tr>\n<td colspan=\"1\" rowspan=\"3\">\n<div>Guilherme Jacopetti Pszedimirski<\/div>\n<\/td>\n<td colspan=\"1\" rowspan=\"3\">\n<div>8h as12h<\/div>\n<\/td>\n<td colspan=\"1\" rowspan=\"3\">\n<div>9h30 as 17h30<\/div>\n<\/td>\n<td colspan=\"1\" rowspan=\"3\">\n<div>8h as 11h30<\/div>\n<\/td>\n<td colspan=\"1\" rowspan=\"3\">\n<div>13h as 19h<\/div>\n<\/td>\n<td colspan=\"1\" rowspan=\"3\">\n<div>13h as 19h<\/div>\n<\/td>\n<\/tr>\n<\/tbody>\n<\/table>\n<h2><\/h2>\n<p>&nbsp;<\/p>\n<p>&nbsp;<\/p>\n<h2><\/h2>\n<h2 style=\"text-align: center\"><b>Contatos dos respons\u00e1veis pelos equipamentos do LITEC<\/b><\/h2>\n<table dir=\"ltr\" cellspacing=\"0\" cellpadding=\"0\">\n<colgroup>\n<col width=\"265\" \/>\n<col width=\"264\" \/>\n<col width=\"114\" \/>\n<col width=\"317\" \/>\n<col width=\"236\" \/> <\/colgroup>\n<tbody>\n<tr>\n<td><strong>Nome<\/strong><\/td>\n<td><strong>Titula\u00e7\u00e3o<\/strong><\/td>\n<td><strong>Ramal<\/strong><\/td>\n<td><strong>Email<\/strong><\/td>\n<td><strong>Equipamentos respons\u00e1veis pela opera\u00e7\u00e3o<\/strong><\/td>\n<\/tr>\n<tr>\n<td rowspan=\"2\">Guilherme Jacopetti Pszedimirski<\/td>\n<td rowspan=\"2\">Mestre em Ci\u00eancias Sociais Aplicadas<\/td>\n<td rowspan=\"2\">3769<\/td>\n<td rowspan=\"2\"><a href=\"mailto:litec@uepg.br\">litec@uepg.br<\/a> \/ <a href=\"mailto:litecppgcsa@uepg.br\">litecppgcsa@uepg.br<\/a><\/td>\n<td><a href=\"https:\/\/pnipe.mcti.gov.br\/equipment\/64049\" target=\"_blank\" rel=\"noopener\">Computador<\/a><\/td>\n<\/tr>\n<tr>\n<td><a href=\"https:\/\/pnipe.mcti.gov.br\/equipment\/64050\" target=\"_blank\" rel=\"noopener\">Computador<\/a><\/td>\n<\/tr>\n<\/tbody>\n<\/table>\n<h2><\/h2>\n<h2><\/h2>\n<h2 style=\"text-align: center\"><a href=\"https:\/\/pnipe.mcti.gov.br\/laboratory\/36934\" target=\"_blank\" rel=\"noopener\">Estrutura do LITEC<\/a><\/h2>\n","protected":false},"excerpt":{"rendered":"<p>Hor\u00e1rio de trabalho da equipe do LITEC Nome do Bolsista Hor\u00e1rio de trabalho Segunda-feira Ter\u00e7a-feira Quarta-feira Quinta-feira Sexta-feira Guilherme Jacopetti Pszedimirski 8h as12h 9h30 as 17h30 8h as 11h30 13h as 19h 13h as 19h &nbsp; &nbsp; Contatos dos respons\u00e1veis pelos equipamentos do LITEC Nome Titula\u00e7\u00e3o Ramal Email Equipamentos respons\u00e1veis pela opera\u00e7\u00e3o Guilherme Jacopetti Pszedimirski&nbsp;&hellip;<\/p>\n","protected":false},"author":582,"featured_media":0,"parent":0,"menu_order":0,"comment_status":"closed","ping_status":"closed","template":"","meta":[],"_links":{"self":[{"href":"https:\/\/www2.uepg.br\/propesp-clabmu\/wp-json\/wp\/v2\/pages\/468"}],"collection":[{"href":"https:\/\/www2.uepg.br\/propesp-clabmu\/wp-json\/wp\/v2\/pages"}],"about":[{"href":"https:\/\/www2.uepg.br\/propesp-clabmu\/wp-json\/wp\/v2\/types\/page"}],"author":[{"embeddable":true,"href":"https:\/\/www2.uepg.br\/propesp-clabmu\/wp-json\/wp\/v2\/users\/582"}],"replies":[{"embeddable":true,"href":"https:\/\/www2.uepg.br\/propesp-clabmu\/wp-json\/wp\/v2\/comments?post=468"}],"version-history":[{"count":22,"href":"https:\/\/www2.uepg.br\/propesp-clabmu\/wp-json\/wp\/v2\/pages\/468\/revisions"}],"predecessor-version":[{"id":1323,"href":"https:\/\/www2.uepg.br\/propesp-clabmu\/wp-json\/wp\/v2\/pages\/468\/revisions\/1323"}],"wp:attachment":[{"href":"https:\/\/www2.uepg.br\/propesp-clabmu\/wp-json\/wp\/v2\/media?parent=468"}],"curies":[{"name":"wp","href":"https:\/\/api.w.org\/{rel}","templated":true}]}}