{"id":469,"date":"2023-03-08T15:39:07","date_gmt":"2023-03-08T18:39:07","guid":{"rendered":"https:\/\/www2.uepg.br\/clabmu\/?page_id=469"},"modified":"2026-03-24T08:46:48","modified_gmt":"2026-03-24T11:46:48","slug":"ct-agro","status":"publish","type":"page","link":"https:\/\/www2.uepg.br\/propesp-clabmu\/ct-agro\/","title":{"rendered":"CT-AGRO"},"content":{"rendered":"<h2 style=\"text-align: center\"><b>Hor\u00e1rio de trabalho da equipe do CT-AGRO<\/b><\/h2>\n<table dir=\"ltr\" cellspacing=\"0\" cellpadding=\"0\" data-sheets-root=\"1\" data-sheets-baot=\"1\">\n<colgroup>\n<col width=\"166\" \/>\n<col width=\"241\" \/>\n<col width=\"244\" \/>\n<col width=\"249\" \/>\n<col width=\"513\" \/>\n<col width=\"310\" \/><\/colgroup>\n<tbody>\n<tr>\n<td colspan=\"1\" rowspan=\"2\">\n<div><strong>Bolsista<\/strong><\/div>\n<\/td>\n<td colspan=\"5\" rowspan=\"1\"><strong>Hor\u00e1rio de trabalho<\/strong><\/td>\n<\/tr>\n<tr>\n<td><strong>Segunda-feira<\/strong><\/td>\n<td><strong>Ter\u00e7a-feira<\/strong><\/td>\n<td><strong>Quarta-feira<\/strong><\/td>\n<td><strong>Quinta-feira<\/strong><\/td>\n<td><strong>Sexta-feira<\/strong><\/td>\n<\/tr>\n<tr>\n<td>Ranyelly Le\u00e3o Coutrim<\/td>\n<td>das 08h \u00e0s 12h e das 13h \u00e0s 17h<\/td>\n<td>das 08h \u00e0s 12h e das 13h \u00e0s 17h<\/td>\n<td>das 08h \u00e0s 12h e das 13h \u00e0s 17h<\/td>\n<td>das 08h \u00e0s 12h e das 13h \u00e0s 17h<\/td>\n<td>das 08h \u00e0s 12h e das 13h \u00e0s 17h<\/td>\n<\/tr>\n<\/tbody>\n<\/table>\n<h2><\/h2>\n<p>&nbsp;<\/p>\n<h2 style=\"text-align: center\"><b>Contatos dos respons\u00e1veis pelos equipamentos do CT-AGRO<\/b><\/h2>\n<table cellspacing=\"0\" cellpadding=\"0\">\n<colgroup>\n<col width=\"166\" \/>\n<col width=\"241\" \/>\n<col width=\"244\" \/>\n<col width=\"249\" \/>\n<col width=\"513\" \/> <\/colgroup>\n<tbody>\n<tr>\n<td><strong>Nome do Bolsista<\/strong><\/td>\n<td><strong>Titula\u00e7\u00e3o<\/strong><\/td>\n<td><strong>Ramal<\/strong><\/td>\n<td><strong>E-mail<\/strong><\/td>\n<td><strong>Equipamentos respons\u00e1veis pela opera\u00e7\u00e3o<\/strong><\/td>\n<\/tr>\n<tr>\n<td rowspan=\"19\">Ranyelly Le\u00e3o Coutrim<\/td>\n<td style=\"text-align: center\" rowspan=\"19\">Doutora em Agronomia<\/td>\n<td style=\"text-align: center\" rowspan=\"19\">8973<\/td>\n<td style=\"text-align: center\" rowspan=\"19\"><a href=\"mailto:coutrimleao@gmail.com\">coutrimleao@gmail.com<\/a><\/p>\n<p><a href=\"mailto:ranyelly.coutrim@uepg.br\">ranyelly.coutrim@uepg.br<\/a><\/td>\n<td><a href=\"https:\/\/pnipe.mcti.gov.br\/equipment\/54583\" target=\"_blank\" rel=\"noopener\">Alve\u00f3grafo para an\u00e1lise de propriedades reol\u00f3gicas de farinha de trigo<\/a><\/td>\n<\/tr>\n<tr>\n<td><a href=\"https:\/\/pnipe.mcti.gov.br\/equipment\/54558\">Analisador de G\u00e1s por Infravermelho<\/a><\/td>\n<\/tr>\n<tr>\n<td><a href=\"https:\/\/pnipe.mcti.gov.br\/equipment\/54584\">Analisador de Propriedades da Farinha<\/a><\/td>\n<\/tr>\n<tr>\n<td><a href=\"https:\/\/pnipe.mcti.gov.br\/equipment\/64867\">Balan\u00e7a anal\u00edtica<\/a><\/td>\n<\/tr>\n<tr>\n<td><a href=\"https:\/\/pnipe.mcti.gov.br\/equipment\/64852\">Balan\u00e7as de precis\u00e3o<\/a><\/td>\n<\/tr>\n<tr>\n<td><a href=\"https:\/\/pnipe.mcti.gov.br\/equipment\/55416\">Bomba calorim\u00e9trica<\/a><\/td>\n<\/tr>\n<tr>\n<td><a href=\"https:\/\/pnipe.mcti.gov.br\/equipment\/61827\">C\u00e2mara de crescimento de plantas<\/a><\/td>\n<\/tr>\n<tr>\n<td><a href=\"https:\/\/pnipe.mcti.gov.br\/equipment\/54579\">Casas de Vegeta\u00e7\u00e3o<\/a><\/td>\n<\/tr>\n<tr>\n<td><a href=\"https:\/\/pnipe.mcti.gov.br\/equipment\/54581\">Centr\u00edfuga Refrigerada de Bancada<\/a><\/td>\n<\/tr>\n<tr>\n<td><a href=\"https:\/\/pnipe.mcti.gov.br\/equipment\/64704\">Colheitadeira de parcelas<\/a><\/td>\n<\/tr>\n<tr>\n<td><a href=\"https:\/\/pnipe.mcti.gov.br\/equipment\/55408\">Cromat\u00f3grafo gasoso\/headspace<\/a><\/td>\n<\/tr>\n<tr>\n<td><a href=\"https:\/\/pnipe.mcti.gov.br\/equipment\/55043\">Destilador de \u00e1gua<\/a><\/td>\n<\/tr>\n<tr>\n<td><a href=\"https:\/\/pnipe.mcti.gov.br\/equipment\/54789\">Estufa de secagem e de circula\u00e7\u00e3o de ar<\/a><\/td>\n<\/tr>\n<tr>\n<td><a href=\"https:\/\/pnipe.mcti.gov.br\/equipment\/54585\">Extrusora mono-rosca<\/a><\/td>\n<\/tr>\n<tr>\n<td><a href=\"https:\/\/pnipe.mcti.gov.br\/equipment\/56053\">Impressora de Resina<\/a><\/td>\n<\/tr>\n<tr>\n<td><a href=\"https:\/\/pnipe.mcti.gov.br\/equipment\/54582\">Moinho experimental para obten\u00e7\u00e3o de farinha de trigo<\/a><\/td>\n<\/tr>\n<tr>\n<td><a href=\"https:\/\/pnipe.mcti.gov.br\/equipment\/56054\">Scanner 3D<\/a><\/td>\n<\/tr>\n<tr>\n<td><a href=\"https:\/\/pnipe.mcti.gov.br\/equipment\/61162\">Semeadora de parcelas<\/a><\/td>\n<\/tr>\n<tr>\n<td><a href=\"https:\/\/pnipe.mcti.gov.br\/equipment\/54819\">Sistema de Osmose Reversa<\/a><\/td>\n<\/tr>\n<\/tbody>\n<\/table>\n<h2><\/h2>\n<p>&nbsp;<\/p>\n<h2 style=\"text-align: center\"><a href=\"https:\/\/pnipe.mcti.gov.br\/laboratory\/35890\" target=\"_blank\" rel=\"noopener\"><span style=\"font-weight: 400\">Estrutura do CT-AGRO<\/span><\/a><\/h2>\n<p>&nbsp;<\/p>\n","protected":false},"excerpt":{"rendered":"<p>Hor\u00e1rio de trabalho da equipe do CT-AGRO Bolsista Hor\u00e1rio de trabalho Segunda-feira Ter\u00e7a-feira Quarta-feira Quinta-feira Sexta-feira Ranyelly Le\u00e3o Coutrim das 08h \u00e0s 12h e das 13h \u00e0s 17h das 08h \u00e0s 12h e das 13h \u00e0s 17h das 08h \u00e0s 12h e das 13h \u00e0s 17h das 08h \u00e0s 12h e das 13h \u00e0s 17h&nbsp;&hellip;<\/p>\n","protected":false},"author":582,"featured_media":0,"parent":0,"menu_order":0,"comment_status":"closed","ping_status":"closed","template":"","meta":[],"_links":{"self":[{"href":"https:\/\/www2.uepg.br\/propesp-clabmu\/wp-json\/wp\/v2\/pages\/469"}],"collection":[{"href":"https:\/\/www2.uepg.br\/propesp-clabmu\/wp-json\/wp\/v2\/pages"}],"about":[{"href":"https:\/\/www2.uepg.br\/propesp-clabmu\/wp-json\/wp\/v2\/types\/page"}],"author":[{"embeddable":true,"href":"https:\/\/www2.uepg.br\/propesp-clabmu\/wp-json\/wp\/v2\/users\/582"}],"replies":[{"embeddable":true,"href":"https:\/\/www2.uepg.br\/propesp-clabmu\/wp-json\/wp\/v2\/comments?post=469"}],"version-history":[{"count":13,"href":"https:\/\/www2.uepg.br\/propesp-clabmu\/wp-json\/wp\/v2\/pages\/469\/revisions"}],"predecessor-version":[{"id":1343,"href":"https:\/\/www2.uepg.br\/propesp-clabmu\/wp-json\/wp\/v2\/pages\/469\/revisions\/1343"}],"wp:attachment":[{"href":"https:\/\/www2.uepg.br\/propesp-clabmu\/wp-json\/wp\/v2\/media?parent=469"}],"curies":[{"name":"wp","href":"https:\/\/api.w.org\/{rel}","templated":true}]}}