{"id":470,"date":"2023-03-08T15:39:07","date_gmt":"2023-03-08T18:39:07","guid":{"rendered":"https:\/\/www2.uepg.br\/clabmu\/?page_id=470"},"modified":"2026-03-11T09:09:30","modified_gmt":"2026-03-11T12:09:30","slug":"labmu-cibios","status":"publish","type":"page","link":"https:\/\/www2.uepg.br\/propesp-clabmu\/labmu-cibios\/","title":{"rendered":"LABMU-CiBioS"},"content":{"rendered":"<h2 style=\"text-align: center\"><b>Hor\u00e1rio de trabalho da equipe do LABMU-CiBioS<\/b><\/h2>\n<table cellspacing=\"0\" cellpadding=\"0\">\n<colgroup>\n<col width=\"206\" \/>\n<col width=\"257\" \/>\n<col width=\"243\" \/>\n<col width=\"257\" \/>\n<col width=\"257\" \/>\n<col width=\"257\" \/> <\/colgroup>\n<tbody>\n<tr>\n<td rowspan=\"2\"><strong>Nome do servidor(a)<\/strong><\/td>\n<td colspan=\"5\"><strong>Hor\u00e1rio de trabalho<\/strong><\/td>\n<\/tr>\n<tr>\n<td><strong>Segunda-feira<\/strong><\/td>\n<td><strong>Ter\u00e7a-feira<\/strong><\/td>\n<td><strong>Quarta-feira<\/strong><\/td>\n<td><strong>Quinta-feira<\/strong><\/td>\n<td><strong>Sexta-feira<\/strong><\/td>\n<\/tr>\n<tr>\n<td>Luciane Mendes Monteiro<\/td>\n<td>das 08h \u00e0s 12h e das 13h \u00e0s 17h<\/td>\n<td>das 08h \u00e0s 12h e das 13h \u00e0s 17h<\/td>\n<td>das 08h \u00e0s 12h e das 13h \u00e0s 17h<\/td>\n<td>das 08h \u00e0s 12h e das 13h \u00e0s 17h<\/td>\n<td>das 08h \u00e0s 12h e das 13h \u00e0s 17h<\/td>\n<\/tr>\n<tr>\n<td>Carolina Rosane Amaral<\/td>\n<td>das 07h \u00e0s 12h e das 13h \u00e0s 16h<\/td>\n<td>das 07h \u00e0s 12h e das 13h \u00e0s 16h<\/td>\n<td>das 07h \u00e0s 12h e das 13h \u00e0s 16h<\/td>\n<td>das 07h \u00e0s 12h e das 13h \u00e0s 16h<\/td>\n<td>das 07h \u00e0s 12h e das 13h \u00e0s 16h<\/td>\n<\/tr>\n<\/tbody>\n<\/table>\n<p>&nbsp;<\/p>\n<table>\n<tbody>\n<tr>\n<td><strong>Bolsista<\/strong><\/td>\n<td><strong>Segunda-feira<\/strong><\/td>\n<td><strong>Ter\u00e7a-feira<\/strong><\/td>\n<td><strong>Quarta-feira<\/strong><\/td>\n<td><strong>Quinta-feira<\/strong><\/td>\n<td><strong>Sexta-feira<\/strong><\/td>\n<\/tr>\n<tr>\n<td>Marina Soares Ribas<\/td>\n<td>das 08h \u00e0s 12h e das 13h \u00e0s 17h<\/td>\n<td>das 08h \u00e0s 12h e das 13h \u00e0s 17h<\/td>\n<td>das 08h \u00e0s 12h e das 13h \u00e0s 17h<\/td>\n<td>das 08h \u00e0s 12h e das 13h \u00e0s 17h<\/td>\n<td>das 08h \u00e0s 12h e das 13h \u00e0s 17h<\/td>\n<\/tr>\n<\/tbody>\n<\/table>\n<p>&nbsp;<\/p>\n<h2 style=\"text-align: center\"><b>Contatos dos respons\u00e1veis pelos equipamentos do <\/b><b>LABMU-CiBioS<\/b><\/h2>\n<p>&nbsp;<\/p>\n<p>&nbsp;<\/p>\n<table width=\"1337\" cellspacing=\"0\" cellpadding=\"0\">\n<colgroup>\n<col width=\"206\" \/>\n<col width=\"257\" \/>\n<col width=\"243\" \/>\n<col width=\"257\" \/>\n<col width=\"588\" \/> <\/colgroup>\n<tbody>\n<tr>\n<td><strong>Nome do servidor<\/strong><\/td>\n<td><strong>Titula\u00e7\u00e3o<\/strong><\/td>\n<td><strong>Ramal<\/strong><\/td>\n<td><strong>E-mail<\/strong><\/td>\n<td><strong>Equipamentos respons\u00e1veis pela opera\u00e7\u00e3o<\/strong><\/td>\n<\/tr>\n<tr>\n<td>Carolina Rosane Amaral<\/td>\n<td>Ensino M\u00e9dio Completo<\/td>\n<td style=\"text-align: center\">3167<\/td>\n<td><a href=\"mailto:cramaral@uepg.br\">cramaral@uepg.br<\/a><\/td>\n<td>Secret\u00e1ria<\/td>\n<\/tr>\n<tr>\n<td rowspan=\"21\">Luciane Mendes Monteiro<\/td>\n<td rowspan=\"21\">Mestre em Ci\u00eancias Farmac\u00eauticas<\/td>\n<td style=\"text-align: center\" rowspan=\"21\">8996<\/td>\n<td rowspan=\"21\"><a href=\"mailto:lmmonteiro@uepg.br\">lmmonteiro@uepg.br<\/a><\/td>\n<td><a href=\"https:\/\/pnipe.mcti.gov.br\/equipment\/53451\">Analisador t\u00e9rmico simult\u00e2neo<\/a><\/td>\n<\/tr>\n<tr>\n<td><a href=\"https:\/\/pnipe.mcti.gov.br\/equipment\/54515\">Balan\u00e7a anal\u00edtica digital<\/a><\/td>\n<\/tr>\n<tr>\n<td><a href=\"https:\/\/pnipe.mcti.gov.br\/equipment\/54513\">Banho-maria sorol\u00f3gico<\/a><\/td>\n<\/tr>\n<tr>\n<td><a href=\"https:\/\/pnipe.mcti.gov.br\/equipment\/54516\">Cabine de Fluxo laminar<\/a><\/td>\n<\/tr>\n<tr>\n<td><a href=\"https:\/\/pnipe.mcti.gov.br\/equipment\/59289\">Cabine de Fluxo laminar<\/a><\/td>\n<\/tr>\n<tr>\n<td><a href=\"https:\/\/pnipe.mcti.gov.br\/equipment\/54512\">Capela de exaust\u00e3o de gases<\/a><\/td>\n<\/tr>\n<tr>\n<td><a href=\"https:\/\/pnipe.mcti.gov.br\/equipment\/53457\">Centr\u00edfuga refrigerada para microtubos<\/a><\/td>\n<\/tr>\n<tr>\n<td><a href=\"https:\/\/pnipe.mcti.gov.br\/equipment\/53699\">Cit\u00f4metro de fluxo<\/a><\/td>\n<\/tr>\n<tr>\n<td><a href=\"https:\/\/pnipe.mcti.gov.br\/equipment\/53712\">Cromatografia l\u00edquida de alta performance com detector de massas (UPLC-MS)<\/a><\/td>\n<\/tr>\n<tr>\n<td><a href=\"https:\/\/pnipe.mcti.gov.br\/equipment\/53449\">Espectrofot\u00f4metro infravermelho FT-IR<\/a><\/td>\n<\/tr>\n<tr>\n<td><a href=\"https:\/\/pnipe.mcti.gov.br\/equipment\/61888\">Estufa Bacteriol\u00f3gica CO2<\/a><\/td>\n<\/tr>\n<tr>\n<td><a href=\"https:\/\/pnipe.mcti.gov.br\/equipment\/53702\">GC\/MS<\/a><\/td>\n<\/tr>\n<tr>\n<td><a href=\"https:\/\/pnipe.mcti.gov.br\/equipment\/53461\">Incubadora de bancada refrigerada<\/a><\/td>\n<\/tr>\n<tr>\n<td><a href=\"https:\/\/pnipe.mcti.gov.br\/equipment\/53714\">Leitor de microplacas<\/a><\/td>\n<\/tr>\n<tr>\n<td><a href=\"https:\/\/pnipe.mcti.gov.br\/equipment\/57945\">Liofilizador<\/a><\/td>\n<\/tr>\n<tr>\n<td><a href=\"https:\/\/pnipe.mcti.gov.br\/equipment\/53455\">Mini Spray Dryer<\/a><\/td>\n<\/tr>\n<tr>\n<td><a href=\"https:\/\/pnipe.mcti.gov.br\/equipment\/54514\">pHmetro de bancada<\/a><\/td>\n<\/tr>\n<tr>\n<td><a href=\"https:\/\/pnipe.mcti.gov.br\/equipment\/53707\">Sistema de cromatografia l\u00edquida de alta efici\u00eancia H<\/a><\/td>\n<\/tr>\n<tr>\n<td><a href=\"https:\/\/pnipe.mcti.gov.br\/equipment\/53190\">Termociclador em tempo real<\/a><\/td>\n<\/tr>\n<tr>\n<td><a href=\"https:\/\/pnipe.mcti.gov.br\/equipment\/53702\">Sistema UHPLC<\/a><\/td>\n<\/tr>\n<tr>\n<td><a href=\"https:\/\/pnipe.mcti.gov.br\/equipment\/53197\">Ultrafreezer vertical digital<\/a><\/td>\n<\/tr>\n<\/tbody>\n<\/table>\n<p>&nbsp;<\/p>\n<p>&nbsp;<\/p>\n<p>&nbsp;<\/p>\n<p>&nbsp;<\/p>\n<table style=\"height: 667px\" width=\"1330\">\n<tbody>\n<tr>\n<td><strong>Bolsista<\/strong><\/td>\n<td><strong>Titula\u00e7\u00e3o<\/strong><\/td>\n<td><strong>ramal<\/strong><\/td>\n<td><strong>e-mail<\/strong><\/td>\n<td><strong>Equipamentos respons\u00e1veis pela opera\u00e7\u00e3o<\/strong><\/td>\n<\/tr>\n<tr>\n<td colspan=\"1\" rowspan=\"21\">\n<div>Marina Soares Ribas<\/div>\n<\/td>\n<td colspan=\"1\" rowspan=\"21\">\n<div>Mestre em Gen\u00e9tica<\/div>\n<\/td>\n<td colspan=\"1\" rowspan=\"21\">\n<div>8996<\/div>\n<\/td>\n<td colspan=\"1\" rowspan=\"21\">\n<div><a class=\"in-cell-link\" href=\"mailto:marinaribas2013@gmail.com\" target=\"_blank\" rel=\"noopener\">marinaribas2013@gmail.com<\/a><\/div>\n<\/td>\n<td><a href=\"https:\/\/pnipe.mcti.gov.br\/equipment\/53451\" target=\"_blank\" rel=\"noopener\">Analisador t\u00e9rmico simult\u00e2neo<\/a><\/td>\n<\/tr>\n<tr>\n<td><a href=\"https:\/\/pnipe.mcti.gov.br\/equipment\/54515\" target=\"_blank\" rel=\"noopener\">Balan\u00e7a anal\u00edtica digital<\/a><\/td>\n<\/tr>\n<tr>\n<td><a href=\"https:\/\/pnipe.mcti.gov.br\/equipment\/54513\" target=\"_blank\" rel=\"noopener\">Banho-maria sorol\u00f3gico<\/a><\/td>\n<\/tr>\n<tr>\n<td><a href=\"https:\/\/pnipe.mcti.gov.br\/equipment\/54513\" target=\"_blank\" rel=\"noopener\">Cabine de Fluxo laminar<\/a><\/td>\n<\/tr>\n<tr>\n<td><a href=\"https:\/\/pnipe.mcti.gov.br\/equipment\/59289\" target=\"_blank\" rel=\"noopener\">Cabine de Fluxo laminar<\/a><\/td>\n<\/tr>\n<tr>\n<td><a href=\"https:\/\/pnipe.mcti.gov.br\/equipment\/54512\" target=\"_blank\" rel=\"noopener\">Capela de exaust\u00e3o de gases<\/a><\/td>\n<\/tr>\n<tr>\n<td><a href=\"https:\/\/pnipe.mcti.gov.br\/equipment\/53457\" target=\"_blank\" rel=\"noopener\">Centr\u00edfuga refrigerada para microtubos<\/a><\/td>\n<\/tr>\n<tr>\n<td><a href=\"https:\/\/pnipe.mcti.gov.br\/equipment\/53699\" target=\"_blank\" rel=\"noopener\">Cit\u00f4metro de fluxo<\/a><\/td>\n<\/tr>\n<tr>\n<td><a href=\"https:\/\/pnipe.mcti.gov.br\/equipment\/53712\" target=\"_blank\" rel=\"noopener\">Cromatografia l\u00edquida de alta performance com detector de massas (UPLC-MS)<\/a><\/td>\n<\/tr>\n<tr>\n<td><a href=\"https:\/\/pnipe.mcti.gov.br\/equipment\/53449\" target=\"_blank\" rel=\"noopener\">Espectrofot\u00f4metro infravermelho FT-IR<\/a><\/td>\n<\/tr>\n<tr>\n<td><a href=\"https:\/\/pnipe.mcti.gov.br\/equipment\/61888\" target=\"_blank\" rel=\"noopener\">Estufa Bacteriol\u00f3gica CO2<\/a><\/td>\n<\/tr>\n<tr>\n<td><a href=\"https:\/\/pnipe.mcti.gov.br\/equipment\/53702\" target=\"_blank\" rel=\"noopener\">GC\/MS<\/a><\/td>\n<\/tr>\n<tr>\n<td><a href=\"https:\/\/pnipe.mcti.gov.br\/equipment\/53461\" target=\"_blank\" rel=\"noopener\">Incubadora de bancada refrigerada<\/a><\/td>\n<\/tr>\n<tr>\n<td><a href=\"https:\/\/pnipe.mcti.gov.br\/equipment\/53714\" target=\"_blank\" rel=\"noopener\">Leitor de microplacas<\/a><\/td>\n<\/tr>\n<tr>\n<td><a href=\"https:\/\/pnipe.mcti.gov.br\/equipment\/57945\" target=\"_blank\" rel=\"noopener\">Liofilizador<\/a><\/td>\n<\/tr>\n<tr>\n<td><a href=\"https:\/\/pnipe.mcti.gov.br\/equipment\/53455\" target=\"_blank\" rel=\"noopener\">Mini Spray Dryer<\/a><\/td>\n<\/tr>\n<tr>\n<td><a href=\"https:\/\/pnipe.mcti.gov.br\/equipment\/54514\" target=\"_blank\" rel=\"noopener\">pHmetro de bancada<\/a><\/td>\n<\/tr>\n<tr>\n<td><a href=\"https:\/\/pnipe.mcti.gov.br\/equipment\/53707\" target=\"_blank\" rel=\"noopener\">Sistema de cromatografia l\u00edquida de alta efici\u00eancia H<\/a><\/td>\n<\/tr>\n<tr>\n<td><a href=\"https:\/\/pnipe.mcti.gov.br\/equipment\/53190\" target=\"_blank\" rel=\"noopener\">Termociclador em tempo real<\/a><\/td>\n<\/tr>\n<tr>\n<td><a href=\"https:\/\/pnipe.mcti.gov.br\/equipment\/53702\" target=\"_blank\" rel=\"noopener\">Sistema UHPLC<\/a><\/td>\n<\/tr>\n<tr>\n<td><a href=\"https:\/\/pnipe.mcti.gov.br\/equipment\/53197\" target=\"_blank\" rel=\"noopener\">Ultrafreezer vertical digital<\/a><\/td>\n<\/tr>\n<\/tbody>\n<\/table>\n<p>&nbsp;<\/p>\n<h2 style=\"text-align: center\">\u00a0<a href=\"https:\/\/pnipe.mcti.gov.br\/laboratory\/35970\" target=\"_blank\" rel=\"noopener\">Estrutura do C-LABMU LABMU-CiBioS<\/a><\/h2>\n","protected":false},"excerpt":{"rendered":"<p>Hor\u00e1rio de trabalho da equipe do LABMU-CiBioS Nome do servidor(a) Hor\u00e1rio de trabalho Segunda-feira Ter\u00e7a-feira Quarta-feira Quinta-feira Sexta-feira Luciane Mendes Monteiro das 08h \u00e0s 12h e das 13h \u00e0s 17h das 08h \u00e0s 12h e das 13h \u00e0s 17h das 08h \u00e0s 12h e das 13h \u00e0s 17h das 08h \u00e0s 12h e das 13h&nbsp;&hellip;<\/p>\n","protected":false},"author":582,"featured_media":0,"parent":0,"menu_order":0,"comment_status":"closed","ping_status":"closed","template":"","meta":[],"_links":{"self":[{"href":"https:\/\/www2.uepg.br\/propesp-clabmu\/wp-json\/wp\/v2\/pages\/470"}],"collection":[{"href":"https:\/\/www2.uepg.br\/propesp-clabmu\/wp-json\/wp\/v2\/pages"}],"about":[{"href":"https:\/\/www2.uepg.br\/propesp-clabmu\/wp-json\/wp\/v2\/types\/page"}],"author":[{"embeddable":true,"href":"https:\/\/www2.uepg.br\/propesp-clabmu\/wp-json\/wp\/v2\/users\/582"}],"replies":[{"embeddable":true,"href":"https:\/\/www2.uepg.br\/propesp-clabmu\/wp-json\/wp\/v2\/comments?post=470"}],"version-history":[{"count":61,"href":"https:\/\/www2.uepg.br\/propesp-clabmu\/wp-json\/wp\/v2\/pages\/470\/revisions"}],"predecessor-version":[{"id":1281,"href":"https:\/\/www2.uepg.br\/propesp-clabmu\/wp-json\/wp\/v2\/pages\/470\/revisions\/1281"}],"wp:attachment":[{"href":"https:\/\/www2.uepg.br\/propesp-clabmu\/wp-json\/wp\/v2\/media?parent=470"}],"curies":[{"name":"wp","href":"https:\/\/api.w.org\/{rel}","templated":true}]}}