{"id":471,"date":"2023-03-08T15:39:07","date_gmt":"2023-03-08T18:39:07","guid":{"rendered":"https:\/\/www2.uepg.br\/clabmu\/?page_id=471"},"modified":"2026-04-14T13:39:47","modified_gmt":"2026-04-14T16:39:47","slug":"lanat","status":"publish","type":"page","link":"https:\/\/www2.uepg.br\/propesp-clabmu\/lanat\/","title":{"rendered":"LANAT"},"content":{"rendered":"<h2 style=\"text-align: center\"><b>Hor\u00e1rio de trabalho da equipe do LANAT<\/b><\/h2>\n<table dir=\"ltr\" cellspacing=\"0\" cellpadding=\"0\" data-sheets-root=\"1\" data-sheets-baot=\"1\">\n<colgroup>\n<col width=\"178\" \/>\n<col width=\"305\" \/>\n<col width=\"150\" \/>\n<col width=\"177\" \/>\n<col width=\"580\" \/>\n<col width=\"365\" \/><\/colgroup>\n<tbody>\n<tr>\n<td colspan=\"1\" rowspan=\"2\">\n<div><strong>Nome do servidor(a)<\/strong><\/div>\n<\/td>\n<td colspan=\"5\" rowspan=\"1\"><strong>Hor\u00e1rio de trabalho<\/strong><\/td>\n<\/tr>\n<tr>\n<td><strong>Segunda-feira<\/strong><\/td>\n<td><strong>Ter\u00e7a-feira<\/strong><\/td>\n<td><strong>Quarta-feira<\/strong><\/td>\n<td><strong>Quinta-feira<\/strong><\/td>\n<td><strong>Sexta-feira<\/strong><\/td>\n<\/tr>\n<tr>\n<td>Janaina Kiskza Pinto<\/td>\n<td>8h as 12h 13h as 17h<\/td>\n<td>8h as 12h 13h as 17h<\/td>\n<td>8h as 12h 13h as 17h<\/td>\n<td>8h as 12h 13h as 17h<\/td>\n<td>8h as 12h 13h as 17h<\/td>\n<\/tr>\n<tr>\n<td>Siderlei Nascimento<\/td>\n<td>8h as 12h 13h as 17h<\/td>\n<td>8h as 12h 13h as 17h<\/td>\n<td>8h as 12h 13h as 17h<\/td>\n<td>8h as 12h 13h as 17h<\/td>\n<td>8h as 12h 13h as 17h<\/td>\n<\/tr>\n<\/tbody>\n<\/table>\n<h2><\/h2>\n<h2><\/h2>\n<p>&nbsp;<\/p>\n<h2 style=\"text-align: center\"><b>Contatos dos respons\u00e1veis pelos equipamentos do LANAT<\/b><\/h2>\n<table dir=\"ltr\" cellspacing=\"0\" cellpadding=\"0\">\n<colgroup>\n<col width=\"178\" \/>\n<col width=\"305\" \/>\n<col width=\"150\" \/>\n<col width=\"177\" \/>\n<col width=\"580\" \/> <\/colgroup>\n<tbody>\n<tr>\n<td><strong>NOME DO SERVIDOR(A)<\/strong><\/td>\n<td><strong>TITULA\u00c7\u00c3O<\/strong><\/td>\n<td><strong>RAMAL<\/strong><\/td>\n<td><strong>EMAIL<\/strong><\/td>\n<td><strong>EQUIPAMENTO MCN\/LANAT<\/strong><\/td>\n<\/tr>\n<tr>\n<td rowspan=\"4\">Prof. Dr. Antonio Liccardo<\/td>\n<td rowspan=\"4\">Doutor em Ci\u00eancias Naturais<\/td>\n<td style=\"text-align: center\" rowspan=\"4\">3024<\/td>\n<td rowspan=\"4\"><a href=\"mailto:aliccardo@uepg.br\">aliccardo@uepg.br<\/a><\/td>\n<\/tr>\n<tr>\n<td><a href=\"https:\/\/pnipe.mcti.gov.br\/equipment\/55163\">Impressora 3D CREALITY CR 6 MAX<\/a><\/td>\n<\/tr>\n<tr>\n<td><a href=\"https:\/\/pnipe.mcti.gov.br\/equipment\/55166\">Microsc\u00f3pio Estereosc\u00f3pio Digilab<\/a><\/td>\n<\/tr>\n<tr>\n<td><a>Scanner 3D<\/a><\/td>\n<\/tr>\n<\/tbody>\n<\/table>\n<h2><\/h2>\n<h2><\/h2>\n<h2><\/h2>\n<table dir=\"ltr\" cellspacing=\"0\" cellpadding=\"0\">\n<colgroup>\n<col width=\"178\" \/>\n<col width=\"305\" \/>\n<col width=\"150\" \/>\n<col width=\"177\" \/>\n<col width=\"580\" \/> <\/colgroup>\n<tbody>\n<tr>\n<td><strong>NOME DO SERVIDOR(A)<\/strong><\/td>\n<td><strong>TITULA\u00c7\u00c3O<\/strong><\/td>\n<td><strong>RAMAL<\/strong><\/td>\n<td><strong>EMAIL<\/strong><\/td>\n<td><strong>SERVI\u00c7OS OFERECIDOS<\/strong><\/td>\n<\/tr>\n<tr>\n<td rowspan=\"3\">Prof. Dr. Antonio Liccardo<\/td>\n<td rowspan=\"3\">Doutor em Ci\u00eancias Naturais<\/td>\n<td style=\"text-align: center\" rowspan=\"3\">3024<\/td>\n<td rowspan=\"3\"><a href=\"mailto:aliccardo@uepg.br\">aliccardo@uepg.br<\/a><\/td>\n<td><a href=\"https:\/\/www2.uepg.br\/propesp-clabmu\/auditorio-para-eventos-academico-cientificos\/\" target=\"_blank\" rel=\"noopener\">Audit\u00f3rio para eventos acad\u00eamico-cient\u00edficos<\/a><\/td>\n<\/tr>\n<tr>\n<td><a href=\"https:\/\/www2.uepg.br\/propesp-clabmu\/biblioteca-especializada\/\" target=\"_blank\" rel=\"noopener\">Biblioteca especializada<\/a><\/td>\n<\/tr>\n<tr>\n<td><a href=\"https:\/\/www2.uepg.br\/propesp-clabmu\/museu-de-ciencias-naturais-da-uepg\/\" target=\"_blank\" rel=\"noopener\">Museu de Ci\u00eancias Naturais (MCN)<\/a><\/td>\n<\/tr>\n<\/tbody>\n<\/table>\n<h2><\/h2>\n<p>&nbsp;<\/p>\n<h2 style=\"text-align: center\"><a href=\"https:\/\/pnipe.mcti.gov.br\/laboratory\/36936\" target=\"_blank\" rel=\"noopener\">Estrutura do LANAT<\/a><\/h2>\n","protected":false},"excerpt":{"rendered":"<p>Hor\u00e1rio de trabalho da equipe do LANAT Nome do servidor(a) Hor\u00e1rio de trabalho Segunda-feira Ter\u00e7a-feira Quarta-feira Quinta-feira Sexta-feira Janaina Kiskza Pinto 8h as 12h 13h as 17h 8h as 12h 13h as 17h 8h as 12h 13h as 17h 8h as 12h 13h as 17h 8h as 12h 13h as 17h Siderlei Nascimento 8h as&nbsp;&hellip;<\/p>\n","protected":false},"author":582,"featured_media":0,"parent":0,"menu_order":0,"comment_status":"closed","ping_status":"closed","template":"","meta":[],"_links":{"self":[{"href":"https:\/\/www2.uepg.br\/propesp-clabmu\/wp-json\/wp\/v2\/pages\/471"}],"collection":[{"href":"https:\/\/www2.uepg.br\/propesp-clabmu\/wp-json\/wp\/v2\/pages"}],"about":[{"href":"https:\/\/www2.uepg.br\/propesp-clabmu\/wp-json\/wp\/v2\/types\/page"}],"author":[{"embeddable":true,"href":"https:\/\/www2.uepg.br\/propesp-clabmu\/wp-json\/wp\/v2\/users\/582"}],"replies":[{"embeddable":true,"href":"https:\/\/www2.uepg.br\/propesp-clabmu\/wp-json\/wp\/v2\/comments?post=471"}],"version-history":[{"count":11,"href":"https:\/\/www2.uepg.br\/propesp-clabmu\/wp-json\/wp\/v2\/pages\/471\/revisions"}],"predecessor-version":[{"id":1458,"href":"https:\/\/www2.uepg.br\/propesp-clabmu\/wp-json\/wp\/v2\/pages\/471\/revisions\/1458"}],"wp:attachment":[{"href":"https:\/\/www2.uepg.br\/propesp-clabmu\/wp-json\/wp\/v2\/media?parent=471"}],"curies":[{"name":"wp","href":"https:\/\/api.w.org\/{rel}","templated":true}]}}